{"id":5399,"date":"2023-04-21T12:28:49","date_gmt":"2023-04-21T10:28:49","guid":{"rendered":"http:\/\/10.14.1.27\/fivette\/legislation-and-quality\/ethical-charter\/"},"modified":"2023-11-21T16:29:40","modified_gmt":"2023-11-21T15:29:40","slug":"ethical-charter","status":"publish","type":"page","link":"https:\/\/www.fivette.be\/en\/legislation-and-quality\/ethical-charter\/","title":{"rendered":"Ethical charter"},"content":{"rendered":"<p>[et_pb_section fb_built=&#8221;1&#8243; _builder_version=&#8221;4.16&#8243; global_colors_info=&#8221;{}&#8221;][et_pb_row _builder_version=&#8221;4.16&#8243; background_size=&#8221;initial&#8221; background_position=&#8221;top_left&#8221; background_repeat=&#8221;repeat&#8221; global_colors_info=&#8221;{}&#8221;][et_pb_column type=&#8221;4_4&#8243; _builder_version=&#8221;4.16&#8243; custom_padding=&#8221;|||&#8221; global_colors_info=&#8221;{}&#8221; custom_padding__hover=&#8221;|||&#8221;][et_pb_text _builder_version=&#8221;4.18.0&#8243; background_size=&#8221;initial&#8221; background_position=&#8221;top_left&#8221; background_repeat=&#8221;repeat&#8221; global_colors_info=&#8221;{}&#8221;]<\/p>\n<h1><span>Ethical and deontological charter<\/span><\/h1>\n<p><span>Our center is committed to providing infertile couples with the most effective treatments while respecting legal, deontological and ethical standards. We have established an ethical and deontological charter to ensure comprehensive care of our patients in accordance with the principles of the World Health Organization (WHO). This care includes the somatic, psychological, and social aspects of fertility.<\/span><\/p>\n<p><span>We listen to each patient with kindness and respect for their uniqueness, advocating for a reasoned practice free of judgment. We attach great importance to the social life of the individual, offering decentralized care adapted to their needs.<\/span><\/p>\n<h2>IRIS network<\/h2>\n<p><span>Our center is part of the public IRIS network, which allows all patients to access advanced reproductive medicine without consideration of their financial capacity.<\/span><\/p>\n<h2><span>Medically and ethically limited situations<\/span><\/h2>\n<p><span>Finally, we are able to offer medically assisted procreation in medically and ethically borderline situations, such as HIV or surrogate mothers, after in-depth consultation and patient information.<\/span><\/p>\n<p>[\/et_pb_text][\/et_pb_column][\/et_pb_row][\/et_pb_section]<\/p>\n","protected":false},"excerpt":{"rendered":"<p>The center&#8217;s policy is to provide infertile couples with the most effective treatments while respecting legal, deontological and ethical provisions.<\/p>\n","protected":false},"author":1,"featured_media":5402,"parent":5393,"menu_order":0,"comment_status":"open","ping_status":"open","template":"","meta":{"_acf_changed":false,"_et_pb_use_builder":"on","_et_pb_old_content":"","_et_gb_content_width":"","footnotes":""},"categories":[576],"tags":[],"class_list":["post-5399","page","type-page","status-publish","has-post-thumbnail","hentry","category-legislation-and-quality"],"acf":[],"yoast_head":"<!-- This site is optimized with the Yoast SEO plugin v27.4 - https:\/\/yoast.com\/product\/yoast-seo-wordpress\/ -->\n<title>Ethical charter - Fivette.be<\/title>\n<meta name=\"description\" content=\"The center&#039;s policy is to provide infertile couples with the most effective treatments while respecting legal, deontological and ethical provisions.\" \/>\n<meta name=\"robots\" content=\"index, follow, max-snippet:-1, max-image-preview:large, max-video-preview:-1\" \/>\n<link rel=\"canonical\" href=\"https:\/\/www.fivette.be\/legislation-et-qualite\/charte-ethique\/\" \/>\n<meta property=\"og:locale\" content=\"en_US\" \/>\n<meta property=\"og:type\" content=\"article\" \/>\n<meta property=\"og:title\" content=\"Ethical charter - Fivette.be\" \/>\n<meta property=\"og:description\" content=\"The center&#039;s policy is to provide infertile couples with the most effective treatments while respecting legal, deontological and ethical provisions.\" \/>\n<meta property=\"og:site_name\" content=\"Fivette.be\" \/>\n<meta property=\"article:modified_time\" content=\"2023-11-21T15:29:40+00:00\" \/>\n<meta property=\"og:image\" content=\"https:\/\/i0.wp.com\/www.fivette.be\/wp-content\/uploads\/2022\/12\/GettyImages-869288102-scaled.jpg?fit=2560%2C1607&ssl=1\" \/>\n\t<meta property=\"og:image:width\" content=\"2560\" \/>\n\t<meta property=\"og:image:height\" content=\"1607\" \/>\n\t<meta property=\"og:image:type\" content=\"image\/jpeg\" \/>\n<meta name=\"twitter:card\" content=\"summary_large_image\" \/>\n<meta name=\"twitter:label1\" content=\"Est. reading time\" \/>\n\t<meta name=\"twitter:data1\" content=\"1 minute\" \/>\n<script type=\"application\/ld+json\" class=\"yoast-schema-graph\">{\"@context\":\"https:\\\/\\\/schema.org\",\"@graph\":[{\"@type\":\"WebPage\",\"@id\":\"https:\\\/\\\/www.fivette.be\\\/legislation-et-qualite\\\/charte-ethique\\\/\",\"url\":\"https:\\\/\\\/www.fivette.be\\\/legislation-et-qualite\\\/charte-ethique\\\/\",\"name\":\"Ethical charter - Fivette.be\",\"isPartOf\":{\"@id\":\"https:\\\/\\\/www.fivette.be\\\/#website\"},\"primaryImageOfPage\":{\"@id\":\"https:\\\/\\\/www.fivette.be\\\/legislation-et-qualite\\\/charte-ethique\\\/#primaryimage\"},\"image\":{\"@id\":\"https:\\\/\\\/www.fivette.be\\\/legislation-et-qualite\\\/charte-ethique\\\/#primaryimage\"},\"thumbnailUrl\":\"https:\\\/\\\/i0.wp.com\\\/www.fivette.be\\\/wp-content\\\/uploads\\\/2022\\\/12\\\/GettyImages-869288102-scaled.jpg?fit=2560%2C1607&ssl=1\",\"datePublished\":\"2023-04-21T10:28:49+00:00\",\"dateModified\":\"2023-11-21T15:29:40+00:00\",\"description\":\"The center's policy is to provide infertile couples with the most effective treatments while respecting legal, deontological and ethical provisions.\",\"breadcrumb\":{\"@id\":\"https:\\\/\\\/www.fivette.be\\\/legislation-et-qualite\\\/charte-ethique\\\/#breadcrumb\"},\"inLanguage\":\"en-US\",\"potentialAction\":[{\"@type\":\"ReadAction\",\"target\":[\"https:\\\/\\\/www.fivette.be\\\/legislation-et-qualite\\\/charte-ethique\\\/\"]}]},{\"@type\":\"ImageObject\",\"inLanguage\":\"en-US\",\"@id\":\"https:\\\/\\\/www.fivette.be\\\/legislation-et-qualite\\\/charte-ethique\\\/#primaryimage\",\"url\":\"https:\\\/\\\/i0.wp.com\\\/www.fivette.be\\\/wp-content\\\/uploads\\\/2022\\\/12\\\/GettyImages-869288102-scaled.jpg?fit=2560%2C1607&ssl=1\",\"contentUrl\":\"https:\\\/\\\/i0.wp.com\\\/www.fivette.be\\\/wp-content\\\/uploads\\\/2022\\\/12\\\/GettyImages-869288102-scaled.jpg?fit=2560%2C1607&ssl=1\",\"width\":2560,\"height\":1607,\"caption\":\"Blurred shot of a team of doctors standing together in a hospital\"},{\"@type\":\"BreadcrumbList\",\"@id\":\"https:\\\/\\\/www.fivette.be\\\/legislation-et-qualite\\\/charte-ethique\\\/#breadcrumb\",\"itemListElement\":[{\"@type\":\"ListItem\",\"position\":1,\"name\":\"Home\",\"item\":\"https:\\\/\\\/www.fivette.be\\\/en\\\/do-you-have-a-desire-for-a-child\\\/\"},{\"@type\":\"ListItem\",\"position\":2,\"name\":\"Legislation and quality\",\"item\":\"https:\\\/\\\/www.fivette.be\\\/legislation-et-qualite\\\/\"},{\"@type\":\"ListItem\",\"position\":3,\"name\":\"Ethical charter\"}]},{\"@type\":\"WebSite\",\"@id\":\"https:\\\/\\\/www.fivette.be\\\/#website\",\"url\":\"https:\\\/\\\/www.fivette.be\\\/\",\"name\":\"Fivette.be - Le centre de Procr\u00e9ation M\u00e9dicalement Assist\u00e9e du CHU Saint-Pierre\",\"description\":\"Le centre de PMA du CHU Saint-Pierre\",\"publisher\":{\"@id\":\"https:\\\/\\\/www.fivette.be\\\/#organization\"},\"potentialAction\":[{\"@type\":\"SearchAction\",\"target\":{\"@type\":\"EntryPoint\",\"urlTemplate\":\"https:\\\/\\\/www.fivette.be\\\/?s={search_term_string}\"},\"query-input\":{\"@type\":\"PropertyValueSpecification\",\"valueRequired\":true,\"valueName\":\"search_term_string\"}}],\"inLanguage\":\"en-US\"},{\"@type\":\"Organization\",\"@id\":\"https:\\\/\\\/www.fivette.be\\\/#organization\",\"name\":\"Fivette.be - Le centre de Procr\u00e9ation M\u00e9dicalement Assist\u00e9e du CHU Saint-Pierre\",\"url\":\"https:\\\/\\\/www.fivette.be\\\/\",\"logo\":{\"@type\":\"ImageObject\",\"inLanguage\":\"en-US\",\"@id\":\"https:\\\/\\\/www.fivette.be\\\/#\\\/schema\\\/logo\\\/image\\\/\",\"url\":\"http:\\\/\\\/fivette.be\\\/wp-content\\\/uploads\\\/2023\\\/01\\\/PMAlogocolorSP.png\",\"contentUrl\":\"http:\\\/\\\/fivette.be\\\/wp-content\\\/uploads\\\/2023\\\/01\\\/PMAlogocolorSP.png\",\"width\":289,\"height\":251,\"caption\":\"Fivette.be - Le centre de Procr\u00e9ation M\u00e9dicalement Assist\u00e9e du CHU Saint-Pierre\"},\"image\":{\"@id\":\"https:\\\/\\\/www.fivette.be\\\/#\\\/schema\\\/logo\\\/image\\\/\"}}]}<\/script>\n<!-- \/ Yoast SEO plugin. -->","yoast_head_json":{"title":"Ethical charter - Fivette.be","description":"The center's policy is to provide infertile couples with the most effective treatments while respecting legal, deontological and ethical provisions.","robots":{"index":"index","follow":"follow","max-snippet":"max-snippet:-1","max-image-preview":"max-image-preview:large","max-video-preview":"max-video-preview:-1"},"canonical":"https:\/\/www.fivette.be\/legislation-et-qualite\/charte-ethique\/","og_locale":"en_US","og_type":"article","og_title":"Ethical charter - Fivette.be","og_description":"The center's policy is to provide infertile couples with the most effective treatments while respecting legal, deontological and ethical provisions.","og_site_name":"Fivette.be","article_modified_time":"2023-11-21T15:29:40+00:00","og_image":[{"width":2560,"height":1607,"url":"https:\/\/i0.wp.com\/www.fivette.be\/wp-content\/uploads\/2022\/12\/GettyImages-869288102-scaled.jpg?fit=2560%2C1607&ssl=1","type":"image\/jpeg"}],"twitter_card":"summary_large_image","twitter_misc":{"Est. reading time":"1 minute"},"schema":{"@context":"https:\/\/schema.org","@graph":[{"@type":"WebPage","@id":"https:\/\/www.fivette.be\/legislation-et-qualite\/charte-ethique\/","url":"https:\/\/www.fivette.be\/legislation-et-qualite\/charte-ethique\/","name":"Ethical charter - Fivette.be","isPartOf":{"@id":"https:\/\/www.fivette.be\/#website"},"primaryImageOfPage":{"@id":"https:\/\/www.fivette.be\/legislation-et-qualite\/charte-ethique\/#primaryimage"},"image":{"@id":"https:\/\/www.fivette.be\/legislation-et-qualite\/charte-ethique\/#primaryimage"},"thumbnailUrl":"https:\/\/i0.wp.com\/www.fivette.be\/wp-content\/uploads\/2022\/12\/GettyImages-869288102-scaled.jpg?fit=2560%2C1607&ssl=1","datePublished":"2023-04-21T10:28:49+00:00","dateModified":"2023-11-21T15:29:40+00:00","description":"The center's policy is to provide infertile couples with the most effective treatments while respecting legal, deontological and ethical provisions.","breadcrumb":{"@id":"https:\/\/www.fivette.be\/legislation-et-qualite\/charte-ethique\/#breadcrumb"},"inLanguage":"en-US","potentialAction":[{"@type":"ReadAction","target":["https:\/\/www.fivette.be\/legislation-et-qualite\/charte-ethique\/"]}]},{"@type":"ImageObject","inLanguage":"en-US","@id":"https:\/\/www.fivette.be\/legislation-et-qualite\/charte-ethique\/#primaryimage","url":"https:\/\/i0.wp.com\/www.fivette.be\/wp-content\/uploads\/2022\/12\/GettyImages-869288102-scaled.jpg?fit=2560%2C1607&ssl=1","contentUrl":"https:\/\/i0.wp.com\/www.fivette.be\/wp-content\/uploads\/2022\/12\/GettyImages-869288102-scaled.jpg?fit=2560%2C1607&ssl=1","width":2560,"height":1607,"caption":"Blurred shot of a team of doctors standing together in a hospital"},{"@type":"BreadcrumbList","@id":"https:\/\/www.fivette.be\/legislation-et-qualite\/charte-ethique\/#breadcrumb","itemListElement":[{"@type":"ListItem","position":1,"name":"Home","item":"https:\/\/www.fivette.be\/en\/do-you-have-a-desire-for-a-child\/"},{"@type":"ListItem","position":2,"name":"Legislation and quality","item":"https:\/\/www.fivette.be\/legislation-et-qualite\/"},{"@type":"ListItem","position":3,"name":"Ethical charter"}]},{"@type":"WebSite","@id":"https:\/\/www.fivette.be\/#website","url":"https:\/\/www.fivette.be\/","name":"Fivette.be - Le centre de Procr\u00e9ation M\u00e9dicalement Assist\u00e9e du CHU Saint-Pierre","description":"Le centre de PMA du CHU Saint-Pierre","publisher":{"@id":"https:\/\/www.fivette.be\/#organization"},"potentialAction":[{"@type":"SearchAction","target":{"@type":"EntryPoint","urlTemplate":"https:\/\/www.fivette.be\/?s={search_term_string}"},"query-input":{"@type":"PropertyValueSpecification","valueRequired":true,"valueName":"search_term_string"}}],"inLanguage":"en-US"},{"@type":"Organization","@id":"https:\/\/www.fivette.be\/#organization","name":"Fivette.be - Le centre de Procr\u00e9ation M\u00e9dicalement Assist\u00e9e du CHU Saint-Pierre","url":"https:\/\/www.fivette.be\/","logo":{"@type":"ImageObject","inLanguage":"en-US","@id":"https:\/\/www.fivette.be\/#\/schema\/logo\/image\/","url":"http:\/\/fivette.be\/wp-content\/uploads\/2023\/01\/PMAlogocolorSP.png","contentUrl":"http:\/\/fivette.be\/wp-content\/uploads\/2023\/01\/PMAlogocolorSP.png","width":289,"height":251,"caption":"Fivette.be - Le centre de Procr\u00e9ation M\u00e9dicalement Assist\u00e9e du CHU Saint-Pierre"},"image":{"@id":"https:\/\/www.fivette.be\/#\/schema\/logo\/image\/"}}]}},"jetpack_sharing_enabled":true,"_links":{"self":[{"href":"https:\/\/www.fivette.be\/en\/wp-json\/wp\/v2\/pages\/5399","targetHints":{"allow":["GET"]}}],"collection":[{"href":"https:\/\/www.fivette.be\/en\/wp-json\/wp\/v2\/pages"}],"about":[{"href":"https:\/\/www.fivette.be\/en\/wp-json\/wp\/v2\/types\/page"}],"author":[{"embeddable":true,"href":"https:\/\/www.fivette.be\/en\/wp-json\/wp\/v2\/users\/1"}],"replies":[{"embeddable":true,"href":"https:\/\/www.fivette.be\/en\/wp-json\/wp\/v2\/comments?post=5399"}],"version-history":[{"count":7,"href":"https:\/\/www.fivette.be\/en\/wp-json\/wp\/v2\/pages\/5399\/revisions"}],"predecessor-version":[{"id":5744,"href":"https:\/\/www.fivette.be\/en\/wp-json\/wp\/v2\/pages\/5399\/revisions\/5744"}],"up":[{"embeddable":true,"href":"https:\/\/www.fivette.be\/en\/wp-json\/wp\/v2\/pages\/5393"}],"wp:featuredmedia":[{"embeddable":true,"href":"https:\/\/www.fivette.be\/en\/wp-json\/wp\/v2\/media\/5402"}],"wp:attachment":[{"href":"https:\/\/www.fivette.be\/en\/wp-json\/wp\/v2\/media?parent=5399"}],"wp:term":[{"taxonomy":"category","embeddable":true,"href":"https:\/\/www.fivette.be\/en\/wp-json\/wp\/v2\/categories?post=5399"},{"taxonomy":"post_tag","embeddable":true,"href":"https:\/\/www.fivette.be\/en\/wp-json\/wp\/v2\/tags?post=5399"}],"curies":[{"name":"wp","href":"https:\/\/api.w.org\/{rel}","templated":true}]}}