{"id":5427,"date":"2023-04-21T15:00:19","date_gmt":"2023-04-21T13:00:19","guid":{"rendered":"http:\/\/10.14.1.27\/fivette\/legislation-and-quality\/legislation\/"},"modified":"2023-11-21T16:30:34","modified_gmt":"2023-11-21T15:30:34","slug":"legislation","status":"publish","type":"page","link":"https:\/\/www.fivette.be\/en\/legislation-and-quality\/legislation\/","title":{"rendered":"Legislation"},"content":{"rendered":"<p>[et_pb_section fb_built=&#8221;1&#8243; admin_label=&#8221;section&#8221; _builder_version=&#8221;4.16&#8243; global_colors_info=&#8221;{}&#8221;][et_pb_row admin_label=&#8221;row&#8221; _builder_version=&#8221;4.16&#8243; background_size=&#8221;initial&#8221; background_position=&#8221;top_left&#8221; background_repeat=&#8221;repeat&#8221; global_colors_info=&#8221;{}&#8221;][et_pb_column type=&#8221;4_4&#8243; _builder_version=&#8221;4.16&#8243; custom_padding=&#8221;|||&#8221; global_colors_info=&#8221;{}&#8221; custom_padding__hover=&#8221;|||&#8221;][et_pb_text admin_label=&#8221;Text&#8221; _builder_version=&#8221;4.18.0&#8243; background_size=&#8221;initial&#8221; background_position=&#8221;top_left&#8221; background_repeat=&#8221;repeat&#8221; global_colors_info=&#8221;{}&#8221;]<\/p>\n<h1>In Belgium<\/h1>\n<ul>\n<li>Royal Decree of February 15, 1999, sets the standards that &#8220;reproductive medicine&#8221; care programs must meet to be approved\n<ul>\n<li>18 B-centers (with lab) and 16 A-centers (without lab)<\/li>\n<li>We are part of the B-centers<\/li>\n<\/ul>\n<\/li>\n<li>Royal Decree of June 4, 2003, sets the conditions for reimbursement of in vitro fertilization:\n<ul>\n<li>Before the age of 43<\/li>\n<li>6 reimbursed attempts<\/li>\n<li>Regulation of the number of transferred embryo(s)<\/li>\n<\/ul>\n<\/li>\n<li>Law of July 6, 2007\n<ul>\n<li>Concerning medically assisted reproduction and the future of surplus embryos and gametes<\/li>\n<li>Author(s) of the parental project<\/li>\n<li>Signing of a convention\/agreement<\/li>\n<li>Age conditions for the woman<\/li>\n<li>Possibility for a center to refuse a request on grounds of medical reasons or a conscience clause<\/li>\n<li>Storage period of gametes\/embryos<\/li>\n<li>Future of surplus gametes\/embryos<\/li>\n<li>Questions regarding the donation of gametes\/embryos<\/li>\n<li>Conditions for post-mortem insemination<\/li>\n<li>Condition for pre-implantation genetic diagnosis<\/li>\n<\/ul>\n<\/li>\n<li>Law of December 19, 2008 on the procurement and use of human body material (HBM) intended for medical applications in humans or for scientific research\n<ul>\n<li>Royal decrees relating to quality management, traceability, equipment validation, &#8230;<\/li>\n<\/ul>\n<\/li>\n<li>Law of May 5, 2014 concerning the establishment of the parentage of the co-mother:\n<ul>\n<li>The establishment of parentage with regard to the co-mother is carried out in the same way as the establishment of parentage with regard to the father<\/li>\n<\/ul>\n<\/li>\n<\/ul>\n<h1>For patients of another nationality<\/h1>\n<p>In the case where the author(s) of the parental project have a different nationality, the laws of their country will prevail, and it is therefore recommended to contact a lawyer who can provide you with the necessary information.<\/p>\n<p>[\/et_pb_text][\/et_pb_column][\/et_pb_row][\/et_pb_section]<\/p>\n","protected":false},"excerpt":{"rendered":"<p>Many laws and\/or royal decrees frame the practice of assisted reproductive technology in Belgium.<\/p>\n","protected":false},"author":1,"featured_media":5407,"parent":5393,"menu_order":0,"comment_status":"closed","ping_status":"closed","template":"","meta":{"_acf_changed":false,"_et_pb_use_builder":"on","_et_pb_old_content":"","_et_gb_content_width":"","footnotes":""},"categories":[569],"tags":[],"class_list":["post-5427","page","type-page","status-publish","has-post-thumbnail","hentry","category-legislation-et-qualite"],"acf":[],"yoast_head":"<!-- This site is optimized with the Yoast SEO plugin v27.4 - https:\/\/yoast.com\/product\/yoast-seo-wordpress\/ -->\n<title>Legislation - Fivette.be<\/title>\n<meta name=\"description\" content=\"There is a whole legislation (many laws and\/or royal decrees) framing the practice of assisted reproductive technology in Belgium.\" \/>\n<meta name=\"robots\" content=\"index, follow, max-snippet:-1, max-image-preview:large, max-video-preview:-1\" \/>\n<link rel=\"canonical\" href=\"https:\/\/www.fivette.be\/legislation-et-qualite\/intro-et-qualite\/\" \/>\n<meta property=\"og:locale\" content=\"en_US\" \/>\n<meta property=\"og:type\" content=\"article\" \/>\n<meta property=\"og:title\" content=\"Legislation - Fivette.be\" \/>\n<meta property=\"og:description\" content=\"There is a whole legislation (many laws and\/or royal decrees) framing the practice of assisted reproductive technology in Belgium.\" \/>\n<meta property=\"og:site_name\" content=\"Fivette.be\" \/>\n<meta property=\"article:modified_time\" content=\"2023-11-21T15:30:34+00:00\" \/>\n<meta property=\"og:image\" content=\"https:\/\/www.fivette.be\/wp-content\/uploads\/2022\/12\/GettyImages-1208289147-scaled.jpg\" \/>\n\t<meta property=\"og:image:width\" content=\"2560\" \/>\n\t<meta property=\"og:image:height\" content=\"1732\" \/>\n\t<meta property=\"og:image:type\" content=\"image\/jpeg\" \/>\n<meta name=\"twitter:card\" content=\"summary_large_image\" \/>\n<meta name=\"twitter:label1\" content=\"Est. reading time\" \/>\n\t<meta name=\"twitter:data1\" content=\"2 minutes\" \/>\n<script type=\"application\/ld+json\" class=\"yoast-schema-graph\">{\"@context\":\"https:\\\/\\\/schema.org\",\"@graph\":[{\"@type\":\"WebPage\",\"@id\":\"https:\\\/\\\/www.fivette.be\\\/legislation-et-qualite\\\/intro-et-qualite\\\/\",\"url\":\"https:\\\/\\\/www.fivette.be\\\/legislation-et-qualite\\\/intro-et-qualite\\\/\",\"name\":\"Legislation - Fivette.be\",\"isPartOf\":{\"@id\":\"https:\\\/\\\/www.fivette.be\\\/#website\"},\"primaryImageOfPage\":{\"@id\":\"https:\\\/\\\/www.fivette.be\\\/legislation-et-qualite\\\/intro-et-qualite\\\/#primaryimage\"},\"image\":{\"@id\":\"https:\\\/\\\/www.fivette.be\\\/legislation-et-qualite\\\/intro-et-qualite\\\/#primaryimage\"},\"thumbnailUrl\":\"https:\\\/\\\/i0.wp.com\\\/www.fivette.be\\\/wp-content\\\/uploads\\\/2022\\\/12\\\/GettyImages-1208289147-scaled.jpg?fit=2560%2C1732&ssl=1\",\"datePublished\":\"2023-04-21T13:00:19+00:00\",\"dateModified\":\"2023-11-21T15:30:34+00:00\",\"description\":\"There is a whole legislation (many laws and\\\/or royal decrees) framing the practice of assisted reproductive technology in Belgium.\",\"breadcrumb\":{\"@id\":\"https:\\\/\\\/www.fivette.be\\\/legislation-et-qualite\\\/intro-et-qualite\\\/#breadcrumb\"},\"inLanguage\":\"en-US\",\"potentialAction\":[{\"@type\":\"ReadAction\",\"target\":[\"https:\\\/\\\/www.fivette.be\\\/legislation-et-qualite\\\/intro-et-qualite\\\/\"]}]},{\"@type\":\"ImageObject\",\"inLanguage\":\"en-US\",\"@id\":\"https:\\\/\\\/www.fivette.be\\\/legislation-et-qualite\\\/intro-et-qualite\\\/#primaryimage\",\"url\":\"https:\\\/\\\/i0.wp.com\\\/www.fivette.be\\\/wp-content\\\/uploads\\\/2022\\\/12\\\/GettyImages-1208289147-scaled.jpg?fit=2560%2C1732&ssl=1\",\"contentUrl\":\"https:\\\/\\\/i0.wp.com\\\/www.fivette.be\\\/wp-content\\\/uploads\\\/2022\\\/12\\\/GettyImages-1208289147-scaled.jpg?fit=2560%2C1732&ssl=1\",\"width\":2560,\"height\":1732,\"caption\":\"Social justice and diversity equality law in society as diverse people holding the balance in a legal scale as a population legislation or pro bono and class action suit with 3D illustration elements.\"},{\"@type\":\"BreadcrumbList\",\"@id\":\"https:\\\/\\\/www.fivette.be\\\/legislation-et-qualite\\\/intro-et-qualite\\\/#breadcrumb\",\"itemListElement\":[{\"@type\":\"ListItem\",\"position\":1,\"name\":\"Home\",\"item\":\"https:\\\/\\\/www.fivette.be\\\/en\\\/do-you-have-a-desire-for-a-child\\\/\"},{\"@type\":\"ListItem\",\"position\":2,\"name\":\"Legislation and quality\",\"item\":\"https:\\\/\\\/www.fivette.be\\\/legislation-et-qualite\\\/\"},{\"@type\":\"ListItem\",\"position\":3,\"name\":\"Legislation\"}]},{\"@type\":\"WebSite\",\"@id\":\"https:\\\/\\\/www.fivette.be\\\/#website\",\"url\":\"https:\\\/\\\/www.fivette.be\\\/\",\"name\":\"Fivette.be - Le centre de Procr\u00e9ation M\u00e9dicalement Assist\u00e9e du CHU Saint-Pierre\",\"description\":\"Le centre de PMA du CHU Saint-Pierre\",\"publisher\":{\"@id\":\"https:\\\/\\\/www.fivette.be\\\/#organization\"},\"potentialAction\":[{\"@type\":\"SearchAction\",\"target\":{\"@type\":\"EntryPoint\",\"urlTemplate\":\"https:\\\/\\\/www.fivette.be\\\/?s={search_term_string}\"},\"query-input\":{\"@type\":\"PropertyValueSpecification\",\"valueRequired\":true,\"valueName\":\"search_term_string\"}}],\"inLanguage\":\"en-US\"},{\"@type\":\"Organization\",\"@id\":\"https:\\\/\\\/www.fivette.be\\\/#organization\",\"name\":\"Fivette.be - Le centre de Procr\u00e9ation M\u00e9dicalement Assist\u00e9e du CHU Saint-Pierre\",\"url\":\"https:\\\/\\\/www.fivette.be\\\/\",\"logo\":{\"@type\":\"ImageObject\",\"inLanguage\":\"en-US\",\"@id\":\"https:\\\/\\\/www.fivette.be\\\/#\\\/schema\\\/logo\\\/image\\\/\",\"url\":\"http:\\\/\\\/fivette.be\\\/wp-content\\\/uploads\\\/2023\\\/01\\\/PMAlogocolorSP.png\",\"contentUrl\":\"http:\\\/\\\/fivette.be\\\/wp-content\\\/uploads\\\/2023\\\/01\\\/PMAlogocolorSP.png\",\"width\":289,\"height\":251,\"caption\":\"Fivette.be - Le centre de Procr\u00e9ation M\u00e9dicalement Assist\u00e9e du CHU Saint-Pierre\"},\"image\":{\"@id\":\"https:\\\/\\\/www.fivette.be\\\/#\\\/schema\\\/logo\\\/image\\\/\"}}]}<\/script>\n<!-- \/ Yoast SEO plugin. -->","yoast_head_json":{"title":"Legislation - Fivette.be","description":"There is a whole legislation (many laws and\/or royal decrees) framing the practice of assisted reproductive technology in Belgium.","robots":{"index":"index","follow":"follow","max-snippet":"max-snippet:-1","max-image-preview":"max-image-preview:large","max-video-preview":"max-video-preview:-1"},"canonical":"https:\/\/www.fivette.be\/legislation-et-qualite\/intro-et-qualite\/","og_locale":"en_US","og_type":"article","og_title":"Legislation - Fivette.be","og_description":"There is a whole legislation (many laws and\/or royal decrees) framing the practice of assisted reproductive technology in Belgium.","og_site_name":"Fivette.be","article_modified_time":"2023-11-21T15:30:34+00:00","og_image":[{"width":2560,"height":1732,"url":"https:\/\/www.fivette.be\/wp-content\/uploads\/2022\/12\/GettyImages-1208289147-scaled.jpg","type":"image\/jpeg"}],"twitter_card":"summary_large_image","twitter_misc":{"Est. reading time":"2 minutes"},"schema":{"@context":"https:\/\/schema.org","@graph":[{"@type":"WebPage","@id":"https:\/\/www.fivette.be\/legislation-et-qualite\/intro-et-qualite\/","url":"https:\/\/www.fivette.be\/legislation-et-qualite\/intro-et-qualite\/","name":"Legislation - Fivette.be","isPartOf":{"@id":"https:\/\/www.fivette.be\/#website"},"primaryImageOfPage":{"@id":"https:\/\/www.fivette.be\/legislation-et-qualite\/intro-et-qualite\/#primaryimage"},"image":{"@id":"https:\/\/www.fivette.be\/legislation-et-qualite\/intro-et-qualite\/#primaryimage"},"thumbnailUrl":"https:\/\/i0.wp.com\/www.fivette.be\/wp-content\/uploads\/2022\/12\/GettyImages-1208289147-scaled.jpg?fit=2560%2C1732&ssl=1","datePublished":"2023-04-21T13:00:19+00:00","dateModified":"2023-11-21T15:30:34+00:00","description":"There is a whole legislation (many laws and\/or royal decrees) framing the practice of assisted reproductive technology in Belgium.","breadcrumb":{"@id":"https:\/\/www.fivette.be\/legislation-et-qualite\/intro-et-qualite\/#breadcrumb"},"inLanguage":"en-US","potentialAction":[{"@type":"ReadAction","target":["https:\/\/www.fivette.be\/legislation-et-qualite\/intro-et-qualite\/"]}]},{"@type":"ImageObject","inLanguage":"en-US","@id":"https:\/\/www.fivette.be\/legislation-et-qualite\/intro-et-qualite\/#primaryimage","url":"https:\/\/i0.wp.com\/www.fivette.be\/wp-content\/uploads\/2022\/12\/GettyImages-1208289147-scaled.jpg?fit=2560%2C1732&ssl=1","contentUrl":"https:\/\/i0.wp.com\/www.fivette.be\/wp-content\/uploads\/2022\/12\/GettyImages-1208289147-scaled.jpg?fit=2560%2C1732&ssl=1","width":2560,"height":1732,"caption":"Social justice and diversity equality law in society as diverse people holding the balance in a legal scale as a population legislation or pro bono and class action suit with 3D illustration elements."},{"@type":"BreadcrumbList","@id":"https:\/\/www.fivette.be\/legislation-et-qualite\/intro-et-qualite\/#breadcrumb","itemListElement":[{"@type":"ListItem","position":1,"name":"Home","item":"https:\/\/www.fivette.be\/en\/do-you-have-a-desire-for-a-child\/"},{"@type":"ListItem","position":2,"name":"Legislation and quality","item":"https:\/\/www.fivette.be\/legislation-et-qualite\/"},{"@type":"ListItem","position":3,"name":"Legislation"}]},{"@type":"WebSite","@id":"https:\/\/www.fivette.be\/#website","url":"https:\/\/www.fivette.be\/","name":"Fivette.be - Le centre de Procr\u00e9ation M\u00e9dicalement Assist\u00e9e du CHU Saint-Pierre","description":"Le centre de PMA du CHU Saint-Pierre","publisher":{"@id":"https:\/\/www.fivette.be\/#organization"},"potentialAction":[{"@type":"SearchAction","target":{"@type":"EntryPoint","urlTemplate":"https:\/\/www.fivette.be\/?s={search_term_string}"},"query-input":{"@type":"PropertyValueSpecification","valueRequired":true,"valueName":"search_term_string"}}],"inLanguage":"en-US"},{"@type":"Organization","@id":"https:\/\/www.fivette.be\/#organization","name":"Fivette.be - Le centre de Procr\u00e9ation M\u00e9dicalement Assist\u00e9e du CHU Saint-Pierre","url":"https:\/\/www.fivette.be\/","logo":{"@type":"ImageObject","inLanguage":"en-US","@id":"https:\/\/www.fivette.be\/#\/schema\/logo\/image\/","url":"http:\/\/fivette.be\/wp-content\/uploads\/2023\/01\/PMAlogocolorSP.png","contentUrl":"http:\/\/fivette.be\/wp-content\/uploads\/2023\/01\/PMAlogocolorSP.png","width":289,"height":251,"caption":"Fivette.be - Le centre de Procr\u00e9ation M\u00e9dicalement Assist\u00e9e du CHU Saint-Pierre"},"image":{"@id":"https:\/\/www.fivette.be\/#\/schema\/logo\/image\/"}}]}},"jetpack_sharing_enabled":true,"_links":{"self":[{"href":"https:\/\/www.fivette.be\/en\/wp-json\/wp\/v2\/pages\/5427","targetHints":{"allow":["GET"]}}],"collection":[{"href":"https:\/\/www.fivette.be\/en\/wp-json\/wp\/v2\/pages"}],"about":[{"href":"https:\/\/www.fivette.be\/en\/wp-json\/wp\/v2\/types\/page"}],"author":[{"embeddable":true,"href":"https:\/\/www.fivette.be\/en\/wp-json\/wp\/v2\/users\/1"}],"replies":[{"embeddable":true,"href":"https:\/\/www.fivette.be\/en\/wp-json\/wp\/v2\/comments?post=5427"}],"version-history":[{"count":4,"href":"https:\/\/www.fivette.be\/en\/wp-json\/wp\/v2\/pages\/5427\/revisions"}],"predecessor-version":[{"id":5748,"href":"https:\/\/www.fivette.be\/en\/wp-json\/wp\/v2\/pages\/5427\/revisions\/5748"}],"up":[{"embeddable":true,"href":"https:\/\/www.fivette.be\/en\/wp-json\/wp\/v2\/pages\/5393"}],"wp:featuredmedia":[{"embeddable":true,"href":"https:\/\/www.fivette.be\/en\/wp-json\/wp\/v2\/media\/5407"}],"wp:attachment":[{"href":"https:\/\/www.fivette.be\/en\/wp-json\/wp\/v2\/media?parent=5427"}],"wp:term":[{"taxonomy":"category","embeddable":true,"href":"https:\/\/www.fivette.be\/en\/wp-json\/wp\/v2\/categories?post=5427"},{"taxonomy":"post_tag","embeddable":true,"href":"https:\/\/www.fivette.be\/en\/wp-json\/wp\/v2\/tags?post=5427"}],"curies":[{"name":"wp","href":"https:\/\/api.w.org\/{rel}","templated":true}]}}