{"id":5434,"date":"2023-04-21T15:29:06","date_gmt":"2023-04-21T13:29:06","guid":{"rendered":"http:\/\/10.14.1.27\/fivette\/legislation-and-quality\/quality\/"},"modified":"2024-10-15T12:06:57","modified_gmt":"2024-10-15T10:06:57","slug":"quality","status":"publish","type":"page","link":"https:\/\/www.fivette.be\/en\/legislation-and-quality\/quality\/","title":{"rendered":"Quality"},"content":{"rendered":"<p>[et_pb_section fb_built=&#8221;1&#8243; admin_label=&#8221;section&#8221; _builder_version=&#8221;4.16&#8243; global_colors_info=&#8221;{}&#8221;][et_pb_row admin_label=&#8221;row&#8221; _builder_version=&#8221;4.16&#8243; background_size=&#8221;initial&#8221; background_position=&#8221;top_left&#8221; background_repeat=&#8221;repeat&#8221; global_colors_info=&#8221;{}&#8221;][et_pb_column type=&#8221;4_4&#8243; _builder_version=&#8221;4.16&#8243; custom_padding=&#8221;|||&#8221; global_colors_info=&#8221;{}&#8221; custom_padding__hover=&#8221;|||&#8221;][et_pb_text admin_label=&#8221;Text&#8221; _builder_version=&#8221;4.18.0&#8243; background_size=&#8221;initial&#8221; background_position=&#8221;top_left&#8221; background_repeat=&#8221;repeat&#8221; global_colors_info=&#8221;{}&#8221;]<\/p>\n<h1><span>Quality guarantee <\/span><\/h1>\n<p><span>This enables us to provide our patients with comprehensive and secure care, while aiming for excellence in their satisfaction.<\/span><\/p>\n<p><span>Concretely, what does this entail?<\/span><\/p>\n<ul>\n<li>We comply with all legal requirements.<\/li>\n<li>We have completed our strikte procedures op all the ondersteuningslevels.<\/li>\n<li>We record and store all critical parameters within our center.<\/li>\n<li>We ensure complete documentary and biological traceability.<\/li>\n<li>We record and try to find solutions to all the problems we encounter.<\/li>\n<li>We train ourselves every year to maintain up-to-date levels of competence in scientific, technical, and quality knowledge.<\/li>\n<li>We evaluate the quality of our work through performance indicators and satisfaction surveys.<\/li>\n<li>We communicate through weekly team meetings.<\/li>\n<li>We implement projects focused on the patient.<\/li>\n<\/ul>\n<p>[\/et_pb_text][\/et_pb_column][\/et_pb_row][\/et_pb_section]<\/p>\n","protected":false},"excerpt":{"rendered":"<p>A pioneer in the French-speaking and Brussels region, the PMA center at CHU Saint-Pierre was awarded ISO 9001: 2015 certification in October 2008, a guarantee of our quality.<br \/>\nThis certificate symbolizes the motivation and real commitment to improving the care of our patients.<br \/>\nSince then, every year, we have been striving to improve ourselves and have now developed a real quality management system within our team.<\/p>\n","protected":false},"author":8,"featured_media":5435,"parent":5393,"menu_order":0,"comment_status":"open","ping_status":"closed","template":"","meta":{"_acf_changed":false,"_et_pb_use_builder":"on","_et_pb_old_content":"","_et_gb_content_width":"","footnotes":""},"categories":[576],"tags":[],"class_list":["post-5434","page","type-page","status-publish","has-post-thumbnail","hentry","category-legislation-and-quality"],"acf":[],"yoast_head":"<!-- This site is optimized with the Yoast SEO plugin v26.4 - https:\/\/yoast.com\/wordpress\/plugins\/seo\/ -->\n<title>Quality - Fivette.be<\/title>\n<meta name=\"description\" content=\"A pioneer in the French-speaking and Brussels region, the ART center at CHU Saint-Pierre was awarded ISO 9001: 2015 certification in October 2008, a guarantee of our quality.\" \/>\n<meta name=\"robots\" content=\"index, follow, max-snippet:-1, max-image-preview:large, max-video-preview:-1\" \/>\n<link rel=\"canonical\" href=\"https:\/\/www.fivette.be\/legislation-et-qualite\/qualite\/\" \/>\n<meta property=\"og:locale\" content=\"en_US\" \/>\n<meta property=\"og:type\" content=\"article\" \/>\n<meta property=\"og:title\" content=\"Quality - Fivette.be\" \/>\n<meta property=\"og:description\" content=\"A pioneer in the French-speaking and Brussels region, the ART center at CHU Saint-Pierre was awarded ISO 9001: 2015 certification in October 2008, a guarantee of our quality.\" \/>\n<meta property=\"og:site_name\" content=\"Fivette.be\" \/>\n<meta property=\"article:modified_time\" content=\"2024-10-15T10:06:57+00:00\" \/>\n<meta property=\"og:image\" content=\"https:\/\/i0.wp.com\/www.fivette.be\/wp-content\/uploads\/2022\/12\/GettyImages-1281968180-scaled.jpg?fit=2560%2C1707&ssl=1\" \/>\n\t<meta property=\"og:image:width\" content=\"2560\" \/>\n\t<meta property=\"og:image:height\" content=\"1707\" \/>\n\t<meta property=\"og:image:type\" content=\"image\/jpeg\" \/>\n<meta name=\"twitter:card\" content=\"summary_large_image\" \/>\n<meta name=\"twitter:label1\" content=\"Est. reading time\" \/>\n\t<meta name=\"twitter:data1\" content=\"1 minute\" \/>\n<script type=\"application\/ld+json\" class=\"yoast-schema-graph\">{\"@context\":\"https:\/\/schema.org\",\"@graph\":[{\"@type\":\"WebPage\",\"@id\":\"https:\/\/www.fivette.be\/legislation-et-qualite\/qualite\/\",\"url\":\"https:\/\/www.fivette.be\/legislation-et-qualite\/qualite\/\",\"name\":\"Quality - Fivette.be\",\"isPartOf\":{\"@id\":\"https:\/\/www.fivette.be\/#website\"},\"primaryImageOfPage\":{\"@id\":\"https:\/\/www.fivette.be\/legislation-et-qualite\/qualite\/#primaryimage\"},\"image\":{\"@id\":\"https:\/\/www.fivette.be\/legislation-et-qualite\/qualite\/#primaryimage\"},\"thumbnailUrl\":\"https:\/\/i0.wp.com\/www.fivette.be\/wp-content\/uploads\/2022\/12\/GettyImages-1281968180-scaled.jpg?fit=2560%2C1707&ssl=1\",\"datePublished\":\"2023-04-21T13:29:06+00:00\",\"dateModified\":\"2024-10-15T10:06:57+00:00\",\"description\":\"A pioneer in the French-speaking and Brussels region, the ART center at CHU Saint-Pierre was awarded ISO 9001: 2015 certification in October 2008, a guarantee of our quality.\",\"breadcrumb\":{\"@id\":\"https:\/\/www.fivette.be\/legislation-et-qualite\/qualite\/#breadcrumb\"},\"inLanguage\":\"en-US\",\"potentialAction\":[{\"@type\":\"ReadAction\",\"target\":[\"https:\/\/www.fivette.be\/legislation-et-qualite\/qualite\/\"]}]},{\"@type\":\"ImageObject\",\"inLanguage\":\"en-US\",\"@id\":\"https:\/\/www.fivette.be\/legislation-et-qualite\/qualite\/#primaryimage\",\"url\":\"https:\/\/i0.wp.com\/www.fivette.be\/wp-content\/uploads\/2022\/12\/GettyImages-1281968180-scaled.jpg?fit=2560%2C1707&ssl=1\",\"contentUrl\":\"https:\/\/i0.wp.com\/www.fivette.be\/wp-content\/uploads\/2022\/12\/GettyImages-1281968180-scaled.jpg?fit=2560%2C1707&ssl=1\",\"width\":2560,\"height\":1707,\"caption\":\"Pregnant woman wearing cozy knitted sweater holding tummy with hands outdoors close up. Motherhood. Maternity. Heathy lifestyle.\"},{\"@type\":\"BreadcrumbList\",\"@id\":\"https:\/\/www.fivette.be\/legislation-et-qualite\/qualite\/#breadcrumb\",\"itemListElement\":[{\"@type\":\"ListItem\",\"position\":1,\"name\":\"Home\",\"item\":\"https:\/\/www.fivette.be\/en\/do-you-have-a-desire-for-a-child\/\"},{\"@type\":\"ListItem\",\"position\":2,\"name\":\"Legislation and quality\",\"item\":\"https:\/\/www.fivette.be\/legislation-et-qualite\/\"},{\"@type\":\"ListItem\",\"position\":3,\"name\":\"Quality\"}]},{\"@type\":\"WebSite\",\"@id\":\"https:\/\/www.fivette.be\/#website\",\"url\":\"https:\/\/www.fivette.be\/\",\"name\":\"Fivette.be - Le centre de Procr\u00e9ation M\u00e9dicalement Assist\u00e9e du CHU Saint-Pierre\",\"description\":\"Le centre de PMA du CHU Saint-Pierre\",\"publisher\":{\"@id\":\"https:\/\/www.fivette.be\/#organization\"},\"potentialAction\":[{\"@type\":\"SearchAction\",\"target\":{\"@type\":\"EntryPoint\",\"urlTemplate\":\"https:\/\/www.fivette.be\/?s={search_term_string}\"},\"query-input\":{\"@type\":\"PropertyValueSpecification\",\"valueRequired\":true,\"valueName\":\"search_term_string\"}}],\"inLanguage\":\"en-US\"},{\"@type\":\"Organization\",\"@id\":\"https:\/\/www.fivette.be\/#organization\",\"name\":\"Fivette.be - Le centre de Procr\u00e9ation M\u00e9dicalement Assist\u00e9e du CHU Saint-Pierre\",\"url\":\"https:\/\/www.fivette.be\/\",\"logo\":{\"@type\":\"ImageObject\",\"inLanguage\":\"en-US\",\"@id\":\"https:\/\/www.fivette.be\/#\/schema\/logo\/image\/\",\"url\":\"http:\/\/fivette.be\/wp-content\/uploads\/2023\/01\/PMAlogocolorSP.png\",\"contentUrl\":\"http:\/\/fivette.be\/wp-content\/uploads\/2023\/01\/PMAlogocolorSP.png\",\"width\":289,\"height\":251,\"caption\":\"Fivette.be - Le centre de Procr\u00e9ation M\u00e9dicalement Assist\u00e9e du CHU Saint-Pierre\"},\"image\":{\"@id\":\"https:\/\/www.fivette.be\/#\/schema\/logo\/image\/\"}}]}<\/script>\n<!-- \/ Yoast SEO plugin. -->","yoast_head_json":{"title":"Quality - Fivette.be","description":"A pioneer in the French-speaking and Brussels region, the ART center at CHU Saint-Pierre was awarded ISO 9001: 2015 certification in October 2008, a guarantee of our quality.","robots":{"index":"index","follow":"follow","max-snippet":"max-snippet:-1","max-image-preview":"max-image-preview:large","max-video-preview":"max-video-preview:-1"},"canonical":"https:\/\/www.fivette.be\/legislation-et-qualite\/qualite\/","og_locale":"en_US","og_type":"article","og_title":"Quality - Fivette.be","og_description":"A pioneer in the French-speaking and Brussels region, the ART center at CHU Saint-Pierre was awarded ISO 9001: 2015 certification in October 2008, a guarantee of our quality.","og_site_name":"Fivette.be","article_modified_time":"2024-10-15T10:06:57+00:00","og_image":[{"width":2560,"height":1707,"url":"https:\/\/i0.wp.com\/www.fivette.be\/wp-content\/uploads\/2022\/12\/GettyImages-1281968180-scaled.jpg?fit=2560%2C1707&ssl=1","type":"image\/jpeg"}],"twitter_card":"summary_large_image","twitter_misc":{"Est. reading time":"1 minute"},"schema":{"@context":"https:\/\/schema.org","@graph":[{"@type":"WebPage","@id":"https:\/\/www.fivette.be\/legislation-et-qualite\/qualite\/","url":"https:\/\/www.fivette.be\/legislation-et-qualite\/qualite\/","name":"Quality - Fivette.be","isPartOf":{"@id":"https:\/\/www.fivette.be\/#website"},"primaryImageOfPage":{"@id":"https:\/\/www.fivette.be\/legislation-et-qualite\/qualite\/#primaryimage"},"image":{"@id":"https:\/\/www.fivette.be\/legislation-et-qualite\/qualite\/#primaryimage"},"thumbnailUrl":"https:\/\/i0.wp.com\/www.fivette.be\/wp-content\/uploads\/2022\/12\/GettyImages-1281968180-scaled.jpg?fit=2560%2C1707&ssl=1","datePublished":"2023-04-21T13:29:06+00:00","dateModified":"2024-10-15T10:06:57+00:00","description":"A pioneer in the French-speaking and Brussels region, the ART center at CHU Saint-Pierre was awarded ISO 9001: 2015 certification in October 2008, a guarantee of our quality.","breadcrumb":{"@id":"https:\/\/www.fivette.be\/legislation-et-qualite\/qualite\/#breadcrumb"},"inLanguage":"en-US","potentialAction":[{"@type":"ReadAction","target":["https:\/\/www.fivette.be\/legislation-et-qualite\/qualite\/"]}]},{"@type":"ImageObject","inLanguage":"en-US","@id":"https:\/\/www.fivette.be\/legislation-et-qualite\/qualite\/#primaryimage","url":"https:\/\/i0.wp.com\/www.fivette.be\/wp-content\/uploads\/2022\/12\/GettyImages-1281968180-scaled.jpg?fit=2560%2C1707&ssl=1","contentUrl":"https:\/\/i0.wp.com\/www.fivette.be\/wp-content\/uploads\/2022\/12\/GettyImages-1281968180-scaled.jpg?fit=2560%2C1707&ssl=1","width":2560,"height":1707,"caption":"Pregnant woman wearing cozy knitted sweater holding tummy with hands outdoors close up. Motherhood. Maternity. Heathy lifestyle."},{"@type":"BreadcrumbList","@id":"https:\/\/www.fivette.be\/legislation-et-qualite\/qualite\/#breadcrumb","itemListElement":[{"@type":"ListItem","position":1,"name":"Home","item":"https:\/\/www.fivette.be\/en\/do-you-have-a-desire-for-a-child\/"},{"@type":"ListItem","position":2,"name":"Legislation and quality","item":"https:\/\/www.fivette.be\/legislation-et-qualite\/"},{"@type":"ListItem","position":3,"name":"Quality"}]},{"@type":"WebSite","@id":"https:\/\/www.fivette.be\/#website","url":"https:\/\/www.fivette.be\/","name":"Fivette.be - Le centre de Procr\u00e9ation M\u00e9dicalement Assist\u00e9e du CHU Saint-Pierre","description":"Le centre de PMA du CHU Saint-Pierre","publisher":{"@id":"https:\/\/www.fivette.be\/#organization"},"potentialAction":[{"@type":"SearchAction","target":{"@type":"EntryPoint","urlTemplate":"https:\/\/www.fivette.be\/?s={search_term_string}"},"query-input":{"@type":"PropertyValueSpecification","valueRequired":true,"valueName":"search_term_string"}}],"inLanguage":"en-US"},{"@type":"Organization","@id":"https:\/\/www.fivette.be\/#organization","name":"Fivette.be - Le centre de Procr\u00e9ation M\u00e9dicalement Assist\u00e9e du CHU Saint-Pierre","url":"https:\/\/www.fivette.be\/","logo":{"@type":"ImageObject","inLanguage":"en-US","@id":"https:\/\/www.fivette.be\/#\/schema\/logo\/image\/","url":"http:\/\/fivette.be\/wp-content\/uploads\/2023\/01\/PMAlogocolorSP.png","contentUrl":"http:\/\/fivette.be\/wp-content\/uploads\/2023\/01\/PMAlogocolorSP.png","width":289,"height":251,"caption":"Fivette.be - Le centre de Procr\u00e9ation M\u00e9dicalement Assist\u00e9e du CHU Saint-Pierre"},"image":{"@id":"https:\/\/www.fivette.be\/#\/schema\/logo\/image\/"}}]}},"jetpack_sharing_enabled":true,"_links":{"self":[{"href":"https:\/\/www.fivette.be\/en\/wp-json\/wp\/v2\/pages\/5434","targetHints":{"allow":["GET"]}}],"collection":[{"href":"https:\/\/www.fivette.be\/en\/wp-json\/wp\/v2\/pages"}],"about":[{"href":"https:\/\/www.fivette.be\/en\/wp-json\/wp\/v2\/types\/page"}],"author":[{"embeddable":true,"href":"https:\/\/www.fivette.be\/en\/wp-json\/wp\/v2\/users\/8"}],"replies":[{"embeddable":true,"href":"https:\/\/www.fivette.be\/en\/wp-json\/wp\/v2\/comments?post=5434"}],"version-history":[{"count":12,"href":"https:\/\/www.fivette.be\/en\/wp-json\/wp\/v2\/pages\/5434\/revisions"}],"predecessor-version":[{"id":5896,"href":"https:\/\/www.fivette.be\/en\/wp-json\/wp\/v2\/pages\/5434\/revisions\/5896"}],"up":[{"embeddable":true,"href":"https:\/\/www.fivette.be\/en\/wp-json\/wp\/v2\/pages\/5393"}],"wp:featuredmedia":[{"embeddable":true,"href":"https:\/\/www.fivette.be\/en\/wp-json\/wp\/v2\/media\/5435"}],"wp:attachment":[{"href":"https:\/\/www.fivette.be\/en\/wp-json\/wp\/v2\/media?parent=5434"}],"wp:term":[{"taxonomy":"category","embeddable":true,"href":"https:\/\/www.fivette.be\/en\/wp-json\/wp\/v2\/categories?post=5434"},{"taxonomy":"post_tag","embeddable":true,"href":"https:\/\/www.fivette.be\/en\/wp-json\/wp\/v2\/tags?post=5434"}],"curies":[{"name":"wp","href":"https:\/\/api.w.org\/{rel}","templated":true}]}}