{"id":5462,"date":"2023-04-21T17:07:17","date_gmt":"2023-04-21T15:07:17","guid":{"rendered":"http:\/\/10.14.1.27\/fivette\/our-center\/organization-of-the-center\/"},"modified":"2023-11-21T17:13:37","modified_gmt":"2023-11-21T16:13:37","slug":"organization-of-the-center","status":"publish","type":"page","link":"https:\/\/www.fivette.be\/en\/our-center\/organization-of-the-center\/","title":{"rendered":"Organization of the center"},"content":{"rendered":"<p>[et_pb_section fb_built=&#8221;1&#8243; admin_label=&#8221;section&#8221; _builder_version=&#8221;4.16&#8243; global_colors_info=&#8221;{}&#8221;][et_pb_row admin_label=&#8221;row&#8221; _builder_version=&#8221;4.16&#8243; background_size=&#8221;initial&#8221; background_position=&#8221;top_left&#8221; background_repeat=&#8221;repeat&#8221; global_colors_info=&#8221;{}&#8221;][et_pb_column type=&#8221;4_4&#8243; _builder_version=&#8221;4.16&#8243; custom_padding=&#8221;|||&#8221; global_colors_info=&#8221;{}&#8221; custom_padding__hover=&#8221;|||&#8221;][et_pb_text admin_label=&#8221;Text&#8221; _builder_version=&#8221;4.20.4&#8243; background_size=&#8221;initial&#8221; background_position=&#8221;top_left&#8221; background_repeat=&#8221;repeat&#8221; global_colors_info=&#8221;{}&#8221;]<\/p>\n<h2>The ART Center (Route 606): place of ART consultation and monitoring activity<\/h2>\n<ul>\n<li>front desk: Registration of our patients for various consultations.<\/li>\n<li>the AMP nurses&#8217; office where blood tests are performed every morning, medications are dispensed, patients are enrolled in the cycle, and cycle explanations are provided.<\/li>\n<li>the consultation and ultrasound rooms of the doctors where daily ultrasounds, inseminations, consultations and your first pregnancy ultrasound take place<\/li>\n<li>the andrology laboratory<\/li>\n<\/ul>\n<h2>Our operating room and in vitro fertilization laboratory<\/h2>\n<p>The ART laboratory is located on the 6<sup>th<\/sup> floor next to our operating room. Hospitalization takes place as One Day Medical (Route 506)<\/p>\n<h2>Our administrative secretariat<\/h2>\n<p>reachable <a href=\"infos-pratiques\/contact\/\">by phone or email<\/a><\/p>\n<p>&nbsp;<\/p>\n<p><strong>Outside the CHU Saint-Pierre, the ART center offers:<\/strong><\/p>\n<ul>\n<li>a consultation within the Iris Sud hospitals on the Ixelles site<\/li>\n<li>a consultation at Brugmann Hospital on the Horta site<\/li>\n<\/ul>\n<p>[\/et_pb_text][\/et_pb_column][\/et_pb_row][\/et_pb_section]<\/p>\n","protected":false},"excerpt":{"rendered":"<p>The ART Center (Route 606): place of ART consultation and monitoring activity front desk: Registration of our patients for various consultations. the AMP nurses&#8217; office where blood tests are performed every morning, medications are dispensed, patients are enrolled in the cycle, and cycle explanations are provided. the consultation and ultrasound rooms of the doctors where [&hellip;]<\/p>\n","protected":false},"author":1,"featured_media":5463,"parent":5443,"menu_order":0,"comment_status":"open","ping_status":"open","template":"","meta":{"_acf_changed":false,"_et_pb_use_builder":"on","_et_pb_old_content":"","_et_gb_content_width":"","footnotes":""},"categories":[],"tags":[],"class_list":["post-5462","page","type-page","status-publish","has-post-thumbnail","hentry"],"acf":[],"yoast_head":"<!-- This site is optimized with the Yoast SEO plugin v27.4 - https:\/\/yoast.com\/product\/yoast-seo-wordpress\/ -->\n<title>Organization of the center - Fivette.be<\/title>\n<meta name=\"robots\" content=\"index, follow, max-snippet:-1, max-image-preview:large, max-video-preview:-1\" \/>\n<link rel=\"canonical\" href=\"https:\/\/www.fivette.be\/en\/our-center\/organization-of-the-center\/\" \/>\n<meta property=\"og:locale\" content=\"en_US\" \/>\n<meta property=\"og:type\" content=\"article\" \/>\n<meta property=\"og:title\" content=\"Organization of the center - Fivette.be\" \/>\n<meta property=\"og:description\" content=\"The ART Center (Route 606): place of ART consultation and monitoring activity front desk: Registration of our patients for various consultations. the AMP nurses&#039; office where blood tests are performed every morning, medications are dispensed, patients are enrolled in the cycle, and cycle explanations are provided. the consultation and ultrasound rooms of the doctors where [&hellip;]\" \/>\n<meta property=\"og:site_name\" content=\"Fivette.be\" \/>\n<meta property=\"article:modified_time\" content=\"2023-11-21T16:13:37+00:00\" \/>\n<meta property=\"og:image\" content=\"https:\/\/i0.wp.com\/www.fivette.be\/wp-content\/uploads\/2022\/04\/team-crop.png?fit=1920%2C906&ssl=1\" \/>\n\t<meta property=\"og:image:width\" content=\"1920\" \/>\n\t<meta property=\"og:image:height\" content=\"906\" \/>\n\t<meta property=\"og:image:type\" content=\"image\/png\" \/>\n<meta name=\"twitter:card\" content=\"summary_large_image\" \/>\n<meta name=\"twitter:label1\" content=\"Est. reading time\" \/>\n\t<meta name=\"twitter:data1\" content=\"1 minute\" \/>\n<script type=\"application\/ld+json\" class=\"yoast-schema-graph\">{\"@context\":\"https:\\\/\\\/schema.org\",\"@graph\":[{\"@type\":\"WebPage\",\"@id\":\"https:\\\/\\\/www.fivette.be\\\/en\\\/our-center\\\/organization-of-the-center\\\/\",\"url\":\"https:\\\/\\\/www.fivette.be\\\/en\\\/our-center\\\/organization-of-the-center\\\/\",\"name\":\"Organization of the center - Fivette.be\",\"isPartOf\":{\"@id\":\"https:\\\/\\\/www.fivette.be\\\/#website\"},\"primaryImageOfPage\":{\"@id\":\"https:\\\/\\\/www.fivette.be\\\/en\\\/our-center\\\/organization-of-the-center\\\/#primaryimage\"},\"image\":{\"@id\":\"https:\\\/\\\/www.fivette.be\\\/en\\\/our-center\\\/organization-of-the-center\\\/#primaryimage\"},\"thumbnailUrl\":\"https:\\\/\\\/i0.wp.com\\\/www.fivette.be\\\/wp-content\\\/uploads\\\/2022\\\/04\\\/team-crop.png?fit=1920%2C906&ssl=1\",\"datePublished\":\"2023-04-21T15:07:17+00:00\",\"dateModified\":\"2023-11-21T16:13:37+00:00\",\"breadcrumb\":{\"@id\":\"https:\\\/\\\/www.fivette.be\\\/en\\\/our-center\\\/organization-of-the-center\\\/#breadcrumb\"},\"inLanguage\":\"en-US\",\"potentialAction\":[{\"@type\":\"ReadAction\",\"target\":[\"https:\\\/\\\/www.fivette.be\\\/en\\\/our-center\\\/organization-of-the-center\\\/\"]}]},{\"@type\":\"ImageObject\",\"inLanguage\":\"en-US\",\"@id\":\"https:\\\/\\\/www.fivette.be\\\/en\\\/our-center\\\/organization-of-the-center\\\/#primaryimage\",\"url\":\"https:\\\/\\\/i0.wp.com\\\/www.fivette.be\\\/wp-content\\\/uploads\\\/2022\\\/04\\\/team-crop.png?fit=1920%2C906&ssl=1\",\"contentUrl\":\"https:\\\/\\\/i0.wp.com\\\/www.fivette.be\\\/wp-content\\\/uploads\\\/2022\\\/04\\\/team-crop.png?fit=1920%2C906&ssl=1\",\"width\":1920,\"height\":906},{\"@type\":\"BreadcrumbList\",\"@id\":\"https:\\\/\\\/www.fivette.be\\\/en\\\/our-center\\\/organization-of-the-center\\\/#breadcrumb\",\"itemListElement\":[{\"@type\":\"ListItem\",\"position\":1,\"name\":\"Home\",\"item\":\"https:\\\/\\\/www.fivette.be\\\/en\\\/do-you-have-a-desire-for-a-child\\\/\"},{\"@type\":\"ListItem\",\"position\":2,\"name\":\"Our center\",\"item\":\"https:\\\/\\\/www.fivette.be\\\/en\\\/our-center\\\/\"},{\"@type\":\"ListItem\",\"position\":3,\"name\":\"Organization of the center\"}]},{\"@type\":\"WebSite\",\"@id\":\"https:\\\/\\\/www.fivette.be\\\/#website\",\"url\":\"https:\\\/\\\/www.fivette.be\\\/\",\"name\":\"Fivette.be - Le centre de Procr\u00e9ation M\u00e9dicalement Assist\u00e9e du CHU Saint-Pierre\",\"description\":\"Le centre de PMA du CHU Saint-Pierre\",\"publisher\":{\"@id\":\"https:\\\/\\\/www.fivette.be\\\/#organization\"},\"potentialAction\":[{\"@type\":\"SearchAction\",\"target\":{\"@type\":\"EntryPoint\",\"urlTemplate\":\"https:\\\/\\\/www.fivette.be\\\/?s={search_term_string}\"},\"query-input\":{\"@type\":\"PropertyValueSpecification\",\"valueRequired\":true,\"valueName\":\"search_term_string\"}}],\"inLanguage\":\"en-US\"},{\"@type\":\"Organization\",\"@id\":\"https:\\\/\\\/www.fivette.be\\\/#organization\",\"name\":\"Fivette.be - Le centre de Procr\u00e9ation M\u00e9dicalement Assist\u00e9e du CHU Saint-Pierre\",\"url\":\"https:\\\/\\\/www.fivette.be\\\/\",\"logo\":{\"@type\":\"ImageObject\",\"inLanguage\":\"en-US\",\"@id\":\"https:\\\/\\\/www.fivette.be\\\/#\\\/schema\\\/logo\\\/image\\\/\",\"url\":\"http:\\\/\\\/fivette.be\\\/wp-content\\\/uploads\\\/2023\\\/01\\\/PMAlogocolorSP.png\",\"contentUrl\":\"http:\\\/\\\/fivette.be\\\/wp-content\\\/uploads\\\/2023\\\/01\\\/PMAlogocolorSP.png\",\"width\":289,\"height\":251,\"caption\":\"Fivette.be - Le centre de Procr\u00e9ation M\u00e9dicalement Assist\u00e9e du CHU Saint-Pierre\"},\"image\":{\"@id\":\"https:\\\/\\\/www.fivette.be\\\/#\\\/schema\\\/logo\\\/image\\\/\"}}]}<\/script>\n<!-- \/ Yoast SEO plugin. -->","yoast_head_json":{"title":"Organization of the center - Fivette.be","robots":{"index":"index","follow":"follow","max-snippet":"max-snippet:-1","max-image-preview":"max-image-preview:large","max-video-preview":"max-video-preview:-1"},"canonical":"https:\/\/www.fivette.be\/en\/our-center\/organization-of-the-center\/","og_locale":"en_US","og_type":"article","og_title":"Organization of the center - Fivette.be","og_description":"The ART Center (Route 606): place of ART consultation and monitoring activity front desk: Registration of our patients for various consultations. the AMP nurses' office where blood tests are performed every morning, medications are dispensed, patients are enrolled in the cycle, and cycle explanations are provided. the consultation and ultrasound rooms of the doctors where [&hellip;]","og_site_name":"Fivette.be","article_modified_time":"2023-11-21T16:13:37+00:00","og_image":[{"width":1920,"height":906,"url":"https:\/\/i0.wp.com\/www.fivette.be\/wp-content\/uploads\/2022\/04\/team-crop.png?fit=1920%2C906&ssl=1","type":"image\/png"}],"twitter_card":"summary_large_image","twitter_misc":{"Est. reading time":"1 minute"},"schema":{"@context":"https:\/\/schema.org","@graph":[{"@type":"WebPage","@id":"https:\/\/www.fivette.be\/en\/our-center\/organization-of-the-center\/","url":"https:\/\/www.fivette.be\/en\/our-center\/organization-of-the-center\/","name":"Organization of the center - Fivette.be","isPartOf":{"@id":"https:\/\/www.fivette.be\/#website"},"primaryImageOfPage":{"@id":"https:\/\/www.fivette.be\/en\/our-center\/organization-of-the-center\/#primaryimage"},"image":{"@id":"https:\/\/www.fivette.be\/en\/our-center\/organization-of-the-center\/#primaryimage"},"thumbnailUrl":"https:\/\/i0.wp.com\/www.fivette.be\/wp-content\/uploads\/2022\/04\/team-crop.png?fit=1920%2C906&ssl=1","datePublished":"2023-04-21T15:07:17+00:00","dateModified":"2023-11-21T16:13:37+00:00","breadcrumb":{"@id":"https:\/\/www.fivette.be\/en\/our-center\/organization-of-the-center\/#breadcrumb"},"inLanguage":"en-US","potentialAction":[{"@type":"ReadAction","target":["https:\/\/www.fivette.be\/en\/our-center\/organization-of-the-center\/"]}]},{"@type":"ImageObject","inLanguage":"en-US","@id":"https:\/\/www.fivette.be\/en\/our-center\/organization-of-the-center\/#primaryimage","url":"https:\/\/i0.wp.com\/www.fivette.be\/wp-content\/uploads\/2022\/04\/team-crop.png?fit=1920%2C906&ssl=1","contentUrl":"https:\/\/i0.wp.com\/www.fivette.be\/wp-content\/uploads\/2022\/04\/team-crop.png?fit=1920%2C906&ssl=1","width":1920,"height":906},{"@type":"BreadcrumbList","@id":"https:\/\/www.fivette.be\/en\/our-center\/organization-of-the-center\/#breadcrumb","itemListElement":[{"@type":"ListItem","position":1,"name":"Home","item":"https:\/\/www.fivette.be\/en\/do-you-have-a-desire-for-a-child\/"},{"@type":"ListItem","position":2,"name":"Our center","item":"https:\/\/www.fivette.be\/en\/our-center\/"},{"@type":"ListItem","position":3,"name":"Organization of the center"}]},{"@type":"WebSite","@id":"https:\/\/www.fivette.be\/#website","url":"https:\/\/www.fivette.be\/","name":"Fivette.be - Le centre de Procr\u00e9ation M\u00e9dicalement Assist\u00e9e du CHU Saint-Pierre","description":"Le centre de PMA du CHU Saint-Pierre","publisher":{"@id":"https:\/\/www.fivette.be\/#organization"},"potentialAction":[{"@type":"SearchAction","target":{"@type":"EntryPoint","urlTemplate":"https:\/\/www.fivette.be\/?s={search_term_string}"},"query-input":{"@type":"PropertyValueSpecification","valueRequired":true,"valueName":"search_term_string"}}],"inLanguage":"en-US"},{"@type":"Organization","@id":"https:\/\/www.fivette.be\/#organization","name":"Fivette.be - Le centre de Procr\u00e9ation M\u00e9dicalement Assist\u00e9e du CHU Saint-Pierre","url":"https:\/\/www.fivette.be\/","logo":{"@type":"ImageObject","inLanguage":"en-US","@id":"https:\/\/www.fivette.be\/#\/schema\/logo\/image\/","url":"http:\/\/fivette.be\/wp-content\/uploads\/2023\/01\/PMAlogocolorSP.png","contentUrl":"http:\/\/fivette.be\/wp-content\/uploads\/2023\/01\/PMAlogocolorSP.png","width":289,"height":251,"caption":"Fivette.be - Le centre de Procr\u00e9ation M\u00e9dicalement Assist\u00e9e du CHU Saint-Pierre"},"image":{"@id":"https:\/\/www.fivette.be\/#\/schema\/logo\/image\/"}}]}},"jetpack_sharing_enabled":true,"_links":{"self":[{"href":"https:\/\/www.fivette.be\/en\/wp-json\/wp\/v2\/pages\/5462","targetHints":{"allow":["GET"]}}],"collection":[{"href":"https:\/\/www.fivette.be\/en\/wp-json\/wp\/v2\/pages"}],"about":[{"href":"https:\/\/www.fivette.be\/en\/wp-json\/wp\/v2\/types\/page"}],"author":[{"embeddable":true,"href":"https:\/\/www.fivette.be\/en\/wp-json\/wp\/v2\/users\/1"}],"replies":[{"embeddable":true,"href":"https:\/\/www.fivette.be\/en\/wp-json\/wp\/v2\/comments?post=5462"}],"version-history":[{"count":7,"href":"https:\/\/www.fivette.be\/en\/wp-json\/wp\/v2\/pages\/5462\/revisions"}],"predecessor-version":[{"id":5780,"href":"https:\/\/www.fivette.be\/en\/wp-json\/wp\/v2\/pages\/5462\/revisions\/5780"}],"up":[{"embeddable":true,"href":"https:\/\/www.fivette.be\/en\/wp-json\/wp\/v2\/pages\/5443"}],"wp:featuredmedia":[{"embeddable":true,"href":"https:\/\/www.fivette.be\/en\/wp-json\/wp\/v2\/media\/5463"}],"wp:attachment":[{"href":"https:\/\/www.fivette.be\/en\/wp-json\/wp\/v2\/media?parent=5462"}],"wp:term":[{"taxonomy":"category","embeddable":true,"href":"https:\/\/www.fivette.be\/en\/wp-json\/wp\/v2\/categories?post=5462"},{"taxonomy":"post_tag","embeddable":true,"href":"https:\/\/www.fivette.be\/en\/wp-json\/wp\/v2\/tags?post=5462"}],"curies":[{"name":"wp","href":"https:\/\/api.w.org\/{rel}","templated":true}]}}