{"id":5469,"date":"2023-04-21T17:21:31","date_gmt":"2023-04-21T15:21:31","guid":{"rendered":"http:\/\/10.14.1.27\/fivette\/our-center\/access-map\/"},"modified":"2023-11-22T10:01:10","modified_gmt":"2023-11-22T09:01:10","slug":"access-map","status":"publish","type":"page","link":"https:\/\/www.fivette.be\/en\/our-center\/access-map\/","title":{"rendered":"Access map"},"content":{"rendered":"<p>[et_pb_section fb_built=&#8221;1&#8243; _builder_version=&#8221;4.18.0&#8243; _module_preset=&#8221;default&#8221; background_color=&#8221;RGBA(255,255,255,0)&#8221; global_colors_info=&#8221;{}&#8221;][et_pb_row _builder_version=&#8221;4.18.0&#8243; _module_preset=&#8221;default&#8221; global_colors_info=&#8221;{}&#8221;][et_pb_column type=&#8221;4_4&#8243; _builder_version=&#8221;4.18.0&#8243; _module_preset=&#8221;default&#8221; global_colors_info=&#8221;{}&#8221;][et_pb_text _builder_version=&#8221;4.18.0&#8243; _module_preset=&#8221;default&#8221; global_colors_info=&#8221;{}&#8221;]<\/p>\n<h2>CHU Saint-Pierre &#8211; Site Porte de Hal<\/h2>\n<p>Rue aux Laines 105<br \/>1000 Bruxelles<\/p>\n<p>[\/et_pb_text][et_pb_text _builder_version=&#8221;4.22.1&#8243; _module_preset=&#8221;default&#8221; hover_enabled=&#8221;0&#8243; global_colors_info=&#8221;{}&#8221; sticky_enabled=&#8221;0&#8243;]<\/p>\n<p>You&#8217;ll find our ART center <strong>Route 606<\/strong>.<\/p>\n<p>[\/et_pb_text][\/et_pb_column][\/et_pb_row][et_pb_row column_structure=&#8221;1_2,1_2&#8243; _builder_version=&#8221;4.18.0&#8243; _module_preset=&#8221;default&#8221; global_colors_info=&#8221;{}&#8221;][et_pb_column type=&#8221;1_2&#8243; _builder_version=&#8221;4.18.0&#8243; _module_preset=&#8221;default&#8221; global_colors_info=&#8221;{}&#8221;][et_pb_text _builder_version=&#8221;4.18.0&#8243; _module_preset=&#8221;default&#8221; global_colors_info=&#8221;{}&#8221;]<\/p>\n<h3>By subway<\/h3>\n<p><span><span style=\"text-decoration: underline;\">M\u00e9tro<\/span> n\u00b02: Stations H\u00f4tel des Monnaies or Porte de Hal.<br \/><span style=\"text-decoration: underline;\">Pre-metro:<\/span> 3 &#8211; 4 &#8211; 23 &#8211; 51: stop Porte de Hal 32 &#8211; 56 &#8211; 81 &#8211; 82: transit with line 2 Gare du midi. Station Porte de Hal<\/span><\/p>\n<p><span style=\"text-decoration: underline;\">Bus De Lijn:<\/span> 134 &#8211; 136 &#8211; 137 &#8211; 365A &#8211; W &#8211; 123 : station Blaes\/Porte de Hal.<\/p>\n<p><span style=\"text-decoration: underline;\">Bus STIB:<\/span> 27 &#8211; 48 : station rue Haute ou rue Blaes.<\/p>\n<h3>By train<\/h3>\n<ul>\n<li><span><span style=\"text-decoration: underline;\">Gare du Midi:<\/span> take metro line 2: Station H\u00f4tel des Monnaies.<\/span><\/li>\n<li><span style=\"text-decoration: underline;\">Gare du Luxembourg<\/span> (Quartier L\u00e9opold): bus 27- station rue Haute or rue Blaes.<\/li>\n<\/ul>\n<h3>By car<\/h3>\n<p><span>A paid parking lot with 150 spaces is accessible via <strong>Rue Haute 322<\/strong> 1000 Brussels.<\/span><\/p>\n<p><span>There is an Interparking accessible at 103 Boulevard de Waterloo 1000 Brusselles.<\/span><\/p>\n<p>[\/et_pb_text][\/et_pb_column][et_pb_column type=&#8221;1_2&#8243; _builder_version=&#8221;4.18.0&#8243; _module_preset=&#8221;default&#8221; global_colors_info=&#8221;{}&#8221;][et_pb_text _builder_version=&#8221;4.18.0&#8243; _module_preset=&#8221;default&#8221; global_colors_info=&#8221;{}&#8221;]<iframe src=\"https:\/\/www.google.com\/maps\/embed?pb=!1m18!1m12!1m3!1d2519.8346298427823!2d4.345056915906557!3d50.83422696751794!2m3!1f0!2f0!3f0!3m2!1i1024!2i768!4f13.1!3m3!1m2!1s0x47c3c4644cee21a9%3A0x92deadc1be7418c6!2sRue%20aux%20Laines%20105%2C%201000%20Bruxelles!5e0!3m2!1sfr!2sbe!4v1648118245733!5m2!1sfr!2sbe\" width=\"600\" height=\"450\" style=\"border: 0;\" allowfullscreen=\"\" loading=\"lazy\"><\/iframe>[\/et_pb_text][\/et_pb_column][\/et_pb_row][et_pb_row column_structure=&#8221;1_2,1_2&#8243; _builder_version=&#8221;4.18.0&#8243; _module_preset=&#8221;default&#8221; global_colors_info=&#8221;{}&#8221;][et_pb_column type=&#8221;1_2&#8243; _builder_version=&#8221;4.18.0&#8243; _module_preset=&#8221;default&#8221; global_colors_info=&#8221;{}&#8221;][et_pb_text _builder_version=&#8221;4.18.0&#8243; _module_preset=&#8221;default&#8221; global_colors_info=&#8221;{}&#8221;]<\/p>\n<h1>Accessibility<\/h1>\n<p><span>The CHU Saint-Pierre is accessible to people with reduced mobility. <\/span><span>Wheelchairs are available at various entrances of the hospital.<\/span><\/p>\n<p>[\/et_pb_text][\/et_pb_column][et_pb_column type=&#8221;1_2&#8243; _builder_version=&#8221;4.18.0&#8243; _module_preset=&#8221;default&#8221; global_colors_info=&#8221;{}&#8221;][et_pb_image src=&#8221;http:\/\/fivette.be\/wp-content\/uploads\/2023\/04\/Mobilite_reduite.webp&#8221; title_text=&#8221;Mobilite_reduite&#8221; align=&#8221;right&#8221; _builder_version=&#8221;4.18.0&#8243; _module_preset=&#8221;default&#8221; global_colors_info=&#8221;{}&#8221;][\/et_pb_image][\/et_pb_column][\/et_pb_row][et_pb_row column_structure=&#8221;1_2,1_2&#8243; _builder_version=&#8221;4.18.0&#8243; _module_preset=&#8221;default&#8221; global_colors_info=&#8221;{}&#8221;][et_pb_column type=&#8221;1_2&#8243; _builder_version=&#8221;4.18.0&#8243; _module_preset=&#8221;default&#8221; global_colors_info=&#8221;{}&#8221;][et_pb_text _builder_version=&#8221;4.18.0&#8243; _module_preset=&#8221;default&#8221; global_colors_info=&#8221;{}&#8221;]<\/p>\n<h2>Parking fees<\/h2>\n<p>[\/et_pb_text][et_pb_image src=&#8221;http:\/\/fivette.be\/wp-content\/uploads\/2023\/04\/Tarifs_parking_pdh2-1.png&#8221; title_text=&#8221;Tarifs_parking_pdh2-1&#8243; _builder_version=&#8221;4.18.0&#8243; _module_preset=&#8221;default&#8221; global_colors_info=&#8221;{}&#8221;][\/et_pb_image][\/et_pb_column][et_pb_column type=&#8221;1_2&#8243; _builder_version=&#8221;4.18.0&#8243; _module_preset=&#8221;default&#8221; global_colors_info=&#8221;{}&#8221;][et_pb_text _builder_version=&#8221;4.18.0&#8243; _module_preset=&#8221;default&#8221; global_colors_info=&#8221;{}&#8221;]<\/p>\n<p>&nbsp;<\/p>\n<p>&nbsp;<\/p>\n<p>&nbsp;<\/p>\n<p>[\/et_pb_text][et_pb_image src=&#8221;http:\/\/fivette.be\/wp-content\/uploads\/2023\/01\/PMAlogocolorSP.png&#8221; title_text=&#8221;PMAlogocolorSP&#8221; _builder_version=&#8221;4.18.0&#8243; _module_preset=&#8221;default&#8221; global_colors_info=&#8221;{}&#8221;][\/et_pb_image][\/et_pb_column][\/et_pb_row][\/et_pb_section]<\/p>\n","protected":false},"excerpt":{"rendered":"<p>Our receptionists are there to assist you.<\/p>\n<p>Site Porte de Hal: 105, rue aux Laines- 1000 Bruxelles<\/p>\n<p>02 535 40 13<\/p>\n","protected":false},"author":1,"featured_media":5782,"parent":5443,"menu_order":0,"comment_status":"open","ping_status":"open","template":"","meta":{"_acf_changed":false,"_et_pb_use_builder":"on","_et_pb_old_content":"","_et_gb_content_width":"","footnotes":""},"categories":[],"tags":[],"class_list":["post-5469","page","type-page","status-publish","has-post-thumbnail","hentry"],"acf":[],"yoast_head":"<!-- This site is optimized with the Yoast SEO plugin v27.4 - https:\/\/yoast.com\/product\/yoast-seo-wordpress\/ -->\n<title>Access map - Fivette.be<\/title>\n<meta name=\"robots\" content=\"index, follow, max-snippet:-1, max-image-preview:large, max-video-preview:-1\" \/>\n<link rel=\"canonical\" href=\"https:\/\/www.fivette.be\/en\/our-center\/access-map\/\" \/>\n<meta property=\"og:locale\" content=\"en_US\" \/>\n<meta property=\"og:type\" content=\"article\" \/>\n<meta property=\"og:title\" content=\"Access map - Fivette.be\" \/>\n<meta property=\"og:description\" content=\"Our receptionists are there to assist you. Site Porte de Hal: 105, rue aux Laines- 1000 Bruxelles 02 535 40 13\" \/>\n<meta property=\"og:site_name\" content=\"Fivette.be\" \/>\n<meta property=\"article:modified_time\" content=\"2023-11-22T09:01:10+00:00\" \/>\n<meta property=\"og:image\" content=\"https:\/\/i0.wp.com\/www.fivette.be\/wp-content\/uploads\/2022\/11\/Facade_PDH-1-1.png?fit=800%2C536&ssl=1\" \/>\n\t<meta property=\"og:image:width\" content=\"800\" \/>\n\t<meta property=\"og:image:height\" content=\"536\" \/>\n\t<meta property=\"og:image:type\" content=\"image\/png\" \/>\n<meta name=\"twitter:card\" content=\"summary_large_image\" \/>\n<meta name=\"twitter:label1\" content=\"Est. reading time\" \/>\n\t<meta name=\"twitter:data1\" content=\"3 minutes\" \/>\n<script type=\"application\/ld+json\" class=\"yoast-schema-graph\">{\"@context\":\"https:\\\/\\\/schema.org\",\"@graph\":[{\"@type\":\"WebPage\",\"@id\":\"https:\\\/\\\/www.fivette.be\\\/en\\\/our-center\\\/access-map\\\/\",\"url\":\"https:\\\/\\\/www.fivette.be\\\/en\\\/our-center\\\/access-map\\\/\",\"name\":\"Access map - Fivette.be\",\"isPartOf\":{\"@id\":\"https:\\\/\\\/www.fivette.be\\\/#website\"},\"primaryImageOfPage\":{\"@id\":\"https:\\\/\\\/www.fivette.be\\\/en\\\/our-center\\\/access-map\\\/#primaryimage\"},\"image\":{\"@id\":\"https:\\\/\\\/www.fivette.be\\\/en\\\/our-center\\\/access-map\\\/#primaryimage\"},\"thumbnailUrl\":\"https:\\\/\\\/i0.wp.com\\\/www.fivette.be\\\/wp-content\\\/uploads\\\/2022\\\/11\\\/Facade_PDH-1-1.png?fit=800%2C536&ssl=1\",\"datePublished\":\"2023-04-21T15:21:31+00:00\",\"dateModified\":\"2023-11-22T09:01:10+00:00\",\"breadcrumb\":{\"@id\":\"https:\\\/\\\/www.fivette.be\\\/en\\\/our-center\\\/access-map\\\/#breadcrumb\"},\"inLanguage\":\"en-US\",\"potentialAction\":[{\"@type\":\"ReadAction\",\"target\":[\"https:\\\/\\\/www.fivette.be\\\/en\\\/our-center\\\/access-map\\\/\"]}]},{\"@type\":\"ImageObject\",\"inLanguage\":\"en-US\",\"@id\":\"https:\\\/\\\/www.fivette.be\\\/en\\\/our-center\\\/access-map\\\/#primaryimage\",\"url\":\"https:\\\/\\\/i0.wp.com\\\/www.fivette.be\\\/wp-content\\\/uploads\\\/2022\\\/11\\\/Facade_PDH-1-1.png?fit=800%2C536&ssl=1\",\"contentUrl\":\"https:\\\/\\\/i0.wp.com\\\/www.fivette.be\\\/wp-content\\\/uploads\\\/2022\\\/11\\\/Facade_PDH-1-1.png?fit=800%2C536&ssl=1\",\"width\":800,\"height\":536},{\"@type\":\"BreadcrumbList\",\"@id\":\"https:\\\/\\\/www.fivette.be\\\/en\\\/our-center\\\/access-map\\\/#breadcrumb\",\"itemListElement\":[{\"@type\":\"ListItem\",\"position\":1,\"name\":\"Home\",\"item\":\"https:\\\/\\\/www.fivette.be\\\/en\\\/do-you-have-a-desire-for-a-child\\\/\"},{\"@type\":\"ListItem\",\"position\":2,\"name\":\"Our center\",\"item\":\"https:\\\/\\\/www.fivette.be\\\/en\\\/our-center\\\/\"},{\"@type\":\"ListItem\",\"position\":3,\"name\":\"Access map\"}]},{\"@type\":\"WebSite\",\"@id\":\"https:\\\/\\\/www.fivette.be\\\/#website\",\"url\":\"https:\\\/\\\/www.fivette.be\\\/\",\"name\":\"Fivette.be - Le centre de Procr\u00e9ation M\u00e9dicalement Assist\u00e9e du CHU Saint-Pierre\",\"description\":\"Le centre de PMA du CHU Saint-Pierre\",\"publisher\":{\"@id\":\"https:\\\/\\\/www.fivette.be\\\/#organization\"},\"potentialAction\":[{\"@type\":\"SearchAction\",\"target\":{\"@type\":\"EntryPoint\",\"urlTemplate\":\"https:\\\/\\\/www.fivette.be\\\/?s={search_term_string}\"},\"query-input\":{\"@type\":\"PropertyValueSpecification\",\"valueRequired\":true,\"valueName\":\"search_term_string\"}}],\"inLanguage\":\"en-US\"},{\"@type\":\"Organization\",\"@id\":\"https:\\\/\\\/www.fivette.be\\\/#organization\",\"name\":\"Fivette.be - Le centre de Procr\u00e9ation M\u00e9dicalement Assist\u00e9e du CHU Saint-Pierre\",\"url\":\"https:\\\/\\\/www.fivette.be\\\/\",\"logo\":{\"@type\":\"ImageObject\",\"inLanguage\":\"en-US\",\"@id\":\"https:\\\/\\\/www.fivette.be\\\/#\\\/schema\\\/logo\\\/image\\\/\",\"url\":\"http:\\\/\\\/fivette.be\\\/wp-content\\\/uploads\\\/2023\\\/01\\\/PMAlogocolorSP.png\",\"contentUrl\":\"http:\\\/\\\/fivette.be\\\/wp-content\\\/uploads\\\/2023\\\/01\\\/PMAlogocolorSP.png\",\"width\":289,\"height\":251,\"caption\":\"Fivette.be - Le centre de Procr\u00e9ation M\u00e9dicalement Assist\u00e9e du CHU Saint-Pierre\"},\"image\":{\"@id\":\"https:\\\/\\\/www.fivette.be\\\/#\\\/schema\\\/logo\\\/image\\\/\"}}]}<\/script>\n<!-- \/ Yoast SEO plugin. -->","yoast_head_json":{"title":"Access map - Fivette.be","robots":{"index":"index","follow":"follow","max-snippet":"max-snippet:-1","max-image-preview":"max-image-preview:large","max-video-preview":"max-video-preview:-1"},"canonical":"https:\/\/www.fivette.be\/en\/our-center\/access-map\/","og_locale":"en_US","og_type":"article","og_title":"Access map - Fivette.be","og_description":"Our receptionists are there to assist you. Site Porte de Hal: 105, rue aux Laines- 1000 Bruxelles 02 535 40 13","og_site_name":"Fivette.be","article_modified_time":"2023-11-22T09:01:10+00:00","og_image":[{"width":800,"height":536,"url":"https:\/\/i0.wp.com\/www.fivette.be\/wp-content\/uploads\/2022\/11\/Facade_PDH-1-1.png?fit=800%2C536&ssl=1","type":"image\/png"}],"twitter_card":"summary_large_image","twitter_misc":{"Est. reading time":"3 minutes"},"schema":{"@context":"https:\/\/schema.org","@graph":[{"@type":"WebPage","@id":"https:\/\/www.fivette.be\/en\/our-center\/access-map\/","url":"https:\/\/www.fivette.be\/en\/our-center\/access-map\/","name":"Access map - Fivette.be","isPartOf":{"@id":"https:\/\/www.fivette.be\/#website"},"primaryImageOfPage":{"@id":"https:\/\/www.fivette.be\/en\/our-center\/access-map\/#primaryimage"},"image":{"@id":"https:\/\/www.fivette.be\/en\/our-center\/access-map\/#primaryimage"},"thumbnailUrl":"https:\/\/i0.wp.com\/www.fivette.be\/wp-content\/uploads\/2022\/11\/Facade_PDH-1-1.png?fit=800%2C536&ssl=1","datePublished":"2023-04-21T15:21:31+00:00","dateModified":"2023-11-22T09:01:10+00:00","breadcrumb":{"@id":"https:\/\/www.fivette.be\/en\/our-center\/access-map\/#breadcrumb"},"inLanguage":"en-US","potentialAction":[{"@type":"ReadAction","target":["https:\/\/www.fivette.be\/en\/our-center\/access-map\/"]}]},{"@type":"ImageObject","inLanguage":"en-US","@id":"https:\/\/www.fivette.be\/en\/our-center\/access-map\/#primaryimage","url":"https:\/\/i0.wp.com\/www.fivette.be\/wp-content\/uploads\/2022\/11\/Facade_PDH-1-1.png?fit=800%2C536&ssl=1","contentUrl":"https:\/\/i0.wp.com\/www.fivette.be\/wp-content\/uploads\/2022\/11\/Facade_PDH-1-1.png?fit=800%2C536&ssl=1","width":800,"height":536},{"@type":"BreadcrumbList","@id":"https:\/\/www.fivette.be\/en\/our-center\/access-map\/#breadcrumb","itemListElement":[{"@type":"ListItem","position":1,"name":"Home","item":"https:\/\/www.fivette.be\/en\/do-you-have-a-desire-for-a-child\/"},{"@type":"ListItem","position":2,"name":"Our center","item":"https:\/\/www.fivette.be\/en\/our-center\/"},{"@type":"ListItem","position":3,"name":"Access map"}]},{"@type":"WebSite","@id":"https:\/\/www.fivette.be\/#website","url":"https:\/\/www.fivette.be\/","name":"Fivette.be - Le centre de Procr\u00e9ation M\u00e9dicalement Assist\u00e9e du CHU Saint-Pierre","description":"Le centre de PMA du CHU Saint-Pierre","publisher":{"@id":"https:\/\/www.fivette.be\/#organization"},"potentialAction":[{"@type":"SearchAction","target":{"@type":"EntryPoint","urlTemplate":"https:\/\/www.fivette.be\/?s={search_term_string}"},"query-input":{"@type":"PropertyValueSpecification","valueRequired":true,"valueName":"search_term_string"}}],"inLanguage":"en-US"},{"@type":"Organization","@id":"https:\/\/www.fivette.be\/#organization","name":"Fivette.be - Le centre de Procr\u00e9ation M\u00e9dicalement Assist\u00e9e du CHU Saint-Pierre","url":"https:\/\/www.fivette.be\/","logo":{"@type":"ImageObject","inLanguage":"en-US","@id":"https:\/\/www.fivette.be\/#\/schema\/logo\/image\/","url":"http:\/\/fivette.be\/wp-content\/uploads\/2023\/01\/PMAlogocolorSP.png","contentUrl":"http:\/\/fivette.be\/wp-content\/uploads\/2023\/01\/PMAlogocolorSP.png","width":289,"height":251,"caption":"Fivette.be - Le centre de Procr\u00e9ation M\u00e9dicalement Assist\u00e9e du CHU Saint-Pierre"},"image":{"@id":"https:\/\/www.fivette.be\/#\/schema\/logo\/image\/"}}]}},"jetpack_sharing_enabled":true,"_links":{"self":[{"href":"https:\/\/www.fivette.be\/en\/wp-json\/wp\/v2\/pages\/5469","targetHints":{"allow":["GET"]}}],"collection":[{"href":"https:\/\/www.fivette.be\/en\/wp-json\/wp\/v2\/pages"}],"about":[{"href":"https:\/\/www.fivette.be\/en\/wp-json\/wp\/v2\/types\/page"}],"author":[{"embeddable":true,"href":"https:\/\/www.fivette.be\/en\/wp-json\/wp\/v2\/users\/1"}],"replies":[{"embeddable":true,"href":"https:\/\/www.fivette.be\/en\/wp-json\/wp\/v2\/comments?post=5469"}],"version-history":[{"count":4,"href":"https:\/\/www.fivette.be\/en\/wp-json\/wp\/v2\/pages\/5469\/revisions"}],"predecessor-version":[{"id":5807,"href":"https:\/\/www.fivette.be\/en\/wp-json\/wp\/v2\/pages\/5469\/revisions\/5807"}],"up":[{"embeddable":true,"href":"https:\/\/www.fivette.be\/en\/wp-json\/wp\/v2\/pages\/5443"}],"wp:featuredmedia":[{"embeddable":true,"href":"https:\/\/www.fivette.be\/en\/wp-json\/wp\/v2\/media\/5782"}],"wp:attachment":[{"href":"https:\/\/www.fivette.be\/en\/wp-json\/wp\/v2\/media?parent=5469"}],"wp:term":[{"taxonomy":"category","embeddable":true,"href":"https:\/\/www.fivette.be\/en\/wp-json\/wp\/v2\/categories?post=5469"},{"taxonomy":"post_tag","embeddable":true,"href":"https:\/\/www.fivette.be\/en\/wp-json\/wp\/v2\/tags?post=5469"}],"curies":[{"name":"wp","href":"https:\/\/api.w.org\/{rel}","templated":true}]}}