{"id":5495,"date":"2023-04-23T15:38:56","date_gmt":"2023-04-23T13:38:56","guid":{"rendered":"http:\/\/10.14.1.27\/fivette\/our-laboratory\/sperm-freezing\/"},"modified":"2023-04-23T15:38:57","modified_gmt":"2023-04-23T13:38:57","slug":"sperm-freezing","status":"publish","type":"page","link":"https:\/\/www.fivette.be\/en\/our-laboratory\/sperm-freezing\/","title":{"rendered":"Sperm freezing"},"content":{"rendered":"<p>[et_pb_section fb_built=&#8221;1&#8243; _builder_version=&#8221;4.17.3&#8243; _module_preset=&#8221;default&#8221; global_colors_info=&#8221;{}&#8221; theme_builder_area=&#8221;post_content&#8221;][et_pb_row _builder_version=&#8221;4.18.0&#8243; _module_preset=&#8221;default&#8221; global_colors_info=&#8221;{}&#8221; theme_builder_area=&#8221;post_content&#8221;][et_pb_column type=&#8221;4_4&#8243; _builder_version=&#8221;4.18.0&#8243; _module_preset=&#8221;default&#8221; global_colors_info=&#8221;{}&#8221; theme_builder_area=&#8221;post_content&#8221;][et_pb_text _builder_version=&#8221;4.18.0&#8243; _module_preset=&#8221;default&#8221; hover_enabled=&#8221;0&#8243; global_colors_info=&#8221;{}&#8221; theme_builder_area=&#8221;post_content&#8221; sticky_enabled=&#8221;0&#8243;]<\/p>\n<h1><span>What is cryopreservation?<\/span><\/h1>\n<p><span>Cryopreservation is a technique that allows the preservation of cells or tissues by rapidly cooling them to extremely low temperatures, up to -196\u00b0C, by immersing them in liquid nitrogen. Under these conditions, all biological activity is interrupted, including that related to cell death, and everything is &#8220;frozen&#8221; until there is warming again. <\/span><\/p>\n<p><span>For sperm freezing, it is necessary to add a cryoprotectant that protects the sperm from sudden temperature changes. This mixture is then packaged in pre-identified straws with the patient&#8217;s name. <\/span><\/p>\n<p><span>The number of straws frozen per ejaculate depends on the volume and quality of the sperm.<\/span><\/p>\n<h2><span>Storage time<\/span><\/h2>\n<p><span>Although the freeze-thaw technique may result in partial mortality of the sperm, once frozen, these samples can be stored <em>ad vitam aeternam<\/em> without possible degradation over time. However, Belgian law imposes a maximum storage period of 10 years, which can be renewed annually once this period has passed. <\/span><\/p>\n<h2>Required documents<\/h2>\n<p><span>For sperm freezing, it is necessary to provide:<\/span><\/p>\n<ul>\n<li><span> Serological results performed a maximum of 3 months before freezing (the blood test can be performed at our facility, two days before freezing). <\/span><\/li>\n<li><span>A medical prescription, except in case of urgent medical freezing (see below).<\/span><\/li>\n<li><span>A signed consent, usually given by the prescribing physician. If the prescribing physician is external to our ART center, the consent will be provided to you by the biologist on the day of freezing. <\/span><\/li>\n<\/ul>\n<p>[\/et_pb_text][\/et_pb_column][\/et_pb_row][\/et_pb_section]<\/p>\n","protected":false},"excerpt":{"rendered":"<p>Sperm freezing is a technique that allows the preservation of sperm by rapidly cooling it to extremely low temperatures, up to -196\u00b0C, by immersing it in liquid nitrogen.<\/p>\n","protected":false},"author":1,"featured_media":0,"parent":5483,"menu_order":0,"comment_status":"closed","ping_status":"closed","template":"","meta":{"_acf_changed":false,"_et_pb_use_builder":"on","_et_pb_old_content":"","_et_gb_content_width":"","footnotes":""},"categories":[],"tags":[],"class_list":["post-5495","page","type-page","status-publish","hentry"],"acf":[],"yoast_head":"<!-- This site is optimized with the Yoast SEO plugin v27.4 - https:\/\/yoast.com\/product\/yoast-seo-wordpress\/ -->\n<title>Sperm freezing - Fivette.be<\/title>\n<meta name=\"description\" content=\"Sperm freezing is a technique that allows the preservation of sperm by rapidly cooling it to extremely low temperatures.\" \/>\n<meta name=\"robots\" content=\"index, follow, max-snippet:-1, max-image-preview:large, max-video-preview:-1\" \/>\n<link rel=\"canonical\" href=\"https:\/\/www.fivette.be\/en\/our-laboratory\/sperm-freezing\/\" \/>\n<meta property=\"og:locale\" content=\"en_US\" \/>\n<meta property=\"og:type\" content=\"article\" \/>\n<meta property=\"og:title\" content=\"Sperm freezing - Fivette.be\" \/>\n<meta property=\"og:description\" content=\"Sperm freezing is a technique that allows the preservation of sperm by rapidly cooling it to extremely low temperatures.\" \/>\n<meta property=\"og:site_name\" content=\"Fivette.be\" \/>\n<meta property=\"article:modified_time\" content=\"2023-04-23T13:38:57+00:00\" \/>\n<meta name=\"twitter:card\" content=\"summary_large_image\" \/>\n<meta name=\"twitter:label1\" content=\"Est. reading time\" \/>\n\t<meta name=\"twitter:data1\" content=\"2 minutes\" \/>\n<script type=\"application\/ld+json\" class=\"yoast-schema-graph\">{\"@context\":\"https:\\\/\\\/schema.org\",\"@graph\":[{\"@type\":\"WebPage\",\"@id\":\"https:\\\/\\\/www.fivette.be\\\/en\\\/our-laboratory\\\/sperm-freezing\\\/\",\"url\":\"https:\\\/\\\/www.fivette.be\\\/en\\\/our-laboratory\\\/sperm-freezing\\\/\",\"name\":\"Sperm freezing - Fivette.be\",\"isPartOf\":{\"@id\":\"https:\\\/\\\/www.fivette.be\\\/#website\"},\"datePublished\":\"2023-04-23T13:38:56+00:00\",\"dateModified\":\"2023-04-23T13:38:57+00:00\",\"description\":\"Sperm freezing is a technique that allows the preservation of sperm by rapidly cooling it to extremely low temperatures.\",\"breadcrumb\":{\"@id\":\"https:\\\/\\\/www.fivette.be\\\/en\\\/our-laboratory\\\/sperm-freezing\\\/#breadcrumb\"},\"inLanguage\":\"en-US\",\"potentialAction\":[{\"@type\":\"ReadAction\",\"target\":[\"https:\\\/\\\/www.fivette.be\\\/en\\\/our-laboratory\\\/sperm-freezing\\\/\"]}]},{\"@type\":\"BreadcrumbList\",\"@id\":\"https:\\\/\\\/www.fivette.be\\\/en\\\/our-laboratory\\\/sperm-freezing\\\/#breadcrumb\",\"itemListElement\":[{\"@type\":\"ListItem\",\"position\":1,\"name\":\"Home\",\"item\":\"https:\\\/\\\/www.fivette.be\\\/en\\\/do-you-have-a-desire-for-a-child\\\/\"},{\"@type\":\"ListItem\",\"position\":2,\"name\":\"Our laboratory\",\"item\":\"https:\\\/\\\/www.fivette.be\\\/en\\\/our-laboratory\\\/\"},{\"@type\":\"ListItem\",\"position\":3,\"name\":\"Sperm freezing\"}]},{\"@type\":\"WebSite\",\"@id\":\"https:\\\/\\\/www.fivette.be\\\/#website\",\"url\":\"https:\\\/\\\/www.fivette.be\\\/\",\"name\":\"Fivette.be - Le centre de Procr\u00e9ation M\u00e9dicalement Assist\u00e9e du CHU Saint-Pierre\",\"description\":\"Le centre de PMA du CHU Saint-Pierre\",\"publisher\":{\"@id\":\"https:\\\/\\\/www.fivette.be\\\/#organization\"},\"potentialAction\":[{\"@type\":\"SearchAction\",\"target\":{\"@type\":\"EntryPoint\",\"urlTemplate\":\"https:\\\/\\\/www.fivette.be\\\/?s={search_term_string}\"},\"query-input\":{\"@type\":\"PropertyValueSpecification\",\"valueRequired\":true,\"valueName\":\"search_term_string\"}}],\"inLanguage\":\"en-US\"},{\"@type\":\"Organization\",\"@id\":\"https:\\\/\\\/www.fivette.be\\\/#organization\",\"name\":\"Fivette.be - Le centre de Procr\u00e9ation M\u00e9dicalement Assist\u00e9e du CHU Saint-Pierre\",\"url\":\"https:\\\/\\\/www.fivette.be\\\/\",\"logo\":{\"@type\":\"ImageObject\",\"inLanguage\":\"en-US\",\"@id\":\"https:\\\/\\\/www.fivette.be\\\/#\\\/schema\\\/logo\\\/image\\\/\",\"url\":\"http:\\\/\\\/fivette.be\\\/wp-content\\\/uploads\\\/2023\\\/01\\\/PMAlogocolorSP.png\",\"contentUrl\":\"http:\\\/\\\/fivette.be\\\/wp-content\\\/uploads\\\/2023\\\/01\\\/PMAlogocolorSP.png\",\"width\":289,\"height\":251,\"caption\":\"Fivette.be - Le centre de Procr\u00e9ation M\u00e9dicalement Assist\u00e9e du CHU Saint-Pierre\"},\"image\":{\"@id\":\"https:\\\/\\\/www.fivette.be\\\/#\\\/schema\\\/logo\\\/image\\\/\"}}]}<\/script>\n<!-- \/ Yoast SEO plugin. -->","yoast_head_json":{"title":"Sperm freezing - Fivette.be","description":"Sperm freezing is a technique that allows the preservation of sperm by rapidly cooling it to extremely low temperatures.","robots":{"index":"index","follow":"follow","max-snippet":"max-snippet:-1","max-image-preview":"max-image-preview:large","max-video-preview":"max-video-preview:-1"},"canonical":"https:\/\/www.fivette.be\/en\/our-laboratory\/sperm-freezing\/","og_locale":"en_US","og_type":"article","og_title":"Sperm freezing - Fivette.be","og_description":"Sperm freezing is a technique that allows the preservation of sperm by rapidly cooling it to extremely low temperatures.","og_site_name":"Fivette.be","article_modified_time":"2023-04-23T13:38:57+00:00","twitter_card":"summary_large_image","twitter_misc":{"Est. reading time":"2 minutes"},"schema":{"@context":"https:\/\/schema.org","@graph":[{"@type":"WebPage","@id":"https:\/\/www.fivette.be\/en\/our-laboratory\/sperm-freezing\/","url":"https:\/\/www.fivette.be\/en\/our-laboratory\/sperm-freezing\/","name":"Sperm freezing - Fivette.be","isPartOf":{"@id":"https:\/\/www.fivette.be\/#website"},"datePublished":"2023-04-23T13:38:56+00:00","dateModified":"2023-04-23T13:38:57+00:00","description":"Sperm freezing is a technique that allows the preservation of sperm by rapidly cooling it to extremely low temperatures.","breadcrumb":{"@id":"https:\/\/www.fivette.be\/en\/our-laboratory\/sperm-freezing\/#breadcrumb"},"inLanguage":"en-US","potentialAction":[{"@type":"ReadAction","target":["https:\/\/www.fivette.be\/en\/our-laboratory\/sperm-freezing\/"]}]},{"@type":"BreadcrumbList","@id":"https:\/\/www.fivette.be\/en\/our-laboratory\/sperm-freezing\/#breadcrumb","itemListElement":[{"@type":"ListItem","position":1,"name":"Home","item":"https:\/\/www.fivette.be\/en\/do-you-have-a-desire-for-a-child\/"},{"@type":"ListItem","position":2,"name":"Our laboratory","item":"https:\/\/www.fivette.be\/en\/our-laboratory\/"},{"@type":"ListItem","position":3,"name":"Sperm freezing"}]},{"@type":"WebSite","@id":"https:\/\/www.fivette.be\/#website","url":"https:\/\/www.fivette.be\/","name":"Fivette.be - Le centre de Procr\u00e9ation M\u00e9dicalement Assist\u00e9e du CHU Saint-Pierre","description":"Le centre de PMA du CHU Saint-Pierre","publisher":{"@id":"https:\/\/www.fivette.be\/#organization"},"potentialAction":[{"@type":"SearchAction","target":{"@type":"EntryPoint","urlTemplate":"https:\/\/www.fivette.be\/?s={search_term_string}"},"query-input":{"@type":"PropertyValueSpecification","valueRequired":true,"valueName":"search_term_string"}}],"inLanguage":"en-US"},{"@type":"Organization","@id":"https:\/\/www.fivette.be\/#organization","name":"Fivette.be - Le centre de Procr\u00e9ation M\u00e9dicalement Assist\u00e9e du CHU Saint-Pierre","url":"https:\/\/www.fivette.be\/","logo":{"@type":"ImageObject","inLanguage":"en-US","@id":"https:\/\/www.fivette.be\/#\/schema\/logo\/image\/","url":"http:\/\/fivette.be\/wp-content\/uploads\/2023\/01\/PMAlogocolorSP.png","contentUrl":"http:\/\/fivette.be\/wp-content\/uploads\/2023\/01\/PMAlogocolorSP.png","width":289,"height":251,"caption":"Fivette.be - Le centre de Procr\u00e9ation M\u00e9dicalement Assist\u00e9e du CHU Saint-Pierre"},"image":{"@id":"https:\/\/www.fivette.be\/#\/schema\/logo\/image\/"}}]}},"jetpack_sharing_enabled":true,"_links":{"self":[{"href":"https:\/\/www.fivette.be\/en\/wp-json\/wp\/v2\/pages\/5495","targetHints":{"allow":["GET"]}}],"collection":[{"href":"https:\/\/www.fivette.be\/en\/wp-json\/wp\/v2\/pages"}],"about":[{"href":"https:\/\/www.fivette.be\/en\/wp-json\/wp\/v2\/types\/page"}],"author":[{"embeddable":true,"href":"https:\/\/www.fivette.be\/en\/wp-json\/wp\/v2\/users\/1"}],"replies":[{"embeddable":true,"href":"https:\/\/www.fivette.be\/en\/wp-json\/wp\/v2\/comments?post=5495"}],"version-history":[{"count":2,"href":"https:\/\/www.fivette.be\/en\/wp-json\/wp\/v2\/pages\/5495\/revisions"}],"predecessor-version":[{"id":5497,"href":"https:\/\/www.fivette.be\/en\/wp-json\/wp\/v2\/pages\/5495\/revisions\/5497"}],"up":[{"embeddable":true,"href":"https:\/\/www.fivette.be\/en\/wp-json\/wp\/v2\/pages\/5483"}],"wp:attachment":[{"href":"https:\/\/www.fivette.be\/en\/wp-json\/wp\/v2\/media?parent=5495"}],"wp:term":[{"taxonomy":"category","embeddable":true,"href":"https:\/\/www.fivette.be\/en\/wp-json\/wp\/v2\/categories?post=5495"},{"taxonomy":"post_tag","embeddable":true,"href":"https:\/\/www.fivette.be\/en\/wp-json\/wp\/v2\/tags?post=5495"}],"curies":[{"name":"wp","href":"https:\/\/api.w.org\/{rel}","templated":true}]}}