{"id":5582,"date":"2023-05-05T15:30:26","date_gmt":"2023-05-05T13:30:26","guid":{"rendered":"http:\/\/10.14.1.27\/fivette\/do-you-have-a-desire-for-a-child\/now\/fertility-assessment\/"},"modified":"2023-11-21T16:45:07","modified_gmt":"2023-11-21T15:45:07","slug":"fertility-assessment","status":"publish","type":"page","link":"https:\/\/www.fivette.be\/en\/do-you-have-a-desire-for-a-child\/now\/fertility-assessment\/","title":{"rendered":"Fertility assessment"},"content":{"rendered":"<p>[et_pb_section fb_built=&#8221;1&#8243; _builder_version=&#8221;4.18.0&#8243; _module_preset=&#8221;default&#8221; border_color_all=&#8221;#ffffff&#8221; global_colors_info=&#8221;{}&#8221;][et_pb_row _builder_version=&#8221;4.18.0&#8243; _module_preset=&#8221;default&#8221; border_color_all=&#8221;#FFFFFF&#8221; global_colors_info=&#8221;{}&#8221;][et_pb_column type=&#8221;4_4&#8243; _builder_version=&#8221;4.17.3&#8243; _module_preset=&#8221;default&#8221; global_colors_info=&#8221;{}&#8221;][et_pb_text _builder_version=&#8221;4.18.0&#8243; _module_preset=&#8221;default&#8221; global_colors_info=&#8221;{}&#8221;]<\/p>\n<h1 dir=\"auto\">A parenting project<\/h1>\n<p>It is important to emphasize that during your first consultation in our assisted reproduction center, the presence of the author(s) of the parental project is essential. We are committed to providing comprehensive and personalized care to each of our patients, and this includes a rigorous assessment of your medical situation and your medical history.<\/p>\n<h2 dir=\"auto\">Anamnesis<\/h2>\n<p dir=\"auto\">Therefore, we start with a complete anamnesis, which involves gathering all information related to your health status and parenting project. This step is essential for establishing an accurate diagnosis and proposing an appropriate care plan. <\/p>\n<h2 dir=\"auto\">Additional examinations<\/h2>\n<p dir=\"auto\">Then, we proceed with an evaluation of any necessary additional examinations, such as blood tests, ultrasound or sperm analysis. These examinations allow us to confirm or rule out a possible diagnosis and adjust our care plan accordingly. <\/p>\n<h2 dir=\"auto\">Adapted care plan<\/h2>\n<p dir=\"auto\">Finally, once we have gathered all the necessary information, we offer you a care plan adapted to your situation. We listen to your needs and expectations, and accompany you throughout your journey. <\/p>\n<h2 dir=\"auto\">Specific project<\/h2>\n<p dir=\"auto\">If you have a specific project, our secretary is at your disposal to organize the necessary appointments with you. We are here to help you achieve your parenting project under the best possible conditions. <\/p>\n<p>[\/et_pb_text][\/et_pb_column][\/et_pb_row][\/et_pb_section]<\/p>\n","protected":false},"excerpt":{"rendered":"<p>The fertility assessment allows us to offer you a comprehensive and personalized care plan that starts with an evaluation of your medical situation and history.<\/p>\n","protected":false},"author":1,"featured_media":5620,"parent":5576,"menu_order":0,"comment_status":"open","ping_status":"open","template":"","meta":{"_acf_changed":false,"_et_pb_use_builder":"on","_et_pb_old_content":"","_et_gb_content_width":"","footnotes":""},"categories":[],"tags":[],"class_list":["post-5582","page","type-page","status-publish","has-post-thumbnail","hentry"],"acf":[],"yoast_head":"<!-- This site is optimized with the Yoast SEO plugin v27.4 - https:\/\/yoast.com\/product\/yoast-seo-wordpress\/ -->\n<title>Fertility assessment - Fivette.be<\/title>\n<meta name=\"description\" content=\"The fertility assessment allows us to offer you a comprehensive and personalized care plan that starts with an evaluation of your medical situation and history.\" \/>\n<meta name=\"robots\" content=\"index, follow, max-snippet:-1, max-image-preview:large, max-video-preview:-1\" \/>\n<link rel=\"canonical\" href=\"https:\/\/www.fivette.be\/en\/do-you-have-a-desire-for-a-child\/now\/fertility-assessment\/\" \/>\n<meta property=\"og:locale\" content=\"en_US\" \/>\n<meta property=\"og:type\" content=\"article\" \/>\n<meta property=\"og:title\" content=\"Fertility assessment - Fivette.be\" \/>\n<meta property=\"og:description\" content=\"The fertility assessment allows us to offer you a comprehensive and personalized care plan that starts with an evaluation of your medical situation and history.\" \/>\n<meta property=\"og:site_name\" content=\"Fivette.be\" \/>\n<meta property=\"article:modified_time\" content=\"2023-11-21T15:45:07+00:00\" \/>\n<meta property=\"og:image\" content=\"https:\/\/i0.wp.com\/www.fivette.be\/wp-content\/uploads\/2022\/12\/GettyImages-1020968914-scaled.jpg?fit=2560%2C1440&ssl=1\" \/>\n\t<meta property=\"og:image:width\" content=\"2560\" \/>\n\t<meta property=\"og:image:height\" content=\"1440\" \/>\n\t<meta property=\"og:image:type\" content=\"image\/jpeg\" \/>\n<meta name=\"twitter:card\" content=\"summary_large_image\" \/>\n<meta name=\"twitter:label1\" content=\"Est. reading time\" \/>\n\t<meta name=\"twitter:data1\" content=\"1 minute\" \/>\n<script type=\"application\/ld+json\" class=\"yoast-schema-graph\">{\"@context\":\"https:\\\/\\\/schema.org\",\"@graph\":[{\"@type\":\"WebPage\",\"@id\":\"https:\\\/\\\/www.fivette.be\\\/en\\\/do-you-have-a-desire-for-a-child\\\/now\\\/fertility-assessment\\\/\",\"url\":\"https:\\\/\\\/www.fivette.be\\\/en\\\/do-you-have-a-desire-for-a-child\\\/now\\\/fertility-assessment\\\/\",\"name\":\"Fertility assessment - Fivette.be\",\"isPartOf\":{\"@id\":\"https:\\\/\\\/www.fivette.be\\\/#website\"},\"primaryImageOfPage\":{\"@id\":\"https:\\\/\\\/www.fivette.be\\\/en\\\/do-you-have-a-desire-for-a-child\\\/now\\\/fertility-assessment\\\/#primaryimage\"},\"image\":{\"@id\":\"https:\\\/\\\/www.fivette.be\\\/en\\\/do-you-have-a-desire-for-a-child\\\/now\\\/fertility-assessment\\\/#primaryimage\"},\"thumbnailUrl\":\"https:\\\/\\\/i0.wp.com\\\/www.fivette.be\\\/wp-content\\\/uploads\\\/2022\\\/12\\\/GettyImages-1020968914-scaled.jpg?fit=2560%2C1440&ssl=1\",\"datePublished\":\"2023-05-05T13:30:26+00:00\",\"dateModified\":\"2023-11-21T15:45:07+00:00\",\"description\":\"The fertility assessment allows us to offer you a comprehensive and personalized care plan that starts with an evaluation of your medical situation and history.\",\"breadcrumb\":{\"@id\":\"https:\\\/\\\/www.fivette.be\\\/en\\\/do-you-have-a-desire-for-a-child\\\/now\\\/fertility-assessment\\\/#breadcrumb\"},\"inLanguage\":\"en-US\",\"potentialAction\":[{\"@type\":\"ReadAction\",\"target\":[\"https:\\\/\\\/www.fivette.be\\\/en\\\/do-you-have-a-desire-for-a-child\\\/now\\\/fertility-assessment\\\/\"]}]},{\"@type\":\"ImageObject\",\"inLanguage\":\"en-US\",\"@id\":\"https:\\\/\\\/www.fivette.be\\\/en\\\/do-you-have-a-desire-for-a-child\\\/now\\\/fertility-assessment\\\/#primaryimage\",\"url\":\"https:\\\/\\\/i0.wp.com\\\/www.fivette.be\\\/wp-content\\\/uploads\\\/2022\\\/12\\\/GettyImages-1020968914-scaled.jpg?fit=2560%2C1440&ssl=1\",\"contentUrl\":\"https:\\\/\\\/i0.wp.com\\\/www.fivette.be\\\/wp-content\\\/uploads\\\/2022\\\/12\\\/GettyImages-1020968914-scaled.jpg?fit=2560%2C1440&ssl=1\",\"width\":2560,\"height\":1440,\"caption\":\"Doctor or psychiatrist consulting and diagnostic examining stressful woman patient on obstetric - gynecological female illness, or mental health in medical clinic or hospital healthcare service center\"},{\"@type\":\"BreadcrumbList\",\"@id\":\"https:\\\/\\\/www.fivette.be\\\/en\\\/do-you-have-a-desire-for-a-child\\\/now\\\/fertility-assessment\\\/#breadcrumb\",\"itemListElement\":[{\"@type\":\"ListItem\",\"position\":1,\"name\":\"Home\",\"item\":\"https:\\\/\\\/www.fivette.be\\\/en\\\/do-you-have-a-desire-for-a-child\\\/\"},{\"@type\":\"ListItem\",\"position\":2,\"name\":\"Do you have a desire for a child?\",\"item\":\"https:\\\/\\\/www.fivette.be\\\/en\\\/do-you-have-a-desire-for-a-child\\\/\"},{\"@type\":\"ListItem\",\"position\":3,\"name\":\"Now\",\"item\":\"https:\\\/\\\/www.fivette.be\\\/fivette-be\\\/maintenant\\\/\"},{\"@type\":\"ListItem\",\"position\":4,\"name\":\"Fertility assessment\"}]},{\"@type\":\"WebSite\",\"@id\":\"https:\\\/\\\/www.fivette.be\\\/#website\",\"url\":\"https:\\\/\\\/www.fivette.be\\\/\",\"name\":\"Fivette.be - Le centre de Procr\u00e9ation M\u00e9dicalement Assist\u00e9e du CHU Saint-Pierre\",\"description\":\"Le centre de PMA du CHU Saint-Pierre\",\"publisher\":{\"@id\":\"https:\\\/\\\/www.fivette.be\\\/#organization\"},\"potentialAction\":[{\"@type\":\"SearchAction\",\"target\":{\"@type\":\"EntryPoint\",\"urlTemplate\":\"https:\\\/\\\/www.fivette.be\\\/?s={search_term_string}\"},\"query-input\":{\"@type\":\"PropertyValueSpecification\",\"valueRequired\":true,\"valueName\":\"search_term_string\"}}],\"inLanguage\":\"en-US\"},{\"@type\":\"Organization\",\"@id\":\"https:\\\/\\\/www.fivette.be\\\/#organization\",\"name\":\"Fivette.be - Le centre de Procr\u00e9ation M\u00e9dicalement Assist\u00e9e du CHU Saint-Pierre\",\"url\":\"https:\\\/\\\/www.fivette.be\\\/\",\"logo\":{\"@type\":\"ImageObject\",\"inLanguage\":\"en-US\",\"@id\":\"https:\\\/\\\/www.fivette.be\\\/#\\\/schema\\\/logo\\\/image\\\/\",\"url\":\"http:\\\/\\\/fivette.be\\\/wp-content\\\/uploads\\\/2023\\\/01\\\/PMAlogocolorSP.png\",\"contentUrl\":\"http:\\\/\\\/fivette.be\\\/wp-content\\\/uploads\\\/2023\\\/01\\\/PMAlogocolorSP.png\",\"width\":289,\"height\":251,\"caption\":\"Fivette.be - Le centre de Procr\u00e9ation M\u00e9dicalement Assist\u00e9e du CHU Saint-Pierre\"},\"image\":{\"@id\":\"https:\\\/\\\/www.fivette.be\\\/#\\\/schema\\\/logo\\\/image\\\/\"}}]}<\/script>\n<!-- \/ Yoast SEO plugin. -->","yoast_head_json":{"title":"Fertility assessment - Fivette.be","description":"The fertility assessment allows us to offer you a comprehensive and personalized care plan that starts with an evaluation of your medical situation and history.","robots":{"index":"index","follow":"follow","max-snippet":"max-snippet:-1","max-image-preview":"max-image-preview:large","max-video-preview":"max-video-preview:-1"},"canonical":"https:\/\/www.fivette.be\/en\/do-you-have-a-desire-for-a-child\/now\/fertility-assessment\/","og_locale":"en_US","og_type":"article","og_title":"Fertility assessment - Fivette.be","og_description":"The fertility assessment allows us to offer you a comprehensive and personalized care plan that starts with an evaluation of your medical situation and history.","og_site_name":"Fivette.be","article_modified_time":"2023-11-21T15:45:07+00:00","og_image":[{"width":2560,"height":1440,"url":"https:\/\/i0.wp.com\/www.fivette.be\/wp-content\/uploads\/2022\/12\/GettyImages-1020968914-scaled.jpg?fit=2560%2C1440&ssl=1","type":"image\/jpeg"}],"twitter_card":"summary_large_image","twitter_misc":{"Est. reading time":"1 minute"},"schema":{"@context":"https:\/\/schema.org","@graph":[{"@type":"WebPage","@id":"https:\/\/www.fivette.be\/en\/do-you-have-a-desire-for-a-child\/now\/fertility-assessment\/","url":"https:\/\/www.fivette.be\/en\/do-you-have-a-desire-for-a-child\/now\/fertility-assessment\/","name":"Fertility assessment - Fivette.be","isPartOf":{"@id":"https:\/\/www.fivette.be\/#website"},"primaryImageOfPage":{"@id":"https:\/\/www.fivette.be\/en\/do-you-have-a-desire-for-a-child\/now\/fertility-assessment\/#primaryimage"},"image":{"@id":"https:\/\/www.fivette.be\/en\/do-you-have-a-desire-for-a-child\/now\/fertility-assessment\/#primaryimage"},"thumbnailUrl":"https:\/\/i0.wp.com\/www.fivette.be\/wp-content\/uploads\/2022\/12\/GettyImages-1020968914-scaled.jpg?fit=2560%2C1440&ssl=1","datePublished":"2023-05-05T13:30:26+00:00","dateModified":"2023-11-21T15:45:07+00:00","description":"The fertility assessment allows us to offer you a comprehensive and personalized care plan that starts with an evaluation of your medical situation and history.","breadcrumb":{"@id":"https:\/\/www.fivette.be\/en\/do-you-have-a-desire-for-a-child\/now\/fertility-assessment\/#breadcrumb"},"inLanguage":"en-US","potentialAction":[{"@type":"ReadAction","target":["https:\/\/www.fivette.be\/en\/do-you-have-a-desire-for-a-child\/now\/fertility-assessment\/"]}]},{"@type":"ImageObject","inLanguage":"en-US","@id":"https:\/\/www.fivette.be\/en\/do-you-have-a-desire-for-a-child\/now\/fertility-assessment\/#primaryimage","url":"https:\/\/i0.wp.com\/www.fivette.be\/wp-content\/uploads\/2022\/12\/GettyImages-1020968914-scaled.jpg?fit=2560%2C1440&ssl=1","contentUrl":"https:\/\/i0.wp.com\/www.fivette.be\/wp-content\/uploads\/2022\/12\/GettyImages-1020968914-scaled.jpg?fit=2560%2C1440&ssl=1","width":2560,"height":1440,"caption":"Doctor or psychiatrist consulting and diagnostic examining stressful woman patient on obstetric - gynecological female illness, or mental health in medical clinic or hospital healthcare service center"},{"@type":"BreadcrumbList","@id":"https:\/\/www.fivette.be\/en\/do-you-have-a-desire-for-a-child\/now\/fertility-assessment\/#breadcrumb","itemListElement":[{"@type":"ListItem","position":1,"name":"Home","item":"https:\/\/www.fivette.be\/en\/do-you-have-a-desire-for-a-child\/"},{"@type":"ListItem","position":2,"name":"Do you have a desire for a child?","item":"https:\/\/www.fivette.be\/en\/do-you-have-a-desire-for-a-child\/"},{"@type":"ListItem","position":3,"name":"Now","item":"https:\/\/www.fivette.be\/fivette-be\/maintenant\/"},{"@type":"ListItem","position":4,"name":"Fertility assessment"}]},{"@type":"WebSite","@id":"https:\/\/www.fivette.be\/#website","url":"https:\/\/www.fivette.be\/","name":"Fivette.be - Le centre de Procr\u00e9ation M\u00e9dicalement Assist\u00e9e du CHU Saint-Pierre","description":"Le centre de PMA du CHU Saint-Pierre","publisher":{"@id":"https:\/\/www.fivette.be\/#organization"},"potentialAction":[{"@type":"SearchAction","target":{"@type":"EntryPoint","urlTemplate":"https:\/\/www.fivette.be\/?s={search_term_string}"},"query-input":{"@type":"PropertyValueSpecification","valueRequired":true,"valueName":"search_term_string"}}],"inLanguage":"en-US"},{"@type":"Organization","@id":"https:\/\/www.fivette.be\/#organization","name":"Fivette.be - Le centre de Procr\u00e9ation M\u00e9dicalement Assist\u00e9e du CHU Saint-Pierre","url":"https:\/\/www.fivette.be\/","logo":{"@type":"ImageObject","inLanguage":"en-US","@id":"https:\/\/www.fivette.be\/#\/schema\/logo\/image\/","url":"http:\/\/fivette.be\/wp-content\/uploads\/2023\/01\/PMAlogocolorSP.png","contentUrl":"http:\/\/fivette.be\/wp-content\/uploads\/2023\/01\/PMAlogocolorSP.png","width":289,"height":251,"caption":"Fivette.be - Le centre de Procr\u00e9ation M\u00e9dicalement Assist\u00e9e du CHU Saint-Pierre"},"image":{"@id":"https:\/\/www.fivette.be\/#\/schema\/logo\/image\/"}}]}},"jetpack_sharing_enabled":true,"_links":{"self":[{"href":"https:\/\/www.fivette.be\/en\/wp-json\/wp\/v2\/pages\/5582","targetHints":{"allow":["GET"]}}],"collection":[{"href":"https:\/\/www.fivette.be\/en\/wp-json\/wp\/v2\/pages"}],"about":[{"href":"https:\/\/www.fivette.be\/en\/wp-json\/wp\/v2\/types\/page"}],"author":[{"embeddable":true,"href":"https:\/\/www.fivette.be\/en\/wp-json\/wp\/v2\/users\/1"}],"replies":[{"embeddable":true,"href":"https:\/\/www.fivette.be\/en\/wp-json\/wp\/v2\/comments?post=5582"}],"version-history":[{"count":6,"href":"https:\/\/www.fivette.be\/en\/wp-json\/wp\/v2\/pages\/5582\/revisions"}],"predecessor-version":[{"id":5754,"href":"https:\/\/www.fivette.be\/en\/wp-json\/wp\/v2\/pages\/5582\/revisions\/5754"}],"up":[{"embeddable":true,"href":"https:\/\/www.fivette.be\/en\/wp-json\/wp\/v2\/pages\/5576"}],"wp:featuredmedia":[{"embeddable":true,"href":"https:\/\/www.fivette.be\/en\/wp-json\/wp\/v2\/media\/5620"}],"wp:attachment":[{"href":"https:\/\/www.fivette.be\/en\/wp-json\/wp\/v2\/media?parent=5582"}],"wp:term":[{"taxonomy":"category","embeddable":true,"href":"https:\/\/www.fivette.be\/en\/wp-json\/wp\/v2\/categories?post=5582"},{"taxonomy":"post_tag","embeddable":true,"href":"https:\/\/www.fivette.be\/en\/wp-json\/wp\/v2\/tags?post=5582"}],"curies":[{"name":"wp","href":"https:\/\/api.w.org\/{rel}","templated":true}]}}