{"id":5648,"date":"2023-05-12T13:42:31","date_gmt":"2023-05-12T11:42:31","guid":{"rendered":"http:\/\/10.14.1.27\/fivette\/do-you-have-a-desire-for-a-child\/now\/intrauterine-insemination-iui\/"},"modified":"2023-05-12T13:42:31","modified_gmt":"2023-05-12T11:42:31","slug":"intrauterine-insemination-iui","status":"publish","type":"page","link":"https:\/\/www.fivette.be\/en\/do-you-have-a-desire-for-a-child\/now\/intrauterine-insemination-iui\/","title":{"rendered":"Intrauterine Insemination (IUI)"},"content":{"rendered":"<p>[et_pb_section fb_built=&#8221;1&#8243; admin_label=&#8221;section&#8221; _builder_version=&#8221;4.16&#8243; global_colors_info=&#8221;{}&#8221;][et_pb_row _builder_version=&#8221;4.18.0&#8243; _module_preset=&#8221;default&#8221; global_colors_info=&#8221;{}&#8221; custom_margin=&#8221;|auto|-29px|auto||&#8221;][et_pb_column type=&#8221;4_4&#8243; _builder_version=&#8221;4.18.0&#8243; _module_preset=&#8221;default&#8221; global_colors_info=&#8221;{}&#8221;][et_pb_text _builder_version=&#8221;4.18.0&#8243; _module_preset=&#8221;default&#8221; global_colors_info=&#8221;{}&#8221;]<\/p>\n<h1>Intrauterine Insemination (IUI)<\/h1>\n<p>Following your assessment, an IUI may be recommended.<br \/>This involves monitoring your cycle through ultrasound and blood tests, with or without hormonal stimulation, in order to determine the time of your ovulation and plan the intrauterine insemination.<br \/>At the time of ovulation, a sperm preparation is placed in the uterine cavity using a catheter.<\/p>\n<p>[\/et_pb_text][\/et_pb_column][\/et_pb_row][et_pb_row _builder_version=&#8221;4.18.0&#8243; _module_preset=&#8221;default&#8221; global_colors_info=&#8221;{}&#8221;][et_pb_column type=&#8221;4_4&#8243; _builder_version=&#8221;4.18.0&#8243; _module_preset=&#8221;default&#8221; global_colors_info=&#8221;{}&#8221;][et_pb_text _builder_version=&#8221;4.18.0&#8243; _module_preset=&#8221;default&#8221; hover_enabled=&#8221;0&#8243; global_colors_info=&#8221;{}&#8221; sticky_enabled=&#8221;0&#8243;]<\/p>\n<p><span>Intrauterine insemination (IUI) is an Assisted Reproductive Technology (ART) that involves placing sperm into the uterine cavity at the time of ovulation to promote fertilization. This technique may be indicated in certain cases of infertility, particularly in cases of ovulation disorders, mild abnormalities in sperm parameters, or unexplained infertility. <\/span><\/p>\n<h2 dir=\"auto\">Evaluating your situation<\/h2>\n<p dir=\"auto\">Before proceeding with an IUI, a complete medical assessment is necessary to evaluate your medical situation and determine if this technique is suitable for your case. Then, cycle monitoring is implemented, with or without hormonal stimulation, in order to determine the timing of ovulation and plan the insemination. <\/p>\n<h2 dir=\"auto\">During ovulation<\/h2>\n<p dir=\"auto\">Intrauterine insemination is performed at the time of ovulation, typically within 24 to 36 hours following the detection of ovulation. A sperm preparation is placed in the uterine cavity using a catheter, which increases the chances of fertilization. <\/p>\n<h2 dir=\"auto\">Minimally invasive<\/h2>\n<p dir=\"auto\">Intrauterine insemination is a minimally invasive technique that is performed on an outpatient basis. After the insemination, you can resume your normal activities. A pregnancy test is carried out two weeks after the insemination to confirm or deny the pregnancy.  <\/p>\n<h1 dir=\"auto\">At your service<\/h1>\n<p dir=\"auto\">We are attentive to your needs and expectations, and we accompany you throughout your ART journey to find the technique most suited to your situation. Please do not hesitate to contact us for more information about intrauterine insemination and the different care options depending on your medical situation. <\/p>\n<p>[\/et_pb_text][\/et_pb_column][\/et_pb_row][\/et_pb_section]<\/p>\n","protected":false},"excerpt":{"rendered":"<p>Following your assessment, IUI may be indicated. This involves monitoring your cycle through ultrasound and blood tests, with or without hormonal stimulation, in order to determine the time of your ovulation and plan the intrauterine insemination. At the time of ovulation, a sperm preparation is placed in the uterine cavity using a catheter.<\/p>\n","protected":false},"author":1,"featured_media":5649,"parent":5576,"menu_order":0,"comment_status":"open","ping_status":"closed","template":"","meta":{"_acf_changed":false,"_et_pb_use_builder":"on","_et_pb_old_content":"","_et_gb_content_width":"","footnotes":""},"categories":[],"tags":[],"class_list":["post-5648","page","type-page","status-publish","has-post-thumbnail","hentry"],"acf":[],"yoast_head":"<!-- This site is optimized with the Yoast SEO plugin v27.4 - https:\/\/yoast.com\/product\/yoast-seo-wordpress\/ -->\n<title>Intrauterine Insemination (IUI) - Fivette.be<\/title>\n<meta name=\"description\" content=\"Intrauterine insemination refers to the placement of a sperm preparation in the uterine cavity at the time of ovulation.\" \/>\n<meta name=\"robots\" content=\"index, follow, max-snippet:-1, max-image-preview:large, max-video-preview:-1\" \/>\n<link rel=\"canonical\" href=\"https:\/\/www.fivette.be\/fivette-be\/maintenant\/iiu\/\" \/>\n<meta property=\"og:locale\" content=\"en_US\" \/>\n<meta property=\"og:type\" content=\"article\" \/>\n<meta property=\"og:title\" content=\"Intrauterine Insemination (IUI) - Fivette.be\" \/>\n<meta property=\"og:description\" content=\"Intrauterine insemination refers to the placement of a sperm preparation in the uterine cavity at the time of ovulation.\" \/>\n<meta property=\"og:site_name\" content=\"Fivette.be\" \/>\n<meta property=\"og:image\" content=\"https:\/\/i0.wp.com\/www.fivette.be\/wp-content\/uploads\/2022\/12\/GettyImages-510374921-scaled.jpg?fit=2560%2C1835&ssl=1\" \/>\n\t<meta property=\"og:image:width\" content=\"2560\" \/>\n\t<meta property=\"og:image:height\" content=\"1835\" \/>\n\t<meta property=\"og:image:type\" content=\"image\/jpeg\" \/>\n<meta name=\"twitter:card\" content=\"summary_large_image\" \/>\n<meta name=\"twitter:label1\" content=\"Est. reading time\" \/>\n\t<meta name=\"twitter:data1\" content=\"2 minutes\" \/>\n<script type=\"application\/ld+json\" class=\"yoast-schema-graph\">{\"@context\":\"https:\\\/\\\/schema.org\",\"@graph\":[{\"@type\":\"WebPage\",\"@id\":\"https:\\\/\\\/www.fivette.be\\\/fivette-be\\\/maintenant\\\/iiu\\\/\",\"url\":\"https:\\\/\\\/www.fivette.be\\\/fivette-be\\\/maintenant\\\/iiu\\\/\",\"name\":\"Intrauterine Insemination (IUI) - Fivette.be\",\"isPartOf\":{\"@id\":\"https:\\\/\\\/www.fivette.be\\\/#website\"},\"primaryImageOfPage\":{\"@id\":\"https:\\\/\\\/www.fivette.be\\\/fivette-be\\\/maintenant\\\/iiu\\\/#primaryimage\"},\"image\":{\"@id\":\"https:\\\/\\\/www.fivette.be\\\/fivette-be\\\/maintenant\\\/iiu\\\/#primaryimage\"},\"thumbnailUrl\":\"https:\\\/\\\/i0.wp.com\\\/www.fivette.be\\\/wp-content\\\/uploads\\\/2022\\\/12\\\/GettyImages-510374921-scaled.jpg?fit=2560%2C1835&ssl=1\",\"datePublished\":\"2023-05-12T11:42:31+00:00\",\"description\":\"Intrauterine insemination refers to the placement of a sperm preparation in the uterine cavity at the time of ovulation.\",\"breadcrumb\":{\"@id\":\"https:\\\/\\\/www.fivette.be\\\/fivette-be\\\/maintenant\\\/iiu\\\/#breadcrumb\"},\"inLanguage\":\"en-US\",\"potentialAction\":[{\"@type\":\"ReadAction\",\"target\":[\"https:\\\/\\\/www.fivette.be\\\/fivette-be\\\/maintenant\\\/iiu\\\/\"]}]},{\"@type\":\"ImageObject\",\"inLanguage\":\"en-US\",\"@id\":\"https:\\\/\\\/www.fivette.be\\\/fivette-be\\\/maintenant\\\/iiu\\\/#primaryimage\",\"url\":\"https:\\\/\\\/i0.wp.com\\\/www.fivette.be\\\/wp-content\\\/uploads\\\/2022\\\/12\\\/GettyImages-510374921-scaled.jpg?fit=2560%2C1835&ssl=1\",\"contentUrl\":\"https:\\\/\\\/i0.wp.com\\\/www.fivette.be\\\/wp-content\\\/uploads\\\/2022\\\/12\\\/GettyImages-510374921-scaled.jpg?fit=2560%2C1835&ssl=1\",\"width\":2560,\"height\":1835,\"caption\":\"group of sperm going for an egg, 3d illustration.\"},{\"@type\":\"BreadcrumbList\",\"@id\":\"https:\\\/\\\/www.fivette.be\\\/fivette-be\\\/maintenant\\\/iiu\\\/#breadcrumb\",\"itemListElement\":[{\"@type\":\"ListItem\",\"position\":1,\"name\":\"Home\",\"item\":\"https:\\\/\\\/www.fivette.be\\\/en\\\/do-you-have-a-desire-for-a-child\\\/\"},{\"@type\":\"ListItem\",\"position\":2,\"name\":\"Do you have a desire for a child?\",\"item\":\"https:\\\/\\\/www.fivette.be\\\/en\\\/do-you-have-a-desire-for-a-child\\\/\"},{\"@type\":\"ListItem\",\"position\":3,\"name\":\"Now\",\"item\":\"https:\\\/\\\/www.fivette.be\\\/fivette-be\\\/maintenant\\\/\"},{\"@type\":\"ListItem\",\"position\":4,\"name\":\"Intrauterine Insemination (IUI)\"}]},{\"@type\":\"WebSite\",\"@id\":\"https:\\\/\\\/www.fivette.be\\\/#website\",\"url\":\"https:\\\/\\\/www.fivette.be\\\/\",\"name\":\"Fivette.be - Le centre de Procr\u00e9ation M\u00e9dicalement Assist\u00e9e du CHU Saint-Pierre\",\"description\":\"Le centre de PMA du CHU Saint-Pierre\",\"publisher\":{\"@id\":\"https:\\\/\\\/www.fivette.be\\\/#organization\"},\"potentialAction\":[{\"@type\":\"SearchAction\",\"target\":{\"@type\":\"EntryPoint\",\"urlTemplate\":\"https:\\\/\\\/www.fivette.be\\\/?s={search_term_string}\"},\"query-input\":{\"@type\":\"PropertyValueSpecification\",\"valueRequired\":true,\"valueName\":\"search_term_string\"}}],\"inLanguage\":\"en-US\"},{\"@type\":\"Organization\",\"@id\":\"https:\\\/\\\/www.fivette.be\\\/#organization\",\"name\":\"Fivette.be - Le centre de Procr\u00e9ation M\u00e9dicalement Assist\u00e9e du CHU Saint-Pierre\",\"url\":\"https:\\\/\\\/www.fivette.be\\\/\",\"logo\":{\"@type\":\"ImageObject\",\"inLanguage\":\"en-US\",\"@id\":\"https:\\\/\\\/www.fivette.be\\\/#\\\/schema\\\/logo\\\/image\\\/\",\"url\":\"http:\\\/\\\/fivette.be\\\/wp-content\\\/uploads\\\/2023\\\/01\\\/PMAlogocolorSP.png\",\"contentUrl\":\"http:\\\/\\\/fivette.be\\\/wp-content\\\/uploads\\\/2023\\\/01\\\/PMAlogocolorSP.png\",\"width\":289,\"height\":251,\"caption\":\"Fivette.be - Le centre de Procr\u00e9ation M\u00e9dicalement Assist\u00e9e du CHU Saint-Pierre\"},\"image\":{\"@id\":\"https:\\\/\\\/www.fivette.be\\\/#\\\/schema\\\/logo\\\/image\\\/\"}}]}<\/script>\n<!-- \/ Yoast SEO plugin. -->","yoast_head_json":{"title":"Intrauterine Insemination (IUI) - Fivette.be","description":"Intrauterine insemination refers to the placement of a sperm preparation in the uterine cavity at the time of ovulation.","robots":{"index":"index","follow":"follow","max-snippet":"max-snippet:-1","max-image-preview":"max-image-preview:large","max-video-preview":"max-video-preview:-1"},"canonical":"https:\/\/www.fivette.be\/fivette-be\/maintenant\/iiu\/","og_locale":"en_US","og_type":"article","og_title":"Intrauterine Insemination (IUI) - Fivette.be","og_description":"Intrauterine insemination refers to the placement of a sperm preparation in the uterine cavity at the time of ovulation.","og_site_name":"Fivette.be","og_image":[{"width":2560,"height":1835,"url":"https:\/\/i0.wp.com\/www.fivette.be\/wp-content\/uploads\/2022\/12\/GettyImages-510374921-scaled.jpg?fit=2560%2C1835&ssl=1","type":"image\/jpeg"}],"twitter_card":"summary_large_image","twitter_misc":{"Est. reading time":"2 minutes"},"schema":{"@context":"https:\/\/schema.org","@graph":[{"@type":"WebPage","@id":"https:\/\/www.fivette.be\/fivette-be\/maintenant\/iiu\/","url":"https:\/\/www.fivette.be\/fivette-be\/maintenant\/iiu\/","name":"Intrauterine Insemination (IUI) - Fivette.be","isPartOf":{"@id":"https:\/\/www.fivette.be\/#website"},"primaryImageOfPage":{"@id":"https:\/\/www.fivette.be\/fivette-be\/maintenant\/iiu\/#primaryimage"},"image":{"@id":"https:\/\/www.fivette.be\/fivette-be\/maintenant\/iiu\/#primaryimage"},"thumbnailUrl":"https:\/\/i0.wp.com\/www.fivette.be\/wp-content\/uploads\/2022\/12\/GettyImages-510374921-scaled.jpg?fit=2560%2C1835&ssl=1","datePublished":"2023-05-12T11:42:31+00:00","description":"Intrauterine insemination refers to the placement of a sperm preparation in the uterine cavity at the time of ovulation.","breadcrumb":{"@id":"https:\/\/www.fivette.be\/fivette-be\/maintenant\/iiu\/#breadcrumb"},"inLanguage":"en-US","potentialAction":[{"@type":"ReadAction","target":["https:\/\/www.fivette.be\/fivette-be\/maintenant\/iiu\/"]}]},{"@type":"ImageObject","inLanguage":"en-US","@id":"https:\/\/www.fivette.be\/fivette-be\/maintenant\/iiu\/#primaryimage","url":"https:\/\/i0.wp.com\/www.fivette.be\/wp-content\/uploads\/2022\/12\/GettyImages-510374921-scaled.jpg?fit=2560%2C1835&ssl=1","contentUrl":"https:\/\/i0.wp.com\/www.fivette.be\/wp-content\/uploads\/2022\/12\/GettyImages-510374921-scaled.jpg?fit=2560%2C1835&ssl=1","width":2560,"height":1835,"caption":"group of sperm going for an egg, 3d illustration."},{"@type":"BreadcrumbList","@id":"https:\/\/www.fivette.be\/fivette-be\/maintenant\/iiu\/#breadcrumb","itemListElement":[{"@type":"ListItem","position":1,"name":"Home","item":"https:\/\/www.fivette.be\/en\/do-you-have-a-desire-for-a-child\/"},{"@type":"ListItem","position":2,"name":"Do you have a desire for a child?","item":"https:\/\/www.fivette.be\/en\/do-you-have-a-desire-for-a-child\/"},{"@type":"ListItem","position":3,"name":"Now","item":"https:\/\/www.fivette.be\/fivette-be\/maintenant\/"},{"@type":"ListItem","position":4,"name":"Intrauterine Insemination (IUI)"}]},{"@type":"WebSite","@id":"https:\/\/www.fivette.be\/#website","url":"https:\/\/www.fivette.be\/","name":"Fivette.be - Le centre de Procr\u00e9ation M\u00e9dicalement Assist\u00e9e du CHU Saint-Pierre","description":"Le centre de PMA du CHU Saint-Pierre","publisher":{"@id":"https:\/\/www.fivette.be\/#organization"},"potentialAction":[{"@type":"SearchAction","target":{"@type":"EntryPoint","urlTemplate":"https:\/\/www.fivette.be\/?s={search_term_string}"},"query-input":{"@type":"PropertyValueSpecification","valueRequired":true,"valueName":"search_term_string"}}],"inLanguage":"en-US"},{"@type":"Organization","@id":"https:\/\/www.fivette.be\/#organization","name":"Fivette.be - Le centre de Procr\u00e9ation M\u00e9dicalement Assist\u00e9e du CHU Saint-Pierre","url":"https:\/\/www.fivette.be\/","logo":{"@type":"ImageObject","inLanguage":"en-US","@id":"https:\/\/www.fivette.be\/#\/schema\/logo\/image\/","url":"http:\/\/fivette.be\/wp-content\/uploads\/2023\/01\/PMAlogocolorSP.png","contentUrl":"http:\/\/fivette.be\/wp-content\/uploads\/2023\/01\/PMAlogocolorSP.png","width":289,"height":251,"caption":"Fivette.be - Le centre de Procr\u00e9ation M\u00e9dicalement Assist\u00e9e du CHU Saint-Pierre"},"image":{"@id":"https:\/\/www.fivette.be\/#\/schema\/logo\/image\/"}}]}},"jetpack_sharing_enabled":true,"_links":{"self":[{"href":"https:\/\/www.fivette.be\/en\/wp-json\/wp\/v2\/pages\/5648","targetHints":{"allow":["GET"]}}],"collection":[{"href":"https:\/\/www.fivette.be\/en\/wp-json\/wp\/v2\/pages"}],"about":[{"href":"https:\/\/www.fivette.be\/en\/wp-json\/wp\/v2\/types\/page"}],"author":[{"embeddable":true,"href":"https:\/\/www.fivette.be\/en\/wp-json\/wp\/v2\/users\/1"}],"replies":[{"embeddable":true,"href":"https:\/\/www.fivette.be\/en\/wp-json\/wp\/v2\/comments?post=5648"}],"version-history":[{"count":2,"href":"https:\/\/www.fivette.be\/en\/wp-json\/wp\/v2\/pages\/5648\/revisions"}],"predecessor-version":[{"id":5651,"href":"https:\/\/www.fivette.be\/en\/wp-json\/wp\/v2\/pages\/5648\/revisions\/5651"}],"up":[{"embeddable":true,"href":"https:\/\/www.fivette.be\/en\/wp-json\/wp\/v2\/pages\/5576"}],"wp:featuredmedia":[{"embeddable":true,"href":"https:\/\/www.fivette.be\/en\/wp-json\/wp\/v2\/media\/5649"}],"wp:attachment":[{"href":"https:\/\/www.fivette.be\/en\/wp-json\/wp\/v2\/media?parent=5648"}],"wp:term":[{"taxonomy":"category","embeddable":true,"href":"https:\/\/www.fivette.be\/en\/wp-json\/wp\/v2\/categories?post=5648"},{"taxonomy":"post_tag","embeddable":true,"href":"https:\/\/www.fivette.be\/en\/wp-json\/wp\/v2\/tags?post=5648"}],"curies":[{"name":"wp","href":"https:\/\/api.w.org\/{rel}","templated":true}]}}