{"id":5664,"date":"2023-05-12T14:19:11","date_gmt":"2023-05-12T12:19:11","guid":{"rendered":"http:\/\/10.14.1.27\/fivette\/do-you-have-a-desire-for-a-child\/now\/embryo-transfer\/"},"modified":"2023-05-12T14:19:12","modified_gmt":"2023-05-12T12:19:12","slug":"embryo-transfer","status":"publish","type":"page","link":"https:\/\/www.fivette.be\/en\/do-you-have-a-desire-for-a-child\/now\/embryo-transfer\/","title":{"rendered":"Embryo Transfer"},"content":{"rendered":"<p>[et_pb_section fb_built=&#8221;1&#8243; admin_label=&#8221;section&#8221; _builder_version=&#8221;4.16&#8243; global_colors_info=&#8221;{}&#8221;][et_pb_row _builder_version=&#8221;4.18.0&#8243; _module_preset=&#8221;default&#8221; global_colors_info=&#8221;{}&#8221;][et_pb_column type=&#8221;4_4&#8243; _builder_version=&#8221;4.18.0&#8243; _module_preset=&#8221;default&#8221; global_colors_info=&#8221;{}&#8221;][et_pb_text _builder_version=&#8221;4.18.0&#8243; _module_preset=&#8221;default&#8221; global_colors_info=&#8221;{}&#8221;]<\/p>\n<h1><span>Embryo Transfer<\/span><\/h1>\n<p><span>Embryo transfer is a crucial step in the in vitro fertilization process. Following fertilization in the lab and embryo culture, the transfer will be carried out using a thin catheter that is introduced into the uterine cavity. The aim is to transfer one or more embryos into the uterus.  <\/span><\/p>\n<h2 dir=\"auto\">Legislation<\/h2>\n<p dir=\"auto\">The number of embryos transferred is limited in Belgium to avoid multiple pregnancies. Indeed, the health of the mother and the babies is at risk in the case of multiple pregnancies. The number of embryos transferred depends on the patient&#8217;s age and the number of attempts already made. Our professionals will provide you with all the necessary information during the consultation.   <\/p>\n<h2 dir=\"auto\">Non-transferred embryos<\/h2>\n<p dir=\"auto\">Embryos that are not transferred during the first attempt and that are progressive and of good quality can be frozen for a later transfer. Cryopreservation of embryos provides the opportunity to plan for another attempt in the future, without having to undergo the process of ovarian stimulation and egg retrieval again. <\/p>\n<p>[\/et_pb_text][\/et_pb_column][\/et_pb_row][\/et_pb_section]<\/p>\n","protected":false},"excerpt":{"rendered":"<p>This involves the placement of one or more embryos into the uterine cavity, using a catheter.<\/p>\n","protected":false},"author":1,"featured_media":5665,"parent":5576,"menu_order":0,"comment_status":"open","ping_status":"closed","template":"","meta":{"_acf_changed":false,"_et_pb_use_builder":"on","_et_pb_old_content":"","_et_gb_content_width":"","footnotes":""},"categories":[],"tags":[],"class_list":["post-5664","page","type-page","status-publish","has-post-thumbnail","hentry"],"acf":[],"yoast_head":"<!-- This site is optimized with the Yoast SEO plugin v26.4 - https:\/\/yoast.com\/wordpress\/plugins\/seo\/ -->\n<title>Embryo Transfer - Fivette.be<\/title>\n<meta name=\"description\" content=\"Embryo transfer involves the placement of one or more embryos into the uterine cavity using a catheter.\" \/>\n<meta name=\"robots\" content=\"index, follow, max-snippet:-1, max-image-preview:large, max-video-preview:-1\" \/>\n<link rel=\"canonical\" href=\"https:\/\/www.fivette.be\/fivette-be\/maintenant\/transfert\/\" \/>\n<meta property=\"og:locale\" content=\"en_US\" \/>\n<meta property=\"og:type\" content=\"article\" \/>\n<meta property=\"og:title\" content=\"Embryo Transfer - Fivette.be\" \/>\n<meta property=\"og:description\" content=\"Embryo transfer involves the placement of one or more embryos into the uterine cavity using a catheter.\" \/>\n<meta property=\"og:site_name\" content=\"Fivette.be\" \/>\n<meta property=\"article:modified_time\" content=\"2023-05-12T12:19:12+00:00\" \/>\n<meta property=\"og:image\" content=\"https:\/\/i0.wp.com\/www.fivette.be\/wp-content\/uploads\/2022\/11\/sop-2-scaled.jpg?fit=2560%2C2071&ssl=1\" \/>\n\t<meta property=\"og:image:width\" content=\"2560\" \/>\n\t<meta property=\"og:image:height\" content=\"2071\" \/>\n\t<meta property=\"og:image:type\" content=\"image\/jpeg\" \/>\n<meta name=\"twitter:card\" content=\"summary_large_image\" \/>\n<meta name=\"twitter:label1\" content=\"Est. reading time\" \/>\n\t<meta name=\"twitter:data1\" content=\"1 minute\" \/>\n<script type=\"application\/ld+json\" class=\"yoast-schema-graph\">{\"@context\":\"https:\/\/schema.org\",\"@graph\":[{\"@type\":\"WebPage\",\"@id\":\"https:\/\/www.fivette.be\/fivette-be\/maintenant\/transfert\/\",\"url\":\"https:\/\/www.fivette.be\/fivette-be\/maintenant\/transfert\/\",\"name\":\"Embryo Transfer - Fivette.be\",\"isPartOf\":{\"@id\":\"https:\/\/www.fivette.be\/#website\"},\"primaryImageOfPage\":{\"@id\":\"https:\/\/www.fivette.be\/fivette-be\/maintenant\/transfert\/#primaryimage\"},\"image\":{\"@id\":\"https:\/\/www.fivette.be\/fivette-be\/maintenant\/transfert\/#primaryimage\"},\"thumbnailUrl\":\"https:\/\/i0.wp.com\/www.fivette.be\/wp-content\/uploads\/2022\/11\/sop-2-scaled.jpg?fit=2560%2C2071&ssl=1\",\"datePublished\":\"2023-05-12T12:19:11+00:00\",\"dateModified\":\"2023-05-12T12:19:12+00:00\",\"description\":\"Embryo transfer involves the placement of one or more embryos into the uterine cavity using a catheter.\",\"breadcrumb\":{\"@id\":\"https:\/\/www.fivette.be\/fivette-be\/maintenant\/transfert\/#breadcrumb\"},\"inLanguage\":\"en-US\",\"potentialAction\":[{\"@type\":\"ReadAction\",\"target\":[\"https:\/\/www.fivette.be\/fivette-be\/maintenant\/transfert\/\"]}]},{\"@type\":\"ImageObject\",\"inLanguage\":\"en-US\",\"@id\":\"https:\/\/www.fivette.be\/fivette-be\/maintenant\/transfert\/#primaryimage\",\"url\":\"https:\/\/i0.wp.com\/www.fivette.be\/wp-content\/uploads\/2022\/11\/sop-2-scaled.jpg?fit=2560%2C2071&ssl=1\",\"contentUrl\":\"https:\/\/i0.wp.com\/www.fivette.be\/wp-content\/uploads\/2022\/11\/sop-2-scaled.jpg?fit=2560%2C2071&ssl=1\",\"width\":2560,\"height\":2071},{\"@type\":\"BreadcrumbList\",\"@id\":\"https:\/\/www.fivette.be\/fivette-be\/maintenant\/transfert\/#breadcrumb\",\"itemListElement\":[{\"@type\":\"ListItem\",\"position\":1,\"name\":\"Home\",\"item\":\"https:\/\/www.fivette.be\/en\/do-you-have-a-desire-for-a-child\/\"},{\"@type\":\"ListItem\",\"position\":2,\"name\":\"Do you have a desire for a child?\",\"item\":\"https:\/\/www.fivette.be\/en\/do-you-have-a-desire-for-a-child\/\"},{\"@type\":\"ListItem\",\"position\":3,\"name\":\"Now\",\"item\":\"https:\/\/www.fivette.be\/fivette-be\/maintenant\/\"},{\"@type\":\"ListItem\",\"position\":4,\"name\":\"Embryo Transfer\"}]},{\"@type\":\"WebSite\",\"@id\":\"https:\/\/www.fivette.be\/#website\",\"url\":\"https:\/\/www.fivette.be\/\",\"name\":\"Fivette.be - Le centre de Procr\u00e9ation M\u00e9dicalement Assist\u00e9e du CHU Saint-Pierre\",\"description\":\"Le centre de PMA du CHU Saint-Pierre\",\"publisher\":{\"@id\":\"https:\/\/www.fivette.be\/#organization\"},\"potentialAction\":[{\"@type\":\"SearchAction\",\"target\":{\"@type\":\"EntryPoint\",\"urlTemplate\":\"https:\/\/www.fivette.be\/?s={search_term_string}\"},\"query-input\":{\"@type\":\"PropertyValueSpecification\",\"valueRequired\":true,\"valueName\":\"search_term_string\"}}],\"inLanguage\":\"en-US\"},{\"@type\":\"Organization\",\"@id\":\"https:\/\/www.fivette.be\/#organization\",\"name\":\"Fivette.be - Le centre de Procr\u00e9ation M\u00e9dicalement Assist\u00e9e du CHU Saint-Pierre\",\"url\":\"https:\/\/www.fivette.be\/\",\"logo\":{\"@type\":\"ImageObject\",\"inLanguage\":\"en-US\",\"@id\":\"https:\/\/www.fivette.be\/#\/schema\/logo\/image\/\",\"url\":\"http:\/\/fivette.be\/wp-content\/uploads\/2023\/01\/PMAlogocolorSP.png\",\"contentUrl\":\"http:\/\/fivette.be\/wp-content\/uploads\/2023\/01\/PMAlogocolorSP.png\",\"width\":289,\"height\":251,\"caption\":\"Fivette.be - Le centre de Procr\u00e9ation M\u00e9dicalement Assist\u00e9e du CHU Saint-Pierre\"},\"image\":{\"@id\":\"https:\/\/www.fivette.be\/#\/schema\/logo\/image\/\"}}]}<\/script>\n<!-- \/ Yoast SEO plugin. -->","yoast_head_json":{"title":"Embryo Transfer - Fivette.be","description":"Embryo transfer involves the placement of one or more embryos into the uterine cavity using a catheter.","robots":{"index":"index","follow":"follow","max-snippet":"max-snippet:-1","max-image-preview":"max-image-preview:large","max-video-preview":"max-video-preview:-1"},"canonical":"https:\/\/www.fivette.be\/fivette-be\/maintenant\/transfert\/","og_locale":"en_US","og_type":"article","og_title":"Embryo Transfer - Fivette.be","og_description":"Embryo transfer involves the placement of one or more embryos into the uterine cavity using a catheter.","og_site_name":"Fivette.be","article_modified_time":"2023-05-12T12:19:12+00:00","og_image":[{"width":2560,"height":2071,"url":"https:\/\/i0.wp.com\/www.fivette.be\/wp-content\/uploads\/2022\/11\/sop-2-scaled.jpg?fit=2560%2C2071&ssl=1","type":"image\/jpeg"}],"twitter_card":"summary_large_image","twitter_misc":{"Est. reading time":"1 minute"},"schema":{"@context":"https:\/\/schema.org","@graph":[{"@type":"WebPage","@id":"https:\/\/www.fivette.be\/fivette-be\/maintenant\/transfert\/","url":"https:\/\/www.fivette.be\/fivette-be\/maintenant\/transfert\/","name":"Embryo Transfer - Fivette.be","isPartOf":{"@id":"https:\/\/www.fivette.be\/#website"},"primaryImageOfPage":{"@id":"https:\/\/www.fivette.be\/fivette-be\/maintenant\/transfert\/#primaryimage"},"image":{"@id":"https:\/\/www.fivette.be\/fivette-be\/maintenant\/transfert\/#primaryimage"},"thumbnailUrl":"https:\/\/i0.wp.com\/www.fivette.be\/wp-content\/uploads\/2022\/11\/sop-2-scaled.jpg?fit=2560%2C2071&ssl=1","datePublished":"2023-05-12T12:19:11+00:00","dateModified":"2023-05-12T12:19:12+00:00","description":"Embryo transfer involves the placement of one or more embryos into the uterine cavity using a catheter.","breadcrumb":{"@id":"https:\/\/www.fivette.be\/fivette-be\/maintenant\/transfert\/#breadcrumb"},"inLanguage":"en-US","potentialAction":[{"@type":"ReadAction","target":["https:\/\/www.fivette.be\/fivette-be\/maintenant\/transfert\/"]}]},{"@type":"ImageObject","inLanguage":"en-US","@id":"https:\/\/www.fivette.be\/fivette-be\/maintenant\/transfert\/#primaryimage","url":"https:\/\/i0.wp.com\/www.fivette.be\/wp-content\/uploads\/2022\/11\/sop-2-scaled.jpg?fit=2560%2C2071&ssl=1","contentUrl":"https:\/\/i0.wp.com\/www.fivette.be\/wp-content\/uploads\/2022\/11\/sop-2-scaled.jpg?fit=2560%2C2071&ssl=1","width":2560,"height":2071},{"@type":"BreadcrumbList","@id":"https:\/\/www.fivette.be\/fivette-be\/maintenant\/transfert\/#breadcrumb","itemListElement":[{"@type":"ListItem","position":1,"name":"Home","item":"https:\/\/www.fivette.be\/en\/do-you-have-a-desire-for-a-child\/"},{"@type":"ListItem","position":2,"name":"Do you have a desire for a child?","item":"https:\/\/www.fivette.be\/en\/do-you-have-a-desire-for-a-child\/"},{"@type":"ListItem","position":3,"name":"Now","item":"https:\/\/www.fivette.be\/fivette-be\/maintenant\/"},{"@type":"ListItem","position":4,"name":"Embryo Transfer"}]},{"@type":"WebSite","@id":"https:\/\/www.fivette.be\/#website","url":"https:\/\/www.fivette.be\/","name":"Fivette.be - Le centre de Procr\u00e9ation M\u00e9dicalement Assist\u00e9e du CHU Saint-Pierre","description":"Le centre de PMA du CHU Saint-Pierre","publisher":{"@id":"https:\/\/www.fivette.be\/#organization"},"potentialAction":[{"@type":"SearchAction","target":{"@type":"EntryPoint","urlTemplate":"https:\/\/www.fivette.be\/?s={search_term_string}"},"query-input":{"@type":"PropertyValueSpecification","valueRequired":true,"valueName":"search_term_string"}}],"inLanguage":"en-US"},{"@type":"Organization","@id":"https:\/\/www.fivette.be\/#organization","name":"Fivette.be - Le centre de Procr\u00e9ation M\u00e9dicalement Assist\u00e9e du CHU Saint-Pierre","url":"https:\/\/www.fivette.be\/","logo":{"@type":"ImageObject","inLanguage":"en-US","@id":"https:\/\/www.fivette.be\/#\/schema\/logo\/image\/","url":"http:\/\/fivette.be\/wp-content\/uploads\/2023\/01\/PMAlogocolorSP.png","contentUrl":"http:\/\/fivette.be\/wp-content\/uploads\/2023\/01\/PMAlogocolorSP.png","width":289,"height":251,"caption":"Fivette.be - Le centre de Procr\u00e9ation M\u00e9dicalement Assist\u00e9e du CHU Saint-Pierre"},"image":{"@id":"https:\/\/www.fivette.be\/#\/schema\/logo\/image\/"}}]}},"jetpack_sharing_enabled":true,"_links":{"self":[{"href":"https:\/\/www.fivette.be\/en\/wp-json\/wp\/v2\/pages\/5664","targetHints":{"allow":["GET"]}}],"collection":[{"href":"https:\/\/www.fivette.be\/en\/wp-json\/wp\/v2\/pages"}],"about":[{"href":"https:\/\/www.fivette.be\/en\/wp-json\/wp\/v2\/types\/page"}],"author":[{"embeddable":true,"href":"https:\/\/www.fivette.be\/en\/wp-json\/wp\/v2\/users\/1"}],"replies":[{"embeddable":true,"href":"https:\/\/www.fivette.be\/en\/wp-json\/wp\/v2\/comments?post=5664"}],"version-history":[{"count":2,"href":"https:\/\/www.fivette.be\/en\/wp-json\/wp\/v2\/pages\/5664\/revisions"}],"predecessor-version":[{"id":5667,"href":"https:\/\/www.fivette.be\/en\/wp-json\/wp\/v2\/pages\/5664\/revisions\/5667"}],"up":[{"embeddable":true,"href":"https:\/\/www.fivette.be\/en\/wp-json\/wp\/v2\/pages\/5576"}],"wp:featuredmedia":[{"embeddable":true,"href":"https:\/\/www.fivette.be\/en\/wp-json\/wp\/v2\/media\/5665"}],"wp:attachment":[{"href":"https:\/\/www.fivette.be\/en\/wp-json\/wp\/v2\/media?parent=5664"}],"wp:term":[{"taxonomy":"category","embeddable":true,"href":"https:\/\/www.fivette.be\/en\/wp-json\/wp\/v2\/categories?post=5664"},{"taxonomy":"post_tag","embeddable":true,"href":"https:\/\/www.fivette.be\/en\/wp-json\/wp\/v2\/tags?post=5664"}],"curies":[{"name":"wp","href":"https:\/\/api.w.org\/{rel}","templated":true}]}}