{"id":5397,"date":"2023-04-21T12:25:00","date_gmt":"2023-04-21T10:25:00","guid":{"rendered":"http:\/\/10.14.1.27\/fivette\/wetgeving-en-kwaliteit\/ethisch-charter\/"},"modified":"2023-11-21T16:27:29","modified_gmt":"2023-11-21T15:27:29","slug":"ethisch-charter","status":"publish","type":"page","link":"https:\/\/www.fivette.be\/nl\/wetgeving-en-kwaliteit\/ethisch-charter\/","title":{"rendered":"Ethisch charter"},"content":{"rendered":"<p>[et_pb_section fb_built=&#8221;1&#8243; _builder_version=&#8221;4.16&#8243; global_colors_info=&#8221;{}&#8221;][et_pb_row _builder_version=&#8221;4.16&#8243; background_size=&#8221;initial&#8221; background_position=&#8221;top_left&#8221; background_repeat=&#8221;repeat&#8221; global_colors_info=&#8221;{}&#8221;][et_pb_column type=&#8221;4_4&#8243; _builder_version=&#8221;4.16&#8243; custom_padding=&#8221;|||&#8221; global_colors_info=&#8221;{}&#8221; custom_padding__hover=&#8221;|||&#8221;][et_pb_text _builder_version=&#8221;4.18.0&#8243; background_size=&#8221;initial&#8221; background_position=&#8221;top_left&#8221; background_repeat=&#8221;repeat&#8221; global_colors_info=&#8221;{}&#8221;]<\/p>\n<h1><span>Ethisch en deontologisch handvest<\/span><\/h1>\n<p><span>Ons centrum verbindt zich ertoe onvruchtbare koppels de meest effectieve behandelingen te bieden in overeenstemming met de wettelijke, deontologische en ethische normen. We hebben een ethisch en deontologisch handvest opgesteld om een \u200b\u200bge\u00efntegreerde behandeling van onze pati\u00ebnten te waarborgen in overeenstemming met de voorschriften van de Wereldgezondheidsorganisatie (WHO). Deze behandeling omvat de somatische, psychologische en sociale aspecten van vruchtbaarheid.<\/span><\/p>\n<p><span>We luisteren naar elke pati\u00ebnt met vriendelijkheid en respect voor hun uniciteit, pleiten voor een redelijke praktijk en oordelen niet. We hechten veel belang aan het sociale leven van het individu en bieden gedecentraliseerde behandelingen aan die zijn aangepast aan hun behoeften.<\/span><\/p>\n<h2>IRIS-netwerk<\/h2>\n<p><span>Ons centrum maakt deel uit van het openbare IRIS-netwerk, dat alle pati\u00ebnten toegang geeft tot geavanceerde vruchtbaarheidsbehandelingen zonder rekening te houden met hun financi\u00eble draagkracht.<\/span><\/p>\n<h2><span>Medisch en ethisch beperkte situaties<\/span><\/h2>\n<p><span>Tot slot zijn we in staat om medisch ondersteunde voortplanting aan te bieden in situaties die medisch en ethisch gezien op de grens liggen, zoals HIV of draagmoederschap, na grondig overleg en het verstrekken van ge\u00efnformeerde informatie aan pati\u00ebnten.<\/span><\/p>\n<p>[\/et_pb_text][\/et_pb_column][\/et_pb_row][\/et_pb_section]<\/p>\n","protected":false},"excerpt":{"rendered":"<p>Het beleid van het centrum is om aan onvruchtbare koppels de meest effectieve behandelingen te bieden in overeenstemming met de wettelijke, deontologische en ethische voorschriften.<\/p>\n","protected":false},"author":1,"featured_media":5403,"parent":5389,"menu_order":0,"comment_status":"open","ping_status":"open","template":"","meta":{"_acf_changed":false,"_et_pb_use_builder":"on","_et_pb_old_content":"","_et_gb_content_width":"","footnotes":""},"categories":[575],"tags":[],"class_list":["post-5397","page","type-page","status-publish","has-post-thumbnail","hentry","category-wetgeving-en-kwaliteit"],"acf":[],"yoast_head":"<!-- This site is optimized with the Yoast SEO plugin v27.4 - https:\/\/yoast.com\/product\/yoast-seo-wordpress\/ -->\n<title>Ethisch charter - Fivette.be<\/title>\n<meta name=\"description\" content=\"Het beleid van het centrum is om aan onvruchtbare koppels de meest effectieve behandelingen te bieden in overeenstemming met de wettelijke, deontologische en ethische voorschriften.\" \/>\n<meta name=\"robots\" content=\"index, follow, max-snippet:-1, max-image-preview:large, max-video-preview:-1\" \/>\n<link rel=\"canonical\" href=\"https:\/\/www.fivette.be\/legislation-et-qualite\/charte-ethique\/\" \/>\n<meta property=\"og:locale\" content=\"nl_NL\" \/>\n<meta property=\"og:type\" content=\"article\" \/>\n<meta property=\"og:title\" content=\"Ethisch charter - Fivette.be\" \/>\n<meta property=\"og:description\" content=\"Het beleid van het centrum is om aan onvruchtbare koppels de meest effectieve behandelingen te bieden in overeenstemming met de wettelijke, deontologische en ethische voorschriften.\" \/>\n<meta property=\"og:site_name\" content=\"Fivette.be\" \/>\n<meta property=\"article:modified_time\" content=\"2023-11-21T15:27:29+00:00\" \/>\n<meta property=\"og:image\" content=\"https:\/\/i0.wp.com\/www.fivette.be\/wp-content\/uploads\/2022\/12\/GettyImages-869288102-scaled.jpg?fit=2560%2C1607&ssl=1\" \/>\n\t<meta property=\"og:image:width\" content=\"2560\" \/>\n\t<meta property=\"og:image:height\" content=\"1607\" \/>\n\t<meta property=\"og:image:type\" content=\"image\/jpeg\" \/>\n<meta name=\"twitter:card\" content=\"summary_large_image\" \/>\n<meta name=\"twitter:label1\" content=\"Geschatte leestijd\" \/>\n\t<meta name=\"twitter:data1\" content=\"1 minuut\" \/>\n<script type=\"application\/ld+json\" class=\"yoast-schema-graph\">{\"@context\":\"https:\\\/\\\/schema.org\",\"@graph\":[{\"@type\":\"WebPage\",\"@id\":\"https:\\\/\\\/www.fivette.be\\\/legislation-et-qualite\\\/charte-ethique\\\/\",\"url\":\"https:\\\/\\\/www.fivette.be\\\/legislation-et-qualite\\\/charte-ethique\\\/\",\"name\":\"Ethisch charter - Fivette.be\",\"isPartOf\":{\"@id\":\"https:\\\/\\\/www.fivette.be\\\/#website\"},\"primaryImageOfPage\":{\"@id\":\"https:\\\/\\\/www.fivette.be\\\/legislation-et-qualite\\\/charte-ethique\\\/#primaryimage\"},\"image\":{\"@id\":\"https:\\\/\\\/www.fivette.be\\\/legislation-et-qualite\\\/charte-ethique\\\/#primaryimage\"},\"thumbnailUrl\":\"https:\\\/\\\/i0.wp.com\\\/www.fivette.be\\\/wp-content\\\/uploads\\\/2022\\\/12\\\/GettyImages-869288102-scaled.jpg?fit=2560%2C1607&ssl=1\",\"datePublished\":\"2023-04-21T10:25:00+00:00\",\"dateModified\":\"2023-11-21T15:27:29+00:00\",\"description\":\"Het beleid van het centrum is om aan onvruchtbare koppels de meest effectieve behandelingen te bieden in overeenstemming met de wettelijke, deontologische en ethische voorschriften.\",\"breadcrumb\":{\"@id\":\"https:\\\/\\\/www.fivette.be\\\/legislation-et-qualite\\\/charte-ethique\\\/#breadcrumb\"},\"inLanguage\":\"nl-NL\",\"potentialAction\":[{\"@type\":\"ReadAction\",\"target\":[\"https:\\\/\\\/www.fivette.be\\\/legislation-et-qualite\\\/charte-ethique\\\/\"]}]},{\"@type\":\"ImageObject\",\"inLanguage\":\"nl-NL\",\"@id\":\"https:\\\/\\\/www.fivette.be\\\/legislation-et-qualite\\\/charte-ethique\\\/#primaryimage\",\"url\":\"https:\\\/\\\/i0.wp.com\\\/www.fivette.be\\\/wp-content\\\/uploads\\\/2022\\\/12\\\/GettyImages-869288102-scaled.jpg?fit=2560%2C1607&ssl=1\",\"contentUrl\":\"https:\\\/\\\/i0.wp.com\\\/www.fivette.be\\\/wp-content\\\/uploads\\\/2022\\\/12\\\/GettyImages-869288102-scaled.jpg?fit=2560%2C1607&ssl=1\",\"width\":2560,\"height\":1607,\"caption\":\"Blurred shot of a team of doctors standing together in a hospital\"},{\"@type\":\"BreadcrumbList\",\"@id\":\"https:\\\/\\\/www.fivette.be\\\/legislation-et-qualite\\\/charte-ethique\\\/#breadcrumb\",\"itemListElement\":[{\"@type\":\"ListItem\",\"position\":1,\"name\":\"Home\",\"item\":\"https:\\\/\\\/www.fivette.be\\\/nl\\\/heeft-u-een-kinderwens\\\/\"},{\"@type\":\"ListItem\",\"position\":2,\"name\":\"Wetgeving en kwaliteit\",\"item\":\"https:\\\/\\\/www.fivette.be\\\/legislation-et-qualite\\\/\"},{\"@type\":\"ListItem\",\"position\":3,\"name\":\"Ethisch charter\"}]},{\"@type\":\"WebSite\",\"@id\":\"https:\\\/\\\/www.fivette.be\\\/#website\",\"url\":\"https:\\\/\\\/www.fivette.be\\\/\",\"name\":\"Fivette.be - Le centre de Procr\u00e9ation M\u00e9dicalement Assist\u00e9e du CHU Saint-Pierre\",\"description\":\"Le centre de PMA du CHU Saint-Pierre\",\"publisher\":{\"@id\":\"https:\\\/\\\/www.fivette.be\\\/#organization\"},\"potentialAction\":[{\"@type\":\"SearchAction\",\"target\":{\"@type\":\"EntryPoint\",\"urlTemplate\":\"https:\\\/\\\/www.fivette.be\\\/?s={search_term_string}\"},\"query-input\":{\"@type\":\"PropertyValueSpecification\",\"valueRequired\":true,\"valueName\":\"search_term_string\"}}],\"inLanguage\":\"nl-NL\"},{\"@type\":\"Organization\",\"@id\":\"https:\\\/\\\/www.fivette.be\\\/#organization\",\"name\":\"Fivette.be - Le centre de Procr\u00e9ation M\u00e9dicalement Assist\u00e9e du CHU Saint-Pierre\",\"url\":\"https:\\\/\\\/www.fivette.be\\\/\",\"logo\":{\"@type\":\"ImageObject\",\"inLanguage\":\"nl-NL\",\"@id\":\"https:\\\/\\\/www.fivette.be\\\/#\\\/schema\\\/logo\\\/image\\\/\",\"url\":\"http:\\\/\\\/fivette.be\\\/wp-content\\\/uploads\\\/2023\\\/01\\\/PMAlogocolorSP.png\",\"contentUrl\":\"http:\\\/\\\/fivette.be\\\/wp-content\\\/uploads\\\/2023\\\/01\\\/PMAlogocolorSP.png\",\"width\":289,\"height\":251,\"caption\":\"Fivette.be - Le centre de Procr\u00e9ation M\u00e9dicalement Assist\u00e9e du CHU Saint-Pierre\"},\"image\":{\"@id\":\"https:\\\/\\\/www.fivette.be\\\/#\\\/schema\\\/logo\\\/image\\\/\"}}]}<\/script>\n<!-- \/ Yoast SEO plugin. -->","yoast_head_json":{"title":"Ethisch charter - Fivette.be","description":"Het beleid van het centrum is om aan onvruchtbare koppels de meest effectieve behandelingen te bieden in overeenstemming met de wettelijke, deontologische en ethische voorschriften.","robots":{"index":"index","follow":"follow","max-snippet":"max-snippet:-1","max-image-preview":"max-image-preview:large","max-video-preview":"max-video-preview:-1"},"canonical":"https:\/\/www.fivette.be\/legislation-et-qualite\/charte-ethique\/","og_locale":"nl_NL","og_type":"article","og_title":"Ethisch charter - Fivette.be","og_description":"Het beleid van het centrum is om aan onvruchtbare koppels de meest effectieve behandelingen te bieden in overeenstemming met de wettelijke, deontologische en ethische voorschriften.","og_site_name":"Fivette.be","article_modified_time":"2023-11-21T15:27:29+00:00","og_image":[{"width":2560,"height":1607,"url":"https:\/\/i0.wp.com\/www.fivette.be\/wp-content\/uploads\/2022\/12\/GettyImages-869288102-scaled.jpg?fit=2560%2C1607&ssl=1","type":"image\/jpeg"}],"twitter_card":"summary_large_image","twitter_misc":{"Geschatte leestijd":"1 minuut"},"schema":{"@context":"https:\/\/schema.org","@graph":[{"@type":"WebPage","@id":"https:\/\/www.fivette.be\/legislation-et-qualite\/charte-ethique\/","url":"https:\/\/www.fivette.be\/legislation-et-qualite\/charte-ethique\/","name":"Ethisch charter - Fivette.be","isPartOf":{"@id":"https:\/\/www.fivette.be\/#website"},"primaryImageOfPage":{"@id":"https:\/\/www.fivette.be\/legislation-et-qualite\/charte-ethique\/#primaryimage"},"image":{"@id":"https:\/\/www.fivette.be\/legislation-et-qualite\/charte-ethique\/#primaryimage"},"thumbnailUrl":"https:\/\/i0.wp.com\/www.fivette.be\/wp-content\/uploads\/2022\/12\/GettyImages-869288102-scaled.jpg?fit=2560%2C1607&ssl=1","datePublished":"2023-04-21T10:25:00+00:00","dateModified":"2023-11-21T15:27:29+00:00","description":"Het beleid van het centrum is om aan onvruchtbare koppels de meest effectieve behandelingen te bieden in overeenstemming met de wettelijke, deontologische en ethische voorschriften.","breadcrumb":{"@id":"https:\/\/www.fivette.be\/legislation-et-qualite\/charte-ethique\/#breadcrumb"},"inLanguage":"nl-NL","potentialAction":[{"@type":"ReadAction","target":["https:\/\/www.fivette.be\/legislation-et-qualite\/charte-ethique\/"]}]},{"@type":"ImageObject","inLanguage":"nl-NL","@id":"https:\/\/www.fivette.be\/legislation-et-qualite\/charte-ethique\/#primaryimage","url":"https:\/\/i0.wp.com\/www.fivette.be\/wp-content\/uploads\/2022\/12\/GettyImages-869288102-scaled.jpg?fit=2560%2C1607&ssl=1","contentUrl":"https:\/\/i0.wp.com\/www.fivette.be\/wp-content\/uploads\/2022\/12\/GettyImages-869288102-scaled.jpg?fit=2560%2C1607&ssl=1","width":2560,"height":1607,"caption":"Blurred shot of a team of doctors standing together in a hospital"},{"@type":"BreadcrumbList","@id":"https:\/\/www.fivette.be\/legislation-et-qualite\/charte-ethique\/#breadcrumb","itemListElement":[{"@type":"ListItem","position":1,"name":"Home","item":"https:\/\/www.fivette.be\/nl\/heeft-u-een-kinderwens\/"},{"@type":"ListItem","position":2,"name":"Wetgeving en kwaliteit","item":"https:\/\/www.fivette.be\/legislation-et-qualite\/"},{"@type":"ListItem","position":3,"name":"Ethisch charter"}]},{"@type":"WebSite","@id":"https:\/\/www.fivette.be\/#website","url":"https:\/\/www.fivette.be\/","name":"Fivette.be - Le centre de Procr\u00e9ation M\u00e9dicalement Assist\u00e9e du CHU Saint-Pierre","description":"Le centre de PMA du CHU Saint-Pierre","publisher":{"@id":"https:\/\/www.fivette.be\/#organization"},"potentialAction":[{"@type":"SearchAction","target":{"@type":"EntryPoint","urlTemplate":"https:\/\/www.fivette.be\/?s={search_term_string}"},"query-input":{"@type":"PropertyValueSpecification","valueRequired":true,"valueName":"search_term_string"}}],"inLanguage":"nl-NL"},{"@type":"Organization","@id":"https:\/\/www.fivette.be\/#organization","name":"Fivette.be - Le centre de Procr\u00e9ation M\u00e9dicalement Assist\u00e9e du CHU Saint-Pierre","url":"https:\/\/www.fivette.be\/","logo":{"@type":"ImageObject","inLanguage":"nl-NL","@id":"https:\/\/www.fivette.be\/#\/schema\/logo\/image\/","url":"http:\/\/fivette.be\/wp-content\/uploads\/2023\/01\/PMAlogocolorSP.png","contentUrl":"http:\/\/fivette.be\/wp-content\/uploads\/2023\/01\/PMAlogocolorSP.png","width":289,"height":251,"caption":"Fivette.be - Le centre de Procr\u00e9ation M\u00e9dicalement Assist\u00e9e du CHU Saint-Pierre"},"image":{"@id":"https:\/\/www.fivette.be\/#\/schema\/logo\/image\/"}}]}},"jetpack_sharing_enabled":true,"_links":{"self":[{"href":"https:\/\/www.fivette.be\/nl\/wp-json\/wp\/v2\/pages\/5397","targetHints":{"allow":["GET"]}}],"collection":[{"href":"https:\/\/www.fivette.be\/nl\/wp-json\/wp\/v2\/pages"}],"about":[{"href":"https:\/\/www.fivette.be\/nl\/wp-json\/wp\/v2\/types\/page"}],"author":[{"embeddable":true,"href":"https:\/\/www.fivette.be\/nl\/wp-json\/wp\/v2\/users\/1"}],"replies":[{"embeddable":true,"href":"https:\/\/www.fivette.be\/nl\/wp-json\/wp\/v2\/comments?post=5397"}],"version-history":[{"count":8,"href":"https:\/\/www.fivette.be\/nl\/wp-json\/wp\/v2\/pages\/5397\/revisions"}],"predecessor-version":[{"id":5742,"href":"https:\/\/www.fivette.be\/nl\/wp-json\/wp\/v2\/pages\/5397\/revisions\/5742"}],"up":[{"embeddable":true,"href":"https:\/\/www.fivette.be\/nl\/wp-json\/wp\/v2\/pages\/5389"}],"wp:featuredmedia":[{"embeddable":true,"href":"https:\/\/www.fivette.be\/nl\/wp-json\/wp\/v2\/media\/5403"}],"wp:attachment":[{"href":"https:\/\/www.fivette.be\/nl\/wp-json\/wp\/v2\/media?parent=5397"}],"wp:term":[{"taxonomy":"category","embeddable":true,"href":"https:\/\/www.fivette.be\/nl\/wp-json\/wp\/v2\/categories?post=5397"},{"taxonomy":"post_tag","embeddable":true,"href":"https:\/\/www.fivette.be\/nl\/wp-json\/wp\/v2\/tags?post=5397"}],"curies":[{"name":"wp","href":"https:\/\/api.w.org\/{rel}","templated":true}]}}