{"id":5423,"date":"2023-04-21T14:28:07","date_gmt":"2023-04-21T12:28:07","guid":{"rendered":"http:\/\/10.14.1.27\/fivette\/wetgeving-en-kwaliteit\/wetgeving\/"},"modified":"2023-11-21T16:30:35","modified_gmt":"2023-11-21T15:30:35","slug":"wetgeving","status":"publish","type":"page","link":"https:\/\/www.fivette.be\/nl\/wetgeving-en-kwaliteit\/wetgeving\/","title":{"rendered":"Wetgeving"},"content":{"rendered":"<p>[et_pb_section fb_built=&#8221;1&#8243; admin_label=&#8221;section&#8221; _builder_version=&#8221;4.16&#8243; global_colors_info=&#8221;{}&#8221;][et_pb_row admin_label=&#8221;row&#8221; _builder_version=&#8221;4.16&#8243; background_size=&#8221;initial&#8221; background_position=&#8221;top_left&#8221; background_repeat=&#8221;repeat&#8221; global_colors_info=&#8221;{}&#8221;][et_pb_column type=&#8221;4_4&#8243; _builder_version=&#8221;4.16&#8243; custom_padding=&#8221;|||&#8221; global_colors_info=&#8221;{}&#8221; custom_padding__hover=&#8221;|||&#8221;][et_pb_text admin_label=&#8221;Text&#8221; _builder_version=&#8221;4.18.0&#8243; background_size=&#8221;initial&#8221; background_position=&#8221;top_left&#8221; background_repeat=&#8221;repeat&#8221; global_colors_info=&#8221;{}&#8221;]<\/p>\n<h1>In Belgi\u00eb<\/h1>\n<ul>\n<li>Koninklijk besluit van 15 februari 1999, stelt de normen vast waaraan &#8220;voortplantingsgeneeskunde&#8221; zorgprogramma&#8217;s moeten voldoen om erkend te worden\n<ul>\n<li>18 B-centra (met lab) en 16 A-centra (zonder lab)<\/li>\n<li>We maken deel uit van de B-centra<\/li>\n<\/ul>\n<\/li>\n<li>Koninklijk besluit van 4 juni 2003 stelt de voorwaarden vast voor vergoeding van in vitro fertilisatie:\n<ul>\n<li>Voor de leeftijd van 43 jaar<\/li>\n<li>6 vergoede pogingen<\/li>\n<li>Regulering van het aantal overgedragen embryo(&#8216;s)<\/li>\n<\/ul>\n<\/li>\n<li>Wet van 06 juli 2007:\n<ul>\n<li>Betreffende medisch begeleide voortplanting en de toekomst van overtollige embryo&#8217;s en gameten<\/li>\n<li>Auteur(s) van het ouderlijk project<\/li>\n<li>Ondertekening van een overeenkomst<\/li>\n<li>Leeftijdsvoorwaarden voor de vrouw<\/li>\n<li>Mogelijkheid voor een centrum om een aanvraag te weigeren op grond van medische redenen of een gewetensclausule<\/li>\n<li>Bewaartermijn van gameten\/embryo&#8217;s<\/li>\n<li>Toekomst van overtollige gameten\/embryo&#8217;s<\/li>\n<li>Vragen met betrekking tot de donatie van gameten\/embryo&#8217;s<\/li>\n<li>Voorwaarden voor post-mortale inseminatie<\/li>\n<li>Voorwaarden voor pre-implantatie genetische diagnose<\/li>\n<\/ul>\n<\/li>\n<li>Wet van 19 december 2008 betreffende het verkrijgen en het gebruik van menselijk lichaamsmateriaal (MLM) bestemd voor geneeskundige toepassingen op de mens of voor wetenschappelijk onderzoek\n<ul>\n<li>Koninklijke besluiten met betrekking tot kwaliteitsbeheer, traceerbaarheid, validatie van apparatuur, &#8230;<\/li>\n<\/ul>\n<\/li>\n<li>Wet van 5 mei 2014 betreffende de vaststelling van de afstamming van de meemoeder:\n<ul>\n<li>Het vaststellen van de afstamming ten opzichte van de meemoeder gebeurt op dezelfde manier als het vaststellen van de afstamming ten opzichte van de vader<\/li>\n<\/ul>\n<\/li>\n<\/ul>\n<h1>Voor pati\u00ebnten van een andere nationaliteit<\/h1>\n<p>Indien de auteur(s) van het ouderproject een andere nationaliteit hebben, gelden de wetten van hun land en daarom wordt aanbevolen contact op te nemen met een jurist die u de nodige informatie kan geven.<\/p>\n<p>[\/et_pb_text][\/et_pb_column][\/et_pb_row][\/et_pb_section]<\/p>\n","protected":false},"excerpt":{"rendered":"<p>Veel wetten en\/of koninklijke besluiten regelen de praktijk van medisch begeleide voortplanting in Belgi\u00eb.<\/p>\n","protected":false},"author":1,"featured_media":5404,"parent":5389,"menu_order":0,"comment_status":"closed","ping_status":"closed","template":"","meta":{"_acf_changed":false,"_et_pb_use_builder":"on","_et_pb_old_content":"","_et_gb_content_width":"","footnotes":""},"categories":[569],"tags":[],"class_list":["post-5423","page","type-page","status-publish","has-post-thumbnail","hentry","category-legislation-et-qualite"],"acf":[],"yoast_head":"<!-- This site is optimized with the Yoast SEO plugin v26.4 - https:\/\/yoast.com\/wordpress\/plugins\/seo\/ -->\n<title>Wetgeving - Fivette.be<\/title>\n<meta name=\"description\" content=\"Er bestaat wetgeving (vele wetten en\/of koninklijke besluiten) die de praktijk van medisch begeleide voortplanting in Belgi\u00eb regelt.\" \/>\n<meta name=\"robots\" content=\"index, follow, max-snippet:-1, max-image-preview:large, max-video-preview:-1\" \/>\n<link rel=\"canonical\" href=\"https:\/\/www.fivette.be\/legislation-et-qualite\/intro-et-qualite\/\" \/>\n<meta property=\"og:locale\" content=\"nl_NL\" \/>\n<meta property=\"og:type\" content=\"article\" \/>\n<meta property=\"og:title\" content=\"Wetgeving - Fivette.be\" \/>\n<meta property=\"og:description\" content=\"Er bestaat wetgeving (vele wetten en\/of koninklijke besluiten) die de praktijk van medisch begeleide voortplanting in Belgi\u00eb regelt.\" \/>\n<meta property=\"og:site_name\" content=\"Fivette.be\" \/>\n<meta property=\"article:modified_time\" content=\"2023-11-21T15:30:35+00:00\" \/>\n<meta property=\"og:image\" content=\"https:\/\/www.fivette.be\/wp-content\/uploads\/2022\/12\/GettyImages-1208289147-scaled.jpg\" \/>\n\t<meta property=\"og:image:width\" content=\"2560\" \/>\n\t<meta property=\"og:image:height\" content=\"1732\" \/>\n\t<meta property=\"og:image:type\" content=\"image\/jpeg\" \/>\n<meta name=\"twitter:card\" content=\"summary_large_image\" \/>\n<meta name=\"twitter:label1\" content=\"Geschatte leestijd\" \/>\n\t<meta name=\"twitter:data1\" content=\"2 minuten\" \/>\n<script type=\"application\/ld+json\" class=\"yoast-schema-graph\">{\"@context\":\"https:\/\/schema.org\",\"@graph\":[{\"@type\":\"WebPage\",\"@id\":\"https:\/\/www.fivette.be\/legislation-et-qualite\/intro-et-qualite\/\",\"url\":\"https:\/\/www.fivette.be\/legislation-et-qualite\/intro-et-qualite\/\",\"name\":\"Wetgeving - Fivette.be\",\"isPartOf\":{\"@id\":\"https:\/\/www.fivette.be\/#website\"},\"primaryImageOfPage\":{\"@id\":\"https:\/\/www.fivette.be\/legislation-et-qualite\/intro-et-qualite\/#primaryimage\"},\"image\":{\"@id\":\"https:\/\/www.fivette.be\/legislation-et-qualite\/intro-et-qualite\/#primaryimage\"},\"thumbnailUrl\":\"https:\/\/i0.wp.com\/www.fivette.be\/wp-content\/uploads\/2022\/12\/GettyImages-1208289147-scaled.jpg?fit=2560%2C1732&ssl=1\",\"datePublished\":\"2023-04-21T12:28:07+00:00\",\"dateModified\":\"2023-11-21T15:30:35+00:00\",\"description\":\"Er bestaat wetgeving (vele wetten en\/of koninklijke besluiten) die de praktijk van medisch begeleide voortplanting in Belgi\u00eb regelt.\",\"breadcrumb\":{\"@id\":\"https:\/\/www.fivette.be\/legislation-et-qualite\/intro-et-qualite\/#breadcrumb\"},\"inLanguage\":\"nl-NL\",\"potentialAction\":[{\"@type\":\"ReadAction\",\"target\":[\"https:\/\/www.fivette.be\/legislation-et-qualite\/intro-et-qualite\/\"]}]},{\"@type\":\"ImageObject\",\"inLanguage\":\"nl-NL\",\"@id\":\"https:\/\/www.fivette.be\/legislation-et-qualite\/intro-et-qualite\/#primaryimage\",\"url\":\"https:\/\/i0.wp.com\/www.fivette.be\/wp-content\/uploads\/2022\/12\/GettyImages-1208289147-scaled.jpg?fit=2560%2C1732&ssl=1\",\"contentUrl\":\"https:\/\/i0.wp.com\/www.fivette.be\/wp-content\/uploads\/2022\/12\/GettyImages-1208289147-scaled.jpg?fit=2560%2C1732&ssl=1\",\"width\":2560,\"height\":1732,\"caption\":\"Social justice and diversity equality law in society as diverse people holding the balance in a legal scale as a population legislation or pro bono and class action suit with 3D illustration elements.\"},{\"@type\":\"BreadcrumbList\",\"@id\":\"https:\/\/www.fivette.be\/legislation-et-qualite\/intro-et-qualite\/#breadcrumb\",\"itemListElement\":[{\"@type\":\"ListItem\",\"position\":1,\"name\":\"Home\",\"item\":\"https:\/\/www.fivette.be\/nl\/heeft-u-een-kinderwens\/\"},{\"@type\":\"ListItem\",\"position\":2,\"name\":\"Wetgeving en kwaliteit\",\"item\":\"https:\/\/www.fivette.be\/legislation-et-qualite\/\"},{\"@type\":\"ListItem\",\"position\":3,\"name\":\"Wetgeving\"}]},{\"@type\":\"WebSite\",\"@id\":\"https:\/\/www.fivette.be\/#website\",\"url\":\"https:\/\/www.fivette.be\/\",\"name\":\"Fivette.be - Le centre de Procr\u00e9ation M\u00e9dicalement Assist\u00e9e du CHU Saint-Pierre\",\"description\":\"Le centre de PMA du CHU Saint-Pierre\",\"publisher\":{\"@id\":\"https:\/\/www.fivette.be\/#organization\"},\"potentialAction\":[{\"@type\":\"SearchAction\",\"target\":{\"@type\":\"EntryPoint\",\"urlTemplate\":\"https:\/\/www.fivette.be\/?s={search_term_string}\"},\"query-input\":{\"@type\":\"PropertyValueSpecification\",\"valueRequired\":true,\"valueName\":\"search_term_string\"}}],\"inLanguage\":\"nl-NL\"},{\"@type\":\"Organization\",\"@id\":\"https:\/\/www.fivette.be\/#organization\",\"name\":\"Fivette.be - Le centre de Procr\u00e9ation M\u00e9dicalement Assist\u00e9e du CHU Saint-Pierre\",\"url\":\"https:\/\/www.fivette.be\/\",\"logo\":{\"@type\":\"ImageObject\",\"inLanguage\":\"nl-NL\",\"@id\":\"https:\/\/www.fivette.be\/#\/schema\/logo\/image\/\",\"url\":\"http:\/\/fivette.be\/wp-content\/uploads\/2023\/01\/PMAlogocolorSP.png\",\"contentUrl\":\"http:\/\/fivette.be\/wp-content\/uploads\/2023\/01\/PMAlogocolorSP.png\",\"width\":289,\"height\":251,\"caption\":\"Fivette.be - Le centre de Procr\u00e9ation M\u00e9dicalement Assist\u00e9e du CHU Saint-Pierre\"},\"image\":{\"@id\":\"https:\/\/www.fivette.be\/#\/schema\/logo\/image\/\"}}]}<\/script>\n<!-- \/ Yoast SEO plugin. -->","yoast_head_json":{"title":"Wetgeving - Fivette.be","description":"Er bestaat wetgeving (vele wetten en\/of koninklijke besluiten) die de praktijk van medisch begeleide voortplanting in Belgi\u00eb regelt.","robots":{"index":"index","follow":"follow","max-snippet":"max-snippet:-1","max-image-preview":"max-image-preview:large","max-video-preview":"max-video-preview:-1"},"canonical":"https:\/\/www.fivette.be\/legislation-et-qualite\/intro-et-qualite\/","og_locale":"nl_NL","og_type":"article","og_title":"Wetgeving - Fivette.be","og_description":"Er bestaat wetgeving (vele wetten en\/of koninklijke besluiten) die de praktijk van medisch begeleide voortplanting in Belgi\u00eb regelt.","og_site_name":"Fivette.be","article_modified_time":"2023-11-21T15:30:35+00:00","og_image":[{"width":2560,"height":1732,"url":"https:\/\/www.fivette.be\/wp-content\/uploads\/2022\/12\/GettyImages-1208289147-scaled.jpg","type":"image\/jpeg"}],"twitter_card":"summary_large_image","twitter_misc":{"Geschatte leestijd":"2 minuten"},"schema":{"@context":"https:\/\/schema.org","@graph":[{"@type":"WebPage","@id":"https:\/\/www.fivette.be\/legislation-et-qualite\/intro-et-qualite\/","url":"https:\/\/www.fivette.be\/legislation-et-qualite\/intro-et-qualite\/","name":"Wetgeving - Fivette.be","isPartOf":{"@id":"https:\/\/www.fivette.be\/#website"},"primaryImageOfPage":{"@id":"https:\/\/www.fivette.be\/legislation-et-qualite\/intro-et-qualite\/#primaryimage"},"image":{"@id":"https:\/\/www.fivette.be\/legislation-et-qualite\/intro-et-qualite\/#primaryimage"},"thumbnailUrl":"https:\/\/i0.wp.com\/www.fivette.be\/wp-content\/uploads\/2022\/12\/GettyImages-1208289147-scaled.jpg?fit=2560%2C1732&ssl=1","datePublished":"2023-04-21T12:28:07+00:00","dateModified":"2023-11-21T15:30:35+00:00","description":"Er bestaat wetgeving (vele wetten en\/of koninklijke besluiten) die de praktijk van medisch begeleide voortplanting in Belgi\u00eb regelt.","breadcrumb":{"@id":"https:\/\/www.fivette.be\/legislation-et-qualite\/intro-et-qualite\/#breadcrumb"},"inLanguage":"nl-NL","potentialAction":[{"@type":"ReadAction","target":["https:\/\/www.fivette.be\/legislation-et-qualite\/intro-et-qualite\/"]}]},{"@type":"ImageObject","inLanguage":"nl-NL","@id":"https:\/\/www.fivette.be\/legislation-et-qualite\/intro-et-qualite\/#primaryimage","url":"https:\/\/i0.wp.com\/www.fivette.be\/wp-content\/uploads\/2022\/12\/GettyImages-1208289147-scaled.jpg?fit=2560%2C1732&ssl=1","contentUrl":"https:\/\/i0.wp.com\/www.fivette.be\/wp-content\/uploads\/2022\/12\/GettyImages-1208289147-scaled.jpg?fit=2560%2C1732&ssl=1","width":2560,"height":1732,"caption":"Social justice and diversity equality law in society as diverse people holding the balance in a legal scale as a population legislation or pro bono and class action suit with 3D illustration elements."},{"@type":"BreadcrumbList","@id":"https:\/\/www.fivette.be\/legislation-et-qualite\/intro-et-qualite\/#breadcrumb","itemListElement":[{"@type":"ListItem","position":1,"name":"Home","item":"https:\/\/www.fivette.be\/nl\/heeft-u-een-kinderwens\/"},{"@type":"ListItem","position":2,"name":"Wetgeving en kwaliteit","item":"https:\/\/www.fivette.be\/legislation-et-qualite\/"},{"@type":"ListItem","position":3,"name":"Wetgeving"}]},{"@type":"WebSite","@id":"https:\/\/www.fivette.be\/#website","url":"https:\/\/www.fivette.be\/","name":"Fivette.be - Le centre de Procr\u00e9ation M\u00e9dicalement Assist\u00e9e du CHU Saint-Pierre","description":"Le centre de PMA du CHU Saint-Pierre","publisher":{"@id":"https:\/\/www.fivette.be\/#organization"},"potentialAction":[{"@type":"SearchAction","target":{"@type":"EntryPoint","urlTemplate":"https:\/\/www.fivette.be\/?s={search_term_string}"},"query-input":{"@type":"PropertyValueSpecification","valueRequired":true,"valueName":"search_term_string"}}],"inLanguage":"nl-NL"},{"@type":"Organization","@id":"https:\/\/www.fivette.be\/#organization","name":"Fivette.be - Le centre de Procr\u00e9ation M\u00e9dicalement Assist\u00e9e du CHU Saint-Pierre","url":"https:\/\/www.fivette.be\/","logo":{"@type":"ImageObject","inLanguage":"nl-NL","@id":"https:\/\/www.fivette.be\/#\/schema\/logo\/image\/","url":"http:\/\/fivette.be\/wp-content\/uploads\/2023\/01\/PMAlogocolorSP.png","contentUrl":"http:\/\/fivette.be\/wp-content\/uploads\/2023\/01\/PMAlogocolorSP.png","width":289,"height":251,"caption":"Fivette.be - Le centre de Procr\u00e9ation M\u00e9dicalement Assist\u00e9e du CHU Saint-Pierre"},"image":{"@id":"https:\/\/www.fivette.be\/#\/schema\/logo\/image\/"}}]}},"jetpack_sharing_enabled":true,"_links":{"self":[{"href":"https:\/\/www.fivette.be\/nl\/wp-json\/wp\/v2\/pages\/5423","targetHints":{"allow":["GET"]}}],"collection":[{"href":"https:\/\/www.fivette.be\/nl\/wp-json\/wp\/v2\/pages"}],"about":[{"href":"https:\/\/www.fivette.be\/nl\/wp-json\/wp\/v2\/types\/page"}],"author":[{"embeddable":true,"href":"https:\/\/www.fivette.be\/nl\/wp-json\/wp\/v2\/users\/1"}],"replies":[{"embeddable":true,"href":"https:\/\/www.fivette.be\/nl\/wp-json\/wp\/v2\/comments?post=5423"}],"version-history":[{"count":3,"href":"https:\/\/www.fivette.be\/nl\/wp-json\/wp\/v2\/pages\/5423\/revisions"}],"predecessor-version":[{"id":5749,"href":"https:\/\/www.fivette.be\/nl\/wp-json\/wp\/v2\/pages\/5423\/revisions\/5749"}],"up":[{"embeddable":true,"href":"https:\/\/www.fivette.be\/nl\/wp-json\/wp\/v2\/pages\/5389"}],"wp:featuredmedia":[{"embeddable":true,"href":"https:\/\/www.fivette.be\/nl\/wp-json\/wp\/v2\/media\/5404"}],"wp:attachment":[{"href":"https:\/\/www.fivette.be\/nl\/wp-json\/wp\/v2\/media?parent=5423"}],"wp:term":[{"taxonomy":"category","embeddable":true,"href":"https:\/\/www.fivette.be\/nl\/wp-json\/wp\/v2\/categories?post=5423"},{"taxonomy":"post_tag","embeddable":true,"href":"https:\/\/www.fivette.be\/nl\/wp-json\/wp\/v2\/tags?post=5423"}],"curies":[{"name":"wp","href":"https:\/\/api.w.org\/{rel}","templated":true}]}}