{"id":5430,"date":"2023-04-21T15:09:41","date_gmt":"2023-04-21T13:09:41","guid":{"rendered":"http:\/\/10.14.1.27\/fivette\/wetgeving-en-kwaliteit\/kwaliteit\/"},"modified":"2024-10-15T12:06:45","modified_gmt":"2024-10-15T10:06:45","slug":"kwaliteit","status":"publish","type":"page","link":"https:\/\/www.fivette.be\/nl\/wetgeving-en-kwaliteit\/kwaliteit\/","title":{"rendered":"Kwaliteit"},"content":{"rendered":"<p>[et_pb_section fb_built=&#8221;1&#8243; admin_label=&#8221;section&#8221; _builder_version=&#8221;4.16&#8243; global_colors_info=&#8221;{}&#8221;][et_pb_row admin_label=&#8221;row&#8221; _builder_version=&#8221;4.16&#8243; background_size=&#8221;initial&#8221; background_position=&#8221;top_left&#8221; background_repeat=&#8221;repeat&#8221; global_colors_info=&#8221;{}&#8221;][et_pb_column type=&#8221;4_4&#8243; _builder_version=&#8221;4.16&#8243; custom_padding=&#8221;|||&#8221; global_colors_info=&#8221;{}&#8221; custom_padding__hover=&#8221;|||&#8221;][et_pb_text admin_label=&#8221;Text&#8221; _builder_version=&#8221;4.18.0&#8243; background_size=&#8221;initial&#8221; background_position=&#8221;top_left&#8221; background_repeat=&#8221;repeat&#8221; global_colors_info=&#8221;{}&#8221;]<\/p>\n<h1><span>Kwaliteitsgarantie <\/span><\/h1>\n<p><span>Dit stelt ons in staat om onze pati\u00ebnten een complete en veilige behandeling te bieden, met als doel hun tevredenheid en uitmuntendheid te garanderen.<\/span><\/p>\n<p><span>Concreet, wat houdt dit in?<\/span><\/p>\n<ul>\n<li>Wij voldoen aan alle wettelijke eisen.<\/li>\n<li>We schrijven en volgen strikte procedures op alle ondersteuningsniveaus.<\/li>\n<li>We registreren en bewaren alle kritische parameters binnen ons centrum.<\/li>\n<li>Wij zorgen voor een volledige documentaire en biologische traceerbaarheid.<\/li>\n<li>Wij registreren en proberen oplossingen te bieden voor alle problemen die we tegenkomen.<\/li>\n<li>Wij volgen elk jaar bijscholing om onze kennis op het gebied van wetenschap, techniek en kwaliteit up-to-date te houden.<\/li>\n<li>Wij evalueren de kwaliteit van ons werk aan de hand van prestatie-indicatoren en tevredenheidsonderzoeken.<\/li>\n<li>Wij communiceren via wekelijkse teamvergaderingen.<\/li>\n<li>Wij zetten projecten op die gericht zijn op de pati\u00ebnt.<\/li>\n<\/ul>\n<p>[\/et_pb_text][\/et_pb_column][\/et_pb_row][\/et_pb_section]<\/p>\n","protected":false},"excerpt":{"rendered":"<p>Het PMA-centrum van het UMC Sint-Pieter, een pionier in het Franstalige gebied en het Brusselse Gewest, kreeg in oktober 2008 de ISO 9001:2015-certificering, een garantie voor onze kwaliteit.<br \/>\nDit certificaat symboliseert de motivatie en het echte engagement om de zorg voor onze pati\u00ebnten te verbeteren.<br \/>\nSindsdien proberen we elk jaar onszelf te verbeteren en hebben we nu een echt kwaliteitsmanagementsysteem ontwikkeld binnen ons team.<\/p>\n","protected":false},"author":8,"featured_media":5431,"parent":5389,"menu_order":0,"comment_status":"open","ping_status":"closed","template":"","meta":{"_acf_changed":false,"_et_pb_use_builder":"on","_et_pb_old_content":"","_et_gb_content_width":"","footnotes":""},"categories":[575],"tags":[],"class_list":["post-5430","page","type-page","status-publish","has-post-thumbnail","hentry","category-wetgeving-en-kwaliteit"],"acf":[],"yoast_head":"<!-- This site is optimized with the Yoast SEO plugin v27.4 - https:\/\/yoast.com\/product\/yoast-seo-wordpress\/ -->\n<title>Kwaliteit - Fivette.be<\/title>\n<meta name=\"description\" content=\"Het MBV-centrum van het UMC Sint-Pieter, een pionier in het Franstalige gebied en het Brusselse Gewest, kreeg in oktober 2008 de ISO 9001:2015-certificering, een garantie voor onze kwaliteit.\" \/>\n<meta name=\"robots\" content=\"index, follow, max-snippet:-1, max-image-preview:large, max-video-preview:-1\" \/>\n<link rel=\"canonical\" href=\"https:\/\/www.fivette.be\/legislation-et-qualite\/qualite\/\" \/>\n<meta property=\"og:locale\" content=\"nl_NL\" \/>\n<meta property=\"og:type\" content=\"article\" \/>\n<meta property=\"og:title\" content=\"Kwaliteit - Fivette.be\" \/>\n<meta property=\"og:description\" content=\"Het MBV-centrum van het UMC Sint-Pieter, een pionier in het Franstalige gebied en het Brusselse Gewest, kreeg in oktober 2008 de ISO 9001:2015-certificering, een garantie voor onze kwaliteit.\" \/>\n<meta property=\"og:site_name\" content=\"Fivette.be\" \/>\n<meta property=\"article:modified_time\" content=\"2024-10-15T10:06:45+00:00\" \/>\n<meta property=\"og:image\" content=\"https:\/\/i0.wp.com\/www.fivette.be\/wp-content\/uploads\/2022\/12\/GettyImages-1281968180-scaled.jpg?fit=2560%2C1707&ssl=1\" \/>\n\t<meta property=\"og:image:width\" content=\"2560\" \/>\n\t<meta property=\"og:image:height\" content=\"1707\" \/>\n\t<meta property=\"og:image:type\" content=\"image\/jpeg\" \/>\n<meta name=\"twitter:card\" content=\"summary_large_image\" \/>\n<meta name=\"twitter:label1\" content=\"Geschatte leestijd\" \/>\n\t<meta name=\"twitter:data1\" content=\"1 minuut\" \/>\n<script type=\"application\/ld+json\" class=\"yoast-schema-graph\">{\"@context\":\"https:\\\/\\\/schema.org\",\"@graph\":[{\"@type\":\"WebPage\",\"@id\":\"https:\\\/\\\/www.fivette.be\\\/legislation-et-qualite\\\/qualite\\\/\",\"url\":\"https:\\\/\\\/www.fivette.be\\\/legislation-et-qualite\\\/qualite\\\/\",\"name\":\"Kwaliteit - Fivette.be\",\"isPartOf\":{\"@id\":\"https:\\\/\\\/www.fivette.be\\\/#website\"},\"primaryImageOfPage\":{\"@id\":\"https:\\\/\\\/www.fivette.be\\\/legislation-et-qualite\\\/qualite\\\/#primaryimage\"},\"image\":{\"@id\":\"https:\\\/\\\/www.fivette.be\\\/legislation-et-qualite\\\/qualite\\\/#primaryimage\"},\"thumbnailUrl\":\"https:\\\/\\\/i0.wp.com\\\/www.fivette.be\\\/wp-content\\\/uploads\\\/2022\\\/12\\\/GettyImages-1281968180-scaled.jpg?fit=2560%2C1707&ssl=1\",\"datePublished\":\"2023-04-21T13:09:41+00:00\",\"dateModified\":\"2024-10-15T10:06:45+00:00\",\"description\":\"Het MBV-centrum van het UMC Sint-Pieter, een pionier in het Franstalige gebied en het Brusselse Gewest, kreeg in oktober 2008 de ISO 9001:2015-certificering, een garantie voor onze kwaliteit.\",\"breadcrumb\":{\"@id\":\"https:\\\/\\\/www.fivette.be\\\/legislation-et-qualite\\\/qualite\\\/#breadcrumb\"},\"inLanguage\":\"nl-NL\",\"potentialAction\":[{\"@type\":\"ReadAction\",\"target\":[\"https:\\\/\\\/www.fivette.be\\\/legislation-et-qualite\\\/qualite\\\/\"]}]},{\"@type\":\"ImageObject\",\"inLanguage\":\"nl-NL\",\"@id\":\"https:\\\/\\\/www.fivette.be\\\/legislation-et-qualite\\\/qualite\\\/#primaryimage\",\"url\":\"https:\\\/\\\/i0.wp.com\\\/www.fivette.be\\\/wp-content\\\/uploads\\\/2022\\\/12\\\/GettyImages-1281968180-scaled.jpg?fit=2560%2C1707&ssl=1\",\"contentUrl\":\"https:\\\/\\\/i0.wp.com\\\/www.fivette.be\\\/wp-content\\\/uploads\\\/2022\\\/12\\\/GettyImages-1281968180-scaled.jpg?fit=2560%2C1707&ssl=1\",\"width\":2560,\"height\":1707,\"caption\":\"Pregnant woman wearing cozy knitted sweater holding tummy with hands outdoors close up. Motherhood. Maternity. Heathy lifestyle.\"},{\"@type\":\"BreadcrumbList\",\"@id\":\"https:\\\/\\\/www.fivette.be\\\/legislation-et-qualite\\\/qualite\\\/#breadcrumb\",\"itemListElement\":[{\"@type\":\"ListItem\",\"position\":1,\"name\":\"Home\",\"item\":\"https:\\\/\\\/www.fivette.be\\\/nl\\\/heeft-u-een-kinderwens\\\/\"},{\"@type\":\"ListItem\",\"position\":2,\"name\":\"Wetgeving en kwaliteit\",\"item\":\"https:\\\/\\\/www.fivette.be\\\/legislation-et-qualite\\\/\"},{\"@type\":\"ListItem\",\"position\":3,\"name\":\"Kwaliteit\"}]},{\"@type\":\"WebSite\",\"@id\":\"https:\\\/\\\/www.fivette.be\\\/#website\",\"url\":\"https:\\\/\\\/www.fivette.be\\\/\",\"name\":\"Fivette.be - Le centre de Procr\u00e9ation M\u00e9dicalement Assist\u00e9e du CHU Saint-Pierre\",\"description\":\"Le centre de PMA du CHU Saint-Pierre\",\"publisher\":{\"@id\":\"https:\\\/\\\/www.fivette.be\\\/#organization\"},\"potentialAction\":[{\"@type\":\"SearchAction\",\"target\":{\"@type\":\"EntryPoint\",\"urlTemplate\":\"https:\\\/\\\/www.fivette.be\\\/?s={search_term_string}\"},\"query-input\":{\"@type\":\"PropertyValueSpecification\",\"valueRequired\":true,\"valueName\":\"search_term_string\"}}],\"inLanguage\":\"nl-NL\"},{\"@type\":\"Organization\",\"@id\":\"https:\\\/\\\/www.fivette.be\\\/#organization\",\"name\":\"Fivette.be - Le centre de Procr\u00e9ation M\u00e9dicalement Assist\u00e9e du CHU Saint-Pierre\",\"url\":\"https:\\\/\\\/www.fivette.be\\\/\",\"logo\":{\"@type\":\"ImageObject\",\"inLanguage\":\"nl-NL\",\"@id\":\"https:\\\/\\\/www.fivette.be\\\/#\\\/schema\\\/logo\\\/image\\\/\",\"url\":\"http:\\\/\\\/fivette.be\\\/wp-content\\\/uploads\\\/2023\\\/01\\\/PMAlogocolorSP.png\",\"contentUrl\":\"http:\\\/\\\/fivette.be\\\/wp-content\\\/uploads\\\/2023\\\/01\\\/PMAlogocolorSP.png\",\"width\":289,\"height\":251,\"caption\":\"Fivette.be - Le centre de Procr\u00e9ation M\u00e9dicalement Assist\u00e9e du CHU Saint-Pierre\"},\"image\":{\"@id\":\"https:\\\/\\\/www.fivette.be\\\/#\\\/schema\\\/logo\\\/image\\\/\"}}]}<\/script>\n<!-- \/ Yoast SEO plugin. -->","yoast_head_json":{"title":"Kwaliteit - Fivette.be","description":"Het MBV-centrum van het UMC Sint-Pieter, een pionier in het Franstalige gebied en het Brusselse Gewest, kreeg in oktober 2008 de ISO 9001:2015-certificering, een garantie voor onze kwaliteit.","robots":{"index":"index","follow":"follow","max-snippet":"max-snippet:-1","max-image-preview":"max-image-preview:large","max-video-preview":"max-video-preview:-1"},"canonical":"https:\/\/www.fivette.be\/legislation-et-qualite\/qualite\/","og_locale":"nl_NL","og_type":"article","og_title":"Kwaliteit - Fivette.be","og_description":"Het MBV-centrum van het UMC Sint-Pieter, een pionier in het Franstalige gebied en het Brusselse Gewest, kreeg in oktober 2008 de ISO 9001:2015-certificering, een garantie voor onze kwaliteit.","og_site_name":"Fivette.be","article_modified_time":"2024-10-15T10:06:45+00:00","og_image":[{"width":2560,"height":1707,"url":"https:\/\/i0.wp.com\/www.fivette.be\/wp-content\/uploads\/2022\/12\/GettyImages-1281968180-scaled.jpg?fit=2560%2C1707&ssl=1","type":"image\/jpeg"}],"twitter_card":"summary_large_image","twitter_misc":{"Geschatte leestijd":"1 minuut"},"schema":{"@context":"https:\/\/schema.org","@graph":[{"@type":"WebPage","@id":"https:\/\/www.fivette.be\/legislation-et-qualite\/qualite\/","url":"https:\/\/www.fivette.be\/legislation-et-qualite\/qualite\/","name":"Kwaliteit - Fivette.be","isPartOf":{"@id":"https:\/\/www.fivette.be\/#website"},"primaryImageOfPage":{"@id":"https:\/\/www.fivette.be\/legislation-et-qualite\/qualite\/#primaryimage"},"image":{"@id":"https:\/\/www.fivette.be\/legislation-et-qualite\/qualite\/#primaryimage"},"thumbnailUrl":"https:\/\/i0.wp.com\/www.fivette.be\/wp-content\/uploads\/2022\/12\/GettyImages-1281968180-scaled.jpg?fit=2560%2C1707&ssl=1","datePublished":"2023-04-21T13:09:41+00:00","dateModified":"2024-10-15T10:06:45+00:00","description":"Het MBV-centrum van het UMC Sint-Pieter, een pionier in het Franstalige gebied en het Brusselse Gewest, kreeg in oktober 2008 de ISO 9001:2015-certificering, een garantie voor onze kwaliteit.","breadcrumb":{"@id":"https:\/\/www.fivette.be\/legislation-et-qualite\/qualite\/#breadcrumb"},"inLanguage":"nl-NL","potentialAction":[{"@type":"ReadAction","target":["https:\/\/www.fivette.be\/legislation-et-qualite\/qualite\/"]}]},{"@type":"ImageObject","inLanguage":"nl-NL","@id":"https:\/\/www.fivette.be\/legislation-et-qualite\/qualite\/#primaryimage","url":"https:\/\/i0.wp.com\/www.fivette.be\/wp-content\/uploads\/2022\/12\/GettyImages-1281968180-scaled.jpg?fit=2560%2C1707&ssl=1","contentUrl":"https:\/\/i0.wp.com\/www.fivette.be\/wp-content\/uploads\/2022\/12\/GettyImages-1281968180-scaled.jpg?fit=2560%2C1707&ssl=1","width":2560,"height":1707,"caption":"Pregnant woman wearing cozy knitted sweater holding tummy with hands outdoors close up. Motherhood. Maternity. Heathy lifestyle."},{"@type":"BreadcrumbList","@id":"https:\/\/www.fivette.be\/legislation-et-qualite\/qualite\/#breadcrumb","itemListElement":[{"@type":"ListItem","position":1,"name":"Home","item":"https:\/\/www.fivette.be\/nl\/heeft-u-een-kinderwens\/"},{"@type":"ListItem","position":2,"name":"Wetgeving en kwaliteit","item":"https:\/\/www.fivette.be\/legislation-et-qualite\/"},{"@type":"ListItem","position":3,"name":"Kwaliteit"}]},{"@type":"WebSite","@id":"https:\/\/www.fivette.be\/#website","url":"https:\/\/www.fivette.be\/","name":"Fivette.be - Le centre de Procr\u00e9ation M\u00e9dicalement Assist\u00e9e du CHU Saint-Pierre","description":"Le centre de PMA du CHU Saint-Pierre","publisher":{"@id":"https:\/\/www.fivette.be\/#organization"},"potentialAction":[{"@type":"SearchAction","target":{"@type":"EntryPoint","urlTemplate":"https:\/\/www.fivette.be\/?s={search_term_string}"},"query-input":{"@type":"PropertyValueSpecification","valueRequired":true,"valueName":"search_term_string"}}],"inLanguage":"nl-NL"},{"@type":"Organization","@id":"https:\/\/www.fivette.be\/#organization","name":"Fivette.be - Le centre de Procr\u00e9ation M\u00e9dicalement Assist\u00e9e du CHU Saint-Pierre","url":"https:\/\/www.fivette.be\/","logo":{"@type":"ImageObject","inLanguage":"nl-NL","@id":"https:\/\/www.fivette.be\/#\/schema\/logo\/image\/","url":"http:\/\/fivette.be\/wp-content\/uploads\/2023\/01\/PMAlogocolorSP.png","contentUrl":"http:\/\/fivette.be\/wp-content\/uploads\/2023\/01\/PMAlogocolorSP.png","width":289,"height":251,"caption":"Fivette.be - Le centre de Procr\u00e9ation M\u00e9dicalement Assist\u00e9e du CHU Saint-Pierre"},"image":{"@id":"https:\/\/www.fivette.be\/#\/schema\/logo\/image\/"}}]}},"jetpack_sharing_enabled":true,"_links":{"self":[{"href":"https:\/\/www.fivette.be\/nl\/wp-json\/wp\/v2\/pages\/5430","targetHints":{"allow":["GET"]}}],"collection":[{"href":"https:\/\/www.fivette.be\/nl\/wp-json\/wp\/v2\/pages"}],"about":[{"href":"https:\/\/www.fivette.be\/nl\/wp-json\/wp\/v2\/types\/page"}],"author":[{"embeddable":true,"href":"https:\/\/www.fivette.be\/nl\/wp-json\/wp\/v2\/users\/8"}],"replies":[{"embeddable":true,"href":"https:\/\/www.fivette.be\/nl\/wp-json\/wp\/v2\/comments?post=5430"}],"version-history":[{"count":12,"href":"https:\/\/www.fivette.be\/nl\/wp-json\/wp\/v2\/pages\/5430\/revisions"}],"predecessor-version":[{"id":5894,"href":"https:\/\/www.fivette.be\/nl\/wp-json\/wp\/v2\/pages\/5430\/revisions\/5894"}],"up":[{"embeddable":true,"href":"https:\/\/www.fivette.be\/nl\/wp-json\/wp\/v2\/pages\/5389"}],"wp:featuredmedia":[{"embeddable":true,"href":"https:\/\/www.fivette.be\/nl\/wp-json\/wp\/v2\/media\/5431"}],"wp:attachment":[{"href":"https:\/\/www.fivette.be\/nl\/wp-json\/wp\/v2\/media?parent=5430"}],"wp:term":[{"taxonomy":"category","embeddable":true,"href":"https:\/\/www.fivette.be\/nl\/wp-json\/wp\/v2\/categories?post=5430"},{"taxonomy":"post_tag","embeddable":true,"href":"https:\/\/www.fivette.be\/nl\/wp-json\/wp\/v2\/tags?post=5430"}],"curies":[{"name":"wp","href":"https:\/\/api.w.org\/{rel}","templated":true}]}}