{"id":5454,"date":"2023-04-21T16:55:49","date_gmt":"2023-04-21T14:55:49","guid":{"rendered":"http:\/\/10.14.1.27\/fivette\/ons-centrum\/organisatie-van-het-centrum\/"},"modified":"2023-11-22T10:01:52","modified_gmt":"2023-11-22T09:01:52","slug":"organisatie-van-het-centrum","status":"publish","type":"page","link":"https:\/\/www.fivette.be\/nl\/ons-centrum\/organisatie-van-het-centrum\/","title":{"rendered":"Organisatie van het centrum"},"content":{"rendered":"<p>[et_pb_section fb_built=&#8221;1&#8243; admin_label=&#8221;section&#8221; _builder_version=&#8221;4.16&#8243; global_colors_info=&#8221;{}&#8221;][et_pb_row admin_label=&#8221;row&#8221; _builder_version=&#8221;4.16&#8243; background_size=&#8221;initial&#8221; background_position=&#8221;top_left&#8221; background_repeat=&#8221;repeat&#8221; global_colors_info=&#8221;{}&#8221;][et_pb_column type=&#8221;4_4&#8243; _builder_version=&#8221;4.16&#8243; custom_padding=&#8221;|||&#8221; global_colors_info=&#8221;{}&#8221; custom_padding__hover=&#8221;|||&#8221;][et_pb_text admin_label=&#8221;Text&#8221; _builder_version=&#8221;4.20.4&#8243; background_size=&#8221;initial&#8221; background_position=&#8221;top_left&#8221; background_repeat=&#8221;repeat&#8221; global_colors_info=&#8221;{}&#8221;]<\/p>\n<h2>Het MBV-centrum (Route 606): plaats van MBV-consultatie en monitoringactiviteiten<\/h2>\n<ul>\n<li>Onthaalbureau: Inschrijving van onze pati\u00ebnten voor verschillende consultaties<\/li>\n<li>De ruimte van de MBV-verpleegkundigen waar bloedafnames elke ochtend plaatsvinden, medicatie wordt uitgereikt, pati\u00ebnten worden ingeschreven voor de cyclus en uitleg wordt gegeven over de cyclus.<\/li>\n<li>de consultatie- en echografieruimtes van de artsen waar dagelijkse echo&#8217;s, inseminaties, consultaties en uw eerste zwangerschapsechografie plaatsvinden<\/li>\n<li>Het andrologielaboratorium<\/li>\n<\/ul>\n<h2>Onze operatiekamer en IVF-laboratorium.<\/h2>\n<p>Het laboratorium van het centrum voor vruchtbaarheidsbehandelingen bevindt zich op de 6<sup>e<\/sup> verdieping naast onze operatieafdeling Hospitalisatie vindt plaats als One Day Medical (Route 506).<\/p>\n<h2>Ons administratief secretariaat.<\/h2>\n<p>bereikbaar <a href=\"infos-pratiques\/contact\/\">per telefoon of e-mail<\/a><\/p>\n<p>&nbsp;<\/p>\n<p><strong>Buiten het UMC Sint-Pieter heeft het centrum voor medisch begeleide voortplanting:<\/strong><\/p>\n<ul>\n<li>een consultatie in de Iris Zuid-ziekenhuizen op de locatie Elsene<\/li>\n<li>een consultatie in het Brugmann-ziekenhuis op de Horta-site<\/li>\n<\/ul>\n<p>[\/et_pb_text][\/et_pb_column][\/et_pb_row][\/et_pb_section]<\/p>\n","protected":false},"excerpt":{"rendered":"<p>Het MBV-centrum (Route 606): plaats van MBV-consultatie en monitoringactiviteiten Onthaalbureau: Inschrijving van onze pati\u00ebnten voor verschillende consultaties De ruimte van de MBV-verpleegkundigen waar bloedafnames elke ochtend plaatsvinden, medicatie wordt uitgereikt, pati\u00ebnten worden ingeschreven voor de cyclus en uitleg wordt gegeven over de cyclus. de consultatie- en echografieruimtes van de artsen waar dagelijkse echo&#8217;s, inseminaties, consultaties [&hellip;]<\/p>\n","protected":false},"author":1,"featured_media":5458,"parent":5438,"menu_order":0,"comment_status":"open","ping_status":"open","template":"","meta":{"_acf_changed":false,"_et_pb_use_builder":"on","_et_pb_old_content":"","_et_gb_content_width":"","footnotes":""},"categories":[],"tags":[],"class_list":["post-5454","page","type-page","status-publish","has-post-thumbnail","hentry"],"acf":[],"yoast_head":"<!-- This site is optimized with the Yoast SEO plugin v26.4 - https:\/\/yoast.com\/wordpress\/plugins\/seo\/ -->\n<title>Organisatie van het centrum - Fivette.be<\/title>\n<meta name=\"robots\" content=\"index, follow, max-snippet:-1, max-image-preview:large, max-video-preview:-1\" \/>\n<link rel=\"canonical\" href=\"https:\/\/www.fivette.be\/nl\/ons-centrum\/organisatie-van-het-centrum\/\" \/>\n<meta property=\"og:locale\" content=\"nl_NL\" \/>\n<meta property=\"og:type\" content=\"article\" \/>\n<meta property=\"og:title\" content=\"Organisatie van het centrum - Fivette.be\" \/>\n<meta property=\"og:description\" content=\"Het MBV-centrum (Route 606): plaats van MBV-consultatie en monitoringactiviteiten Onthaalbureau: Inschrijving van onze pati\u00ebnten voor verschillende consultaties De ruimte van de MBV-verpleegkundigen waar bloedafnames elke ochtend plaatsvinden, medicatie wordt uitgereikt, pati\u00ebnten worden ingeschreven voor de cyclus en uitleg wordt gegeven over de cyclus. de consultatie- en echografieruimtes van de artsen waar dagelijkse echo&#039;s, inseminaties, consultaties [&hellip;]\" \/>\n<meta property=\"og:site_name\" content=\"Fivette.be\" \/>\n<meta property=\"article:modified_time\" content=\"2023-11-22T09:01:52+00:00\" \/>\n<meta property=\"og:image\" content=\"https:\/\/i0.wp.com\/www.fivette.be\/wp-content\/uploads\/2022\/04\/team-crop.png?fit=1920%2C906&ssl=1\" \/>\n\t<meta property=\"og:image:width\" content=\"1920\" \/>\n\t<meta property=\"og:image:height\" content=\"906\" \/>\n\t<meta property=\"og:image:type\" content=\"image\/png\" \/>\n<meta name=\"twitter:card\" content=\"summary_large_image\" \/>\n<meta name=\"twitter:label1\" content=\"Geschatte leestijd\" \/>\n\t<meta name=\"twitter:data1\" content=\"1 minuut\" \/>\n<script type=\"application\/ld+json\" class=\"yoast-schema-graph\">{\"@context\":\"https:\/\/schema.org\",\"@graph\":[{\"@type\":\"WebPage\",\"@id\":\"https:\/\/www.fivette.be\/nl\/ons-centrum\/organisatie-van-het-centrum\/\",\"url\":\"https:\/\/www.fivette.be\/nl\/ons-centrum\/organisatie-van-het-centrum\/\",\"name\":\"Organisatie van het centrum - Fivette.be\",\"isPartOf\":{\"@id\":\"https:\/\/www.fivette.be\/#website\"},\"primaryImageOfPage\":{\"@id\":\"https:\/\/www.fivette.be\/nl\/ons-centrum\/organisatie-van-het-centrum\/#primaryimage\"},\"image\":{\"@id\":\"https:\/\/www.fivette.be\/nl\/ons-centrum\/organisatie-van-het-centrum\/#primaryimage\"},\"thumbnailUrl\":\"https:\/\/i0.wp.com\/www.fivette.be\/wp-content\/uploads\/2022\/04\/team-crop.png?fit=1920%2C906&ssl=1\",\"datePublished\":\"2023-04-21T14:55:49+00:00\",\"dateModified\":\"2023-11-22T09:01:52+00:00\",\"breadcrumb\":{\"@id\":\"https:\/\/www.fivette.be\/nl\/ons-centrum\/organisatie-van-het-centrum\/#breadcrumb\"},\"inLanguage\":\"nl-NL\",\"potentialAction\":[{\"@type\":\"ReadAction\",\"target\":[\"https:\/\/www.fivette.be\/nl\/ons-centrum\/organisatie-van-het-centrum\/\"]}]},{\"@type\":\"ImageObject\",\"inLanguage\":\"nl-NL\",\"@id\":\"https:\/\/www.fivette.be\/nl\/ons-centrum\/organisatie-van-het-centrum\/#primaryimage\",\"url\":\"https:\/\/i0.wp.com\/www.fivette.be\/wp-content\/uploads\/2022\/04\/team-crop.png?fit=1920%2C906&ssl=1\",\"contentUrl\":\"https:\/\/i0.wp.com\/www.fivette.be\/wp-content\/uploads\/2022\/04\/team-crop.png?fit=1920%2C906&ssl=1\",\"width\":1920,\"height\":906},{\"@type\":\"BreadcrumbList\",\"@id\":\"https:\/\/www.fivette.be\/nl\/ons-centrum\/organisatie-van-het-centrum\/#breadcrumb\",\"itemListElement\":[{\"@type\":\"ListItem\",\"position\":1,\"name\":\"Home\",\"item\":\"https:\/\/www.fivette.be\/nl\/heeft-u-een-kinderwens\/\"},{\"@type\":\"ListItem\",\"position\":2,\"name\":\"Ons centrum\",\"item\":\"https:\/\/www.fivette.be\/nl\/ons-centrum\/\"},{\"@type\":\"ListItem\",\"position\":3,\"name\":\"Organisatie van het centrum\"}]},{\"@type\":\"WebSite\",\"@id\":\"https:\/\/www.fivette.be\/#website\",\"url\":\"https:\/\/www.fivette.be\/\",\"name\":\"Fivette.be - Le centre de Procr\u00e9ation M\u00e9dicalement Assist\u00e9e du CHU Saint-Pierre\",\"description\":\"Le centre de PMA du CHU Saint-Pierre\",\"publisher\":{\"@id\":\"https:\/\/www.fivette.be\/#organization\"},\"potentialAction\":[{\"@type\":\"SearchAction\",\"target\":{\"@type\":\"EntryPoint\",\"urlTemplate\":\"https:\/\/www.fivette.be\/?s={search_term_string}\"},\"query-input\":{\"@type\":\"PropertyValueSpecification\",\"valueRequired\":true,\"valueName\":\"search_term_string\"}}],\"inLanguage\":\"nl-NL\"},{\"@type\":\"Organization\",\"@id\":\"https:\/\/www.fivette.be\/#organization\",\"name\":\"Fivette.be - Le centre de Procr\u00e9ation M\u00e9dicalement Assist\u00e9e du CHU Saint-Pierre\",\"url\":\"https:\/\/www.fivette.be\/\",\"logo\":{\"@type\":\"ImageObject\",\"inLanguage\":\"nl-NL\",\"@id\":\"https:\/\/www.fivette.be\/#\/schema\/logo\/image\/\",\"url\":\"http:\/\/fivette.be\/wp-content\/uploads\/2023\/01\/PMAlogocolorSP.png\",\"contentUrl\":\"http:\/\/fivette.be\/wp-content\/uploads\/2023\/01\/PMAlogocolorSP.png\",\"width\":289,\"height\":251,\"caption\":\"Fivette.be - Le centre de Procr\u00e9ation M\u00e9dicalement Assist\u00e9e du CHU Saint-Pierre\"},\"image\":{\"@id\":\"https:\/\/www.fivette.be\/#\/schema\/logo\/image\/\"}}]}<\/script>\n<!-- \/ Yoast SEO plugin. -->","yoast_head_json":{"title":"Organisatie van het centrum - Fivette.be","robots":{"index":"index","follow":"follow","max-snippet":"max-snippet:-1","max-image-preview":"max-image-preview:large","max-video-preview":"max-video-preview:-1"},"canonical":"https:\/\/www.fivette.be\/nl\/ons-centrum\/organisatie-van-het-centrum\/","og_locale":"nl_NL","og_type":"article","og_title":"Organisatie van het centrum - Fivette.be","og_description":"Het MBV-centrum (Route 606): plaats van MBV-consultatie en monitoringactiviteiten Onthaalbureau: Inschrijving van onze pati\u00ebnten voor verschillende consultaties De ruimte van de MBV-verpleegkundigen waar bloedafnames elke ochtend plaatsvinden, medicatie wordt uitgereikt, pati\u00ebnten worden ingeschreven voor de cyclus en uitleg wordt gegeven over de cyclus. de consultatie- en echografieruimtes van de artsen waar dagelijkse echo's, inseminaties, consultaties [&hellip;]","og_site_name":"Fivette.be","article_modified_time":"2023-11-22T09:01:52+00:00","og_image":[{"width":1920,"height":906,"url":"https:\/\/i0.wp.com\/www.fivette.be\/wp-content\/uploads\/2022\/04\/team-crop.png?fit=1920%2C906&ssl=1","type":"image\/png"}],"twitter_card":"summary_large_image","twitter_misc":{"Geschatte leestijd":"1 minuut"},"schema":{"@context":"https:\/\/schema.org","@graph":[{"@type":"WebPage","@id":"https:\/\/www.fivette.be\/nl\/ons-centrum\/organisatie-van-het-centrum\/","url":"https:\/\/www.fivette.be\/nl\/ons-centrum\/organisatie-van-het-centrum\/","name":"Organisatie van het centrum - Fivette.be","isPartOf":{"@id":"https:\/\/www.fivette.be\/#website"},"primaryImageOfPage":{"@id":"https:\/\/www.fivette.be\/nl\/ons-centrum\/organisatie-van-het-centrum\/#primaryimage"},"image":{"@id":"https:\/\/www.fivette.be\/nl\/ons-centrum\/organisatie-van-het-centrum\/#primaryimage"},"thumbnailUrl":"https:\/\/i0.wp.com\/www.fivette.be\/wp-content\/uploads\/2022\/04\/team-crop.png?fit=1920%2C906&ssl=1","datePublished":"2023-04-21T14:55:49+00:00","dateModified":"2023-11-22T09:01:52+00:00","breadcrumb":{"@id":"https:\/\/www.fivette.be\/nl\/ons-centrum\/organisatie-van-het-centrum\/#breadcrumb"},"inLanguage":"nl-NL","potentialAction":[{"@type":"ReadAction","target":["https:\/\/www.fivette.be\/nl\/ons-centrum\/organisatie-van-het-centrum\/"]}]},{"@type":"ImageObject","inLanguage":"nl-NL","@id":"https:\/\/www.fivette.be\/nl\/ons-centrum\/organisatie-van-het-centrum\/#primaryimage","url":"https:\/\/i0.wp.com\/www.fivette.be\/wp-content\/uploads\/2022\/04\/team-crop.png?fit=1920%2C906&ssl=1","contentUrl":"https:\/\/i0.wp.com\/www.fivette.be\/wp-content\/uploads\/2022\/04\/team-crop.png?fit=1920%2C906&ssl=1","width":1920,"height":906},{"@type":"BreadcrumbList","@id":"https:\/\/www.fivette.be\/nl\/ons-centrum\/organisatie-van-het-centrum\/#breadcrumb","itemListElement":[{"@type":"ListItem","position":1,"name":"Home","item":"https:\/\/www.fivette.be\/nl\/heeft-u-een-kinderwens\/"},{"@type":"ListItem","position":2,"name":"Ons centrum","item":"https:\/\/www.fivette.be\/nl\/ons-centrum\/"},{"@type":"ListItem","position":3,"name":"Organisatie van het centrum"}]},{"@type":"WebSite","@id":"https:\/\/www.fivette.be\/#website","url":"https:\/\/www.fivette.be\/","name":"Fivette.be - Le centre de Procr\u00e9ation M\u00e9dicalement Assist\u00e9e du CHU Saint-Pierre","description":"Le centre de PMA du CHU Saint-Pierre","publisher":{"@id":"https:\/\/www.fivette.be\/#organization"},"potentialAction":[{"@type":"SearchAction","target":{"@type":"EntryPoint","urlTemplate":"https:\/\/www.fivette.be\/?s={search_term_string}"},"query-input":{"@type":"PropertyValueSpecification","valueRequired":true,"valueName":"search_term_string"}}],"inLanguage":"nl-NL"},{"@type":"Organization","@id":"https:\/\/www.fivette.be\/#organization","name":"Fivette.be - Le centre de Procr\u00e9ation M\u00e9dicalement Assist\u00e9e du CHU Saint-Pierre","url":"https:\/\/www.fivette.be\/","logo":{"@type":"ImageObject","inLanguage":"nl-NL","@id":"https:\/\/www.fivette.be\/#\/schema\/logo\/image\/","url":"http:\/\/fivette.be\/wp-content\/uploads\/2023\/01\/PMAlogocolorSP.png","contentUrl":"http:\/\/fivette.be\/wp-content\/uploads\/2023\/01\/PMAlogocolorSP.png","width":289,"height":251,"caption":"Fivette.be - Le centre de Procr\u00e9ation M\u00e9dicalement Assist\u00e9e du CHU Saint-Pierre"},"image":{"@id":"https:\/\/www.fivette.be\/#\/schema\/logo\/image\/"}}]}},"jetpack_sharing_enabled":true,"_links":{"self":[{"href":"https:\/\/www.fivette.be\/nl\/wp-json\/wp\/v2\/pages\/5454","targetHints":{"allow":["GET"]}}],"collection":[{"href":"https:\/\/www.fivette.be\/nl\/wp-json\/wp\/v2\/pages"}],"about":[{"href":"https:\/\/www.fivette.be\/nl\/wp-json\/wp\/v2\/types\/page"}],"author":[{"embeddable":true,"href":"https:\/\/www.fivette.be\/nl\/wp-json\/wp\/v2\/users\/1"}],"replies":[{"embeddable":true,"href":"https:\/\/www.fivette.be\/nl\/wp-json\/wp\/v2\/comments?post=5454"}],"version-history":[{"count":9,"href":"https:\/\/www.fivette.be\/nl\/wp-json\/wp\/v2\/pages\/5454\/revisions"}],"predecessor-version":[{"id":5810,"href":"https:\/\/www.fivette.be\/nl\/wp-json\/wp\/v2\/pages\/5454\/revisions\/5810"}],"up":[{"embeddable":true,"href":"https:\/\/www.fivette.be\/nl\/wp-json\/wp\/v2\/pages\/5438"}],"wp:featuredmedia":[{"embeddable":true,"href":"https:\/\/www.fivette.be\/nl\/wp-json\/wp\/v2\/media\/5458"}],"wp:attachment":[{"href":"https:\/\/www.fivette.be\/nl\/wp-json\/wp\/v2\/media?parent=5454"}],"wp:term":[{"taxonomy":"category","embeddable":true,"href":"https:\/\/www.fivette.be\/nl\/wp-json\/wp\/v2\/categories?post=5454"},{"taxonomy":"post_tag","embeddable":true,"href":"https:\/\/www.fivette.be\/nl\/wp-json\/wp\/v2\/tags?post=5454"}],"curies":[{"name":"wp","href":"https:\/\/api.w.org\/{rel}","templated":true}]}}