{"id":5478,"date":"2023-04-23T15:09:23","date_gmt":"2023-04-23T13:09:23","guid":{"rendered":"http:\/\/10.14.1.27\/fivette\/ons-laboratorium\/"},"modified":"2023-11-21T17:36:17","modified_gmt":"2023-11-21T16:36:17","slug":"ons-laboratorium","status":"publish","type":"page","link":"https:\/\/www.fivette.be\/nl\/ons-laboratorium\/","title":{"rendered":"Ons laboratorium"},"content":{"rendered":"<p>[et_pb_section fb_built=&#8221;1&#8243; admin_label=&#8221;Hero&#8221; _builder_version=&#8221;4.16&#8243; min_height=&#8221;96px&#8221; custom_padding=&#8221;0|0px|6px|0px|false|false&#8221; bottom_divider_height=&#8221;0px&#8221; border_width_bottom=&#8221;1px&#8221; border_color_bottom=&#8221;#efefef&#8221; global_colors_info=&#8221;{}&#8221;][et_pb_row column_structure=&#8221;1_3,1_3,1_3&#8243; make_equal=&#8221;on&#8221; module_class=&#8221;gq_r_fixed_buttons&#8221; _builder_version=&#8221;4.17.3&#8243; _module_preset=&#8221;default&#8221; width=&#8221;100%&#8221; global_colors_info=&#8221;{}&#8221;][et_pb_column type=&#8221;1_3&#8243; _builder_version=&#8221;4.17.3&#8243; _module_preset=&#8221;default&#8221; global_colors_info=&#8221;{}&#8221;][et_pb_cta title=&#8221;Sperma invriezen&#8221; button_url=&#8221;@ET-DC@eyJkeW5hbWljIjp0cnVlLCJjb250ZW50IjoicG9zdF9saW5rX3VybF9wYWdlIiwic2V0dGluZ3MiOnsicG9zdF9pZCI6IjQyNTYifX0=@&#8221; button_text=&#8221;Verkennen&#8221; module_class=&#8221;gq_r_fixed_buttons&#8221; _builder_version=&#8221;4.18.0&#8243; _dynamic_attributes=&#8221;button_url&#8221; _module_preset=&#8221;default&#8221; header_font=&#8221;|||||on|||&#8221; background_color=&#8221;#FFFFFF&#8221; custom_button=&#8221;on&#8221; button_text_size=&#8221;16px&#8221; button_text_color=&#8221;#FFFFFF&#8221; button_bg_color=&#8221;#F7C504&#8243; button_border_color=&#8221;#FFFFFF&#8221; button_border_radius=&#8221;210px&#8221; button_use_icon=&#8221;off&#8221; button_alignment=&#8221;center&#8221; button_rel=&#8221;off|off|off|off|off&#8221; transform_translate_linked=&#8221;off&#8221; text_orientation=&#8221;left&#8221; background_layout=&#8221;light&#8221; height=&#8221;250px&#8221; border_width_left=&#8221;3px&#8221; border_color_left=&#8221;#F7C504&#8243; box_shadow_style=&#8221;preset1&#8243; box_shadow_style_button=&#8221;preset1&#8243; global_colors_info=&#8221;{}&#8221; transform_styles__hover_enabled=&#8221;on|hover&#8221; transform_scale__hover_enabled=&#8221;on|desktop&#8221; transform_translate__hover=&#8221;0px|-20px&#8221; transform_translate__hover_enabled=&#8221;on|hover&#8221; transform_rotate__hover_enabled=&#8221;on|desktop&#8221; transform_skew__hover_enabled=&#8221;on|desktop&#8221; transform_origin__hover_enabled=&#8221;on|desktop&#8221;]<\/p>\n<p>Invriezen van uw zaadcellen<\/p>\n<p>[\/et_pb_cta][\/et_pb_column][et_pb_column type=&#8221;1_3&#8243; _builder_version=&#8221;4.17.3&#8243; _module_preset=&#8221;default&#8221; global_colors_info=&#8221;{}&#8221;][et_pb_cta title=&#8221;Vitrificatie van eicellen&#8221; button_url=&#8221;@ET-DC@eyJkeW5hbWljIjp0cnVlLCJjb250ZW50IjoicG9zdF9saW5rX3VybF9wYWdlIiwic2V0dGluZ3MiOnsicG9zdF9pZCI6IjQyNjcifX0=@&#8221; button_text=&#8221;Verkennen&#8221; module_class=&#8221;gq_r_fixed_buttons&#8221; _builder_version=&#8221;4.18.0&#8243; _dynamic_attributes=&#8221;button_url&#8221; _module_preset=&#8221;default&#8221; header_font=&#8221;|||||on|||&#8221; background_color=&#8221;#FFFFFF&#8221; custom_button=&#8221;on&#8221; button_text_size=&#8221;16px&#8221; button_text_color=&#8221;#FFFFFF&#8221; button_bg_color=&#8221;#AEC737&#8243; button_border_color=&#8221;#FFFFFF&#8221; button_border_radius=&#8221;210px&#8221; button_use_icon=&#8221;off&#8221; button_alignment=&#8221;center&#8221; button_rel=&#8221;off|off|off|off|off&#8221; text_orientation=&#8221;left&#8221; background_layout=&#8221;light&#8221; height=&#8221;250px&#8221; border_color_all=&#8221;#49CBC7&#8243; border_width_left=&#8221;3px&#8221; border_color_left=&#8221;#AEC737&#8243; box_shadow_style=&#8221;preset1&#8243; box_shadow_style_button=&#8221;preset1&#8243; global_colors_info=&#8221;{}&#8221; transform_styles__hover_enabled=&#8221;on|hover&#8221; transform_scale__hover_enabled=&#8221;on|desktop&#8221; transform_translate__hover=&#8221;0px|-20px&#8221; transform_translate__hover_enabled=&#8221;on|hover&#8221; transform_rotate__hover_enabled=&#8221;on|desktop&#8221; transform_skew__hover_enabled=&#8221;on|desktop&#8221; transform_origin__hover_enabled=&#8221;on|desktop&#8221;]<\/p>\n<p>Eicelinvriezing<\/p>\n<p>[\/et_pb_cta][\/et_pb_column][et_pb_column type=&#8221;1_3&#8243; _builder_version=&#8221;4.17.3&#8243; _module_preset=&#8221;default&#8221; global_colors_info=&#8221;{}&#8221;][et_pb_cta title=&#8221;Spermavoorbereiding&#8221; button_url=&#8221;@ET-DC@eyJkeW5hbWljIjp0cnVlLCJjb250ZW50IjoicG9zdF9saW5rX3VybF9wYWdlIiwic2V0dGluZ3MiOnsicG9zdF9pZCI6IjQzNTAifX0=@&#8221; button_text=&#8221;Verkennen&#8221; _builder_version=&#8221;4.18.0&#8243; _dynamic_attributes=&#8221;button_url&#8221; _module_preset=&#8221;default&#8221; header_font=&#8221;|||||on|||&#8221; background_color=&#8221;#FFFFFF&#8221; custom_button=&#8221;on&#8221; button_text_size=&#8221;16px&#8221; button_text_color=&#8221;#FFFFFF&#8221; button_bg_color=&#8221;#AA356E&#8221; button_border_color=&#8221;#FFFFFF&#8221; button_border_radius=&#8221;210px&#8221; button_use_icon=&#8221;off&#8221; button_alignment=&#8221;center&#8221; button_rel=&#8221;off|off|off|off|off&#8221; transform_translate_linked=&#8221;off&#8221; text_orientation=&#8221;left&#8221; background_layout=&#8221;light&#8221; height=&#8221;250px&#8221; border_width_left=&#8221;3px&#8221; border_color_left=&#8221;#AA356E&#8221; box_shadow_style=&#8221;preset1&#8243; box_shadow_style_button=&#8221;preset1&#8243; global_colors_info=&#8221;{}&#8221; transform_styles__hover_enabled=&#8221;on|hover&#8221; transform_scale__hover_enabled=&#8221;on|desktop&#8221; transform_translate__hover=&#8221;0px|-20px&#8221; transform_translate__hover_enabled=&#8221;on|hover&#8221; transform_rotate__hover_enabled=&#8221;on|desktop&#8221; transform_skew__hover_enabled=&#8221;on|desktop&#8221; transform_origin__hover_enabled=&#8221;on|desktop&#8221;]<\/p>\n<p>Behandeling van uw spermamonster<\/p>\n<p>[\/et_pb_cta][\/et_pb_column][\/et_pb_row][et_pb_row column_structure=&#8221;1_4,1_4,1_4,1_4&#8243; make_equal=&#8221;on&#8221; module_class=&#8221;gq_r_fixed_buttons&#8221; _builder_version=&#8221;4.18.0&#8243; _module_preset=&#8221;default&#8221; width=&#8221;100%&#8221; global_colors_info=&#8221;{}&#8221;][et_pb_column type=&#8221;1_4&#8243; _builder_version=&#8221;4.17.3&#8243; _module_preset=&#8221;default&#8221; global_colors_info=&#8221;{}&#8221;][et_pb_cta title=&#8221;Afname van eicellen&#8221; button_url=&#8221;@ET-DC@eyJkeW5hbWljIjp0cnVlLCJjb250ZW50IjoicG9zdF9saW5rX3VybF9wYWdlIiwic2V0dGluZ3MiOnsicG9zdF9pZCI6IjQzNDgifX0=@&#8221; button_text=&#8221;Verkennen&#8221; module_class=&#8221;gq_r_fixed_buttons&#8221; _builder_version=&#8221;4.18.0&#8243; _dynamic_attributes=&#8221;button_url&#8221; _module_preset=&#8221;default&#8221; header_font=&#8221;|||||on|||&#8221; background_color=&#8221;#FFFFFF&#8221; custom_button=&#8221;on&#8221; button_text_size=&#8221;16px&#8221; button_text_color=&#8221;#FFFFFF&#8221; button_bg_color=&#8221;#E83B42&#8243; button_border_color=&#8221;#FFFFFF&#8221; button_border_radius=&#8221;210px&#8221; button_icon_color=&#8221;#E83B42&#8243; button_alignment=&#8221;center&#8221; button_rel=&#8221;off|off|off|off|off&#8221; transform_translate_linked=&#8221;off&#8221; text_orientation=&#8221;left&#8221; background_layout=&#8221;light&#8221; height=&#8221;250px&#8221; border_color_all=&#8221;#E83B42&#8243; border_width_left=&#8221;3px&#8221; box_shadow_style=&#8221;preset1&#8243; box_shadow_style_button=&#8221;preset1&#8243; global_colors_info=&#8221;{}&#8221; transform_styles__hover_enabled=&#8221;on|hover&#8221; transform_scale__hover_enabled=&#8221;on|desktop&#8221; transform_translate__hover=&#8221;0px|-20px&#8221; transform_translate__hover_enabled=&#8221;on|hover&#8221; transform_rotate__hover_enabled=&#8221;on|desktop&#8221; transform_skew__hover_enabled=&#8221;on|desktop&#8221; transform_origin__hover_enabled=&#8221;on|desktop&#8221;]<\/p>\n<p>Uw eicelpunctie in de operatiekamer<\/p>\n<p>[\/et_pb_cta][\/et_pb_column][et_pb_column type=&#8221;1_4&#8243; _builder_version=&#8221;4.17.3&#8243; _module_preset=&#8221;default&#8221; global_colors_info=&#8221;{}&#8221;][et_pb_cta title=&#8221;Embryokweek&#8221; button_url=&#8221;@ET-DC@eyJkeW5hbWljIjp0cnVlLCJjb250ZW50IjoicG9zdF9saW5rX3VybF9wYWdlIiwic2V0dGluZ3MiOnsicG9zdF9pZCI6IjQzNDQifX0=@&#8221; button_text=&#8221;Verkennen&#8221; module_class=&#8221;gq_r_fixed_buttons&#8221; _builder_version=&#8221;4.18.0&#8243; _dynamic_attributes=&#8221;button_url&#8221; _module_preset=&#8221;default&#8221; header_font=&#8221;|||||on|||&#8221; background_color=&#8221;#FFFFFF&#8221; custom_button=&#8221;on&#8221; button_text_size=&#8221;16px&#8221; button_text_color=&#8221;#FFFFFF&#8221; button_bg_color=&#8221;#F18D21&#8243; button_border_color=&#8221;#FFFFFF&#8221; button_border_radius=&#8221;210px&#8221; button_use_icon=&#8221;off&#8221; button_alignment=&#8221;center&#8221; button_rel=&#8221;off|off|off|off|off&#8221; text_orientation=&#8221;left&#8221; background_layout=&#8221;light&#8221; height=&#8221;250px&#8221; border_color_all=&#8221;#F18D21&#8243; border_width_left=&#8221;3px&#8221; box_shadow_style=&#8221;preset1&#8243; box_shadow_style_button=&#8221;preset1&#8243; global_colors_info=&#8221;{}&#8221; transform_styles__hover_enabled=&#8221;on|hover&#8221; transform_scale__hover_enabled=&#8221;on|desktop&#8221; transform_translate__hover=&#8221;0px|-20px&#8221; transform_translate__hover_enabled=&#8221;on|hover&#8221; transform_rotate__hover_enabled=&#8221;on|desktop&#8221; transform_skew__hover_enabled=&#8221;on|desktop&#8221; transform_origin__hover_enabled=&#8221;on|desktop&#8221;]<\/p>\n<p>Het volgen van de embryonale ontwikkeling<\/p>\n<p>[\/et_pb_cta][\/et_pb_column][et_pb_column type=&#8221;1_4&#8243; _builder_version=&#8221;4.17.3&#8243; _module_preset=&#8221;default&#8221; global_colors_info=&#8221;{}&#8221;][et_pb_cta title=&#8221;Infecties&#8221; button_url=&#8221;@ET-DC@eyJkeW5hbWljIjp0cnVlLCJjb250ZW50IjoicG9zdF9saW5rX3VybF9wYWdlIiwic2V0dGluZ3MiOnsicG9zdF9pZCI6IjQ3MjQifX0=@&#8221; button_text=&#8221;Verkennen&#8221; _builder_version=&#8221;4.18.0&#8243; _dynamic_attributes=&#8221;button_url&#8221; _module_preset=&#8221;default&#8221; header_font=&#8221;|||||on|||&#8221; background_color=&#8221;#FFFFFF&#8221; custom_button=&#8221;on&#8221; button_text_size=&#8221;16px&#8221; button_text_color=&#8221;#FFFFFF&#8221; button_bg_color=&#8221;#00B9B4&#8243; button_border_color=&#8221;#FFFFFF&#8221; button_border_radius=&#8221;210px&#8221; button_use_icon=&#8221;off&#8221; button_alignment=&#8221;center&#8221; button_rel=&#8221;off|off|off|off|off&#8221; transform_translate_linked=&#8221;off&#8221; text_orientation=&#8221;left&#8221; background_layout=&#8221;light&#8221; height=&#8221;250px&#8221; border_width_left=&#8221;3px&#8221; border_color_left=&#8221;#00B9B4&#8243; box_shadow_style=&#8221;preset1&#8243; box_shadow_style_button=&#8221;preset1&#8243; global_colors_info=&#8221;{}&#8221; transform_styles__hover_enabled=&#8221;on|hover&#8221; transform_scale__hover_enabled=&#8221;on|desktop&#8221; transform_translate__hover=&#8221;0px|-20px&#8221; transform_translate__hover_enabled=&#8221;on|hover&#8221; transform_rotate__hover_enabled=&#8221;on|desktop&#8221; transform_skew__hover_enabled=&#8221;on|desktop&#8221; transform_origin__hover_enabled=&#8221;on|desktop&#8221;]<\/p>\n<p>Behandeling van pati\u00ebnten met een infectieziekte<\/p>\n<p>[\/et_pb_cta][\/et_pb_column][et_pb_column type=&#8221;1_4&#8243; _builder_version=&#8221;4.17.3&#8243; _module_preset=&#8221;default&#8221; global_colors_info=&#8221;{}&#8221;][et_pb_cta title=&#8221;Spermabank&#8221; button_url=&#8221;@ET-DC@eyJkeW5hbWljIjp0cnVlLCJjb250ZW50IjoicG9zdF9saW5rX3VybF9wYWdlIiwic2V0dGluZ3MiOnsicG9zdF9pZCI6IjQ4NTEifX0=@&#8221; button_text=&#8221;Verkennen&#8221; _builder_version=&#8221;4.18.0&#8243; _dynamic_attributes=&#8221;button_url&#8221; _module_preset=&#8221;default&#8221; header_font=&#8221;|||||on|||&#8221; background_color=&#8221;#FFFFFF&#8221; custom_button=&#8221;on&#8221; button_text_size=&#8221;16px&#8221; button_text_color=&#8221;#FFFFFF&#8221; button_bg_color=&#8221;#E83E7D&#8221; button_border_color=&#8221;#FFFFFF&#8221; button_border_radius=&#8221;210px&#8221; button_use_icon=&#8221;off&#8221; button_alignment=&#8221;center&#8221; button_rel=&#8221;off|off|off|off|off&#8221; transform_translate_linked=&#8221;off&#8221; text_orientation=&#8221;left&#8221; background_layout=&#8221;light&#8221; height=&#8221;250px&#8221; border_color_all=&#8221;#E93FA8&#8243; border_width_left=&#8221;3px&#8221; border_color_left=&#8221;#E83E7D&#8221; box_shadow_style=&#8221;preset1&#8243; box_shadow_style_button=&#8221;preset1&#8243; global_colors_info=&#8221;{}&#8221; transform_styles__hover_enabled=&#8221;on|hover&#8221; transform_scale__hover_enabled=&#8221;on|desktop&#8221; transform_translate__hover=&#8221;0px|-20px&#8221; transform_translate__hover_enabled=&#8221;on|hover&#8221; transform_rotate__hover_enabled=&#8221;on|desktop&#8221; transform_skew__hover_enabled=&#8221;on|desktop&#8221; transform_origin__hover_enabled=&#8221;on|desktop&#8221;]<\/p>\n<p>U wilt een anonieme donor zijn<\/p>\n<p>[\/et_pb_cta][\/et_pb_column][\/et_pb_row][\/et_pb_section]<\/p>\n","protected":false},"excerpt":{"rendered":"<p>Ons nieuwe laboratorium werd geopend in 2017 en zorgt voor een optimale behandeling van uw geslachtscellen.<\/p>\n","protected":false},"author":1,"featured_media":5480,"parent":0,"menu_order":0,"comment_status":"closed","ping_status":"closed","template":"","meta":{"_acf_changed":false,"_et_pb_use_builder":"on","_et_pb_old_content":"","_et_gb_content_width":"","footnotes":""},"categories":[567],"tags":[],"class_list":["post-5478","page","type-page","status-publish","has-post-thumbnail","hentry","category-pagina-menu"],"acf":[],"yoast_head":"<!-- This site is optimized with the Yoast SEO plugin v27.4 - https:\/\/yoast.com\/product\/yoast-seo-wordpress\/ -->\n<title>Ons laboratorium - Fivette.be<\/title>\n<meta name=\"robots\" content=\"index, follow, max-snippet:-1, max-image-preview:large, max-video-preview:-1\" \/>\n<link rel=\"canonical\" href=\"https:\/\/www.fivette.be\/nl\/ons-laboratorium\/\" \/>\n<meta property=\"og:locale\" content=\"nl_NL\" \/>\n<meta property=\"og:type\" content=\"article\" \/>\n<meta property=\"og:title\" content=\"Ons laboratorium - Fivette.be\" \/>\n<meta property=\"og:description\" content=\"Ons nieuwe laboratorium werd geopend in 2017 en zorgt voor een optimale behandeling van uw geslachtscellen.\" \/>\n<meta property=\"og:site_name\" content=\"Fivette.be\" \/>\n<meta property=\"article:modified_time\" content=\"2023-11-21T16:36:17+00:00\" \/>\n<meta property=\"og:image\" content=\"https:\/\/i0.wp.com\/www.fivette.be\/wp-content\/uploads\/2022\/11\/labo-scaled.jpg?fit=2560%2C1586&ssl=1\" \/>\n\t<meta property=\"og:image:width\" content=\"2560\" \/>\n\t<meta property=\"og:image:height\" content=\"1586\" \/>\n\t<meta property=\"og:image:type\" content=\"image\/jpeg\" \/>\n<meta name=\"twitter:card\" content=\"summary_large_image\" \/>\n<meta name=\"twitter:label1\" content=\"Geschatte leestijd\" \/>\n\t<meta name=\"twitter:data1\" content=\"7 minuten\" \/>\n<script type=\"application\/ld+json\" class=\"yoast-schema-graph\">{\"@context\":\"https:\\\/\\\/schema.org\",\"@graph\":[{\"@type\":\"WebPage\",\"@id\":\"https:\\\/\\\/www.fivette.be\\\/nl\\\/ons-laboratorium\\\/\",\"url\":\"https:\\\/\\\/www.fivette.be\\\/nl\\\/ons-laboratorium\\\/\",\"name\":\"Ons laboratorium - Fivette.be\",\"isPartOf\":{\"@id\":\"https:\\\/\\\/www.fivette.be\\\/#website\"},\"primaryImageOfPage\":{\"@id\":\"https:\\\/\\\/www.fivette.be\\\/nl\\\/ons-laboratorium\\\/#primaryimage\"},\"image\":{\"@id\":\"https:\\\/\\\/www.fivette.be\\\/nl\\\/ons-laboratorium\\\/#primaryimage\"},\"thumbnailUrl\":\"https:\\\/\\\/i0.wp.com\\\/www.fivette.be\\\/wp-content\\\/uploads\\\/2022\\\/11\\\/labo-scaled.jpg?fit=2560%2C1586&ssl=1\",\"datePublished\":\"2023-04-23T13:09:23+00:00\",\"dateModified\":\"2023-11-21T16:36:17+00:00\",\"breadcrumb\":{\"@id\":\"https:\\\/\\\/www.fivette.be\\\/nl\\\/ons-laboratorium\\\/#breadcrumb\"},\"inLanguage\":\"nl-NL\",\"potentialAction\":[{\"@type\":\"ReadAction\",\"target\":[\"https:\\\/\\\/www.fivette.be\\\/nl\\\/ons-laboratorium\\\/\"]}]},{\"@type\":\"ImageObject\",\"inLanguage\":\"nl-NL\",\"@id\":\"https:\\\/\\\/www.fivette.be\\\/nl\\\/ons-laboratorium\\\/#primaryimage\",\"url\":\"https:\\\/\\\/i0.wp.com\\\/www.fivette.be\\\/wp-content\\\/uploads\\\/2022\\\/11\\\/labo-scaled.jpg?fit=2560%2C1586&ssl=1\",\"contentUrl\":\"https:\\\/\\\/i0.wp.com\\\/www.fivette.be\\\/wp-content\\\/uploads\\\/2022\\\/11\\\/labo-scaled.jpg?fit=2560%2C1586&ssl=1\",\"width\":2560,\"height\":1586},{\"@type\":\"BreadcrumbList\",\"@id\":\"https:\\\/\\\/www.fivette.be\\\/nl\\\/ons-laboratorium\\\/#breadcrumb\",\"itemListElement\":[{\"@type\":\"ListItem\",\"position\":1,\"name\":\"Home\",\"item\":\"https:\\\/\\\/www.fivette.be\\\/nl\\\/heeft-u-een-kinderwens\\\/\"},{\"@type\":\"ListItem\",\"position\":2,\"name\":\"Ons laboratorium\"}]},{\"@type\":\"WebSite\",\"@id\":\"https:\\\/\\\/www.fivette.be\\\/#website\",\"url\":\"https:\\\/\\\/www.fivette.be\\\/\",\"name\":\"Fivette.be - Le centre de Procr\u00e9ation M\u00e9dicalement Assist\u00e9e du CHU Saint-Pierre\",\"description\":\"Le centre de PMA du CHU Saint-Pierre\",\"publisher\":{\"@id\":\"https:\\\/\\\/www.fivette.be\\\/#organization\"},\"potentialAction\":[{\"@type\":\"SearchAction\",\"target\":{\"@type\":\"EntryPoint\",\"urlTemplate\":\"https:\\\/\\\/www.fivette.be\\\/?s={search_term_string}\"},\"query-input\":{\"@type\":\"PropertyValueSpecification\",\"valueRequired\":true,\"valueName\":\"search_term_string\"}}],\"inLanguage\":\"nl-NL\"},{\"@type\":\"Organization\",\"@id\":\"https:\\\/\\\/www.fivette.be\\\/#organization\",\"name\":\"Fivette.be - Le centre de Procr\u00e9ation M\u00e9dicalement Assist\u00e9e du CHU Saint-Pierre\",\"url\":\"https:\\\/\\\/www.fivette.be\\\/\",\"logo\":{\"@type\":\"ImageObject\",\"inLanguage\":\"nl-NL\",\"@id\":\"https:\\\/\\\/www.fivette.be\\\/#\\\/schema\\\/logo\\\/image\\\/\",\"url\":\"http:\\\/\\\/fivette.be\\\/wp-content\\\/uploads\\\/2023\\\/01\\\/PMAlogocolorSP.png\",\"contentUrl\":\"http:\\\/\\\/fivette.be\\\/wp-content\\\/uploads\\\/2023\\\/01\\\/PMAlogocolorSP.png\",\"width\":289,\"height\":251,\"caption\":\"Fivette.be - Le centre de Procr\u00e9ation M\u00e9dicalement Assist\u00e9e du CHU Saint-Pierre\"},\"image\":{\"@id\":\"https:\\\/\\\/www.fivette.be\\\/#\\\/schema\\\/logo\\\/image\\\/\"}}]}<\/script>\n<!-- \/ Yoast SEO plugin. -->","yoast_head_json":{"title":"Ons laboratorium - Fivette.be","robots":{"index":"index","follow":"follow","max-snippet":"max-snippet:-1","max-image-preview":"max-image-preview:large","max-video-preview":"max-video-preview:-1"},"canonical":"https:\/\/www.fivette.be\/nl\/ons-laboratorium\/","og_locale":"nl_NL","og_type":"article","og_title":"Ons laboratorium - Fivette.be","og_description":"Ons nieuwe laboratorium werd geopend in 2017 en zorgt voor een optimale behandeling van uw geslachtscellen.","og_site_name":"Fivette.be","article_modified_time":"2023-11-21T16:36:17+00:00","og_image":[{"width":2560,"height":1586,"url":"https:\/\/i0.wp.com\/www.fivette.be\/wp-content\/uploads\/2022\/11\/labo-scaled.jpg?fit=2560%2C1586&ssl=1","type":"image\/jpeg"}],"twitter_card":"summary_large_image","twitter_misc":{"Geschatte leestijd":"7 minuten"},"schema":{"@context":"https:\/\/schema.org","@graph":[{"@type":"WebPage","@id":"https:\/\/www.fivette.be\/nl\/ons-laboratorium\/","url":"https:\/\/www.fivette.be\/nl\/ons-laboratorium\/","name":"Ons laboratorium - Fivette.be","isPartOf":{"@id":"https:\/\/www.fivette.be\/#website"},"primaryImageOfPage":{"@id":"https:\/\/www.fivette.be\/nl\/ons-laboratorium\/#primaryimage"},"image":{"@id":"https:\/\/www.fivette.be\/nl\/ons-laboratorium\/#primaryimage"},"thumbnailUrl":"https:\/\/i0.wp.com\/www.fivette.be\/wp-content\/uploads\/2022\/11\/labo-scaled.jpg?fit=2560%2C1586&ssl=1","datePublished":"2023-04-23T13:09:23+00:00","dateModified":"2023-11-21T16:36:17+00:00","breadcrumb":{"@id":"https:\/\/www.fivette.be\/nl\/ons-laboratorium\/#breadcrumb"},"inLanguage":"nl-NL","potentialAction":[{"@type":"ReadAction","target":["https:\/\/www.fivette.be\/nl\/ons-laboratorium\/"]}]},{"@type":"ImageObject","inLanguage":"nl-NL","@id":"https:\/\/www.fivette.be\/nl\/ons-laboratorium\/#primaryimage","url":"https:\/\/i0.wp.com\/www.fivette.be\/wp-content\/uploads\/2022\/11\/labo-scaled.jpg?fit=2560%2C1586&ssl=1","contentUrl":"https:\/\/i0.wp.com\/www.fivette.be\/wp-content\/uploads\/2022\/11\/labo-scaled.jpg?fit=2560%2C1586&ssl=1","width":2560,"height":1586},{"@type":"BreadcrumbList","@id":"https:\/\/www.fivette.be\/nl\/ons-laboratorium\/#breadcrumb","itemListElement":[{"@type":"ListItem","position":1,"name":"Home","item":"https:\/\/www.fivette.be\/nl\/heeft-u-een-kinderwens\/"},{"@type":"ListItem","position":2,"name":"Ons laboratorium"}]},{"@type":"WebSite","@id":"https:\/\/www.fivette.be\/#website","url":"https:\/\/www.fivette.be\/","name":"Fivette.be - Le centre de Procr\u00e9ation M\u00e9dicalement Assist\u00e9e du CHU Saint-Pierre","description":"Le centre de PMA du CHU Saint-Pierre","publisher":{"@id":"https:\/\/www.fivette.be\/#organization"},"potentialAction":[{"@type":"SearchAction","target":{"@type":"EntryPoint","urlTemplate":"https:\/\/www.fivette.be\/?s={search_term_string}"},"query-input":{"@type":"PropertyValueSpecification","valueRequired":true,"valueName":"search_term_string"}}],"inLanguage":"nl-NL"},{"@type":"Organization","@id":"https:\/\/www.fivette.be\/#organization","name":"Fivette.be - Le centre de Procr\u00e9ation M\u00e9dicalement Assist\u00e9e du CHU Saint-Pierre","url":"https:\/\/www.fivette.be\/","logo":{"@type":"ImageObject","inLanguage":"nl-NL","@id":"https:\/\/www.fivette.be\/#\/schema\/logo\/image\/","url":"http:\/\/fivette.be\/wp-content\/uploads\/2023\/01\/PMAlogocolorSP.png","contentUrl":"http:\/\/fivette.be\/wp-content\/uploads\/2023\/01\/PMAlogocolorSP.png","width":289,"height":251,"caption":"Fivette.be - Le centre de Procr\u00e9ation M\u00e9dicalement Assist\u00e9e du CHU Saint-Pierre"},"image":{"@id":"https:\/\/www.fivette.be\/#\/schema\/logo\/image\/"}}]}},"jetpack_sharing_enabled":true,"_links":{"self":[{"href":"https:\/\/www.fivette.be\/nl\/wp-json\/wp\/v2\/pages\/5478","targetHints":{"allow":["GET"]}}],"collection":[{"href":"https:\/\/www.fivette.be\/nl\/wp-json\/wp\/v2\/pages"}],"about":[{"href":"https:\/\/www.fivette.be\/nl\/wp-json\/wp\/v2\/types\/page"}],"author":[{"embeddable":true,"href":"https:\/\/www.fivette.be\/nl\/wp-json\/wp\/v2\/users\/1"}],"replies":[{"embeddable":true,"href":"https:\/\/www.fivette.be\/nl\/wp-json\/wp\/v2\/comments?post=5478"}],"version-history":[{"count":7,"href":"https:\/\/www.fivette.be\/nl\/wp-json\/wp\/v2\/pages\/5478\/revisions"}],"predecessor-version":[{"id":5796,"href":"https:\/\/www.fivette.be\/nl\/wp-json\/wp\/v2\/pages\/5478\/revisions\/5796"}],"wp:featuredmedia":[{"embeddable":true,"href":"https:\/\/www.fivette.be\/nl\/wp-json\/wp\/v2\/media\/5480"}],"wp:attachment":[{"href":"https:\/\/www.fivette.be\/nl\/wp-json\/wp\/v2\/media?parent=5478"}],"wp:term":[{"taxonomy":"category","embeddable":true,"href":"https:\/\/www.fivette.be\/nl\/wp-json\/wp\/v2\/categories?post=5478"},{"taxonomy":"post_tag","embeddable":true,"href":"https:\/\/www.fivette.be\/nl\/wp-json\/wp\/v2\/tags?post=5478"}],"curies":[{"name":"wp","href":"https:\/\/api.w.org\/{rel}","templated":true}]}}