{"id":5488,"date":"2023-04-23T15:20:57","date_gmt":"2023-04-23T13:20:57","guid":{"rendered":"http:\/\/10.14.1.27\/fivette\/ons-laboratorium\/spermabank\/"},"modified":"2023-11-27T11:22:47","modified_gmt":"2023-11-27T10:22:47","slug":"spermabank","status":"publish","type":"page","link":"https:\/\/www.fivette.be\/nl\/ons-laboratorium\/spermabank\/","title":{"rendered":"Spermabank"},"content":{"rendered":"<p>[et_pb_section fb_built=&#8221;1&#8243; _builder_version=&#8221;4.17.3&#8243; _module_preset=&#8221;default&#8221; global_colors_info=&#8221;{}&#8221;][et_pb_row _builder_version=&#8221;4.17.3&#8243; _module_preset=&#8221;default&#8221; global_colors_info=&#8221;{}&#8221;][et_pb_column type=&#8221;4_4&#8243; _builder_version=&#8221;4.17.3&#8243; _module_preset=&#8221;default&#8221; global_colors_info=&#8221;{}&#8221;][et_pb_text _builder_version=&#8221;4.18.0&#8243; _module_preset=&#8221;default&#8221; global_colors_info=&#8221;{}&#8221;]<\/p>\n<h1><span>Spermabank<\/span><\/h1>\n<p><span>De spermabank is een oplossing voor koppels of alleenstaande vrouwen die behoefte hebben aan een donatie van geslachtscellen. Er zijn twee soorten donaties: anoniem of gericht (met een bekende donor). <\/span><\/p>\n<p><span>Helaas kampt Belgi\u00eb met een tekort aan spermadonoren. Daarom werken we samen met buitenlandse spermabanken, voornamelijk in Denemarken. Er is echter ook een spermabank beschikbaar in het UZ Sint-Pieter in Belgi\u00eb.  <\/span><\/p>\n<h2><span>Anonieme donor worden<\/span><\/h2>\n<p><span>Indien u anonieme donor wenst te worden, aarzel dan niet om contact op te nemen met ons secretariaat om een \u200b\u200bafspraak te maken met een van onze artsen. Houd er rekening mee dat er verschillende medische onderzoeken nodig zijn om toestemming te krijgen om donor te worden.<\/span><\/p>\n<p><span>Wij zijn ons ervan bewust dat het besluit om geslachtscellen te doneren een moeilijke keuze kan zijn, maar weet dat uw bijdrage veel koppels kan helpen hun droom om een kind te krijgen te verwezenlijken.<\/span><\/p>\n<p>[\/et_pb_text][\/et_pb_column][\/et_pb_row][\/et_pb_section]<\/p>\n","protected":false},"excerpt":{"rendered":"<p>Wanneer een donatie van geslachtscellen nodig is, bestaat er de anonieme donatie of de gerichte donatie (een bekende donor).<\/p>\n","protected":false},"author":6,"featured_media":5685,"parent":5478,"menu_order":0,"comment_status":"closed","ping_status":"closed","template":"","meta":{"_acf_changed":false,"_et_pb_use_builder":"on","_et_pb_old_content":"","_et_gb_content_width":"","footnotes":""},"categories":[],"tags":[],"class_list":["post-5488","page","type-page","status-publish","has-post-thumbnail","hentry"],"acf":[],"yoast_head":"<!-- This site is optimized with the Yoast SEO plugin v27.4 - https:\/\/yoast.com\/product\/yoast-seo-wordpress\/ -->\n<title>Spermabank - Fivette.be<\/title>\n<meta name=\"description\" content=\"De spermabank is een oplossing voor koppels of alleenstaande vrouwen die behoefte hebben aan een donatie van geslachtscellen.\" \/>\n<meta name=\"robots\" content=\"index, follow, max-snippet:-1, max-image-preview:large, max-video-preview:-1\" \/>\n<link rel=\"canonical\" href=\"https:\/\/www.fivette.be\/nl\/ons-laboratorium\/spermabank\/\" \/>\n<meta property=\"og:locale\" content=\"nl_NL\" \/>\n<meta property=\"og:type\" content=\"article\" \/>\n<meta property=\"og:title\" content=\"Spermabank - Fivette.be\" \/>\n<meta property=\"og:description\" content=\"De spermabank is een oplossing voor koppels of alleenstaande vrouwen die behoefte hebben aan een donatie van geslachtscellen.\" \/>\n<meta property=\"og:site_name\" content=\"Fivette.be\" \/>\n<meta property=\"article:modified_time\" content=\"2023-11-27T10:22:47+00:00\" \/>\n<meta property=\"og:image\" content=\"https:\/\/i0.wp.com\/www.fivette.be\/wp-content\/uploads\/2022\/12\/GettyImages-825356654-scaled.jpg?fit=2560%2C1811&ssl=1\" \/>\n\t<meta property=\"og:image:width\" content=\"2560\" \/>\n\t<meta property=\"og:image:height\" content=\"1811\" \/>\n\t<meta property=\"og:image:type\" content=\"image\/jpeg\" \/>\n<meta name=\"twitter:card\" content=\"summary_large_image\" \/>\n<meta name=\"twitter:label1\" content=\"Geschatte leestijd\" \/>\n\t<meta name=\"twitter:data1\" content=\"1 minuut\" \/>\n<script type=\"application\/ld+json\" class=\"yoast-schema-graph\">{\"@context\":\"https:\\\/\\\/schema.org\",\"@graph\":[{\"@type\":\"WebPage\",\"@id\":\"https:\\\/\\\/www.fivette.be\\\/nl\\\/ons-laboratorium\\\/spermabank\\\/\",\"url\":\"https:\\\/\\\/www.fivette.be\\\/nl\\\/ons-laboratorium\\\/spermabank\\\/\",\"name\":\"Spermabank - Fivette.be\",\"isPartOf\":{\"@id\":\"https:\\\/\\\/www.fivette.be\\\/#website\"},\"primaryImageOfPage\":{\"@id\":\"https:\\\/\\\/www.fivette.be\\\/nl\\\/ons-laboratorium\\\/spermabank\\\/#primaryimage\"},\"image\":{\"@id\":\"https:\\\/\\\/www.fivette.be\\\/nl\\\/ons-laboratorium\\\/spermabank\\\/#primaryimage\"},\"thumbnailUrl\":\"https:\\\/\\\/i0.wp.com\\\/www.fivette.be\\\/wp-content\\\/uploads\\\/2022\\\/12\\\/GettyImages-825356654-scaled.jpg?fit=2560%2C1811&ssl=1\",\"datePublished\":\"2023-04-23T13:20:57+00:00\",\"dateModified\":\"2023-11-27T10:22:47+00:00\",\"description\":\"De spermabank is een oplossing voor koppels of alleenstaande vrouwen die behoefte hebben aan een donatie van geslachtscellen.\",\"breadcrumb\":{\"@id\":\"https:\\\/\\\/www.fivette.be\\\/nl\\\/ons-laboratorium\\\/spermabank\\\/#breadcrumb\"},\"inLanguage\":\"nl-NL\",\"potentialAction\":[{\"@type\":\"ReadAction\",\"target\":[\"https:\\\/\\\/www.fivette.be\\\/nl\\\/ons-laboratorium\\\/spermabank\\\/\"]}]},{\"@type\":\"ImageObject\",\"inLanguage\":\"nl-NL\",\"@id\":\"https:\\\/\\\/www.fivette.be\\\/nl\\\/ons-laboratorium\\\/spermabank\\\/#primaryimage\",\"url\":\"https:\\\/\\\/i0.wp.com\\\/www.fivette.be\\\/wp-content\\\/uploads\\\/2022\\\/12\\\/GettyImages-825356654-scaled.jpg?fit=2560%2C1811&ssl=1\",\"contentUrl\":\"https:\\\/\\\/i0.wp.com\\\/www.fivette.be\\\/wp-content\\\/uploads\\\/2022\\\/12\\\/GettyImages-825356654-scaled.jpg?fit=2560%2C1811&ssl=1\",\"width\":2560,\"height\":1811,\"caption\":\"3d illustration of sperm cells moving to the right\"},{\"@type\":\"BreadcrumbList\",\"@id\":\"https:\\\/\\\/www.fivette.be\\\/nl\\\/ons-laboratorium\\\/spermabank\\\/#breadcrumb\",\"itemListElement\":[{\"@type\":\"ListItem\",\"position\":1,\"name\":\"Home\",\"item\":\"https:\\\/\\\/www.fivette.be\\\/nl\\\/heeft-u-een-kinderwens\\\/\"},{\"@type\":\"ListItem\",\"position\":2,\"name\":\"Ons laboratorium\",\"item\":\"https:\\\/\\\/www.fivette.be\\\/nl\\\/ons-laboratorium\\\/\"},{\"@type\":\"ListItem\",\"position\":3,\"name\":\"Spermabank\"}]},{\"@type\":\"WebSite\",\"@id\":\"https:\\\/\\\/www.fivette.be\\\/#website\",\"url\":\"https:\\\/\\\/www.fivette.be\\\/\",\"name\":\"Fivette.be - Le centre de Procr\u00e9ation M\u00e9dicalement Assist\u00e9e du CHU Saint-Pierre\",\"description\":\"Le centre de PMA du CHU Saint-Pierre\",\"publisher\":{\"@id\":\"https:\\\/\\\/www.fivette.be\\\/#organization\"},\"potentialAction\":[{\"@type\":\"SearchAction\",\"target\":{\"@type\":\"EntryPoint\",\"urlTemplate\":\"https:\\\/\\\/www.fivette.be\\\/?s={search_term_string}\"},\"query-input\":{\"@type\":\"PropertyValueSpecification\",\"valueRequired\":true,\"valueName\":\"search_term_string\"}}],\"inLanguage\":\"nl-NL\"},{\"@type\":\"Organization\",\"@id\":\"https:\\\/\\\/www.fivette.be\\\/#organization\",\"name\":\"Fivette.be - Le centre de Procr\u00e9ation M\u00e9dicalement Assist\u00e9e du CHU Saint-Pierre\",\"url\":\"https:\\\/\\\/www.fivette.be\\\/\",\"logo\":{\"@type\":\"ImageObject\",\"inLanguage\":\"nl-NL\",\"@id\":\"https:\\\/\\\/www.fivette.be\\\/#\\\/schema\\\/logo\\\/image\\\/\",\"url\":\"http:\\\/\\\/fivette.be\\\/wp-content\\\/uploads\\\/2023\\\/01\\\/PMAlogocolorSP.png\",\"contentUrl\":\"http:\\\/\\\/fivette.be\\\/wp-content\\\/uploads\\\/2023\\\/01\\\/PMAlogocolorSP.png\",\"width\":289,\"height\":251,\"caption\":\"Fivette.be - Le centre de Procr\u00e9ation M\u00e9dicalement Assist\u00e9e du CHU Saint-Pierre\"},\"image\":{\"@id\":\"https:\\\/\\\/www.fivette.be\\\/#\\\/schema\\\/logo\\\/image\\\/\"}}]}<\/script>\n<!-- \/ Yoast SEO plugin. -->","yoast_head_json":{"title":"Spermabank - Fivette.be","description":"De spermabank is een oplossing voor koppels of alleenstaande vrouwen die behoefte hebben aan een donatie van geslachtscellen.","robots":{"index":"index","follow":"follow","max-snippet":"max-snippet:-1","max-image-preview":"max-image-preview:large","max-video-preview":"max-video-preview:-1"},"canonical":"https:\/\/www.fivette.be\/nl\/ons-laboratorium\/spermabank\/","og_locale":"nl_NL","og_type":"article","og_title":"Spermabank - Fivette.be","og_description":"De spermabank is een oplossing voor koppels of alleenstaande vrouwen die behoefte hebben aan een donatie van geslachtscellen.","og_site_name":"Fivette.be","article_modified_time":"2023-11-27T10:22:47+00:00","og_image":[{"width":2560,"height":1811,"url":"https:\/\/i0.wp.com\/www.fivette.be\/wp-content\/uploads\/2022\/12\/GettyImages-825356654-scaled.jpg?fit=2560%2C1811&ssl=1","type":"image\/jpeg"}],"twitter_card":"summary_large_image","twitter_misc":{"Geschatte leestijd":"1 minuut"},"schema":{"@context":"https:\/\/schema.org","@graph":[{"@type":"WebPage","@id":"https:\/\/www.fivette.be\/nl\/ons-laboratorium\/spermabank\/","url":"https:\/\/www.fivette.be\/nl\/ons-laboratorium\/spermabank\/","name":"Spermabank - Fivette.be","isPartOf":{"@id":"https:\/\/www.fivette.be\/#website"},"primaryImageOfPage":{"@id":"https:\/\/www.fivette.be\/nl\/ons-laboratorium\/spermabank\/#primaryimage"},"image":{"@id":"https:\/\/www.fivette.be\/nl\/ons-laboratorium\/spermabank\/#primaryimage"},"thumbnailUrl":"https:\/\/i0.wp.com\/www.fivette.be\/wp-content\/uploads\/2022\/12\/GettyImages-825356654-scaled.jpg?fit=2560%2C1811&ssl=1","datePublished":"2023-04-23T13:20:57+00:00","dateModified":"2023-11-27T10:22:47+00:00","description":"De spermabank is een oplossing voor koppels of alleenstaande vrouwen die behoefte hebben aan een donatie van geslachtscellen.","breadcrumb":{"@id":"https:\/\/www.fivette.be\/nl\/ons-laboratorium\/spermabank\/#breadcrumb"},"inLanguage":"nl-NL","potentialAction":[{"@type":"ReadAction","target":["https:\/\/www.fivette.be\/nl\/ons-laboratorium\/spermabank\/"]}]},{"@type":"ImageObject","inLanguage":"nl-NL","@id":"https:\/\/www.fivette.be\/nl\/ons-laboratorium\/spermabank\/#primaryimage","url":"https:\/\/i0.wp.com\/www.fivette.be\/wp-content\/uploads\/2022\/12\/GettyImages-825356654-scaled.jpg?fit=2560%2C1811&ssl=1","contentUrl":"https:\/\/i0.wp.com\/www.fivette.be\/wp-content\/uploads\/2022\/12\/GettyImages-825356654-scaled.jpg?fit=2560%2C1811&ssl=1","width":2560,"height":1811,"caption":"3d illustration of sperm cells moving to the right"},{"@type":"BreadcrumbList","@id":"https:\/\/www.fivette.be\/nl\/ons-laboratorium\/spermabank\/#breadcrumb","itemListElement":[{"@type":"ListItem","position":1,"name":"Home","item":"https:\/\/www.fivette.be\/nl\/heeft-u-een-kinderwens\/"},{"@type":"ListItem","position":2,"name":"Ons laboratorium","item":"https:\/\/www.fivette.be\/nl\/ons-laboratorium\/"},{"@type":"ListItem","position":3,"name":"Spermabank"}]},{"@type":"WebSite","@id":"https:\/\/www.fivette.be\/#website","url":"https:\/\/www.fivette.be\/","name":"Fivette.be - Le centre de Procr\u00e9ation M\u00e9dicalement Assist\u00e9e du CHU Saint-Pierre","description":"Le centre de PMA du CHU Saint-Pierre","publisher":{"@id":"https:\/\/www.fivette.be\/#organization"},"potentialAction":[{"@type":"SearchAction","target":{"@type":"EntryPoint","urlTemplate":"https:\/\/www.fivette.be\/?s={search_term_string}"},"query-input":{"@type":"PropertyValueSpecification","valueRequired":true,"valueName":"search_term_string"}}],"inLanguage":"nl-NL"},{"@type":"Organization","@id":"https:\/\/www.fivette.be\/#organization","name":"Fivette.be - Le centre de Procr\u00e9ation M\u00e9dicalement Assist\u00e9e du CHU Saint-Pierre","url":"https:\/\/www.fivette.be\/","logo":{"@type":"ImageObject","inLanguage":"nl-NL","@id":"https:\/\/www.fivette.be\/#\/schema\/logo\/image\/","url":"http:\/\/fivette.be\/wp-content\/uploads\/2023\/01\/PMAlogocolorSP.png","contentUrl":"http:\/\/fivette.be\/wp-content\/uploads\/2023\/01\/PMAlogocolorSP.png","width":289,"height":251,"caption":"Fivette.be - Le centre de Procr\u00e9ation M\u00e9dicalement Assist\u00e9e du CHU Saint-Pierre"},"image":{"@id":"https:\/\/www.fivette.be\/#\/schema\/logo\/image\/"}}]}},"jetpack_sharing_enabled":true,"_links":{"self":[{"href":"https:\/\/www.fivette.be\/nl\/wp-json\/wp\/v2\/pages\/5488","targetHints":{"allow":["GET"]}}],"collection":[{"href":"https:\/\/www.fivette.be\/nl\/wp-json\/wp\/v2\/pages"}],"about":[{"href":"https:\/\/www.fivette.be\/nl\/wp-json\/wp\/v2\/types\/page"}],"author":[{"embeddable":true,"href":"https:\/\/www.fivette.be\/nl\/wp-json\/wp\/v2\/users\/6"}],"replies":[{"embeddable":true,"href":"https:\/\/www.fivette.be\/nl\/wp-json\/wp\/v2\/comments?post=5488"}],"version-history":[{"count":3,"href":"https:\/\/www.fivette.be\/nl\/wp-json\/wp\/v2\/pages\/5488\/revisions"}],"predecessor-version":[{"id":5814,"href":"https:\/\/www.fivette.be\/nl\/wp-json\/wp\/v2\/pages\/5488\/revisions\/5814"}],"up":[{"embeddable":true,"href":"https:\/\/www.fivette.be\/nl\/wp-json\/wp\/v2\/pages\/5478"}],"wp:featuredmedia":[{"embeddable":true,"href":"https:\/\/www.fivette.be\/nl\/wp-json\/wp\/v2\/media\/5685"}],"wp:attachment":[{"href":"https:\/\/www.fivette.be\/nl\/wp-json\/wp\/v2\/media?parent=5488"}],"wp:term":[{"taxonomy":"category","embeddable":true,"href":"https:\/\/www.fivette.be\/nl\/wp-json\/wp\/v2\/categories?post=5488"},{"taxonomy":"post_tag","embeddable":true,"href":"https:\/\/www.fivette.be\/nl\/wp-json\/wp\/v2\/tags?post=5488"}],"curies":[{"name":"wp","href":"https:\/\/api.w.org\/{rel}","templated":true}]}}