{"id":5492,"date":"2023-04-23T15:34:29","date_gmt":"2023-04-23T13:34:29","guid":{"rendered":"http:\/\/10.14.1.27\/fivette\/ons-laboratorium\/sperma-invriezen\/"},"modified":"2023-04-23T15:34:30","modified_gmt":"2023-04-23T13:34:30","slug":"sperma-invriezen","status":"publish","type":"page","link":"https:\/\/www.fivette.be\/nl\/ons-laboratorium\/sperma-invriezen\/","title":{"rendered":"Sperma invriezen"},"content":{"rendered":"<p>[et_pb_section fb_built=&#8221;1&#8243; _builder_version=&#8221;4.17.3&#8243; _module_preset=&#8221;default&#8221; global_colors_info=&#8221;{}&#8221; theme_builder_area=&#8221;post_content&#8221;][et_pb_row _builder_version=&#8221;4.18.0&#8243; _module_preset=&#8221;default&#8221; global_colors_info=&#8221;{}&#8221; theme_builder_area=&#8221;post_content&#8221;][et_pb_column type=&#8221;4_4&#8243; _builder_version=&#8221;4.18.0&#8243; _module_preset=&#8221;default&#8221; global_colors_info=&#8221;{}&#8221; theme_builder_area=&#8221;post_content&#8221;][et_pb_text _builder_version=&#8221;4.18.0&#8243; _module_preset=&#8221;default&#8221; hover_enabled=&#8221;0&#8243; global_colors_info=&#8221;{}&#8221; theme_builder_area=&#8221;post_content&#8221; sticky_enabled=&#8221;0&#8243;]<\/p>\n<h1><span>Wat is cryopreservatie?<\/span><\/h1>\n<p><span>Cryopreservatie is een techniek die het mogelijk maakt om cellen of weefsels te bewaren door ze snel af te koelen tot extreem lage temperaturen, tot wel -196\u00b0C, door ze onder te dompelen in vloeibare stikstof. Onder deze omstandigheden wordt alle biologische activiteit onderbroken, inclusief die welke verband houdt met celdood, en wordt alles &#8220;bevroren&#8221; tot er opnieuw opwarming plaatsvindt. <\/span><\/p>\n<p><span>Voor de invriezing van sperma is het nodig om een cryoprotectief middel toe te voegen dat de zaadcellen beschermt tegen snelle temperatuurveranderingen. Dit mengsel wordt vervolgens verpakt in vooraf ge\u00efdentificeerde rietjes met de naam van de pati\u00ebnt. <\/span><\/p>\n<p><span>Het aantal ingevroren rietjes per ejaculaat hangt af van het volume en de kwaliteit van het sperma.<\/span><\/p>\n<h2><span>Bewaartijd<\/span><\/h2>\n<p><span>Hoewel de techniek van bevriezing-ontdooiing kan leiden tot een gedeeltelijk verlies van zaadcellen, kunnen deze monsters <em>een onbeperkte tijd<\/em> worden bewaard zonder degradatie in de tijd. De Belgische wetgeving legt echter een maximale bewaartermijn van 10 jaar op, die jaarlijks kan worden verlengd na afloop van deze termijn. <\/span><\/p>\n<h2>Vereiste documenten<\/h2>\n<p><span>Bij de invriezing van sperma is het noodzakelijk om te voorzien:<\/span><\/p>\n<ul>\n<li><span> Serologische resultaten die maximaal 3 maanden voor invriezing zijn uitgevoerd (het bloedonderzoek kan bij ons worden gedaan, twee dagen voor de invriezing), <\/span><\/li>\n<li><span>Een medisch voorschrift, behalve in geval van dringende medische bevriezing (zie hieronder).<\/span><\/li>\n<li><span>Een ondertekende toestemming, meestal verstrekt door de voorschrijvende arts. Als de voorschrijvende arts niet verbonden is aan ons PMA-centrum, wordt de toestemming op de dag van de bevriezing door de bioloog aan u verstrekt. <\/span><\/li>\n<\/ul>\n<p>[\/et_pb_text][\/et_pb_column][\/et_pb_row][\/et_pb_section]<\/p>\n","protected":false},"excerpt":{"rendered":"<p>Sperma-invriezing is een techniek die het mogelijk maakt om sperma te bewaren door het snel af te koelen tot extreem lage temperaturen, tot wel -196\u00b0C, door het onder te dompelen in vloeibare stikstof.<\/p>\n","protected":false},"author":1,"featured_media":0,"parent":5478,"menu_order":0,"comment_status":"closed","ping_status":"closed","template":"","meta":{"_acf_changed":false,"_et_pb_use_builder":"on","_et_pb_old_content":"","_et_gb_content_width":"","footnotes":""},"categories":[],"tags":[],"class_list":["post-5492","page","type-page","status-publish","hentry"],"acf":[],"yoast_head":"<!-- This site is optimized with the Yoast SEO plugin v27.4 - https:\/\/yoast.com\/product\/yoast-seo-wordpress\/ -->\n<title>Sperma invriezen - Fivette.be<\/title>\n<meta name=\"description\" content=\"Sperma-invriezing is een techniek die het mogelijk maakt om sperma te bewaren door het snel af te koelen tot extreem lage temperaturen.\" \/>\n<meta name=\"robots\" content=\"index, follow, max-snippet:-1, max-image-preview:large, max-video-preview:-1\" \/>\n<link rel=\"canonical\" href=\"https:\/\/www.fivette.be\/nl\/ons-laboratorium\/sperma-invriezen\/\" \/>\n<meta property=\"og:locale\" content=\"nl_NL\" \/>\n<meta property=\"og:type\" content=\"article\" \/>\n<meta property=\"og:title\" content=\"Sperma invriezen - Fivette.be\" \/>\n<meta property=\"og:description\" content=\"Sperma-invriezing is een techniek die het mogelijk maakt om sperma te bewaren door het snel af te koelen tot extreem lage temperaturen.\" \/>\n<meta property=\"og:site_name\" content=\"Fivette.be\" \/>\n<meta property=\"article:modified_time\" content=\"2023-04-23T13:34:30+00:00\" \/>\n<meta name=\"twitter:card\" content=\"summary_large_image\" \/>\n<meta name=\"twitter:label1\" content=\"Geschatte leestijd\" \/>\n\t<meta name=\"twitter:data1\" content=\"2 minuten\" \/>\n<script type=\"application\/ld+json\" class=\"yoast-schema-graph\">{\"@context\":\"https:\\\/\\\/schema.org\",\"@graph\":[{\"@type\":\"WebPage\",\"@id\":\"https:\\\/\\\/www.fivette.be\\\/nl\\\/ons-laboratorium\\\/sperma-invriezen\\\/\",\"url\":\"https:\\\/\\\/www.fivette.be\\\/nl\\\/ons-laboratorium\\\/sperma-invriezen\\\/\",\"name\":\"Sperma invriezen - Fivette.be\",\"isPartOf\":{\"@id\":\"https:\\\/\\\/www.fivette.be\\\/#website\"},\"datePublished\":\"2023-04-23T13:34:29+00:00\",\"dateModified\":\"2023-04-23T13:34:30+00:00\",\"description\":\"Sperma-invriezing is een techniek die het mogelijk maakt om sperma te bewaren door het snel af te koelen tot extreem lage temperaturen.\",\"breadcrumb\":{\"@id\":\"https:\\\/\\\/www.fivette.be\\\/nl\\\/ons-laboratorium\\\/sperma-invriezen\\\/#breadcrumb\"},\"inLanguage\":\"nl-NL\",\"potentialAction\":[{\"@type\":\"ReadAction\",\"target\":[\"https:\\\/\\\/www.fivette.be\\\/nl\\\/ons-laboratorium\\\/sperma-invriezen\\\/\"]}]},{\"@type\":\"BreadcrumbList\",\"@id\":\"https:\\\/\\\/www.fivette.be\\\/nl\\\/ons-laboratorium\\\/sperma-invriezen\\\/#breadcrumb\",\"itemListElement\":[{\"@type\":\"ListItem\",\"position\":1,\"name\":\"Home\",\"item\":\"https:\\\/\\\/www.fivette.be\\\/nl\\\/heeft-u-een-kinderwens\\\/\"},{\"@type\":\"ListItem\",\"position\":2,\"name\":\"Ons laboratorium\",\"item\":\"https:\\\/\\\/www.fivette.be\\\/nl\\\/ons-laboratorium\\\/\"},{\"@type\":\"ListItem\",\"position\":3,\"name\":\"Sperma invriezen\"}]},{\"@type\":\"WebSite\",\"@id\":\"https:\\\/\\\/www.fivette.be\\\/#website\",\"url\":\"https:\\\/\\\/www.fivette.be\\\/\",\"name\":\"Fivette.be - Le centre de Procr\u00e9ation M\u00e9dicalement Assist\u00e9e du CHU Saint-Pierre\",\"description\":\"Le centre de PMA du CHU Saint-Pierre\",\"publisher\":{\"@id\":\"https:\\\/\\\/www.fivette.be\\\/#organization\"},\"potentialAction\":[{\"@type\":\"SearchAction\",\"target\":{\"@type\":\"EntryPoint\",\"urlTemplate\":\"https:\\\/\\\/www.fivette.be\\\/?s={search_term_string}\"},\"query-input\":{\"@type\":\"PropertyValueSpecification\",\"valueRequired\":true,\"valueName\":\"search_term_string\"}}],\"inLanguage\":\"nl-NL\"},{\"@type\":\"Organization\",\"@id\":\"https:\\\/\\\/www.fivette.be\\\/#organization\",\"name\":\"Fivette.be - Le centre de Procr\u00e9ation M\u00e9dicalement Assist\u00e9e du CHU Saint-Pierre\",\"url\":\"https:\\\/\\\/www.fivette.be\\\/\",\"logo\":{\"@type\":\"ImageObject\",\"inLanguage\":\"nl-NL\",\"@id\":\"https:\\\/\\\/www.fivette.be\\\/#\\\/schema\\\/logo\\\/image\\\/\",\"url\":\"http:\\\/\\\/fivette.be\\\/wp-content\\\/uploads\\\/2023\\\/01\\\/PMAlogocolorSP.png\",\"contentUrl\":\"http:\\\/\\\/fivette.be\\\/wp-content\\\/uploads\\\/2023\\\/01\\\/PMAlogocolorSP.png\",\"width\":289,\"height\":251,\"caption\":\"Fivette.be - Le centre de Procr\u00e9ation M\u00e9dicalement Assist\u00e9e du CHU Saint-Pierre\"},\"image\":{\"@id\":\"https:\\\/\\\/www.fivette.be\\\/#\\\/schema\\\/logo\\\/image\\\/\"}}]}<\/script>\n<!-- \/ Yoast SEO plugin. -->","yoast_head_json":{"title":"Sperma invriezen - Fivette.be","description":"Sperma-invriezing is een techniek die het mogelijk maakt om sperma te bewaren door het snel af te koelen tot extreem lage temperaturen.","robots":{"index":"index","follow":"follow","max-snippet":"max-snippet:-1","max-image-preview":"max-image-preview:large","max-video-preview":"max-video-preview:-1"},"canonical":"https:\/\/www.fivette.be\/nl\/ons-laboratorium\/sperma-invriezen\/","og_locale":"nl_NL","og_type":"article","og_title":"Sperma invriezen - Fivette.be","og_description":"Sperma-invriezing is een techniek die het mogelijk maakt om sperma te bewaren door het snel af te koelen tot extreem lage temperaturen.","og_site_name":"Fivette.be","article_modified_time":"2023-04-23T13:34:30+00:00","twitter_card":"summary_large_image","twitter_misc":{"Geschatte leestijd":"2 minuten"},"schema":{"@context":"https:\/\/schema.org","@graph":[{"@type":"WebPage","@id":"https:\/\/www.fivette.be\/nl\/ons-laboratorium\/sperma-invriezen\/","url":"https:\/\/www.fivette.be\/nl\/ons-laboratorium\/sperma-invriezen\/","name":"Sperma invriezen - Fivette.be","isPartOf":{"@id":"https:\/\/www.fivette.be\/#website"},"datePublished":"2023-04-23T13:34:29+00:00","dateModified":"2023-04-23T13:34:30+00:00","description":"Sperma-invriezing is een techniek die het mogelijk maakt om sperma te bewaren door het snel af te koelen tot extreem lage temperaturen.","breadcrumb":{"@id":"https:\/\/www.fivette.be\/nl\/ons-laboratorium\/sperma-invriezen\/#breadcrumb"},"inLanguage":"nl-NL","potentialAction":[{"@type":"ReadAction","target":["https:\/\/www.fivette.be\/nl\/ons-laboratorium\/sperma-invriezen\/"]}]},{"@type":"BreadcrumbList","@id":"https:\/\/www.fivette.be\/nl\/ons-laboratorium\/sperma-invriezen\/#breadcrumb","itemListElement":[{"@type":"ListItem","position":1,"name":"Home","item":"https:\/\/www.fivette.be\/nl\/heeft-u-een-kinderwens\/"},{"@type":"ListItem","position":2,"name":"Ons laboratorium","item":"https:\/\/www.fivette.be\/nl\/ons-laboratorium\/"},{"@type":"ListItem","position":3,"name":"Sperma invriezen"}]},{"@type":"WebSite","@id":"https:\/\/www.fivette.be\/#website","url":"https:\/\/www.fivette.be\/","name":"Fivette.be - Le centre de Procr\u00e9ation M\u00e9dicalement Assist\u00e9e du CHU Saint-Pierre","description":"Le centre de PMA du CHU Saint-Pierre","publisher":{"@id":"https:\/\/www.fivette.be\/#organization"},"potentialAction":[{"@type":"SearchAction","target":{"@type":"EntryPoint","urlTemplate":"https:\/\/www.fivette.be\/?s={search_term_string}"},"query-input":{"@type":"PropertyValueSpecification","valueRequired":true,"valueName":"search_term_string"}}],"inLanguage":"nl-NL"},{"@type":"Organization","@id":"https:\/\/www.fivette.be\/#organization","name":"Fivette.be - Le centre de Procr\u00e9ation M\u00e9dicalement Assist\u00e9e du CHU Saint-Pierre","url":"https:\/\/www.fivette.be\/","logo":{"@type":"ImageObject","inLanguage":"nl-NL","@id":"https:\/\/www.fivette.be\/#\/schema\/logo\/image\/","url":"http:\/\/fivette.be\/wp-content\/uploads\/2023\/01\/PMAlogocolorSP.png","contentUrl":"http:\/\/fivette.be\/wp-content\/uploads\/2023\/01\/PMAlogocolorSP.png","width":289,"height":251,"caption":"Fivette.be - Le centre de Procr\u00e9ation M\u00e9dicalement Assist\u00e9e du CHU Saint-Pierre"},"image":{"@id":"https:\/\/www.fivette.be\/#\/schema\/logo\/image\/"}}]}},"jetpack_sharing_enabled":true,"_links":{"self":[{"href":"https:\/\/www.fivette.be\/nl\/wp-json\/wp\/v2\/pages\/5492","targetHints":{"allow":["GET"]}}],"collection":[{"href":"https:\/\/www.fivette.be\/nl\/wp-json\/wp\/v2\/pages"}],"about":[{"href":"https:\/\/www.fivette.be\/nl\/wp-json\/wp\/v2\/types\/page"}],"author":[{"embeddable":true,"href":"https:\/\/www.fivette.be\/nl\/wp-json\/wp\/v2\/users\/1"}],"replies":[{"embeddable":true,"href":"https:\/\/www.fivette.be\/nl\/wp-json\/wp\/v2\/comments?post=5492"}],"version-history":[{"count":2,"href":"https:\/\/www.fivette.be\/nl\/wp-json\/wp\/v2\/pages\/5492\/revisions"}],"predecessor-version":[{"id":5494,"href":"https:\/\/www.fivette.be\/nl\/wp-json\/wp\/v2\/pages\/5492\/revisions\/5494"}],"up":[{"embeddable":true,"href":"https:\/\/www.fivette.be\/nl\/wp-json\/wp\/v2\/pages\/5478"}],"wp:attachment":[{"href":"https:\/\/www.fivette.be\/nl\/wp-json\/wp\/v2\/media?parent=5492"}],"wp:term":[{"taxonomy":"category","embeddable":true,"href":"https:\/\/www.fivette.be\/nl\/wp-json\/wp\/v2\/categories?post=5492"},{"taxonomy":"post_tag","embeddable":true,"href":"https:\/\/www.fivette.be\/nl\/wp-json\/wp\/v2\/tags?post=5492"}],"curies":[{"name":"wp","href":"https:\/\/api.w.org\/{rel}","templated":true}]}}