{"id":5498,"date":"2023-04-23T15:44:44","date_gmt":"2023-04-23T13:44:44","guid":{"rendered":"http:\/\/10.14.1.27\/fivette\/ons-laboratorium\/embryokweek\/"},"modified":"2023-04-23T15:44:45","modified_gmt":"2023-04-23T13:44:45","slug":"embryokweek","status":"publish","type":"page","link":"https:\/\/www.fivette.be\/nl\/ons-laboratorium\/embryokweek\/","title":{"rendered":"Embryokweek"},"content":{"rendered":"\n[et_pb_section fb_built=&#8221;1&#8243; admin_label=&#8221;section&#8221; _builder_version=&#8221;4.16&#8243; global_colors_info=&#8221;{}&#8221; theme_builder_area=&#8221;post_content&#8221;][et_pb_row admin_label=&#8221;row&#8221; _builder_version=&#8221;4.16&#8243; background_size=&#8221;initial&#8221; background_position=&#8221;top_left&#8221; background_repeat=&#8221;repeat&#8221; global_colors_info=&#8221;{}&#8221; theme_builder_area=&#8221;post_content&#8221;][et_pb_column type=&#8221;4_4&#8243; _builder_version=&#8221;4.16&#8243; custom_padding=&#8221;|||&#8221; global_colors_info=&#8221;{}&#8221; custom_padding__hover=&#8221;|||&#8221; theme_builder_area=&#8221;post_content&#8221;][et_pb_text _builder_version=&#8221;4.18.0&#8243; _module_preset=&#8221;default&#8221; global_colors_info=&#8221;{}&#8221; theme_builder_area=&#8221;post_content&#8221; custom_padding=&#8221;||0px|||&#8221;]<h1>Embryokweek<\/h1>\n<p>Na de eicelpunctie worden de eicellen bevrucht met zaadcellen, hetzij door conventionele in vitro fertilisatie (IVF), hetzij door intracytoplasmatische sperma-injectie (ICSI), afhankelijk van uw medische dossier en de kwaliteit van het sperma.<\/p>\n<p>De volgende dag analyseren we de resultaten van de bevruchting en houden we u op de hoogte van de voortgang van het proces.<\/p>\n<p>Het team van biologen zal gedurende enkele dagen de ontwikkeling van de embryo&#8217;s nauwlettend volgen, waarbij de morfologische kwaliteit en voortgang worden beoordeeld. Afhankelijk van het aantal en de kwaliteit wordt op dag twee tot vijf na ontwikkeling een verse embryo overgebracht. <\/p>[\/et_pb_text][\/et_pb_column][\/et_pb_row][et_pb_row _builder_version=&#8221;4.18.0&#8243; _module_preset=&#8221;default&#8221; theme_builder_area=&#8221;post_content&#8221; column_structure=&#8221;1_3,1_3,1_3&#8243;][et_pb_column _builder_version=&#8221;4.18.0&#8243; _module_preset=&#8221;default&#8221; type=&#8221;1_3&#8243; theme_builder_area=&#8221;post_content&#8221;][et_pb_image src=&#8221;http:\/\/fivette.be\/wp-content\/uploads\/2023\/04\/fivette-Embryon-2jours.jpg&#8221; _builder_version=&#8221;4.18.0&#8243; _module_preset=&#8221;default&#8221; theme_builder_area=&#8221;post_content&#8221; border_radii=&#8221;on|20px|20px|20px|20px&#8221; hover_enabled=&#8221;0&#8243; sticky_enabled=&#8221;0&#8243; title_text=&#8221;fivette-Embryon-2jours&#8221; custom_margin=&#8221;||0px||false|false&#8221;][\/et_pb_image][et_pb_text _builder_version=&#8221;4.18.0&#8243; _module_preset=&#8221;default&#8221; theme_builder_area=&#8221;post_content&#8221; text_font_size=&#8221;12px&#8221; text_orientation=&#8221;center&#8221; hover_enabled=&#8221;0&#8243; sticky_enabled=&#8221;0&#8243; custom_margin=&#8221;0px||0px||false|false&#8221; custom_padding=&#8221;0px||0px||false|false&#8221;]<p>Kwalitatief goed embryo op dag 2<\/p>[\/et_pb_text][\/et_pb_column][et_pb_column _builder_version=&#8221;4.18.0&#8243; _module_preset=&#8221;default&#8221; type=&#8221;1_3&#8243; theme_builder_area=&#8221;post_content&#8221;][et_pb_image src=&#8221;http:\/\/fivette.be\/wp-content\/uploads\/2023\/04\/fivette-Embryon-3jours.jpg&#8221; _builder_version=&#8221;4.18.0&#8243; _module_preset=&#8221;default&#8221; theme_builder_area=&#8221;post_content&#8221; border_radii=&#8221;on|20px|20px|20px|20px&#8221; hover_enabled=&#8221;0&#8243; sticky_enabled=&#8221;0&#8243; title_text=&#8221;fivette-Embryon-3jours&#8221; custom_margin=&#8221;||0px||false|false&#8221;][\/et_pb_image][et_pb_text _builder_version=&#8221;4.18.0&#8243; _module_preset=&#8221;default&#8221; theme_builder_area=&#8221;post_content&#8221; text_font_size=&#8221;12px&#8221; text_orientation=&#8221;center&#8221; hover_enabled=&#8221;0&#8243; sticky_enabled=&#8221;0&#8243;]<p>Kwalitatief goed embryo op dag 3<\/p>[\/et_pb_text][\/et_pb_column][et_pb_column _builder_version=&#8221;4.18.0&#8243; _module_preset=&#8221;default&#8221; type=&#8221;1_3&#8243; theme_builder_area=&#8221;post_content&#8221;][et_pb_image src=&#8221;http:\/\/fivette.be\/wp-content\/uploads\/2023\/04\/fivette-Embryon-5jours.png&#8221; _builder_version=&#8221;4.18.0&#8243; _module_preset=&#8221;default&#8221; theme_builder_area=&#8221;post_content&#8221; border_radii=&#8221;on|20px|20px|20px|20px&#8221; hover_enabled=&#8221;0&#8243; sticky_enabled=&#8221;0&#8243; title_text=&#8221;fivette-Embryon-5jours&#8221; custom_margin=&#8221;||0px||false|false&#8221;][\/et_pb_image][et_pb_text _builder_version=&#8221;4.18.0&#8243; _module_preset=&#8221;default&#8221; theme_builder_area=&#8221;post_content&#8221; text_font_size=&#8221;12px&#8221; text_orientation=&#8221;center&#8221; hover_enabled=&#8221;0&#8243; sticky_enabled=&#8221;0&#8243;]<p>Kwalitatief goed embryo op dag 5<\/p>[\/et_pb_text][\/et_pb_column][\/et_pb_row][et_pb_row _builder_version=&#8221;4.18.0&#8243; _module_preset=&#8221;default&#8221; theme_builder_area=&#8221;post_content&#8221;][et_pb_column _builder_version=&#8221;4.18.0&#8243; _module_preset=&#8221;default&#8221; type=&#8221;4_4&#8243; theme_builder_area=&#8221;post_content&#8221;][et_pb_text _builder_version=&#8221;4.18.0&#8243; _module_preset=&#8221;default&#8221; global_colors_info=&#8221;{}&#8221; theme_builder_area=&#8221;post_content&#8221;]<p>Indien nodig kan de embryokweek worden verlengd tot de zesde dag om een nog nauwkeuriger selectie te maken van de meest levensvatbare embryo&#8217;s, die dan worden overgebracht of ingevroren voor een latere cyclus.<\/p>\n<p>Embryo&#8217;s die niet worden overgebracht, kunnen inderdaad worden gecryopreserveerd als hun kwaliteit dit toelaat, waardoor de kans op succes bij een later behandelingsproces wordt vergroot. Embryokweek is dus een sleutelelement in het proces van in vitro fertilisatie, waardoor de kans op succes wordt gemaximaliseerd. <\/p>[\/et_pb_text][\/et_pb_column][\/et_pb_row][\/et_pb_section]\n","protected":false},"excerpt":{"rendered":"<p>Het kweken van embryo&#8217;s is een van de belangrijkste stappen bij in vitro fertilisatie (IVF). Het wordt uitgevoerd in het laboratorium en de omstandigheden van het laboratorium hebben direct invloed op de kwaliteit van de eicellen en embryo&#8217;s. <\/p>\n","protected":false},"author":1,"featured_media":0,"parent":5478,"menu_order":0,"comment_status":"open","ping_status":"closed","template":"","meta":{"_acf_changed":false,"_et_pb_use_builder":"on","_et_pb_old_content":"","_et_gb_content_width":"","footnotes":""},"categories":[],"tags":[],"class_list":["post-5498","page","type-page","status-publish","hentry"],"acf":[],"yoast_head":"<!-- This site is optimized with the Yoast SEO plugin v27.4 - https:\/\/yoast.com\/product\/yoast-seo-wordpress\/ -->\n<title>Embryokweek - Fivette.be<\/title>\n<meta name=\"description\" content=\"Het kweken van embryo&#039;s is een van de belangrijkste stappen bij in vitro fertilisatie (IVF). Het wordt uitgevoerd in het laboratorium.\" \/>\n<meta name=\"robots\" content=\"index, follow, max-snippet:-1, max-image-preview:large, max-video-preview:-1\" \/>\n<link rel=\"canonical\" href=\"https:\/\/www.fivette.be\/nl\/ons-laboratorium\/embryokweek\/\" \/>\n<meta property=\"og:locale\" content=\"nl_NL\" \/>\n<meta property=\"og:type\" content=\"article\" \/>\n<meta property=\"og:title\" content=\"Embryokweek - Fivette.be\" \/>\n<meta property=\"og:description\" content=\"Het kweken van embryo&#039;s is een van de belangrijkste stappen bij in vitro fertilisatie (IVF). Het wordt uitgevoerd in het laboratorium.\" \/>\n<meta property=\"og:site_name\" content=\"Fivette.be\" \/>\n<meta property=\"article:modified_time\" content=\"2023-04-23T13:44:45+00:00\" \/>\n<meta name=\"twitter:card\" content=\"summary_large_image\" \/>\n<meta name=\"twitter:label1\" content=\"Geschatte leestijd\" \/>\n\t<meta name=\"twitter:data1\" content=\"3 minuten\" \/>\n<script type=\"application\/ld+json\" class=\"yoast-schema-graph\">{\"@context\":\"https:\\\/\\\/schema.org\",\"@graph\":[{\"@type\":\"WebPage\",\"@id\":\"https:\\\/\\\/www.fivette.be\\\/nl\\\/ons-laboratorium\\\/embryokweek\\\/\",\"url\":\"https:\\\/\\\/www.fivette.be\\\/nl\\\/ons-laboratorium\\\/embryokweek\\\/\",\"name\":\"Embryokweek - Fivette.be\",\"isPartOf\":{\"@id\":\"https:\\\/\\\/www.fivette.be\\\/#website\"},\"datePublished\":\"2023-04-23T13:44:44+00:00\",\"dateModified\":\"2023-04-23T13:44:45+00:00\",\"description\":\"Het kweken van embryo's is een van de belangrijkste stappen bij in vitro fertilisatie (IVF). Het wordt uitgevoerd in het laboratorium.\",\"breadcrumb\":{\"@id\":\"https:\\\/\\\/www.fivette.be\\\/nl\\\/ons-laboratorium\\\/embryokweek\\\/#breadcrumb\"},\"inLanguage\":\"nl-NL\",\"potentialAction\":[{\"@type\":\"ReadAction\",\"target\":[\"https:\\\/\\\/www.fivette.be\\\/nl\\\/ons-laboratorium\\\/embryokweek\\\/\"]}]},{\"@type\":\"BreadcrumbList\",\"@id\":\"https:\\\/\\\/www.fivette.be\\\/nl\\\/ons-laboratorium\\\/embryokweek\\\/#breadcrumb\",\"itemListElement\":[{\"@type\":\"ListItem\",\"position\":1,\"name\":\"Home\",\"item\":\"https:\\\/\\\/www.fivette.be\\\/nl\\\/heeft-u-een-kinderwens\\\/\"},{\"@type\":\"ListItem\",\"position\":2,\"name\":\"Ons laboratorium\",\"item\":\"https:\\\/\\\/www.fivette.be\\\/nl\\\/ons-laboratorium\\\/\"},{\"@type\":\"ListItem\",\"position\":3,\"name\":\"Embryokweek\"}]},{\"@type\":\"WebSite\",\"@id\":\"https:\\\/\\\/www.fivette.be\\\/#website\",\"url\":\"https:\\\/\\\/www.fivette.be\\\/\",\"name\":\"Fivette.be - Le centre de Procr\u00e9ation M\u00e9dicalement Assist\u00e9e du CHU Saint-Pierre\",\"description\":\"Le centre de PMA du CHU Saint-Pierre\",\"publisher\":{\"@id\":\"https:\\\/\\\/www.fivette.be\\\/#organization\"},\"potentialAction\":[{\"@type\":\"SearchAction\",\"target\":{\"@type\":\"EntryPoint\",\"urlTemplate\":\"https:\\\/\\\/www.fivette.be\\\/?s={search_term_string}\"},\"query-input\":{\"@type\":\"PropertyValueSpecification\",\"valueRequired\":true,\"valueName\":\"search_term_string\"}}],\"inLanguage\":\"nl-NL\"},{\"@type\":\"Organization\",\"@id\":\"https:\\\/\\\/www.fivette.be\\\/#organization\",\"name\":\"Fivette.be - Le centre de Procr\u00e9ation M\u00e9dicalement Assist\u00e9e du CHU Saint-Pierre\",\"url\":\"https:\\\/\\\/www.fivette.be\\\/\",\"logo\":{\"@type\":\"ImageObject\",\"inLanguage\":\"nl-NL\",\"@id\":\"https:\\\/\\\/www.fivette.be\\\/#\\\/schema\\\/logo\\\/image\\\/\",\"url\":\"http:\\\/\\\/fivette.be\\\/wp-content\\\/uploads\\\/2023\\\/01\\\/PMAlogocolorSP.png\",\"contentUrl\":\"http:\\\/\\\/fivette.be\\\/wp-content\\\/uploads\\\/2023\\\/01\\\/PMAlogocolorSP.png\",\"width\":289,\"height\":251,\"caption\":\"Fivette.be - Le centre de Procr\u00e9ation M\u00e9dicalement Assist\u00e9e du CHU Saint-Pierre\"},\"image\":{\"@id\":\"https:\\\/\\\/www.fivette.be\\\/#\\\/schema\\\/logo\\\/image\\\/\"}}]}<\/script>\n<!-- \/ Yoast SEO plugin. -->","yoast_head_json":{"title":"Embryokweek - Fivette.be","description":"Het kweken van embryo's is een van de belangrijkste stappen bij in vitro fertilisatie (IVF). Het wordt uitgevoerd in het laboratorium.","robots":{"index":"index","follow":"follow","max-snippet":"max-snippet:-1","max-image-preview":"max-image-preview:large","max-video-preview":"max-video-preview:-1"},"canonical":"https:\/\/www.fivette.be\/nl\/ons-laboratorium\/embryokweek\/","og_locale":"nl_NL","og_type":"article","og_title":"Embryokweek - Fivette.be","og_description":"Het kweken van embryo's is een van de belangrijkste stappen bij in vitro fertilisatie (IVF). Het wordt uitgevoerd in het laboratorium.","og_site_name":"Fivette.be","article_modified_time":"2023-04-23T13:44:45+00:00","twitter_card":"summary_large_image","twitter_misc":{"Geschatte leestijd":"3 minuten"},"schema":{"@context":"https:\/\/schema.org","@graph":[{"@type":"WebPage","@id":"https:\/\/www.fivette.be\/nl\/ons-laboratorium\/embryokweek\/","url":"https:\/\/www.fivette.be\/nl\/ons-laboratorium\/embryokweek\/","name":"Embryokweek - Fivette.be","isPartOf":{"@id":"https:\/\/www.fivette.be\/#website"},"datePublished":"2023-04-23T13:44:44+00:00","dateModified":"2023-04-23T13:44:45+00:00","description":"Het kweken van embryo's is een van de belangrijkste stappen bij in vitro fertilisatie (IVF). Het wordt uitgevoerd in het laboratorium.","breadcrumb":{"@id":"https:\/\/www.fivette.be\/nl\/ons-laboratorium\/embryokweek\/#breadcrumb"},"inLanguage":"nl-NL","potentialAction":[{"@type":"ReadAction","target":["https:\/\/www.fivette.be\/nl\/ons-laboratorium\/embryokweek\/"]}]},{"@type":"BreadcrumbList","@id":"https:\/\/www.fivette.be\/nl\/ons-laboratorium\/embryokweek\/#breadcrumb","itemListElement":[{"@type":"ListItem","position":1,"name":"Home","item":"https:\/\/www.fivette.be\/nl\/heeft-u-een-kinderwens\/"},{"@type":"ListItem","position":2,"name":"Ons laboratorium","item":"https:\/\/www.fivette.be\/nl\/ons-laboratorium\/"},{"@type":"ListItem","position":3,"name":"Embryokweek"}]},{"@type":"WebSite","@id":"https:\/\/www.fivette.be\/#website","url":"https:\/\/www.fivette.be\/","name":"Fivette.be - Le centre de Procr\u00e9ation M\u00e9dicalement Assist\u00e9e du CHU Saint-Pierre","description":"Le centre de PMA du CHU Saint-Pierre","publisher":{"@id":"https:\/\/www.fivette.be\/#organization"},"potentialAction":[{"@type":"SearchAction","target":{"@type":"EntryPoint","urlTemplate":"https:\/\/www.fivette.be\/?s={search_term_string}"},"query-input":{"@type":"PropertyValueSpecification","valueRequired":true,"valueName":"search_term_string"}}],"inLanguage":"nl-NL"},{"@type":"Organization","@id":"https:\/\/www.fivette.be\/#organization","name":"Fivette.be - Le centre de Procr\u00e9ation M\u00e9dicalement Assist\u00e9e du CHU Saint-Pierre","url":"https:\/\/www.fivette.be\/","logo":{"@type":"ImageObject","inLanguage":"nl-NL","@id":"https:\/\/www.fivette.be\/#\/schema\/logo\/image\/","url":"http:\/\/fivette.be\/wp-content\/uploads\/2023\/01\/PMAlogocolorSP.png","contentUrl":"http:\/\/fivette.be\/wp-content\/uploads\/2023\/01\/PMAlogocolorSP.png","width":289,"height":251,"caption":"Fivette.be - Le centre de Procr\u00e9ation M\u00e9dicalement Assist\u00e9e du CHU Saint-Pierre"},"image":{"@id":"https:\/\/www.fivette.be\/#\/schema\/logo\/image\/"}}]}},"jetpack_sharing_enabled":true,"_links":{"self":[{"href":"https:\/\/www.fivette.be\/nl\/wp-json\/wp\/v2\/pages\/5498","targetHints":{"allow":["GET"]}}],"collection":[{"href":"https:\/\/www.fivette.be\/nl\/wp-json\/wp\/v2\/pages"}],"about":[{"href":"https:\/\/www.fivette.be\/nl\/wp-json\/wp\/v2\/types\/page"}],"author":[{"embeddable":true,"href":"https:\/\/www.fivette.be\/nl\/wp-json\/wp\/v2\/users\/1"}],"replies":[{"embeddable":true,"href":"https:\/\/www.fivette.be\/nl\/wp-json\/wp\/v2\/comments?post=5498"}],"version-history":[{"count":1,"href":"https:\/\/www.fivette.be\/nl\/wp-json\/wp\/v2\/pages\/5498\/revisions"}],"predecessor-version":[{"id":5499,"href":"https:\/\/www.fivette.be\/nl\/wp-json\/wp\/v2\/pages\/5498\/revisions\/5499"}],"up":[{"embeddable":true,"href":"https:\/\/www.fivette.be\/nl\/wp-json\/wp\/v2\/pages\/5478"}],"wp:attachment":[{"href":"https:\/\/www.fivette.be\/nl\/wp-json\/wp\/v2\/media?parent=5498"}],"wp:term":[{"taxonomy":"category","embeddable":true,"href":"https:\/\/www.fivette.be\/nl\/wp-json\/wp\/v2\/categories?post=5498"},{"taxonomy":"post_tag","embeddable":true,"href":"https:\/\/www.fivette.be\/nl\/wp-json\/wp\/v2\/tags?post=5498"}],"curies":[{"name":"wp","href":"https:\/\/api.w.org\/{rel}","templated":true}]}}