{"id":5502,"date":"2023-04-23T15:55:30","date_gmt":"2023-04-23T13:55:30","guid":{"rendered":"http:\/\/10.14.1.27\/fivette\/ons-laboratorium\/infecties\/"},"modified":"2023-04-23T15:55:31","modified_gmt":"2023-04-23T13:55:31","slug":"infecties","status":"publish","type":"page","link":"https:\/\/www.fivette.be\/nl\/ons-laboratorium\/infecties\/","title":{"rendered":"Infecties"},"content":{"rendered":"\n[et_pb_section fb_built=&#8221;1&#8243; _builder_version=&#8221;4.17.3&#8243; _module_preset=&#8221;default&#8221; global_colors_info=&#8221;{}&#8221; theme_builder_area=&#8221;post_content&#8221;][et_pb_row _builder_version=&#8221;4.18.0&#8243; _module_preset=&#8221;default&#8221; global_colors_info=&#8221;{}&#8221; theme_builder_area=&#8221;post_content&#8221;][et_pb_column type=&#8221;4_4&#8243; _builder_version=&#8221;4.18.0&#8243; _module_preset=&#8221;default&#8221; global_colors_info=&#8221;{}&#8221; theme_builder_area=&#8221;post_content&#8221;][et_pb_text _builder_version=&#8221;4.18.0&#8243; _module_preset=&#8221;default&#8221; hover_enabled=&#8221;0&#8243; global_colors_info=&#8221;{}&#8221; theme_builder_area=&#8221;post_content&#8221; sticky_enabled=&#8221;0&#8243;]<h1>Een belangrijke stap<\/h1>\n<p>Het begin van de jaren 2000 werd gekenmerkt door een belangrijke stap in de geschiedenis van ons centrum, met de opening van onze deuren voor pati\u00ebnten die besmettelijke ziekten dragen. We waren pioniers in deze activiteit in Belgi\u00eb en zijn een referentie gebleven in dit domein. <\/p>\n<p>Ons centrum heeft de nodige accreditatie ontvangen om ge\u00efnfecteerde pati\u00ebnten te behandelen, en we nemen alle nodige voorzorgsmaatregelen om hun veiligheid te garanderen. De gameten worden cryopreserveerd in aparte tanks op basis van het type infectie om kruisbesmetting te voorkomen. <\/p>\n<h2>Multidisciplinaire aanpak<\/h2>\n<p>We zijn ons ervan bewust dat de behandeling van pati\u00ebnten met een infectie een multidisciplinaire aanpak vereist, en ons team staat klaar om u gedurende het hele behandelingsproces te begeleiden. We doen er alles aan om de veiligheid en het welzijn van onze pati\u00ebnten te garanderen. <\/p>[\/et_pb_text][\/et_pb_column][\/et_pb_row][\/et_pb_section]\n","protected":false},"excerpt":{"rendered":"<p>Ons vruchtbaarheidscentrum heeft zich gekenmerkt door het openen van onze deuren voor pati\u00ebnten die besmettelijke ziekten dragen. <\/p>\n","protected":false},"author":6,"featured_media":0,"parent":5478,"menu_order":0,"comment_status":"open","ping_status":"closed","template":"","meta":{"_acf_changed":false,"_et_pb_use_builder":"on","_et_pb_old_content":"","_et_gb_content_width":"","footnotes":""},"categories":[],"tags":[],"class_list":["post-5502","page","type-page","status-publish","hentry"],"acf":[],"yoast_head":"<!-- This site is optimized with the Yoast SEO plugin v27.4 - https:\/\/yoast.com\/product\/yoast-seo-wordpress\/ -->\n<title>Infecties - Fivette.be<\/title>\n<meta name=\"description\" content=\"Ons vruchtbaarheidscentrum werd gekenmerkt door het openstellen van onze deuren voor pati\u00ebnten met infectieziekten.\" \/>\n<meta name=\"robots\" content=\"index, follow, max-snippet:-1, max-image-preview:large, max-video-preview:-1\" \/>\n<link rel=\"canonical\" href=\"https:\/\/www.fivette.be\/nl\/ons-laboratorium\/infecties\/\" \/>\n<meta property=\"og:locale\" content=\"nl_NL\" \/>\n<meta property=\"og:type\" content=\"article\" \/>\n<meta property=\"og:title\" content=\"Infecties - Fivette.be\" \/>\n<meta property=\"og:description\" content=\"Ons vruchtbaarheidscentrum werd gekenmerkt door het openstellen van onze deuren voor pati\u00ebnten met infectieziekten.\" \/>\n<meta property=\"og:site_name\" content=\"Fivette.be\" \/>\n<meta property=\"article:modified_time\" content=\"2023-04-23T13:55:31+00:00\" \/>\n<meta name=\"twitter:card\" content=\"summary_large_image\" \/>\n<meta name=\"twitter:label1\" content=\"Geschatte leestijd\" \/>\n\t<meta name=\"twitter:data1\" content=\"1 minuut\" \/>\n<script type=\"application\/ld+json\" class=\"yoast-schema-graph\">{\"@context\":\"https:\\\/\\\/schema.org\",\"@graph\":[{\"@type\":\"WebPage\",\"@id\":\"https:\\\/\\\/www.fivette.be\\\/nl\\\/ons-laboratorium\\\/infecties\\\/\",\"url\":\"https:\\\/\\\/www.fivette.be\\\/nl\\\/ons-laboratorium\\\/infecties\\\/\",\"name\":\"Infecties - Fivette.be\",\"isPartOf\":{\"@id\":\"https:\\\/\\\/www.fivette.be\\\/#website\"},\"datePublished\":\"2023-04-23T13:55:30+00:00\",\"dateModified\":\"2023-04-23T13:55:31+00:00\",\"description\":\"Ons vruchtbaarheidscentrum werd gekenmerkt door het openstellen van onze deuren voor pati\u00ebnten met infectieziekten.\",\"breadcrumb\":{\"@id\":\"https:\\\/\\\/www.fivette.be\\\/nl\\\/ons-laboratorium\\\/infecties\\\/#breadcrumb\"},\"inLanguage\":\"nl-NL\",\"potentialAction\":[{\"@type\":\"ReadAction\",\"target\":[\"https:\\\/\\\/www.fivette.be\\\/nl\\\/ons-laboratorium\\\/infecties\\\/\"]}]},{\"@type\":\"BreadcrumbList\",\"@id\":\"https:\\\/\\\/www.fivette.be\\\/nl\\\/ons-laboratorium\\\/infecties\\\/#breadcrumb\",\"itemListElement\":[{\"@type\":\"ListItem\",\"position\":1,\"name\":\"Home\",\"item\":\"https:\\\/\\\/www.fivette.be\\\/nl\\\/heeft-u-een-kinderwens\\\/\"},{\"@type\":\"ListItem\",\"position\":2,\"name\":\"Ons laboratorium\",\"item\":\"https:\\\/\\\/www.fivette.be\\\/nl\\\/ons-laboratorium\\\/\"},{\"@type\":\"ListItem\",\"position\":3,\"name\":\"Infecties\"}]},{\"@type\":\"WebSite\",\"@id\":\"https:\\\/\\\/www.fivette.be\\\/#website\",\"url\":\"https:\\\/\\\/www.fivette.be\\\/\",\"name\":\"Fivette.be - Le centre de Procr\u00e9ation M\u00e9dicalement Assist\u00e9e du CHU Saint-Pierre\",\"description\":\"Le centre de PMA du CHU Saint-Pierre\",\"publisher\":{\"@id\":\"https:\\\/\\\/www.fivette.be\\\/#organization\"},\"potentialAction\":[{\"@type\":\"SearchAction\",\"target\":{\"@type\":\"EntryPoint\",\"urlTemplate\":\"https:\\\/\\\/www.fivette.be\\\/?s={search_term_string}\"},\"query-input\":{\"@type\":\"PropertyValueSpecification\",\"valueRequired\":true,\"valueName\":\"search_term_string\"}}],\"inLanguage\":\"nl-NL\"},{\"@type\":\"Organization\",\"@id\":\"https:\\\/\\\/www.fivette.be\\\/#organization\",\"name\":\"Fivette.be - Le centre de Procr\u00e9ation M\u00e9dicalement Assist\u00e9e du CHU Saint-Pierre\",\"url\":\"https:\\\/\\\/www.fivette.be\\\/\",\"logo\":{\"@type\":\"ImageObject\",\"inLanguage\":\"nl-NL\",\"@id\":\"https:\\\/\\\/www.fivette.be\\\/#\\\/schema\\\/logo\\\/image\\\/\",\"url\":\"http:\\\/\\\/fivette.be\\\/wp-content\\\/uploads\\\/2023\\\/01\\\/PMAlogocolorSP.png\",\"contentUrl\":\"http:\\\/\\\/fivette.be\\\/wp-content\\\/uploads\\\/2023\\\/01\\\/PMAlogocolorSP.png\",\"width\":289,\"height\":251,\"caption\":\"Fivette.be - Le centre de Procr\u00e9ation M\u00e9dicalement Assist\u00e9e du CHU Saint-Pierre\"},\"image\":{\"@id\":\"https:\\\/\\\/www.fivette.be\\\/#\\\/schema\\\/logo\\\/image\\\/\"}}]}<\/script>\n<!-- \/ Yoast SEO plugin. -->","yoast_head_json":{"title":"Infecties - Fivette.be","description":"Ons vruchtbaarheidscentrum werd gekenmerkt door het openstellen van onze deuren voor pati\u00ebnten met infectieziekten.","robots":{"index":"index","follow":"follow","max-snippet":"max-snippet:-1","max-image-preview":"max-image-preview:large","max-video-preview":"max-video-preview:-1"},"canonical":"https:\/\/www.fivette.be\/nl\/ons-laboratorium\/infecties\/","og_locale":"nl_NL","og_type":"article","og_title":"Infecties - Fivette.be","og_description":"Ons vruchtbaarheidscentrum werd gekenmerkt door het openstellen van onze deuren voor pati\u00ebnten met infectieziekten.","og_site_name":"Fivette.be","article_modified_time":"2023-04-23T13:55:31+00:00","twitter_card":"summary_large_image","twitter_misc":{"Geschatte leestijd":"1 minuut"},"schema":{"@context":"https:\/\/schema.org","@graph":[{"@type":"WebPage","@id":"https:\/\/www.fivette.be\/nl\/ons-laboratorium\/infecties\/","url":"https:\/\/www.fivette.be\/nl\/ons-laboratorium\/infecties\/","name":"Infecties - Fivette.be","isPartOf":{"@id":"https:\/\/www.fivette.be\/#website"},"datePublished":"2023-04-23T13:55:30+00:00","dateModified":"2023-04-23T13:55:31+00:00","description":"Ons vruchtbaarheidscentrum werd gekenmerkt door het openstellen van onze deuren voor pati\u00ebnten met infectieziekten.","breadcrumb":{"@id":"https:\/\/www.fivette.be\/nl\/ons-laboratorium\/infecties\/#breadcrumb"},"inLanguage":"nl-NL","potentialAction":[{"@type":"ReadAction","target":["https:\/\/www.fivette.be\/nl\/ons-laboratorium\/infecties\/"]}]},{"@type":"BreadcrumbList","@id":"https:\/\/www.fivette.be\/nl\/ons-laboratorium\/infecties\/#breadcrumb","itemListElement":[{"@type":"ListItem","position":1,"name":"Home","item":"https:\/\/www.fivette.be\/nl\/heeft-u-een-kinderwens\/"},{"@type":"ListItem","position":2,"name":"Ons laboratorium","item":"https:\/\/www.fivette.be\/nl\/ons-laboratorium\/"},{"@type":"ListItem","position":3,"name":"Infecties"}]},{"@type":"WebSite","@id":"https:\/\/www.fivette.be\/#website","url":"https:\/\/www.fivette.be\/","name":"Fivette.be - Le centre de Procr\u00e9ation M\u00e9dicalement Assist\u00e9e du CHU Saint-Pierre","description":"Le centre de PMA du CHU Saint-Pierre","publisher":{"@id":"https:\/\/www.fivette.be\/#organization"},"potentialAction":[{"@type":"SearchAction","target":{"@type":"EntryPoint","urlTemplate":"https:\/\/www.fivette.be\/?s={search_term_string}"},"query-input":{"@type":"PropertyValueSpecification","valueRequired":true,"valueName":"search_term_string"}}],"inLanguage":"nl-NL"},{"@type":"Organization","@id":"https:\/\/www.fivette.be\/#organization","name":"Fivette.be - Le centre de Procr\u00e9ation M\u00e9dicalement Assist\u00e9e du CHU Saint-Pierre","url":"https:\/\/www.fivette.be\/","logo":{"@type":"ImageObject","inLanguage":"nl-NL","@id":"https:\/\/www.fivette.be\/#\/schema\/logo\/image\/","url":"http:\/\/fivette.be\/wp-content\/uploads\/2023\/01\/PMAlogocolorSP.png","contentUrl":"http:\/\/fivette.be\/wp-content\/uploads\/2023\/01\/PMAlogocolorSP.png","width":289,"height":251,"caption":"Fivette.be - Le centre de Procr\u00e9ation M\u00e9dicalement Assist\u00e9e du CHU Saint-Pierre"},"image":{"@id":"https:\/\/www.fivette.be\/#\/schema\/logo\/image\/"}}]}},"jetpack_sharing_enabled":true,"_links":{"self":[{"href":"https:\/\/www.fivette.be\/nl\/wp-json\/wp\/v2\/pages\/5502","targetHints":{"allow":["GET"]}}],"collection":[{"href":"https:\/\/www.fivette.be\/nl\/wp-json\/wp\/v2\/pages"}],"about":[{"href":"https:\/\/www.fivette.be\/nl\/wp-json\/wp\/v2\/types\/page"}],"author":[{"embeddable":true,"href":"https:\/\/www.fivette.be\/nl\/wp-json\/wp\/v2\/users\/6"}],"replies":[{"embeddable":true,"href":"https:\/\/www.fivette.be\/nl\/wp-json\/wp\/v2\/comments?post=5502"}],"version-history":[{"count":1,"href":"https:\/\/www.fivette.be\/nl\/wp-json\/wp\/v2\/pages\/5502\/revisions"}],"predecessor-version":[{"id":5503,"href":"https:\/\/www.fivette.be\/nl\/wp-json\/wp\/v2\/pages\/5502\/revisions\/5503"}],"up":[{"embeddable":true,"href":"https:\/\/www.fivette.be\/nl\/wp-json\/wp\/v2\/pages\/5478"}],"wp:attachment":[{"href":"https:\/\/www.fivette.be\/nl\/wp-json\/wp\/v2\/media?parent=5502"}],"wp:term":[{"taxonomy":"category","embeddable":true,"href":"https:\/\/www.fivette.be\/nl\/wp-json\/wp\/v2\/categories?post=5502"},{"taxonomy":"post_tag","embeddable":true,"href":"https:\/\/www.fivette.be\/nl\/wp-json\/wp\/v2\/tags?post=5502"}],"curies":[{"name":"wp","href":"https:\/\/api.w.org\/{rel}","templated":true}]}}