{"id":5506,"date":"2023-04-23T16:07:23","date_gmt":"2023-04-23T14:07:23","guid":{"rendered":"http:\/\/10.14.1.27\/fivette\/ons-laboratorium\/afname-van-eicellen\/"},"modified":"2023-04-23T16:07:23","modified_gmt":"2023-04-23T14:07:23","slug":"afname-van-eicellen","status":"publish","type":"page","link":"https:\/\/www.fivette.be\/nl\/ons-laboratorium\/afname-van-eicellen\/","title":{"rendered":"Afname van eicellen"},"content":{"rendered":"<p>[et_pb_section fb_built=&#8221;1&#8243; admin_label=&#8221;section&#8221; _builder_version=&#8221;4.16&#8243; global_colors_info=&#8221;{}&#8221; theme_builder_area=&#8221;post_content&#8221;][et_pb_row admin_label=&#8221;row&#8221; _builder_version=&#8221;4.16&#8243; background_size=&#8221;initial&#8221; background_position=&#8221;top_left&#8221; background_repeat=&#8221;repeat&#8221; global_colors_info=&#8221;{}&#8221; theme_builder_area=&#8221;post_content&#8221;][et_pb_column type=&#8221;4_4&#8243; _builder_version=&#8221;4.16&#8243; custom_padding=&#8221;|||&#8221; global_colors_info=&#8221;{}&#8221; custom_padding__hover=&#8221;|||&#8221; theme_builder_area=&#8221;post_content&#8221;][et_pb_text admin_label=&#8221;Text&#8221; _builder_version=&#8221;4.18.0&#8243; background_size=&#8221;initial&#8221; background_position=&#8221;top_left&#8221; background_repeat=&#8221;repeat&#8221; hover_enabled=&#8221;0&#8243; global_colors_info=&#8221;{}&#8221; theme_builder_area=&#8221;post_content&#8221; sticky_enabled=&#8221;0&#8243;]<\/p>\n<h1>De eisprong<\/h1>\n<p>Elke maand, tijdens de natuurlijke menstruatiecyclus, wordt er tijdens de eisprong een eicel vrijgegeven uit de eierstok.<\/p>\n<p>Bij <em>in vitro fertilisatie<\/em> krijgt de pati\u00ebnt een hormonale stimulatiebehandeling om de rijping van zoveel mogelijk eicellen te bevorderen.<\/p>\n<p>Om deze eicellen voor laboratoriumbevruchting te kunnen verzamelen, is het essentieel om ze te verzamelen v\u00f3\u00f3r hun spontane vrijlating uit de eierstok, omdat dit ze onmogelijk te lokaliseren zou maken.<\/p>\n<p>Daarom moet de eicelpunctie vlak voor de natuurlijke ovulatie worden uitgevoerd. Om de eicellen te verzamelen terwijl ze zich in de meiotische onstabiliteit bevinden (metaphase II), is het essentieel om de punctie op het juiste moment te plannen. <\/p>\n<h2><span>Afname van eicellen<\/span><\/h2>\n<p><span>Het ophalen van eicellen, ook wel bekend als een ovariumpunctie of folliculaire punctie, is de laatste stap van de ovariumstimulatie. Op deze dag wordt u verwacht in onze dagkliniek waar we u voorbereiden op de ingreep. <\/span><\/p>\n<p><span>De punctie gebeurt in onze operatiekamer, die grenst aan ons laboratorium voor vruchtbaarheidsonderzoek. In de meeste gevallen wordt de punctie uitgevoerd onder lokale verdoving en via de vaginale weg, onder echografische controle. Het is een kortdurende ingreep, meestal minder dan 30 minuten.  <\/span><\/p>\n<p><span>De ovum pick-up vindt plaats op een specifiek moment na de inductie van de eisprong, waardoor de hervatting van de rijping van de eicel in de follikel mogelijk wordt.<\/span><\/p>\n<p>[\/et_pb_text][\/et_pb_column][\/et_pb_row][\/et_pb_section]<\/p>\n","protected":false},"excerpt":{"rendered":"<p>De eierstokpunctie (of folliculaire punctie) is een essenti\u00eble stap in het in vitro fertilisatie (IVF) proces. Het is een chirurgische ingreep met als doel het verkrijgen van eicellen die zich binnenin de follikels van de eierstok bevinden. <\/p>\n","protected":false},"author":1,"featured_media":0,"parent":5478,"menu_order":0,"comment_status":"open","ping_status":"closed","template":"","meta":{"_acf_changed":false,"_et_pb_use_builder":"on","_et_pb_old_content":"","_et_gb_content_width":"","footnotes":""},"categories":[],"tags":[],"class_list":["post-5506","page","type-page","status-publish","hentry"],"acf":[],"yoast_head":"<!-- This site is optimized with the Yoast SEO plugin v27.4 - https:\/\/yoast.com\/product\/yoast-seo-wordpress\/ -->\n<title>Afname van eicellen - Fivette.be<\/title>\n<meta name=\"description\" content=\"De eierstokpunctie (of folliculaire punctie) is een essenti\u00eble stap in het in vitro fertilisatie (IVF) proces. Het is een chirurgische ingreep met als doel het verkrijgen van eicellen.\" \/>\n<meta name=\"robots\" content=\"index, follow, max-snippet:-1, max-image-preview:large, max-video-preview:-1\" \/>\n<link rel=\"canonical\" href=\"https:\/\/www.fivette.be\/nl\/ons-laboratorium\/afname-van-eicellen\/\" \/>\n<meta property=\"og:locale\" content=\"nl_NL\" \/>\n<meta property=\"og:type\" content=\"article\" \/>\n<meta property=\"og:title\" content=\"Afname van eicellen - Fivette.be\" \/>\n<meta property=\"og:description\" content=\"De eierstokpunctie (of folliculaire punctie) is een essenti\u00eble stap in het in vitro fertilisatie (IVF) proces. Het is een chirurgische ingreep met als doel het verkrijgen van eicellen.\" \/>\n<meta property=\"og:site_name\" content=\"Fivette.be\" \/>\n<meta name=\"twitter:card\" content=\"summary_large_image\" \/>\n<meta name=\"twitter:label1\" content=\"Geschatte leestijd\" \/>\n\t<meta name=\"twitter:data1\" content=\"2 minuten\" \/>\n<script type=\"application\/ld+json\" class=\"yoast-schema-graph\">{\"@context\":\"https:\\\/\\\/schema.org\",\"@graph\":[{\"@type\":\"WebPage\",\"@id\":\"https:\\\/\\\/www.fivette.be\\\/nl\\\/ons-laboratorium\\\/afname-van-eicellen\\\/\",\"url\":\"https:\\\/\\\/www.fivette.be\\\/nl\\\/ons-laboratorium\\\/afname-van-eicellen\\\/\",\"name\":\"Afname van eicellen - Fivette.be\",\"isPartOf\":{\"@id\":\"https:\\\/\\\/www.fivette.be\\\/#website\"},\"datePublished\":\"2023-04-23T14:07:23+00:00\",\"description\":\"De eierstokpunctie (of folliculaire punctie) is een essenti\u00eble stap in het in vitro fertilisatie (IVF) proces. Het is een chirurgische ingreep met als doel het verkrijgen van eicellen.\",\"breadcrumb\":{\"@id\":\"https:\\\/\\\/www.fivette.be\\\/nl\\\/ons-laboratorium\\\/afname-van-eicellen\\\/#breadcrumb\"},\"inLanguage\":\"nl-NL\",\"potentialAction\":[{\"@type\":\"ReadAction\",\"target\":[\"https:\\\/\\\/www.fivette.be\\\/nl\\\/ons-laboratorium\\\/afname-van-eicellen\\\/\"]}]},{\"@type\":\"BreadcrumbList\",\"@id\":\"https:\\\/\\\/www.fivette.be\\\/nl\\\/ons-laboratorium\\\/afname-van-eicellen\\\/#breadcrumb\",\"itemListElement\":[{\"@type\":\"ListItem\",\"position\":1,\"name\":\"Home\",\"item\":\"https:\\\/\\\/www.fivette.be\\\/nl\\\/heeft-u-een-kinderwens\\\/\"},{\"@type\":\"ListItem\",\"position\":2,\"name\":\"Ons laboratorium\",\"item\":\"https:\\\/\\\/www.fivette.be\\\/nl\\\/ons-laboratorium\\\/\"},{\"@type\":\"ListItem\",\"position\":3,\"name\":\"Afname van eicellen\"}]},{\"@type\":\"WebSite\",\"@id\":\"https:\\\/\\\/www.fivette.be\\\/#website\",\"url\":\"https:\\\/\\\/www.fivette.be\\\/\",\"name\":\"Fivette.be - Le centre de Procr\u00e9ation M\u00e9dicalement Assist\u00e9e du CHU Saint-Pierre\",\"description\":\"Le centre de PMA du CHU Saint-Pierre\",\"publisher\":{\"@id\":\"https:\\\/\\\/www.fivette.be\\\/#organization\"},\"potentialAction\":[{\"@type\":\"SearchAction\",\"target\":{\"@type\":\"EntryPoint\",\"urlTemplate\":\"https:\\\/\\\/www.fivette.be\\\/?s={search_term_string}\"},\"query-input\":{\"@type\":\"PropertyValueSpecification\",\"valueRequired\":true,\"valueName\":\"search_term_string\"}}],\"inLanguage\":\"nl-NL\"},{\"@type\":\"Organization\",\"@id\":\"https:\\\/\\\/www.fivette.be\\\/#organization\",\"name\":\"Fivette.be - Le centre de Procr\u00e9ation M\u00e9dicalement Assist\u00e9e du CHU Saint-Pierre\",\"url\":\"https:\\\/\\\/www.fivette.be\\\/\",\"logo\":{\"@type\":\"ImageObject\",\"inLanguage\":\"nl-NL\",\"@id\":\"https:\\\/\\\/www.fivette.be\\\/#\\\/schema\\\/logo\\\/image\\\/\",\"url\":\"http:\\\/\\\/fivette.be\\\/wp-content\\\/uploads\\\/2023\\\/01\\\/PMAlogocolorSP.png\",\"contentUrl\":\"http:\\\/\\\/fivette.be\\\/wp-content\\\/uploads\\\/2023\\\/01\\\/PMAlogocolorSP.png\",\"width\":289,\"height\":251,\"caption\":\"Fivette.be - Le centre de Procr\u00e9ation M\u00e9dicalement Assist\u00e9e du CHU Saint-Pierre\"},\"image\":{\"@id\":\"https:\\\/\\\/www.fivette.be\\\/#\\\/schema\\\/logo\\\/image\\\/\"}}]}<\/script>\n<!-- \/ Yoast SEO plugin. -->","yoast_head_json":{"title":"Afname van eicellen - Fivette.be","description":"De eierstokpunctie (of folliculaire punctie) is een essenti\u00eble stap in het in vitro fertilisatie (IVF) proces. Het is een chirurgische ingreep met als doel het verkrijgen van eicellen.","robots":{"index":"index","follow":"follow","max-snippet":"max-snippet:-1","max-image-preview":"max-image-preview:large","max-video-preview":"max-video-preview:-1"},"canonical":"https:\/\/www.fivette.be\/nl\/ons-laboratorium\/afname-van-eicellen\/","og_locale":"nl_NL","og_type":"article","og_title":"Afname van eicellen - Fivette.be","og_description":"De eierstokpunctie (of folliculaire punctie) is een essenti\u00eble stap in het in vitro fertilisatie (IVF) proces. Het is een chirurgische ingreep met als doel het verkrijgen van eicellen.","og_site_name":"Fivette.be","twitter_card":"summary_large_image","twitter_misc":{"Geschatte leestijd":"2 minuten"},"schema":{"@context":"https:\/\/schema.org","@graph":[{"@type":"WebPage","@id":"https:\/\/www.fivette.be\/nl\/ons-laboratorium\/afname-van-eicellen\/","url":"https:\/\/www.fivette.be\/nl\/ons-laboratorium\/afname-van-eicellen\/","name":"Afname van eicellen - Fivette.be","isPartOf":{"@id":"https:\/\/www.fivette.be\/#website"},"datePublished":"2023-04-23T14:07:23+00:00","description":"De eierstokpunctie (of folliculaire punctie) is een essenti\u00eble stap in het in vitro fertilisatie (IVF) proces. Het is een chirurgische ingreep met als doel het verkrijgen van eicellen.","breadcrumb":{"@id":"https:\/\/www.fivette.be\/nl\/ons-laboratorium\/afname-van-eicellen\/#breadcrumb"},"inLanguage":"nl-NL","potentialAction":[{"@type":"ReadAction","target":["https:\/\/www.fivette.be\/nl\/ons-laboratorium\/afname-van-eicellen\/"]}]},{"@type":"BreadcrumbList","@id":"https:\/\/www.fivette.be\/nl\/ons-laboratorium\/afname-van-eicellen\/#breadcrumb","itemListElement":[{"@type":"ListItem","position":1,"name":"Home","item":"https:\/\/www.fivette.be\/nl\/heeft-u-een-kinderwens\/"},{"@type":"ListItem","position":2,"name":"Ons laboratorium","item":"https:\/\/www.fivette.be\/nl\/ons-laboratorium\/"},{"@type":"ListItem","position":3,"name":"Afname van eicellen"}]},{"@type":"WebSite","@id":"https:\/\/www.fivette.be\/#website","url":"https:\/\/www.fivette.be\/","name":"Fivette.be - Le centre de Procr\u00e9ation M\u00e9dicalement Assist\u00e9e du CHU Saint-Pierre","description":"Le centre de PMA du CHU Saint-Pierre","publisher":{"@id":"https:\/\/www.fivette.be\/#organization"},"potentialAction":[{"@type":"SearchAction","target":{"@type":"EntryPoint","urlTemplate":"https:\/\/www.fivette.be\/?s={search_term_string}"},"query-input":{"@type":"PropertyValueSpecification","valueRequired":true,"valueName":"search_term_string"}}],"inLanguage":"nl-NL"},{"@type":"Organization","@id":"https:\/\/www.fivette.be\/#organization","name":"Fivette.be - Le centre de Procr\u00e9ation M\u00e9dicalement Assist\u00e9e du CHU Saint-Pierre","url":"https:\/\/www.fivette.be\/","logo":{"@type":"ImageObject","inLanguage":"nl-NL","@id":"https:\/\/www.fivette.be\/#\/schema\/logo\/image\/","url":"http:\/\/fivette.be\/wp-content\/uploads\/2023\/01\/PMAlogocolorSP.png","contentUrl":"http:\/\/fivette.be\/wp-content\/uploads\/2023\/01\/PMAlogocolorSP.png","width":289,"height":251,"caption":"Fivette.be - Le centre de Procr\u00e9ation M\u00e9dicalement Assist\u00e9e du CHU Saint-Pierre"},"image":{"@id":"https:\/\/www.fivette.be\/#\/schema\/logo\/image\/"}}]}},"jetpack_sharing_enabled":true,"_links":{"self":[{"href":"https:\/\/www.fivette.be\/nl\/wp-json\/wp\/v2\/pages\/5506","targetHints":{"allow":["GET"]}}],"collection":[{"href":"https:\/\/www.fivette.be\/nl\/wp-json\/wp\/v2\/pages"}],"about":[{"href":"https:\/\/www.fivette.be\/nl\/wp-json\/wp\/v2\/types\/page"}],"author":[{"embeddable":true,"href":"https:\/\/www.fivette.be\/nl\/wp-json\/wp\/v2\/users\/1"}],"replies":[{"embeddable":true,"href":"https:\/\/www.fivette.be\/nl\/wp-json\/wp\/v2\/comments?post=5506"}],"version-history":[{"count":2,"href":"https:\/\/www.fivette.be\/nl\/wp-json\/wp\/v2\/pages\/5506\/revisions"}],"predecessor-version":[{"id":5508,"href":"https:\/\/www.fivette.be\/nl\/wp-json\/wp\/v2\/pages\/5506\/revisions\/5508"}],"up":[{"embeddable":true,"href":"https:\/\/www.fivette.be\/nl\/wp-json\/wp\/v2\/pages\/5478"}],"wp:attachment":[{"href":"https:\/\/www.fivette.be\/nl\/wp-json\/wp\/v2\/media?parent=5506"}],"wp:term":[{"taxonomy":"category","embeddable":true,"href":"https:\/\/www.fivette.be\/nl\/wp-json\/wp\/v2\/categories?post=5506"},{"taxonomy":"post_tag","embeddable":true,"href":"https:\/\/www.fivette.be\/nl\/wp-json\/wp\/v2\/tags?post=5506"}],"curies":[{"name":"wp","href":"https:\/\/api.w.org\/{rel}","templated":true}]}}