{"id":5528,"date":"2023-05-04T15:42:11","date_gmt":"2023-05-04T13:42:11","guid":{"rendered":"http:\/\/10.14.1.27\/fivette\/ons-laboratorium\/vitrificatie-van-eicellen\/"},"modified":"2023-05-04T15:42:12","modified_gmt":"2023-05-04T13:42:12","slug":"vitrificatie-van-eicellen","status":"publish","type":"page","link":"https:\/\/www.fivette.be\/nl\/ons-laboratorium\/vitrificatie-van-eicellen\/","title":{"rendered":"Vitrificatie van eicellen"},"content":{"rendered":"<p>[et_pb_section fb_built=&#8221;1&#8243; _builder_version=&#8221;4.10.7&#8243; _module_preset=&#8221;default&#8221; custom_padding=&#8221;0px||0px|||&#8221; global_module=&#8221;653&#8243; saved_tabs=&#8221;all&#8221; global_colors_info=&#8221;{}&#8221; theme_builder_area=&#8221;post_content&#8221;][et_pb_row _builder_version=&#8221;4.17.1&#8243; _module_preset=&#8221;default&#8221; custom_padding=&#8221;101px|||||&#8221; global_colors_info=&#8221;{}&#8221; theme_builder_area=&#8221;post_content&#8221;][et_pb_column type=&#8221;4_4&#8243; _builder_version=&#8221;4.17.1&#8243; _module_preset=&#8221;default&#8221; global_colors_info=&#8221;{}&#8221; theme_builder_area=&#8221;post_content&#8221;][et_pb_text _builder_version=&#8221;4.18.0&#8243; _module_preset=&#8221;default&#8221; global_colors_info=&#8221;{}&#8221; theme_builder_area=&#8221;post_content&#8221;]<\/p>\n<h2>Eivitrificatie<\/h2>\n<p><span style=\"font-weight: 400;\">Eivitrificatie vindt plaats aan het einde van de stimulatie na het aanzuigen van eicellen.<\/span><\/p>\n<p><span style=\"font-weight: 400;\">Het bewaren van uw eicellen door invriezing kan om verschillende redenen gebeuren: <\/span><\/p>\n<ul>\n<li style=\"font-weight: 400;\" aria-level=\"1\"><span style=\"font-weight: 400;\">Dreigend ovarieel falen<\/span><\/li>\n<li style=\"font-weight: 400;\" aria-level=\"1\"><span style=\"font-weight: 400;\">Behoud van vruchtbaarheid v\u00f3\u00f3r een gonadotoxische behandeling (chemotherapie, radiotherapie, chirurgie)<\/span><\/li>\n<li style=\"font-weight: 400;\" aria-level=\"1\"><span style=\"font-weight: 400;\">Preventie van ovarieel veroudering<\/span><\/li>\n<\/ul>\n<p><span style=\"font-weight: 400;\">Eivitrificatie wordt vergoed in bepaalde situaties en in andere gevallen zal het voor uw eigen rekening zijn.<\/span><\/p>\n<p><span style=\"font-weight: 400;\">Als u meer informatie wilt, kunt u contact opnemen met ons secretariaat om een afspraak te maken met een van de artsen van het team.<\/span><\/p>\n<p>&nbsp;<\/p>\n<p>&nbsp;<\/p>\n<p>[\/et_pb_text][\/et_pb_column][\/et_pb_row][\/et_pb_section]<\/p>\n","protected":false},"excerpt":{"rendered":"<p>Eivitrificatie Eivitrificatie vindt plaats aan het einde van de stimulatie na het aanzuigen van eicellen. Het bewaren van uw eicellen door invriezing kan om verschillende redenen gebeuren: Dreigend ovarieel falen Behoud van vruchtbaarheid v\u00f3\u00f3r een gonadotoxische behandeling (chemotherapie, radiotherapie, chirurgie) Preventie van ovarieel veroudering Eivitrificatie wordt vergoed in bepaalde situaties en in andere gevallen zal [&hellip;]<\/p>\n","protected":false},"author":4,"featured_media":0,"parent":5478,"menu_order":0,"comment_status":"closed","ping_status":"closed","template":"","meta":{"_acf_changed":false,"_et_pb_use_builder":"on","_et_pb_old_content":"","_et_gb_content_width":"","footnotes":""},"categories":[],"tags":[],"class_list":["post-5528","page","type-page","status-publish","hentry"],"acf":[],"yoast_head":"<!-- This site is optimized with the Yoast SEO plugin v26.4 - https:\/\/yoast.com\/wordpress\/plugins\/seo\/ -->\n<title>Vitrificatie van eicellen - Fivette.be<\/title>\n<meta name=\"robots\" content=\"index, follow, max-snippet:-1, max-image-preview:large, max-video-preview:-1\" \/>\n<link rel=\"canonical\" href=\"https:\/\/www.fivette.be\/nl\/ons-laboratorium\/vitrificatie-van-eicellen\/\" \/>\n<meta property=\"og:locale\" content=\"nl_NL\" \/>\n<meta property=\"og:type\" content=\"article\" \/>\n<meta property=\"og:title\" content=\"Vitrificatie van eicellen - Fivette.be\" \/>\n<meta property=\"og:description\" content=\"Eivitrificatie Eivitrificatie vindt plaats aan het einde van de stimulatie na het aanzuigen van eicellen. Het bewaren van uw eicellen door invriezing kan om verschillende redenen gebeuren: Dreigend ovarieel falen Behoud van vruchtbaarheid v\u00f3\u00f3r een gonadotoxische behandeling (chemotherapie, radiotherapie, chirurgie) Preventie van ovarieel veroudering Eivitrificatie wordt vergoed in bepaalde situaties en in andere gevallen zal [&hellip;]\" \/>\n<meta property=\"og:site_name\" content=\"Fivette.be\" \/>\n<meta property=\"article:modified_time\" content=\"2023-05-04T13:42:12+00:00\" \/>\n<meta name=\"twitter:card\" content=\"summary_large_image\" \/>\n<meta name=\"twitter:label1\" content=\"Geschatte leestijd\" \/>\n\t<meta name=\"twitter:data1\" content=\"1 minuut\" \/>\n<script type=\"application\/ld+json\" class=\"yoast-schema-graph\">{\"@context\":\"https:\/\/schema.org\",\"@graph\":[{\"@type\":\"WebPage\",\"@id\":\"https:\/\/www.fivette.be\/nl\/ons-laboratorium\/vitrificatie-van-eicellen\/\",\"url\":\"https:\/\/www.fivette.be\/nl\/ons-laboratorium\/vitrificatie-van-eicellen\/\",\"name\":\"Vitrificatie van eicellen - Fivette.be\",\"isPartOf\":{\"@id\":\"https:\/\/www.fivette.be\/#website\"},\"datePublished\":\"2023-05-04T13:42:11+00:00\",\"dateModified\":\"2023-05-04T13:42:12+00:00\",\"breadcrumb\":{\"@id\":\"https:\/\/www.fivette.be\/nl\/ons-laboratorium\/vitrificatie-van-eicellen\/#breadcrumb\"},\"inLanguage\":\"nl-NL\",\"potentialAction\":[{\"@type\":\"ReadAction\",\"target\":[\"https:\/\/www.fivette.be\/nl\/ons-laboratorium\/vitrificatie-van-eicellen\/\"]}]},{\"@type\":\"BreadcrumbList\",\"@id\":\"https:\/\/www.fivette.be\/nl\/ons-laboratorium\/vitrificatie-van-eicellen\/#breadcrumb\",\"itemListElement\":[{\"@type\":\"ListItem\",\"position\":1,\"name\":\"Home\",\"item\":\"https:\/\/www.fivette.be\/nl\/heeft-u-een-kinderwens\/\"},{\"@type\":\"ListItem\",\"position\":2,\"name\":\"Ons laboratorium\",\"item\":\"https:\/\/www.fivette.be\/nl\/ons-laboratorium\/\"},{\"@type\":\"ListItem\",\"position\":3,\"name\":\"Vitrificatie van eicellen\"}]},{\"@type\":\"WebSite\",\"@id\":\"https:\/\/www.fivette.be\/#website\",\"url\":\"https:\/\/www.fivette.be\/\",\"name\":\"Fivette.be - Le centre de Procr\u00e9ation M\u00e9dicalement Assist\u00e9e du CHU Saint-Pierre\",\"description\":\"Le centre de PMA du CHU Saint-Pierre\",\"publisher\":{\"@id\":\"https:\/\/www.fivette.be\/#organization\"},\"potentialAction\":[{\"@type\":\"SearchAction\",\"target\":{\"@type\":\"EntryPoint\",\"urlTemplate\":\"https:\/\/www.fivette.be\/?s={search_term_string}\"},\"query-input\":{\"@type\":\"PropertyValueSpecification\",\"valueRequired\":true,\"valueName\":\"search_term_string\"}}],\"inLanguage\":\"nl-NL\"},{\"@type\":\"Organization\",\"@id\":\"https:\/\/www.fivette.be\/#organization\",\"name\":\"Fivette.be - Le centre de Procr\u00e9ation M\u00e9dicalement Assist\u00e9e du CHU Saint-Pierre\",\"url\":\"https:\/\/www.fivette.be\/\",\"logo\":{\"@type\":\"ImageObject\",\"inLanguage\":\"nl-NL\",\"@id\":\"https:\/\/www.fivette.be\/#\/schema\/logo\/image\/\",\"url\":\"http:\/\/fivette.be\/wp-content\/uploads\/2023\/01\/PMAlogocolorSP.png\",\"contentUrl\":\"http:\/\/fivette.be\/wp-content\/uploads\/2023\/01\/PMAlogocolorSP.png\",\"width\":289,\"height\":251,\"caption\":\"Fivette.be - Le centre de Procr\u00e9ation M\u00e9dicalement Assist\u00e9e du CHU Saint-Pierre\"},\"image\":{\"@id\":\"https:\/\/www.fivette.be\/#\/schema\/logo\/image\/\"}}]}<\/script>\n<!-- \/ Yoast SEO plugin. -->","yoast_head_json":{"title":"Vitrificatie van eicellen - Fivette.be","robots":{"index":"index","follow":"follow","max-snippet":"max-snippet:-1","max-image-preview":"max-image-preview:large","max-video-preview":"max-video-preview:-1"},"canonical":"https:\/\/www.fivette.be\/nl\/ons-laboratorium\/vitrificatie-van-eicellen\/","og_locale":"nl_NL","og_type":"article","og_title":"Vitrificatie van eicellen - Fivette.be","og_description":"Eivitrificatie Eivitrificatie vindt plaats aan het einde van de stimulatie na het aanzuigen van eicellen. Het bewaren van uw eicellen door invriezing kan om verschillende redenen gebeuren: Dreigend ovarieel falen Behoud van vruchtbaarheid v\u00f3\u00f3r een gonadotoxische behandeling (chemotherapie, radiotherapie, chirurgie) Preventie van ovarieel veroudering Eivitrificatie wordt vergoed in bepaalde situaties en in andere gevallen zal [&hellip;]","og_site_name":"Fivette.be","article_modified_time":"2023-05-04T13:42:12+00:00","twitter_card":"summary_large_image","twitter_misc":{"Geschatte leestijd":"1 minuut"},"schema":{"@context":"https:\/\/schema.org","@graph":[{"@type":"WebPage","@id":"https:\/\/www.fivette.be\/nl\/ons-laboratorium\/vitrificatie-van-eicellen\/","url":"https:\/\/www.fivette.be\/nl\/ons-laboratorium\/vitrificatie-van-eicellen\/","name":"Vitrificatie van eicellen - Fivette.be","isPartOf":{"@id":"https:\/\/www.fivette.be\/#website"},"datePublished":"2023-05-04T13:42:11+00:00","dateModified":"2023-05-04T13:42:12+00:00","breadcrumb":{"@id":"https:\/\/www.fivette.be\/nl\/ons-laboratorium\/vitrificatie-van-eicellen\/#breadcrumb"},"inLanguage":"nl-NL","potentialAction":[{"@type":"ReadAction","target":["https:\/\/www.fivette.be\/nl\/ons-laboratorium\/vitrificatie-van-eicellen\/"]}]},{"@type":"BreadcrumbList","@id":"https:\/\/www.fivette.be\/nl\/ons-laboratorium\/vitrificatie-van-eicellen\/#breadcrumb","itemListElement":[{"@type":"ListItem","position":1,"name":"Home","item":"https:\/\/www.fivette.be\/nl\/heeft-u-een-kinderwens\/"},{"@type":"ListItem","position":2,"name":"Ons laboratorium","item":"https:\/\/www.fivette.be\/nl\/ons-laboratorium\/"},{"@type":"ListItem","position":3,"name":"Vitrificatie van eicellen"}]},{"@type":"WebSite","@id":"https:\/\/www.fivette.be\/#website","url":"https:\/\/www.fivette.be\/","name":"Fivette.be - Le centre de Procr\u00e9ation M\u00e9dicalement Assist\u00e9e du CHU Saint-Pierre","description":"Le centre de PMA du CHU Saint-Pierre","publisher":{"@id":"https:\/\/www.fivette.be\/#organization"},"potentialAction":[{"@type":"SearchAction","target":{"@type":"EntryPoint","urlTemplate":"https:\/\/www.fivette.be\/?s={search_term_string}"},"query-input":{"@type":"PropertyValueSpecification","valueRequired":true,"valueName":"search_term_string"}}],"inLanguage":"nl-NL"},{"@type":"Organization","@id":"https:\/\/www.fivette.be\/#organization","name":"Fivette.be - Le centre de Procr\u00e9ation M\u00e9dicalement Assist\u00e9e du CHU Saint-Pierre","url":"https:\/\/www.fivette.be\/","logo":{"@type":"ImageObject","inLanguage":"nl-NL","@id":"https:\/\/www.fivette.be\/#\/schema\/logo\/image\/","url":"http:\/\/fivette.be\/wp-content\/uploads\/2023\/01\/PMAlogocolorSP.png","contentUrl":"http:\/\/fivette.be\/wp-content\/uploads\/2023\/01\/PMAlogocolorSP.png","width":289,"height":251,"caption":"Fivette.be - Le centre de Procr\u00e9ation M\u00e9dicalement Assist\u00e9e du CHU Saint-Pierre"},"image":{"@id":"https:\/\/www.fivette.be\/#\/schema\/logo\/image\/"}}]}},"jetpack_sharing_enabled":true,"_links":{"self":[{"href":"https:\/\/www.fivette.be\/nl\/wp-json\/wp\/v2\/pages\/5528","targetHints":{"allow":["GET"]}}],"collection":[{"href":"https:\/\/www.fivette.be\/nl\/wp-json\/wp\/v2\/pages"}],"about":[{"href":"https:\/\/www.fivette.be\/nl\/wp-json\/wp\/v2\/types\/page"}],"author":[{"embeddable":true,"href":"https:\/\/www.fivette.be\/nl\/wp-json\/wp\/v2\/users\/4"}],"replies":[{"embeddable":true,"href":"https:\/\/www.fivette.be\/nl\/wp-json\/wp\/v2\/comments?post=5528"}],"version-history":[{"count":2,"href":"https:\/\/www.fivette.be\/nl\/wp-json\/wp\/v2\/pages\/5528\/revisions"}],"predecessor-version":[{"id":5530,"href":"https:\/\/www.fivette.be\/nl\/wp-json\/wp\/v2\/pages\/5528\/revisions\/5530"}],"up":[{"embeddable":true,"href":"https:\/\/www.fivette.be\/nl\/wp-json\/wp\/v2\/pages\/5478"}],"wp:attachment":[{"href":"https:\/\/www.fivette.be\/nl\/wp-json\/wp\/v2\/media?parent=5528"}],"wp:term":[{"taxonomy":"category","embeddable":true,"href":"https:\/\/www.fivette.be\/nl\/wp-json\/wp\/v2\/categories?post=5528"},{"taxonomy":"post_tag","embeddable":true,"href":"https:\/\/www.fivette.be\/nl\/wp-json\/wp\/v2\/tags?post=5528"}],"curies":[{"name":"wp","href":"https:\/\/api.w.org\/{rel}","templated":true}]}}