{"id":5534,"date":"2023-05-04T15:48:48","date_gmt":"2023-05-04T13:48:48","guid":{"rendered":"http:\/\/10.14.1.27\/fivette\/wie-zijn-wij\/"},"modified":"2023-05-04T15:48:49","modified_gmt":"2023-05-04T13:48:49","slug":"wie-zijn-wij","status":"publish","type":"page","link":"https:\/\/www.fivette.be\/nl\/wie-zijn-wij\/","title":{"rendered":"Wie zijn wij?"},"content":{"rendered":"\n[et_pb_section fb_built=&#8221;1&#8243; _builder_version=&#8221;4.17.3&#8243; _module_preset=&#8221;default&#8221; global_colors_info=&#8221;{}&#8221; theme_builder_area=&#8221;post_content&#8221;][et_pb_row column_structure=&#8221;1_2,1_2&#8243; make_equal=&#8221;on&#8221; module_class=&#8221;gq_r_fixed_buttons&#8221; _builder_version=&#8221;4.17.3&#8243; _module_preset=&#8221;default&#8221; width=&#8221;100%&#8221; global_colors_info=&#8221;{}&#8221; theme_builder_area=&#8221;post_content&#8221;][et_pb_column type=&#8221;1_2&#8243; _builder_version=&#8221;4.17.3&#8243; _module_preset=&#8221;default&#8221; global_colors_info=&#8221;{}&#8221; theme_builder_area=&#8221;post_content&#8221;][et_pb_cta title=&#8221;Ons team&#8221; button_url=&#8221;@ET-DC@eyJkeW5hbWljIjp0cnVlLCJjb250ZW50IjoicG9zdF9saW5rX3VybF9wYWdlIiwic2V0dGluZ3MiOnsicG9zdF9pZCI6IjQ0MjIifX0=@&#8221; button_text=&#8221;Verkennen&#8221; module_class=&#8221;gq_r_fixed_buttons&#8221; _builder_version=&#8221;4.18.0&#8243; _dynamic_attributes=&#8221;button_url&#8221; _module_preset=&#8221;default&#8221; header_font=&#8221;|||||on|||&#8221; background_color=&#8221;#FFFFFF&#8221; custom_button=&#8221;on&#8221; button_text_size=&#8221;16px&#8221; button_text_color=&#8221;#FFFFFF&#8221; button_bg_color=&#8221;#F7C504&#8243; button_border_color=&#8221;#FFFFFF&#8221; button_border_radius=&#8221;210px&#8221; button_use_icon=&#8221;off&#8221; button_alignment=&#8221;center&#8221; button_rel=&#8221;off|off|off|off|off&#8221; transform_translate_linked=&#8221;off&#8221; text_orientation=&#8221;left&#8221; background_layout=&#8221;light&#8221; height=&#8221;250px&#8221; hover_enabled=&#8221;0&#8243; border_width_left=&#8221;3px&#8221; border_color_left=&#8221;#F7C504&#8243; box_shadow_style=&#8221;preset1&#8243; box_shadow_style_button=&#8221;preset1&#8243; global_colors_info=&#8221;{}&#8221; transform_styles__hover_enabled=&#8221;on|hover&#8221; transform_scale__hover_enabled=&#8221;on|desktop&#8221; transform_translate__hover=&#8221;0px|-20px&#8221; transform_translate__hover_enabled=&#8221;on|hover&#8221; transform_rotate__hover_enabled=&#8221;on|desktop&#8221; transform_skew__hover_enabled=&#8221;on|desktop&#8221; transform_origin__hover_enabled=&#8221;on|desktop&#8221; theme_builder_area=&#8221;post_content&#8221; sticky_enabled=&#8221;0&#8243;]<p>Presentatie van ons multidisciplinair team<\/p>[\/et_pb_cta][\/et_pb_column][et_pb_column type=&#8221;1_2&#8243; _builder_version=&#8221;4.17.3&#8243; _module_preset=&#8221;default&#8221; global_colors_info=&#8221;{}&#8221; theme_builder_area=&#8221;post_content&#8221;][et_pb_cta title=&#8221;Geschiedenis&#8221; button_url=&#8221;@ET-DC@eyJkeW5hbWljIjp0cnVlLCJjb250ZW50IjoicG9zdF9saW5rX3VybF9wYWdlIiwic2V0dGluZ3MiOnsicG9zdF9pZCI6IjQzNjQifX0=@&#8221; button_text=&#8221;Verkennen&#8221; module_class=&#8221;gq_r_fixed_buttons&#8221; _builder_version=&#8221;4.18.0&#8243; _dynamic_attributes=&#8221;button_url&#8221; _module_preset=&#8221;default&#8221; header_font=&#8221;|||||on|||&#8221; background_color=&#8221;#FFFFFF&#8221; custom_button=&#8221;on&#8221; button_text_size=&#8221;16px&#8221; button_text_color=&#8221;#FFFFFF&#8221; button_bg_color=&#8221;#AEC737&#8243; button_border_color=&#8221;#FFFFFF&#8221; button_border_radius=&#8221;210px&#8221; button_use_icon=&#8221;off&#8221; button_alignment=&#8221;center&#8221; button_rel=&#8221;off|off|off|off|off&#8221; text_orientation=&#8221;left&#8221; background_layout=&#8221;light&#8221; height=&#8221;250px&#8221; border_color_all=&#8221;#49CBC7&#8243; border_width_left=&#8221;3px&#8221; border_color_left=&#8221;#AEC737&#8243; box_shadow_style=&#8221;preset1&#8243; box_shadow_style_button=&#8221;preset1&#8243; global_colors_info=&#8221;{}&#8221; transform_styles__hover_enabled=&#8221;on|hover&#8221; transform_scale__hover_enabled=&#8221;on|desktop&#8221; transform_translate__hover=&#8221;0px|-20px&#8221; transform_translate__hover_enabled=&#8221;on|hover&#8221; transform_rotate__hover_enabled=&#8221;on|desktop&#8221; transform_skew__hover_enabled=&#8221;on|desktop&#8221; transform_origin__hover_enabled=&#8221;on|desktop&#8221; theme_builder_area=&#8221;post_content&#8221;]<p>Het begin van ons centrum tot op de dag van vandaag<\/p>[\/et_pb_cta][\/et_pb_column][\/et_pb_row][\/et_pb_section]\n","protected":false},"excerpt":{"rendered":"<p>Ons team bestaat uit artsen gespecialiseerd in voortplantingsgeneeskunde, verpleegkundigen en vroedvrouwen, embryologen, een psycholoog, een psychiater en secretaresses. We werken samen met de verschillende teams van het ziekenhuis, indien nodig.<\/p>\n","protected":false},"author":1,"featured_media":0,"parent":0,"menu_order":0,"comment_status":"open","ping_status":"closed","template":"","meta":{"_acf_changed":false,"_et_pb_use_builder":"on","_et_pb_old_content":"","_et_gb_content_width":"","footnotes":""},"categories":[567],"tags":[],"class_list":["post-5534","page","type-page","status-publish","hentry","category-pagina-menu"],"acf":[],"yoast_head":"<!-- This site is optimized with the Yoast SEO plugin v27.4 - https:\/\/yoast.com\/product\/yoast-seo-wordpress\/ -->\n<title>Wie zijn wij? - Fivette.be<\/title>\n<meta name=\"robots\" content=\"index, follow, max-snippet:-1, max-image-preview:large, max-video-preview:-1\" \/>\n<link rel=\"canonical\" href=\"https:\/\/www.fivette.be\/nl\/wie-zijn-wij\/\" \/>\n<meta property=\"og:locale\" content=\"nl_NL\" \/>\n<meta property=\"og:type\" content=\"article\" \/>\n<meta property=\"og:title\" content=\"Wie zijn wij? - Fivette.be\" \/>\n<meta property=\"og:description\" content=\"Ons team bestaat uit artsen gespecialiseerd in voortplantingsgeneeskunde, verpleegkundigen en vroedvrouwen, embryologen, een psycholoog, een psychiater en secretaresses. We werken samen met de verschillende teams van het ziekenhuis, indien nodig.\" \/>\n<meta property=\"og:site_name\" content=\"Fivette.be\" \/>\n<meta property=\"article:modified_time\" content=\"2023-05-04T13:48:49+00:00\" \/>\n<meta name=\"twitter:card\" content=\"summary_large_image\" \/>\n<meta name=\"twitter:label1\" content=\"Geschatte leestijd\" \/>\n\t<meta name=\"twitter:data1\" content=\"2 minuten\" \/>\n<script type=\"application\/ld+json\" class=\"yoast-schema-graph\">{\"@context\":\"https:\\\/\\\/schema.org\",\"@graph\":[{\"@type\":\"WebPage\",\"@id\":\"https:\\\/\\\/www.fivette.be\\\/nl\\\/wie-zijn-wij\\\/\",\"url\":\"https:\\\/\\\/www.fivette.be\\\/nl\\\/wie-zijn-wij\\\/\",\"name\":\"Wie zijn wij? - Fivette.be\",\"isPartOf\":{\"@id\":\"https:\\\/\\\/www.fivette.be\\\/#website\"},\"datePublished\":\"2023-05-04T13:48:48+00:00\",\"dateModified\":\"2023-05-04T13:48:49+00:00\",\"breadcrumb\":{\"@id\":\"https:\\\/\\\/www.fivette.be\\\/nl\\\/wie-zijn-wij\\\/#breadcrumb\"},\"inLanguage\":\"nl-NL\",\"potentialAction\":[{\"@type\":\"ReadAction\",\"target\":[\"https:\\\/\\\/www.fivette.be\\\/nl\\\/wie-zijn-wij\\\/\"]}]},{\"@type\":\"BreadcrumbList\",\"@id\":\"https:\\\/\\\/www.fivette.be\\\/nl\\\/wie-zijn-wij\\\/#breadcrumb\",\"itemListElement\":[{\"@type\":\"ListItem\",\"position\":1,\"name\":\"Home\",\"item\":\"https:\\\/\\\/www.fivette.be\\\/nl\\\/heeft-u-een-kinderwens\\\/\"},{\"@type\":\"ListItem\",\"position\":2,\"name\":\"Wie zijn wij?\"}]},{\"@type\":\"WebSite\",\"@id\":\"https:\\\/\\\/www.fivette.be\\\/#website\",\"url\":\"https:\\\/\\\/www.fivette.be\\\/\",\"name\":\"Fivette.be - Le centre de Procr\u00e9ation M\u00e9dicalement Assist\u00e9e du CHU Saint-Pierre\",\"description\":\"Le centre de PMA du CHU Saint-Pierre\",\"publisher\":{\"@id\":\"https:\\\/\\\/www.fivette.be\\\/#organization\"},\"potentialAction\":[{\"@type\":\"SearchAction\",\"target\":{\"@type\":\"EntryPoint\",\"urlTemplate\":\"https:\\\/\\\/www.fivette.be\\\/?s={search_term_string}\"},\"query-input\":{\"@type\":\"PropertyValueSpecification\",\"valueRequired\":true,\"valueName\":\"search_term_string\"}}],\"inLanguage\":\"nl-NL\"},{\"@type\":\"Organization\",\"@id\":\"https:\\\/\\\/www.fivette.be\\\/#organization\",\"name\":\"Fivette.be - Le centre de Procr\u00e9ation M\u00e9dicalement Assist\u00e9e du CHU Saint-Pierre\",\"url\":\"https:\\\/\\\/www.fivette.be\\\/\",\"logo\":{\"@type\":\"ImageObject\",\"inLanguage\":\"nl-NL\",\"@id\":\"https:\\\/\\\/www.fivette.be\\\/#\\\/schema\\\/logo\\\/image\\\/\",\"url\":\"http:\\\/\\\/fivette.be\\\/wp-content\\\/uploads\\\/2023\\\/01\\\/PMAlogocolorSP.png\",\"contentUrl\":\"http:\\\/\\\/fivette.be\\\/wp-content\\\/uploads\\\/2023\\\/01\\\/PMAlogocolorSP.png\",\"width\":289,\"height\":251,\"caption\":\"Fivette.be - Le centre de Procr\u00e9ation M\u00e9dicalement Assist\u00e9e du CHU Saint-Pierre\"},\"image\":{\"@id\":\"https:\\\/\\\/www.fivette.be\\\/#\\\/schema\\\/logo\\\/image\\\/\"}}]}<\/script>\n<!-- \/ Yoast SEO plugin. -->","yoast_head_json":{"title":"Wie zijn wij? - Fivette.be","robots":{"index":"index","follow":"follow","max-snippet":"max-snippet:-1","max-image-preview":"max-image-preview:large","max-video-preview":"max-video-preview:-1"},"canonical":"https:\/\/www.fivette.be\/nl\/wie-zijn-wij\/","og_locale":"nl_NL","og_type":"article","og_title":"Wie zijn wij? - Fivette.be","og_description":"Ons team bestaat uit artsen gespecialiseerd in voortplantingsgeneeskunde, verpleegkundigen en vroedvrouwen, embryologen, een psycholoog, een psychiater en secretaresses. We werken samen met de verschillende teams van het ziekenhuis, indien nodig.","og_site_name":"Fivette.be","article_modified_time":"2023-05-04T13:48:49+00:00","twitter_card":"summary_large_image","twitter_misc":{"Geschatte leestijd":"2 minuten"},"schema":{"@context":"https:\/\/schema.org","@graph":[{"@type":"WebPage","@id":"https:\/\/www.fivette.be\/nl\/wie-zijn-wij\/","url":"https:\/\/www.fivette.be\/nl\/wie-zijn-wij\/","name":"Wie zijn wij? - Fivette.be","isPartOf":{"@id":"https:\/\/www.fivette.be\/#website"},"datePublished":"2023-05-04T13:48:48+00:00","dateModified":"2023-05-04T13:48:49+00:00","breadcrumb":{"@id":"https:\/\/www.fivette.be\/nl\/wie-zijn-wij\/#breadcrumb"},"inLanguage":"nl-NL","potentialAction":[{"@type":"ReadAction","target":["https:\/\/www.fivette.be\/nl\/wie-zijn-wij\/"]}]},{"@type":"BreadcrumbList","@id":"https:\/\/www.fivette.be\/nl\/wie-zijn-wij\/#breadcrumb","itemListElement":[{"@type":"ListItem","position":1,"name":"Home","item":"https:\/\/www.fivette.be\/nl\/heeft-u-een-kinderwens\/"},{"@type":"ListItem","position":2,"name":"Wie zijn wij?"}]},{"@type":"WebSite","@id":"https:\/\/www.fivette.be\/#website","url":"https:\/\/www.fivette.be\/","name":"Fivette.be - Le centre de Procr\u00e9ation M\u00e9dicalement Assist\u00e9e du CHU Saint-Pierre","description":"Le centre de PMA du CHU Saint-Pierre","publisher":{"@id":"https:\/\/www.fivette.be\/#organization"},"potentialAction":[{"@type":"SearchAction","target":{"@type":"EntryPoint","urlTemplate":"https:\/\/www.fivette.be\/?s={search_term_string}"},"query-input":{"@type":"PropertyValueSpecification","valueRequired":true,"valueName":"search_term_string"}}],"inLanguage":"nl-NL"},{"@type":"Organization","@id":"https:\/\/www.fivette.be\/#organization","name":"Fivette.be - Le centre de Procr\u00e9ation M\u00e9dicalement Assist\u00e9e du CHU Saint-Pierre","url":"https:\/\/www.fivette.be\/","logo":{"@type":"ImageObject","inLanguage":"nl-NL","@id":"https:\/\/www.fivette.be\/#\/schema\/logo\/image\/","url":"http:\/\/fivette.be\/wp-content\/uploads\/2023\/01\/PMAlogocolorSP.png","contentUrl":"http:\/\/fivette.be\/wp-content\/uploads\/2023\/01\/PMAlogocolorSP.png","width":289,"height":251,"caption":"Fivette.be - Le centre de Procr\u00e9ation M\u00e9dicalement Assist\u00e9e du CHU Saint-Pierre"},"image":{"@id":"https:\/\/www.fivette.be\/#\/schema\/logo\/image\/"}}]}},"jetpack_sharing_enabled":true,"_links":{"self":[{"href":"https:\/\/www.fivette.be\/nl\/wp-json\/wp\/v2\/pages\/5534","targetHints":{"allow":["GET"]}}],"collection":[{"href":"https:\/\/www.fivette.be\/nl\/wp-json\/wp\/v2\/pages"}],"about":[{"href":"https:\/\/www.fivette.be\/nl\/wp-json\/wp\/v2\/types\/page"}],"author":[{"embeddable":true,"href":"https:\/\/www.fivette.be\/nl\/wp-json\/wp\/v2\/users\/1"}],"replies":[{"embeddable":true,"href":"https:\/\/www.fivette.be\/nl\/wp-json\/wp\/v2\/comments?post=5534"}],"version-history":[{"count":1,"href":"https:\/\/www.fivette.be\/nl\/wp-json\/wp\/v2\/pages\/5534\/revisions"}],"predecessor-version":[{"id":5536,"href":"https:\/\/www.fivette.be\/nl\/wp-json\/wp\/v2\/pages\/5534\/revisions\/5536"}],"wp:attachment":[{"href":"https:\/\/www.fivette.be\/nl\/wp-json\/wp\/v2\/media?parent=5534"}],"wp:term":[{"taxonomy":"category","embeddable":true,"href":"https:\/\/www.fivette.be\/nl\/wp-json\/wp\/v2\/categories?post=5534"},{"taxonomy":"post_tag","embeddable":true,"href":"https:\/\/www.fivette.be\/nl\/wp-json\/wp\/v2\/tags?post=5534"}],"curies":[{"name":"wp","href":"https:\/\/api.w.org\/{rel}","templated":true}]}}