{"id":5540,"date":"2023-05-04T16:02:37","date_gmt":"2023-05-04T14:02:37","guid":{"rendered":"http:\/\/10.14.1.27\/fivette\/wie-zijn-wij\/geschiedenis\/"},"modified":"2023-05-04T16:02:37","modified_gmt":"2023-05-04T14:02:37","slug":"geschiedenis","status":"publish","type":"page","link":"https:\/\/www.fivette.be\/nl\/wie-zijn-wij\/geschiedenis\/","title":{"rendered":"Geschiedenis"},"content":{"rendered":"\n[et_pb_section fb_built=&#8221;1&#8243; admin_label=&#8221;section&#8221; _builder_version=&#8221;4.16&#8243; global_colors_info=&#8221;{}&#8221; theme_builder_area=&#8221;post_content&#8221;][et_pb_row admin_label=&#8221;row&#8221; _builder_version=&#8221;4.16&#8243; background_size=&#8221;initial&#8221; background_position=&#8221;top_left&#8221; background_repeat=&#8221;repeat&#8221; custom_padding=&#8221;30px|||||&#8221; global_colors_info=&#8221;{}&#8221; theme_builder_area=&#8221;post_content&#8221;][et_pb_column type=&#8221;4_4&#8243; _builder_version=&#8221;4.16&#8243; custom_padding=&#8221;|||&#8221; global_colors_info=&#8221;{}&#8221; custom_padding__hover=&#8221;|||&#8221; theme_builder_area=&#8221;post_content&#8221;][et_pb_text _builder_version=&#8221;4.18.0&#8243; _module_preset=&#8221;default&#8221; hover_enabled=&#8221;0&#8243; global_colors_info=&#8221;{}&#8221; theme_builder_area=&#8221;post_content&#8221; sticky_enabled=&#8221;0&#8243;]<p><span>Dit wordt ge\u00efllustreerd door de volgende voorbeelden:<\/span><\/p>\n<ul>\n<li><span> In <strong>1981<\/strong> was het centrum, verbonden aan de Universit\u00e9 Libre de Bruxelles (ULB), destijds het eerste Franstalige universitaire centrum.<\/span><\/li>\n<\/ul>\n<ul>\n<li><span> In <strong>1983<\/strong> werd de eerste reageerbuisbaby in Belgi\u00eb geboren in ons centrum.<\/span><\/li>\n<\/ul>\n<ul>\n<li><span> <\/span>Begin jaren &#8217;90 werd het centrum gereorganiseerd naar een meer multidisciplinaire aanpak van vruchtbaarheid. Daarna heeft de psychosociale zorg zijn legitimiteit gevonden. <\/li>\n<\/ul>\n<ul>\n<li><span> <\/span>In <strong>1998<\/strong> kreeg het centrum zijn erkenning als type B-centrum voor reproductieve geneeskunde, waardoor het in de wet werd opgenomen als centrum van het Brusselse openbare netwerk en zo het referentiecentrum van het IRIS-netwerk werd.<\/li>\n<\/ul>\n<ul><\/ul>\n<ul>\n<li><span> <\/span>Het begin van de jaren <strong>2000<\/strong> werd gekenmerkt door het openstellen van ons centrum voor pati\u00ebnten met infectieziekten. Dit was een baanbrekende activiteit in Belgi\u00eb en het centrum blijft in dit opzicht een referentie. <\/li>\n<\/ul>\n<ul>\n<li><span> <\/span>In <strong>2008<\/strong> werd het IVF-centrum van het CHU Saint-Pierre het eerste Franstalige centrum dat het ISO9001-kwaliteitslabel behaalde. Dit certificaat symboliseert de motivatie en de daadwerkelijke inzet om de zorg voor onze pati\u00ebnten te verbeteren. <\/li>\n<\/ul>\n<ul>\n<li> <span>Sinds <strong>2010<\/strong> is ons centrum<\/span> wettelijk geregistreerd als bank voor menselijk lichaamsmateriaal <span>bij het FAGG (Federaal Agentschap voor Geneesmiddelen en Gezondheidsproducten).<\/span><\/li>\n<\/ul>\n<ul>\n<li><span> In <strong>2012<\/strong> hebben we via een subsidie de eerste echte website over reproductieve geneeskunde in Franstalig Belgi\u00eb opgezet. Twee jaar later werd er voor onze pati\u00ebnten een forum aan toegevoegd.  <\/span><\/li>\n<\/ul>\n<ul>\n<li><span> <\/span>In juli <strong>2015<\/strong> werd een nieuw laboratorium van het type &#8220;Clean Room&#8221; in gebruik genomen.<\/li>\n<\/ul>\n<ul>\n<li><span> <\/span>In <strong>2017<\/strong> werd onze nieuwe vruchtbaarheidskliniek ingehuldigd, die volledig is ontworpen om te centraliseren &#8220;rond&#8221; de pati\u00ebnt en het welzijn op het werk.<\/li>\n<\/ul>\n<ul>\n<li>In <strong>2018<\/strong> hebben we in samenwerking en onder impuls van de kwaliteitsdirectie van het CHU Saint-Pierre het eerste grote multicentrische tevredenheidsonderzoek in reproductieve geneeskunde gelanceerd. Uit dit onderzoek kwamen we met uitzonderlijke globale resultaten: \n<ul>\n<li>95% van onze pati\u00ebnten was tevreden tot zeer tevreden over hun behandeling.<\/li>\n<li>97% van onze pati\u00ebnten zou ons vruchtbaarheidscentrum aanbevelen aan een familielid of vriend in geval van behoefte.<\/li>\n<\/ul>\n<\/li>\n<\/ul>\n<ul>\n<li>We hebben de 2 wettelijke accreditaties die nodig zijn voor een goede uitvoering van onze activiteiten en hebben tot op heden ook nog steeds ons ISO9001:2015 certificaat. Bovendien zijn we enthousiast betrokken bij het accreditatieproces van het ziekenhuis volgens de normen van Accreditation Canada. <\/li>\n<\/ul>\n<p>&nbsp;<\/p>[\/et_pb_text][\/et_pb_column][\/et_pb_row][\/et_pb_section]\n","protected":false},"excerpt":{"rendered":"<p>Gedurende zijn geschiedenis is het fertiliteitscentrum van het CHU Saint-Pierre op vele gebieden en bij verschillende gelegenheden een pionier geweest. De verschillende verantwoordelijken die elkaar hebben opgevolgd, zijn er ook in geslaagd om het een echte identiteit te geven tussen de anderen. Bovendien hebben ze een open geest getoond door zich voortdurend aan te passen aan de veranderingen in onze samenleving.  <\/p>\n","protected":false},"author":1,"featured_media":0,"parent":5534,"menu_order":0,"comment_status":"open","ping_status":"closed","template":"","meta":{"_acf_changed":false,"_et_pb_use_builder":"on","_et_pb_old_content":"","_et_gb_content_width":"","footnotes":""},"categories":[],"tags":[],"class_list":["post-5540","page","type-page","status-publish","hentry"],"acf":[],"yoast_head":"<!-- This site is optimized with the Yoast SEO plugin v26.4 - https:\/\/yoast.com\/wordpress\/plugins\/seo\/ -->\n<title>Geschiedenis - Fivette.be<\/title>\n<meta name=\"description\" content=\"Gedurende zijn geschiedenis is het fertiliteitscentrum van het CHU Saint-Pierre op vele gebieden en bij verschillende gelegenheden een pionier geweest.\" \/>\n<meta name=\"robots\" content=\"index, follow, max-snippet:-1, max-image-preview:large, max-video-preview:-1\" \/>\n<link rel=\"canonical\" href=\"https:\/\/www.fivette.be\/nl\/wie-zijn-wij\/geschiedenis\/\" \/>\n<meta property=\"og:locale\" content=\"nl_NL\" \/>\n<meta property=\"og:type\" content=\"article\" \/>\n<meta property=\"og:title\" content=\"Geschiedenis - Fivette.be\" \/>\n<meta property=\"og:description\" content=\"Gedurende zijn geschiedenis is het fertiliteitscentrum van het CHU Saint-Pierre op vele gebieden en bij verschillende gelegenheden een pionier geweest.\" \/>\n<meta property=\"og:site_name\" content=\"Fivette.be\" \/>\n<meta name=\"twitter:card\" content=\"summary_large_image\" \/>\n<meta name=\"twitter:label1\" content=\"Geschatte leestijd\" \/>\n\t<meta name=\"twitter:data1\" content=\"2 minuten\" \/>\n<script type=\"application\/ld+json\" class=\"yoast-schema-graph\">{\"@context\":\"https:\/\/schema.org\",\"@graph\":[{\"@type\":\"WebPage\",\"@id\":\"https:\/\/www.fivette.be\/nl\/wie-zijn-wij\/geschiedenis\/\",\"url\":\"https:\/\/www.fivette.be\/nl\/wie-zijn-wij\/geschiedenis\/\",\"name\":\"Geschiedenis - Fivette.be\",\"isPartOf\":{\"@id\":\"https:\/\/www.fivette.be\/#website\"},\"datePublished\":\"2023-05-04T14:02:37+00:00\",\"description\":\"Gedurende zijn geschiedenis is het fertiliteitscentrum van het CHU Saint-Pierre op vele gebieden en bij verschillende gelegenheden een pionier geweest.\",\"breadcrumb\":{\"@id\":\"https:\/\/www.fivette.be\/nl\/wie-zijn-wij\/geschiedenis\/#breadcrumb\"},\"inLanguage\":\"nl-NL\",\"potentialAction\":[{\"@type\":\"ReadAction\",\"target\":[\"https:\/\/www.fivette.be\/nl\/wie-zijn-wij\/geschiedenis\/\"]}]},{\"@type\":\"BreadcrumbList\",\"@id\":\"https:\/\/www.fivette.be\/nl\/wie-zijn-wij\/geschiedenis\/#breadcrumb\",\"itemListElement\":[{\"@type\":\"ListItem\",\"position\":1,\"name\":\"Home\",\"item\":\"https:\/\/www.fivette.be\/nl\/heeft-u-een-kinderwens\/\"},{\"@type\":\"ListItem\",\"position\":2,\"name\":\"Wie zijn wij?\",\"item\":\"https:\/\/www.fivette.be\/nl\/wie-zijn-wij\/\"},{\"@type\":\"ListItem\",\"position\":3,\"name\":\"Geschiedenis\"}]},{\"@type\":\"WebSite\",\"@id\":\"https:\/\/www.fivette.be\/#website\",\"url\":\"https:\/\/www.fivette.be\/\",\"name\":\"Fivette.be - Le centre de Procr\u00e9ation M\u00e9dicalement Assist\u00e9e du CHU Saint-Pierre\",\"description\":\"Le centre de PMA du CHU Saint-Pierre\",\"publisher\":{\"@id\":\"https:\/\/www.fivette.be\/#organization\"},\"potentialAction\":[{\"@type\":\"SearchAction\",\"target\":{\"@type\":\"EntryPoint\",\"urlTemplate\":\"https:\/\/www.fivette.be\/?s={search_term_string}\"},\"query-input\":{\"@type\":\"PropertyValueSpecification\",\"valueRequired\":true,\"valueName\":\"search_term_string\"}}],\"inLanguage\":\"nl-NL\"},{\"@type\":\"Organization\",\"@id\":\"https:\/\/www.fivette.be\/#organization\",\"name\":\"Fivette.be - Le centre de Procr\u00e9ation M\u00e9dicalement Assist\u00e9e du CHU Saint-Pierre\",\"url\":\"https:\/\/www.fivette.be\/\",\"logo\":{\"@type\":\"ImageObject\",\"inLanguage\":\"nl-NL\",\"@id\":\"https:\/\/www.fivette.be\/#\/schema\/logo\/image\/\",\"url\":\"http:\/\/fivette.be\/wp-content\/uploads\/2023\/01\/PMAlogocolorSP.png\",\"contentUrl\":\"http:\/\/fivette.be\/wp-content\/uploads\/2023\/01\/PMAlogocolorSP.png\",\"width\":289,\"height\":251,\"caption\":\"Fivette.be - Le centre de Procr\u00e9ation M\u00e9dicalement Assist\u00e9e du CHU Saint-Pierre\"},\"image\":{\"@id\":\"https:\/\/www.fivette.be\/#\/schema\/logo\/image\/\"}}]}<\/script>\n<!-- \/ Yoast SEO plugin. -->","yoast_head_json":{"title":"Geschiedenis - Fivette.be","description":"Gedurende zijn geschiedenis is het fertiliteitscentrum van het CHU Saint-Pierre op vele gebieden en bij verschillende gelegenheden een pionier geweest.","robots":{"index":"index","follow":"follow","max-snippet":"max-snippet:-1","max-image-preview":"max-image-preview:large","max-video-preview":"max-video-preview:-1"},"canonical":"https:\/\/www.fivette.be\/nl\/wie-zijn-wij\/geschiedenis\/","og_locale":"nl_NL","og_type":"article","og_title":"Geschiedenis - Fivette.be","og_description":"Gedurende zijn geschiedenis is het fertiliteitscentrum van het CHU Saint-Pierre op vele gebieden en bij verschillende gelegenheden een pionier geweest.","og_site_name":"Fivette.be","twitter_card":"summary_large_image","twitter_misc":{"Geschatte leestijd":"2 minuten"},"schema":{"@context":"https:\/\/schema.org","@graph":[{"@type":"WebPage","@id":"https:\/\/www.fivette.be\/nl\/wie-zijn-wij\/geschiedenis\/","url":"https:\/\/www.fivette.be\/nl\/wie-zijn-wij\/geschiedenis\/","name":"Geschiedenis - Fivette.be","isPartOf":{"@id":"https:\/\/www.fivette.be\/#website"},"datePublished":"2023-05-04T14:02:37+00:00","description":"Gedurende zijn geschiedenis is het fertiliteitscentrum van het CHU Saint-Pierre op vele gebieden en bij verschillende gelegenheden een pionier geweest.","breadcrumb":{"@id":"https:\/\/www.fivette.be\/nl\/wie-zijn-wij\/geschiedenis\/#breadcrumb"},"inLanguage":"nl-NL","potentialAction":[{"@type":"ReadAction","target":["https:\/\/www.fivette.be\/nl\/wie-zijn-wij\/geschiedenis\/"]}]},{"@type":"BreadcrumbList","@id":"https:\/\/www.fivette.be\/nl\/wie-zijn-wij\/geschiedenis\/#breadcrumb","itemListElement":[{"@type":"ListItem","position":1,"name":"Home","item":"https:\/\/www.fivette.be\/nl\/heeft-u-een-kinderwens\/"},{"@type":"ListItem","position":2,"name":"Wie zijn wij?","item":"https:\/\/www.fivette.be\/nl\/wie-zijn-wij\/"},{"@type":"ListItem","position":3,"name":"Geschiedenis"}]},{"@type":"WebSite","@id":"https:\/\/www.fivette.be\/#website","url":"https:\/\/www.fivette.be\/","name":"Fivette.be - Le centre de Procr\u00e9ation M\u00e9dicalement Assist\u00e9e du CHU Saint-Pierre","description":"Le centre de PMA du CHU Saint-Pierre","publisher":{"@id":"https:\/\/www.fivette.be\/#organization"},"potentialAction":[{"@type":"SearchAction","target":{"@type":"EntryPoint","urlTemplate":"https:\/\/www.fivette.be\/?s={search_term_string}"},"query-input":{"@type":"PropertyValueSpecification","valueRequired":true,"valueName":"search_term_string"}}],"inLanguage":"nl-NL"},{"@type":"Organization","@id":"https:\/\/www.fivette.be\/#organization","name":"Fivette.be - Le centre de Procr\u00e9ation M\u00e9dicalement Assist\u00e9e du CHU Saint-Pierre","url":"https:\/\/www.fivette.be\/","logo":{"@type":"ImageObject","inLanguage":"nl-NL","@id":"https:\/\/www.fivette.be\/#\/schema\/logo\/image\/","url":"http:\/\/fivette.be\/wp-content\/uploads\/2023\/01\/PMAlogocolorSP.png","contentUrl":"http:\/\/fivette.be\/wp-content\/uploads\/2023\/01\/PMAlogocolorSP.png","width":289,"height":251,"caption":"Fivette.be - Le centre de Procr\u00e9ation M\u00e9dicalement Assist\u00e9e du CHU Saint-Pierre"},"image":{"@id":"https:\/\/www.fivette.be\/#\/schema\/logo\/image\/"}}]}},"jetpack_sharing_enabled":true,"_links":{"self":[{"href":"https:\/\/www.fivette.be\/nl\/wp-json\/wp\/v2\/pages\/5540","targetHints":{"allow":["GET"]}}],"collection":[{"href":"https:\/\/www.fivette.be\/nl\/wp-json\/wp\/v2\/pages"}],"about":[{"href":"https:\/\/www.fivette.be\/nl\/wp-json\/wp\/v2\/types\/page"}],"author":[{"embeddable":true,"href":"https:\/\/www.fivette.be\/nl\/wp-json\/wp\/v2\/users\/1"}],"replies":[{"embeddable":true,"href":"https:\/\/www.fivette.be\/nl\/wp-json\/wp\/v2\/comments?post=5540"}],"version-history":[{"count":1,"href":"https:\/\/www.fivette.be\/nl\/wp-json\/wp\/v2\/pages\/5540\/revisions"}],"predecessor-version":[{"id":5541,"href":"https:\/\/www.fivette.be\/nl\/wp-json\/wp\/v2\/pages\/5540\/revisions\/5541"}],"up":[{"embeddable":true,"href":"https:\/\/www.fivette.be\/nl\/wp-json\/wp\/v2\/pages\/5534"}],"wp:attachment":[{"href":"https:\/\/www.fivette.be\/nl\/wp-json\/wp\/v2\/media?parent=5540"}],"wp:term":[{"taxonomy":"category","embeddable":true,"href":"https:\/\/www.fivette.be\/nl\/wp-json\/wp\/v2\/categories?post=5540"},{"taxonomy":"post_tag","embeddable":true,"href":"https:\/\/www.fivette.be\/nl\/wp-json\/wp\/v2\/tags?post=5540"}],"curies":[{"name":"wp","href":"https:\/\/api.w.org\/{rel}","templated":true}]}}