{"id":5558,"date":"2023-05-05T13:35:05","date_gmt":"2023-05-05T11:35:05","guid":{"rendered":"http:\/\/10.14.1.27\/fivette\/heeft-u-een-kinderwens\/toekomst\/eicelpreservatie\/"},"modified":"2023-05-05T13:35:06","modified_gmt":"2023-05-05T11:35:06","slug":"eicelpreservatie","status":"publish","type":"page","link":"https:\/\/www.fivette.be\/nl\/heeft-u-een-kinderwens\/toekomst\/eicelpreservatie\/","title":{"rendered":"Eicelpreservatie"},"content":{"rendered":"<p>[et_pb_section fb_built=&#8221;1&#8243; _builder_version=&#8221;4.17.3&#8243; _module_preset=&#8221;default&#8221; global_colors_info=&#8221;{}&#8221; theme_builder_area=&#8221;post_content&#8221;][et_pb_row _builder_version=&#8221;4.18.0&#8243; _module_preset=&#8221;default&#8221; global_colors_info=&#8221;{}&#8221; theme_builder_area=&#8221;post_content&#8221;][et_pb_column type=&#8221;4_4&#8243; _builder_version=&#8221;4.18.0&#8243; _module_preset=&#8221;default&#8221; global_colors_info=&#8221;{}&#8221; theme_builder_area=&#8221;post_content&#8221;][et_pb_text _builder_version=&#8221;4.18.0&#8243; _module_preset=&#8221;default&#8221; hover_enabled=&#8221;0&#8243; global_colors_info=&#8221;{}&#8221; theme_builder_area=&#8221;post_content&#8221; sticky_enabled=&#8221;0&#8243;]<\/p>\n<h1>Eicelpreservatie<\/h1>\n<p>Dit is dus om uw vruchtbaarheid te behouden als u momenteel geen plannen heeft om zwanger te worden of als u een potentieel gonadotoxische behandeling (chemotherapie, radiotherapie, chirurgie of hormoontherapie) moet ondergaan.<\/p>\n<p>Het wordt aanbevolen om dit te doen v\u00f3\u00f3r de leeftijd van 36 jaar om de kans op succes te vergroten, omdat de kwaliteit en kwantiteit van eicellen afnemen met de leeftijd.<\/p>\n<p>U kunt contact opnemen met ons secretariaat om een afspraak te maken met een gynaecoloog en een psycholoog van ons centrum om uw plan te bespreken.<span> Zij zullen u uitleggen welke stappen u moet nemen als u besluit door te gaan met het invriezen van uw eicellen.<\/span><\/p>\n<h2>Hoe wordt eicelvitrificatie uitgevoerd?<\/h2>\n<p><span>U zult een consult hebben met een van onze gynaecologen, die u de procedure zal uitleggen, de verschillende medicijnen en de chirurgische ingreep, evenals de mogelijke complicaties (maar zeldzaam). U zult ook een afspraak hebben met een van onze verpleegkundigen om praktische aspecten te bespreken. <\/span><\/p>\n<p>De behandeling wordt uitgevoerd door middel van injecties gedurende ongeveer 10 tot 15 dagen, gevolgd door een eicelpunctie in de operatiekamer.<\/p>\n<h2>Wat zijn de kosten?<\/h2>\n<p><span>Deze behandeling wordt niet vergoed door de ziekteverzekering. Tijdens uw consultatie met de gynaecoloog zal hij\/zij u een gedetailleerde offerte verstrekken, met of zonder Belgische ziekteverzekering. <\/span><\/p>\n<p><span>In geval van eicelpreservatie v\u00f3\u00f3r een gonadotoxische behandeling is er een overeenkomst (&#8220;oncofreezing&#8221;) met het RIZIV, die de kosten dekt v\u00f3\u00f3r de leeftijd van 38 jaar voor vrouwen die bij een ziekenfonds zijn aangesloten. In dit geval is het mogelijk om eicellen en\/of embryo&#8217;s (als de pati\u00ebnt in een relatie is) te bevriezen. <\/span><\/p>\n<p>[\/et_pb_text][\/et_pb_column][\/et_pb_row][\/et_pb_section]<\/p>\n","protected":false},"excerpt":{"rendered":"<p>Als u momenteel geen kinderwens heeft of een medische behandeling ondergaat die mogelijk schadelijk is voor uw vruchtbaarheid, kan het invriezen van eicellen een optie voor u zijn.<\/p>\n","protected":false},"author":1,"featured_media":0,"parent":5550,"menu_order":0,"comment_status":"open","ping_status":"closed","template":"","meta":{"_acf_changed":false,"_et_pb_use_builder":"on","_et_pb_old_content":"","_et_gb_content_width":"","footnotes":""},"categories":[],"tags":[],"class_list":["post-5558","page","type-page","status-publish","hentry"],"acf":[],"yoast_head":"<!-- This site is optimized with the Yoast SEO plugin v27.4 - https:\/\/yoast.com\/product\/yoast-seo-wordpress\/ -->\n<title>Eicelpreservatie - Fivette.be<\/title>\n<meta name=\"description\" content=\"Als u momenteel geen kinderwens heeft of een medische behandeling ondergaat die mogelijk schadelijk is voor uw vruchtbaarheid, kan het invriezen van eicellen een optie voor u zijn.\" \/>\n<meta name=\"robots\" content=\"index, follow, max-snippet:-1, max-image-preview:large, max-video-preview:-1\" \/>\n<link rel=\"canonical\" href=\"https:\/\/www.fivette.be\/nl\/heeft-u-een-kinderwens\/toekomst\/eicelpreservatie\/\" \/>\n<meta property=\"og:locale\" content=\"nl_NL\" \/>\n<meta property=\"og:type\" content=\"article\" \/>\n<meta property=\"og:title\" content=\"Eicelpreservatie - Fivette.be\" \/>\n<meta property=\"og:description\" content=\"Als u momenteel geen kinderwens heeft of een medische behandeling ondergaat die mogelijk schadelijk is voor uw vruchtbaarheid, kan het invriezen van eicellen een optie voor u zijn.\" \/>\n<meta property=\"og:site_name\" content=\"Fivette.be\" \/>\n<meta property=\"article:modified_time\" content=\"2023-05-05T11:35:06+00:00\" \/>\n<meta name=\"twitter:card\" content=\"summary_large_image\" \/>\n<meta name=\"twitter:label1\" content=\"Geschatte leestijd\" \/>\n\t<meta name=\"twitter:data1\" content=\"2 minuten\" \/>\n<script type=\"application\/ld+json\" class=\"yoast-schema-graph\">{\"@context\":\"https:\\\/\\\/schema.org\",\"@graph\":[{\"@type\":\"WebPage\",\"@id\":\"https:\\\/\\\/www.fivette.be\\\/nl\\\/heeft-u-een-kinderwens\\\/toekomst\\\/eicelpreservatie\\\/\",\"url\":\"https:\\\/\\\/www.fivette.be\\\/nl\\\/heeft-u-een-kinderwens\\\/toekomst\\\/eicelpreservatie\\\/\",\"name\":\"Eicelpreservatie - Fivette.be\",\"isPartOf\":{\"@id\":\"https:\\\/\\\/www.fivette.be\\\/#website\"},\"datePublished\":\"2023-05-05T11:35:05+00:00\",\"dateModified\":\"2023-05-05T11:35:06+00:00\",\"description\":\"Als u momenteel geen kinderwens heeft of een medische behandeling ondergaat die mogelijk schadelijk is voor uw vruchtbaarheid, kan het invriezen van eicellen een optie voor u zijn.\",\"breadcrumb\":{\"@id\":\"https:\\\/\\\/www.fivette.be\\\/nl\\\/heeft-u-een-kinderwens\\\/toekomst\\\/eicelpreservatie\\\/#breadcrumb\"},\"inLanguage\":\"nl-NL\",\"potentialAction\":[{\"@type\":\"ReadAction\",\"target\":[\"https:\\\/\\\/www.fivette.be\\\/nl\\\/heeft-u-een-kinderwens\\\/toekomst\\\/eicelpreservatie\\\/\"]}]},{\"@type\":\"BreadcrumbList\",\"@id\":\"https:\\\/\\\/www.fivette.be\\\/nl\\\/heeft-u-een-kinderwens\\\/toekomst\\\/eicelpreservatie\\\/#breadcrumb\",\"itemListElement\":[{\"@type\":\"ListItem\",\"position\":1,\"name\":\"Home\",\"item\":\"https:\\\/\\\/www.fivette.be\\\/nl\\\/heeft-u-een-kinderwens\\\/\"},{\"@type\":\"ListItem\",\"position\":2,\"name\":\"Heeft u een kinderwens?\",\"item\":\"https:\\\/\\\/www.fivette.be\\\/nl\\\/heeft-u-een-kinderwens\\\/\"},{\"@type\":\"ListItem\",\"position\":3,\"name\":\"Toekomst\",\"item\":\"https:\\\/\\\/www.fivette.be\\\/nl\\\/heeft-u-een-kinderwens\\\/toekomst\\\/\"},{\"@type\":\"ListItem\",\"position\":4,\"name\":\"Eicelpreservatie\"}]},{\"@type\":\"WebSite\",\"@id\":\"https:\\\/\\\/www.fivette.be\\\/#website\",\"url\":\"https:\\\/\\\/www.fivette.be\\\/\",\"name\":\"Fivette.be - Le centre de Procr\u00e9ation M\u00e9dicalement Assist\u00e9e du CHU Saint-Pierre\",\"description\":\"Le centre de PMA du CHU Saint-Pierre\",\"publisher\":{\"@id\":\"https:\\\/\\\/www.fivette.be\\\/#organization\"},\"potentialAction\":[{\"@type\":\"SearchAction\",\"target\":{\"@type\":\"EntryPoint\",\"urlTemplate\":\"https:\\\/\\\/www.fivette.be\\\/?s={search_term_string}\"},\"query-input\":{\"@type\":\"PropertyValueSpecification\",\"valueRequired\":true,\"valueName\":\"search_term_string\"}}],\"inLanguage\":\"nl-NL\"},{\"@type\":\"Organization\",\"@id\":\"https:\\\/\\\/www.fivette.be\\\/#organization\",\"name\":\"Fivette.be - Le centre de Procr\u00e9ation M\u00e9dicalement Assist\u00e9e du CHU Saint-Pierre\",\"url\":\"https:\\\/\\\/www.fivette.be\\\/\",\"logo\":{\"@type\":\"ImageObject\",\"inLanguage\":\"nl-NL\",\"@id\":\"https:\\\/\\\/www.fivette.be\\\/#\\\/schema\\\/logo\\\/image\\\/\",\"url\":\"http:\\\/\\\/fivette.be\\\/wp-content\\\/uploads\\\/2023\\\/01\\\/PMAlogocolorSP.png\",\"contentUrl\":\"http:\\\/\\\/fivette.be\\\/wp-content\\\/uploads\\\/2023\\\/01\\\/PMAlogocolorSP.png\",\"width\":289,\"height\":251,\"caption\":\"Fivette.be - Le centre de Procr\u00e9ation M\u00e9dicalement Assist\u00e9e du CHU Saint-Pierre\"},\"image\":{\"@id\":\"https:\\\/\\\/www.fivette.be\\\/#\\\/schema\\\/logo\\\/image\\\/\"}}]}<\/script>\n<!-- \/ Yoast SEO plugin. -->","yoast_head_json":{"title":"Eicelpreservatie - Fivette.be","description":"Als u momenteel geen kinderwens heeft of een medische behandeling ondergaat die mogelijk schadelijk is voor uw vruchtbaarheid, kan het invriezen van eicellen een optie voor u zijn.","robots":{"index":"index","follow":"follow","max-snippet":"max-snippet:-1","max-image-preview":"max-image-preview:large","max-video-preview":"max-video-preview:-1"},"canonical":"https:\/\/www.fivette.be\/nl\/heeft-u-een-kinderwens\/toekomst\/eicelpreservatie\/","og_locale":"nl_NL","og_type":"article","og_title":"Eicelpreservatie - Fivette.be","og_description":"Als u momenteel geen kinderwens heeft of een medische behandeling ondergaat die mogelijk schadelijk is voor uw vruchtbaarheid, kan het invriezen van eicellen een optie voor u zijn.","og_site_name":"Fivette.be","article_modified_time":"2023-05-05T11:35:06+00:00","twitter_card":"summary_large_image","twitter_misc":{"Geschatte leestijd":"2 minuten"},"schema":{"@context":"https:\/\/schema.org","@graph":[{"@type":"WebPage","@id":"https:\/\/www.fivette.be\/nl\/heeft-u-een-kinderwens\/toekomst\/eicelpreservatie\/","url":"https:\/\/www.fivette.be\/nl\/heeft-u-een-kinderwens\/toekomst\/eicelpreservatie\/","name":"Eicelpreservatie - Fivette.be","isPartOf":{"@id":"https:\/\/www.fivette.be\/#website"},"datePublished":"2023-05-05T11:35:05+00:00","dateModified":"2023-05-05T11:35:06+00:00","description":"Als u momenteel geen kinderwens heeft of een medische behandeling ondergaat die mogelijk schadelijk is voor uw vruchtbaarheid, kan het invriezen van eicellen een optie voor u zijn.","breadcrumb":{"@id":"https:\/\/www.fivette.be\/nl\/heeft-u-een-kinderwens\/toekomst\/eicelpreservatie\/#breadcrumb"},"inLanguage":"nl-NL","potentialAction":[{"@type":"ReadAction","target":["https:\/\/www.fivette.be\/nl\/heeft-u-een-kinderwens\/toekomst\/eicelpreservatie\/"]}]},{"@type":"BreadcrumbList","@id":"https:\/\/www.fivette.be\/nl\/heeft-u-een-kinderwens\/toekomst\/eicelpreservatie\/#breadcrumb","itemListElement":[{"@type":"ListItem","position":1,"name":"Home","item":"https:\/\/www.fivette.be\/nl\/heeft-u-een-kinderwens\/"},{"@type":"ListItem","position":2,"name":"Heeft u een kinderwens?","item":"https:\/\/www.fivette.be\/nl\/heeft-u-een-kinderwens\/"},{"@type":"ListItem","position":3,"name":"Toekomst","item":"https:\/\/www.fivette.be\/nl\/heeft-u-een-kinderwens\/toekomst\/"},{"@type":"ListItem","position":4,"name":"Eicelpreservatie"}]},{"@type":"WebSite","@id":"https:\/\/www.fivette.be\/#website","url":"https:\/\/www.fivette.be\/","name":"Fivette.be - Le centre de Procr\u00e9ation M\u00e9dicalement Assist\u00e9e du CHU Saint-Pierre","description":"Le centre de PMA du CHU Saint-Pierre","publisher":{"@id":"https:\/\/www.fivette.be\/#organization"},"potentialAction":[{"@type":"SearchAction","target":{"@type":"EntryPoint","urlTemplate":"https:\/\/www.fivette.be\/?s={search_term_string}"},"query-input":{"@type":"PropertyValueSpecification","valueRequired":true,"valueName":"search_term_string"}}],"inLanguage":"nl-NL"},{"@type":"Organization","@id":"https:\/\/www.fivette.be\/#organization","name":"Fivette.be - Le centre de Procr\u00e9ation M\u00e9dicalement Assist\u00e9e du CHU Saint-Pierre","url":"https:\/\/www.fivette.be\/","logo":{"@type":"ImageObject","inLanguage":"nl-NL","@id":"https:\/\/www.fivette.be\/#\/schema\/logo\/image\/","url":"http:\/\/fivette.be\/wp-content\/uploads\/2023\/01\/PMAlogocolorSP.png","contentUrl":"http:\/\/fivette.be\/wp-content\/uploads\/2023\/01\/PMAlogocolorSP.png","width":289,"height":251,"caption":"Fivette.be - Le centre de Procr\u00e9ation M\u00e9dicalement Assist\u00e9e du CHU Saint-Pierre"},"image":{"@id":"https:\/\/www.fivette.be\/#\/schema\/logo\/image\/"}}]}},"jetpack_sharing_enabled":true,"_links":{"self":[{"href":"https:\/\/www.fivette.be\/nl\/wp-json\/wp\/v2\/pages\/5558","targetHints":{"allow":["GET"]}}],"collection":[{"href":"https:\/\/www.fivette.be\/nl\/wp-json\/wp\/v2\/pages"}],"about":[{"href":"https:\/\/www.fivette.be\/nl\/wp-json\/wp\/v2\/types\/page"}],"author":[{"embeddable":true,"href":"https:\/\/www.fivette.be\/nl\/wp-json\/wp\/v2\/users\/1"}],"replies":[{"embeddable":true,"href":"https:\/\/www.fivette.be\/nl\/wp-json\/wp\/v2\/comments?post=5558"}],"version-history":[{"count":2,"href":"https:\/\/www.fivette.be\/nl\/wp-json\/wp\/v2\/pages\/5558\/revisions"}],"predecessor-version":[{"id":5560,"href":"https:\/\/www.fivette.be\/nl\/wp-json\/wp\/v2\/pages\/5558\/revisions\/5560"}],"up":[{"embeddable":true,"href":"https:\/\/www.fivette.be\/nl\/wp-json\/wp\/v2\/pages\/5550"}],"wp:attachment":[{"href":"https:\/\/www.fivette.be\/nl\/wp-json\/wp\/v2\/media?parent=5558"}],"wp:term":[{"taxonomy":"category","embeddable":true,"href":"https:\/\/www.fivette.be\/nl\/wp-json\/wp\/v2\/categories?post=5558"},{"taxonomy":"post_tag","embeddable":true,"href":"https:\/\/www.fivette.be\/nl\/wp-json\/wp\/v2\/tags?post=5558"}],"curies":[{"name":"wp","href":"https:\/\/api.w.org\/{rel}","templated":true}]}}