{"id":5564,"date":"2023-05-05T13:53:29","date_gmt":"2023-05-05T11:53:29","guid":{"rendered":"http:\/\/10.14.1.27\/fivette\/heeft-u-een-kinderwens\/toekomst\/spermapreservatie\/"},"modified":"2023-05-05T13:57:46","modified_gmt":"2023-05-05T11:57:46","slug":"spermapreservatie","status":"publish","type":"page","link":"https:\/\/www.fivette.be\/nl\/heeft-u-een-kinderwens\/toekomst\/spermapreservatie\/","title":{"rendered":"Spermapreservatie"},"content":{"rendered":"<p>[et_pb_section fb_built=&#8221;1&#8243; admin_label=&#8221;section&#8221; _builder_version=&#8221;4.16&#8243; global_colors_info=&#8221;{}&#8221;][et_pb_row admin_label=&#8221;row&#8221; _builder_version=&#8221;4.16&#8243; background_size=&#8221;initial&#8221; background_position=&#8221;top_left&#8221; background_repeat=&#8221;repeat&#8221; global_colors_info=&#8221;{}&#8221;][et_pb_column type=&#8221;4_4&#8243; _builder_version=&#8221;4.16&#8243; custom_padding=&#8221;|||&#8221; global_colors_info=&#8221;{}&#8221; custom_padding__hover=&#8221;|||&#8221;][et_pb_text _builder_version=&#8221;4.18.0&#8243; _module_preset=&#8221;default&#8221; global_colors_info=&#8221;{}&#8221;]<\/p>\n<h1>Spermapreservatie<\/h1>\n<p>Het waren de werken van Sherman in 1953 die de eerste protocollen voor het invriezen van menselijk sperma vastlegden.<\/p>\n<p>Sindsdien is het invriezen van sperma een standaardprocedure geworden.<\/p>\n<p>Het wordt vrij vaak voorgesteld in veel situaties in de PMA, maar ook in volwassen en pediatrische oncologie.<\/p>\n<p>Invriezen kan worden voorgesteld in verschillende situaties: v\u00f3\u00f3r een gonadotoxische behandeling en in multidisciplinair overleg (v\u00f3\u00f3r chemotherapie, radiotherapie, cytotoxische behandeling, chirurgie en hormonale behandeling), invriezen van sperma voor PMA-behandeling (bij afwezigheid om professionele redenen, moeilijkheden bij het afleveren van een monster, enz.).<\/p>\n<p>In het geval van het invriezen van sperma om uw vruchtbaarheid voorafgaand aan een oncologische behandeling te behouden, krijgen pati\u00ebnten met een ziektekostenverzekering vergoeding voor hun behandeling tot 45 jaar.<\/p>\n<h2>Hoe wordt het sperma verzameld?<\/h2>\n<p><span>Het sperma wordt verzameld door masturbatie na een onthoudingsperiode van 2 tot 5 dagen.<\/span><\/p>\n<p>Op de dag van uw afspraak voor de cryopreservatie kunt u deze uitvoeren in de daarvoor bestemde ruimte in ons centrum voor PMA, of thuis met een geschikt potje (monster moet binnen het uur na de afspraak worden afgegeven en op lichaamstemperatuur worden bewaard).<\/p>\n<p>In geval van problemen met masturbatie kan er een speciale niet-toxische condoom voor zaadcellen worden verstrekt om volledige geslachtsgemeenschap thuis te hebben en het sperma in de condoom te verzamelen om het vervolgens in het steriele potje te legen.<\/p>\n<h2>Hoe wordt sperma ingevroren?<\/h2>\n<p>Het sperma wordt op kamertemperatuur vermengd met een cryoprotectant voordat het in parels wordt verpakt en vervolgens geleidelijk in de dampen van vloeibare stikstof wordt ingevroren.<\/p>\n<p>Het wordt vervolgens ondergedompeld en bewaard in vloeibare stikstof totdat het wordt gebruikt.<\/p>\n<p><span>In het geval van pati\u00ebnten die in Belgi\u00eb genieten van een ziekteverzekering, wordt de behandeling voor het bewaren van sperma v\u00f3\u00f3r een oncologische behandeling vergoed tot de leeftijd van 45 jaar.<\/span><\/p>\n<p><a href=\"#_ftnref1\" name=\"_ftn1\"><\/a><\/p>\n<p>[\/et_pb_text][\/et_pb_column][\/et_pb_row][\/et_pb_section]<\/p>\n","protected":false},"excerpt":{"rendered":"<p>Het bewaren van sperma is een standaardprocedure die in veel situaties in de PMA en volwassen en pediatrische oncologie wordt aangeboden. Het omvat het invriezen van sperma om het te bewaren voor later gebruik. Deze procedure kan worden voorgesteld v\u00f3\u00f3r een gonadotoxische behandeling in multidisciplinair overleg, v\u00f3\u00f3r een PMA-behandeling of om de vruchtbaarheid v\u00f3\u00f3r een oncologische behandeling te behouden.  <\/p>\n","protected":false},"author":1,"featured_media":0,"parent":5550,"menu_order":0,"comment_status":"open","ping_status":"closed","template":"","meta":{"_acf_changed":false,"_et_pb_use_builder":"on","_et_pb_old_content":"","_et_gb_content_width":"","footnotes":""},"categories":[],"tags":[],"class_list":["post-5564","page","type-page","status-publish","hentry"],"acf":[],"yoast_head":"<!-- This site is optimized with the Yoast SEO plugin v27.4 - https:\/\/yoast.com\/product\/yoast-seo-wordpress\/ -->\n<title>Spermapreservatie - Fivette.be<\/title>\n<meta name=\"description\" content=\"Het bewaren van sperma is een PMA-procedure waarbij sperma wordt ingevroren om het te bewaren voor later gebruik.\" \/>\n<meta name=\"robots\" content=\"index, follow, max-snippet:-1, max-image-preview:large, max-video-preview:-1\" \/>\n<link rel=\"canonical\" href=\"https:\/\/www.fivette.be\/nl\/heeft-u-een-kinderwens\/toekomst\/spermapreservatie\/\" \/>\n<meta property=\"og:locale\" content=\"nl_NL\" \/>\n<meta property=\"og:type\" content=\"article\" \/>\n<meta property=\"og:title\" content=\"Spermapreservatie - Fivette.be\" \/>\n<meta property=\"og:description\" content=\"Het bewaren van sperma is een PMA-procedure waarbij sperma wordt ingevroren om het te bewaren voor later gebruik.\" \/>\n<meta property=\"og:site_name\" content=\"Fivette.be\" \/>\n<meta property=\"article:modified_time\" content=\"2023-05-05T11:57:46+00:00\" \/>\n<meta name=\"twitter:card\" content=\"summary_large_image\" \/>\n<meta name=\"twitter:label1\" content=\"Geschatte leestijd\" \/>\n\t<meta name=\"twitter:data1\" content=\"2 minuten\" \/>\n<script type=\"application\/ld+json\" class=\"yoast-schema-graph\">{\"@context\":\"https:\\\/\\\/schema.org\",\"@graph\":[{\"@type\":\"WebPage\",\"@id\":\"https:\\\/\\\/www.fivette.be\\\/nl\\\/heeft-u-een-kinderwens\\\/toekomst\\\/spermapreservatie\\\/\",\"url\":\"https:\\\/\\\/www.fivette.be\\\/nl\\\/heeft-u-een-kinderwens\\\/toekomst\\\/spermapreservatie\\\/\",\"name\":\"Spermapreservatie - Fivette.be\",\"isPartOf\":{\"@id\":\"https:\\\/\\\/www.fivette.be\\\/#website\"},\"datePublished\":\"2023-05-05T11:53:29+00:00\",\"dateModified\":\"2023-05-05T11:57:46+00:00\",\"description\":\"Het bewaren van sperma is een PMA-procedure waarbij sperma wordt ingevroren om het te bewaren voor later gebruik.\",\"breadcrumb\":{\"@id\":\"https:\\\/\\\/www.fivette.be\\\/nl\\\/heeft-u-een-kinderwens\\\/toekomst\\\/spermapreservatie\\\/#breadcrumb\"},\"inLanguage\":\"nl-NL\",\"potentialAction\":[{\"@type\":\"ReadAction\",\"target\":[\"https:\\\/\\\/www.fivette.be\\\/nl\\\/heeft-u-een-kinderwens\\\/toekomst\\\/spermapreservatie\\\/\"]}]},{\"@type\":\"BreadcrumbList\",\"@id\":\"https:\\\/\\\/www.fivette.be\\\/nl\\\/heeft-u-een-kinderwens\\\/toekomst\\\/spermapreservatie\\\/#breadcrumb\",\"itemListElement\":[{\"@type\":\"ListItem\",\"position\":1,\"name\":\"Home\",\"item\":\"https:\\\/\\\/www.fivette.be\\\/nl\\\/heeft-u-een-kinderwens\\\/\"},{\"@type\":\"ListItem\",\"position\":2,\"name\":\"Heeft u een kinderwens?\",\"item\":\"https:\\\/\\\/www.fivette.be\\\/nl\\\/heeft-u-een-kinderwens\\\/\"},{\"@type\":\"ListItem\",\"position\":3,\"name\":\"Toekomst\",\"item\":\"https:\\\/\\\/www.fivette.be\\\/nl\\\/heeft-u-een-kinderwens\\\/toekomst\\\/\"},{\"@type\":\"ListItem\",\"position\":4,\"name\":\"Spermapreservatie\"}]},{\"@type\":\"WebSite\",\"@id\":\"https:\\\/\\\/www.fivette.be\\\/#website\",\"url\":\"https:\\\/\\\/www.fivette.be\\\/\",\"name\":\"Fivette.be - Le centre de Procr\u00e9ation M\u00e9dicalement Assist\u00e9e du CHU Saint-Pierre\",\"description\":\"Le centre de PMA du CHU Saint-Pierre\",\"publisher\":{\"@id\":\"https:\\\/\\\/www.fivette.be\\\/#organization\"},\"potentialAction\":[{\"@type\":\"SearchAction\",\"target\":{\"@type\":\"EntryPoint\",\"urlTemplate\":\"https:\\\/\\\/www.fivette.be\\\/?s={search_term_string}\"},\"query-input\":{\"@type\":\"PropertyValueSpecification\",\"valueRequired\":true,\"valueName\":\"search_term_string\"}}],\"inLanguage\":\"nl-NL\"},{\"@type\":\"Organization\",\"@id\":\"https:\\\/\\\/www.fivette.be\\\/#organization\",\"name\":\"Fivette.be - Le centre de Procr\u00e9ation M\u00e9dicalement Assist\u00e9e du CHU Saint-Pierre\",\"url\":\"https:\\\/\\\/www.fivette.be\\\/\",\"logo\":{\"@type\":\"ImageObject\",\"inLanguage\":\"nl-NL\",\"@id\":\"https:\\\/\\\/www.fivette.be\\\/#\\\/schema\\\/logo\\\/image\\\/\",\"url\":\"http:\\\/\\\/fivette.be\\\/wp-content\\\/uploads\\\/2023\\\/01\\\/PMAlogocolorSP.png\",\"contentUrl\":\"http:\\\/\\\/fivette.be\\\/wp-content\\\/uploads\\\/2023\\\/01\\\/PMAlogocolorSP.png\",\"width\":289,\"height\":251,\"caption\":\"Fivette.be - Le centre de Procr\u00e9ation M\u00e9dicalement Assist\u00e9e du CHU Saint-Pierre\"},\"image\":{\"@id\":\"https:\\\/\\\/www.fivette.be\\\/#\\\/schema\\\/logo\\\/image\\\/\"}}]}<\/script>\n<!-- \/ Yoast SEO plugin. -->","yoast_head_json":{"title":"Spermapreservatie - Fivette.be","description":"Het bewaren van sperma is een PMA-procedure waarbij sperma wordt ingevroren om het te bewaren voor later gebruik.","robots":{"index":"index","follow":"follow","max-snippet":"max-snippet:-1","max-image-preview":"max-image-preview:large","max-video-preview":"max-video-preview:-1"},"canonical":"https:\/\/www.fivette.be\/nl\/heeft-u-een-kinderwens\/toekomst\/spermapreservatie\/","og_locale":"nl_NL","og_type":"article","og_title":"Spermapreservatie - Fivette.be","og_description":"Het bewaren van sperma is een PMA-procedure waarbij sperma wordt ingevroren om het te bewaren voor later gebruik.","og_site_name":"Fivette.be","article_modified_time":"2023-05-05T11:57:46+00:00","twitter_card":"summary_large_image","twitter_misc":{"Geschatte leestijd":"2 minuten"},"schema":{"@context":"https:\/\/schema.org","@graph":[{"@type":"WebPage","@id":"https:\/\/www.fivette.be\/nl\/heeft-u-een-kinderwens\/toekomst\/spermapreservatie\/","url":"https:\/\/www.fivette.be\/nl\/heeft-u-een-kinderwens\/toekomst\/spermapreservatie\/","name":"Spermapreservatie - Fivette.be","isPartOf":{"@id":"https:\/\/www.fivette.be\/#website"},"datePublished":"2023-05-05T11:53:29+00:00","dateModified":"2023-05-05T11:57:46+00:00","description":"Het bewaren van sperma is een PMA-procedure waarbij sperma wordt ingevroren om het te bewaren voor later gebruik.","breadcrumb":{"@id":"https:\/\/www.fivette.be\/nl\/heeft-u-een-kinderwens\/toekomst\/spermapreservatie\/#breadcrumb"},"inLanguage":"nl-NL","potentialAction":[{"@type":"ReadAction","target":["https:\/\/www.fivette.be\/nl\/heeft-u-een-kinderwens\/toekomst\/spermapreservatie\/"]}]},{"@type":"BreadcrumbList","@id":"https:\/\/www.fivette.be\/nl\/heeft-u-een-kinderwens\/toekomst\/spermapreservatie\/#breadcrumb","itemListElement":[{"@type":"ListItem","position":1,"name":"Home","item":"https:\/\/www.fivette.be\/nl\/heeft-u-een-kinderwens\/"},{"@type":"ListItem","position":2,"name":"Heeft u een kinderwens?","item":"https:\/\/www.fivette.be\/nl\/heeft-u-een-kinderwens\/"},{"@type":"ListItem","position":3,"name":"Toekomst","item":"https:\/\/www.fivette.be\/nl\/heeft-u-een-kinderwens\/toekomst\/"},{"@type":"ListItem","position":4,"name":"Spermapreservatie"}]},{"@type":"WebSite","@id":"https:\/\/www.fivette.be\/#website","url":"https:\/\/www.fivette.be\/","name":"Fivette.be - Le centre de Procr\u00e9ation M\u00e9dicalement Assist\u00e9e du CHU Saint-Pierre","description":"Le centre de PMA du CHU Saint-Pierre","publisher":{"@id":"https:\/\/www.fivette.be\/#organization"},"potentialAction":[{"@type":"SearchAction","target":{"@type":"EntryPoint","urlTemplate":"https:\/\/www.fivette.be\/?s={search_term_string}"},"query-input":{"@type":"PropertyValueSpecification","valueRequired":true,"valueName":"search_term_string"}}],"inLanguage":"nl-NL"},{"@type":"Organization","@id":"https:\/\/www.fivette.be\/#organization","name":"Fivette.be - Le centre de Procr\u00e9ation M\u00e9dicalement Assist\u00e9e du CHU Saint-Pierre","url":"https:\/\/www.fivette.be\/","logo":{"@type":"ImageObject","inLanguage":"nl-NL","@id":"https:\/\/www.fivette.be\/#\/schema\/logo\/image\/","url":"http:\/\/fivette.be\/wp-content\/uploads\/2023\/01\/PMAlogocolorSP.png","contentUrl":"http:\/\/fivette.be\/wp-content\/uploads\/2023\/01\/PMAlogocolorSP.png","width":289,"height":251,"caption":"Fivette.be - Le centre de Procr\u00e9ation M\u00e9dicalement Assist\u00e9e du CHU Saint-Pierre"},"image":{"@id":"https:\/\/www.fivette.be\/#\/schema\/logo\/image\/"}}]}},"jetpack_sharing_enabled":true,"_links":{"self":[{"href":"https:\/\/www.fivette.be\/nl\/wp-json\/wp\/v2\/pages\/5564","targetHints":{"allow":["GET"]}}],"collection":[{"href":"https:\/\/www.fivette.be\/nl\/wp-json\/wp\/v2\/pages"}],"about":[{"href":"https:\/\/www.fivette.be\/nl\/wp-json\/wp\/v2\/types\/page"}],"author":[{"embeddable":true,"href":"https:\/\/www.fivette.be\/nl\/wp-json\/wp\/v2\/users\/1"}],"replies":[{"embeddable":true,"href":"https:\/\/www.fivette.be\/nl\/wp-json\/wp\/v2\/comments?post=5564"}],"version-history":[{"count":5,"href":"https:\/\/www.fivette.be\/nl\/wp-json\/wp\/v2\/pages\/5564\/revisions"}],"predecessor-version":[{"id":5572,"href":"https:\/\/www.fivette.be\/nl\/wp-json\/wp\/v2\/pages\/5564\/revisions\/5572"}],"up":[{"embeddable":true,"href":"https:\/\/www.fivette.be\/nl\/wp-json\/wp\/v2\/pages\/5550"}],"wp:attachment":[{"href":"https:\/\/www.fivette.be\/nl\/wp-json\/wp\/v2\/media?parent=5564"}],"wp:term":[{"taxonomy":"category","embeddable":true,"href":"https:\/\/www.fivette.be\/nl\/wp-json\/wp\/v2\/categories?post=5564"},{"taxonomy":"post_tag","embeddable":true,"href":"https:\/\/www.fivette.be\/nl\/wp-json\/wp\/v2\/tags?post=5564"}],"curies":[{"name":"wp","href":"https:\/\/api.w.org\/{rel}","templated":true}]}}