{"id":5579,"date":"2023-05-05T15:22:30","date_gmt":"2023-05-05T13:22:30","guid":{"rendered":"http:\/\/10.14.1.27\/fivette\/heeft-u-een-kinderwens\/nu\/vruchtbaarheidsonderzoek\/"},"modified":"2023-11-21T16:43:37","modified_gmt":"2023-11-21T15:43:37","slug":"vruchtbaarheidsonderzoek","status":"publish","type":"page","link":"https:\/\/www.fivette.be\/nl\/heeft-u-een-kinderwens\/nu\/vruchtbaarheidsonderzoek\/","title":{"rendered":"Vruchtbaarheidsonderzoek"},"content":{"rendered":"<p>[et_pb_section fb_built=&#8221;1&#8243; _builder_version=&#8221;4.18.0&#8243; _module_preset=&#8221;default&#8221; border_color_all=&#8221;#ffffff&#8221; global_colors_info=&#8221;{}&#8221;][et_pb_row _builder_version=&#8221;4.18.0&#8243; _module_preset=&#8221;default&#8221; border_color_all=&#8221;#FFFFFF&#8221; global_colors_info=&#8221;{}&#8221;][et_pb_column type=&#8221;4_4&#8243; _builder_version=&#8221;4.17.3&#8243; _module_preset=&#8221;default&#8221; global_colors_info=&#8221;{}&#8221;][et_pb_text _builder_version=&#8221;4.18.0&#8243; _module_preset=&#8221;default&#8221; global_colors_info=&#8221;{}&#8221;]<\/p>\n<h1 dir=\"auto\">Een kinderwens<\/h1>\n<p>Het is belangrijk om te benadrukken dat tijdens uw eerste consultatie in ons centrum voor MBV de aanwezigheid van de verschillende auteurs van het ouderschapsproject essentieel is. We streven ernaar om al onze pati\u00ebnten uitgebreide en gepersonaliseerde zorg te bieden, en dit omvat een rigoureuze beoordeling van uw medische situatie en uw geschiedenis.<\/p>\n<h2 dir=\"auto\">Anamnese<\/h2>\n<p dir=\"auto\">We beginnen daarom met een volledige anamnese, waarbij we alle informatie verzamelen over uw gezondheidstoestand en uw kinderwens. Deze stap is essentieel voor een nauwkeurige diagnose en om een passende behandeling te kunnen aanbieden. <\/p>\n<h2 dir=\"auto\">Aanvullende onderzoeken<\/h2>\n<p dir=\"auto\">Vervolgens voeren we een evaluatie uit van eventuele aanvullende onderzoeken die nodig zijn, zoals bloedonderzoek, echografie of spermogram. Deze onderzoeken stellen ons in staat om een mogelijke diagnose te bevestigen of te ontkrachten en onze behandeling dienovereenkomstig aan te passen. <\/p>\n<h2 dir=\"auto\">Aangepaste behandeling<\/h2>\n<p dir=\"auto\">Ten slotte bieden we u, na het verzamelen van alle nodige informatie, een behandeling aan die is aangepast aan uw situatie. We luisteren naar uw behoeften en verwachtingen en begeleiden u tijdens uw hele traject. <\/p>\n<h2 dir=\"auto\">Specifiek project<\/h2>\n<p dir=\"auto\">Als u een specifiek project heeft, staat onze secretaresse tot uw beschikking om samen met u de nodige afspraken te plannen. We zijn er om u te helpen uw kinderwens onder de best mogelijke omstandigheden te realiseren. <\/p>\n<p>[\/et_pb_text][\/et_pb_column][\/et_pb_row][\/et_pb_section]<\/p>\n","protected":false},"excerpt":{"rendered":"<p>Het vruchtbaarheidsonderzoek biedt ons een volledige en gepersonaliseerde behandeling die begint met een evaluatie van uw medische toestand en voorgeschiedenis.<\/p>\n","protected":false},"author":1,"featured_media":5621,"parent":5573,"menu_order":0,"comment_status":"open","ping_status":"open","template":"","meta":{"_acf_changed":false,"_et_pb_use_builder":"on","_et_pb_old_content":"","_et_gb_content_width":"","footnotes":""},"categories":[],"tags":[],"class_list":["post-5579","page","type-page","status-publish","has-post-thumbnail","hentry"],"acf":[],"yoast_head":"<!-- This site is optimized with the Yoast SEO plugin v26.4 - https:\/\/yoast.com\/wordpress\/plugins\/seo\/ -->\n<title>Vruchtbaarheidsonderzoek - Fivette.be<\/title>\n<meta name=\"description\" content=\"Het vruchtbaarheidsonderzoek biedt ons een volledige en gepersonaliseerde behandeling die begint met een evaluatie van uw medische toestand en voorgeschiedenis.\" \/>\n<meta name=\"robots\" content=\"index, follow, max-snippet:-1, max-image-preview:large, max-video-preview:-1\" \/>\n<link rel=\"canonical\" href=\"https:\/\/www.fivette.be\/nl\/heeft-u-een-kinderwens\/nu\/vruchtbaarheidsonderzoek\/\" \/>\n<meta property=\"og:locale\" content=\"nl_NL\" \/>\n<meta property=\"og:type\" content=\"article\" \/>\n<meta property=\"og:title\" content=\"Vruchtbaarheidsonderzoek - Fivette.be\" \/>\n<meta property=\"og:description\" content=\"Het vruchtbaarheidsonderzoek biedt ons een volledige en gepersonaliseerde behandeling die begint met een evaluatie van uw medische toestand en voorgeschiedenis.\" \/>\n<meta property=\"og:site_name\" content=\"Fivette.be\" \/>\n<meta property=\"article:modified_time\" content=\"2023-11-21T15:43:37+00:00\" \/>\n<meta property=\"og:image\" content=\"https:\/\/i0.wp.com\/www.fivette.be\/wp-content\/uploads\/2022\/12\/GettyImages-1020968914-scaled.jpg?fit=2560%2C1440&ssl=1\" \/>\n\t<meta property=\"og:image:width\" content=\"2560\" \/>\n\t<meta property=\"og:image:height\" content=\"1440\" \/>\n\t<meta property=\"og:image:type\" content=\"image\/jpeg\" \/>\n<meta name=\"twitter:card\" content=\"summary_large_image\" \/>\n<meta name=\"twitter:label1\" content=\"Geschatte leestijd\" \/>\n\t<meta name=\"twitter:data1\" content=\"1 minuut\" \/>\n<script type=\"application\/ld+json\" class=\"yoast-schema-graph\">{\"@context\":\"https:\/\/schema.org\",\"@graph\":[{\"@type\":\"WebPage\",\"@id\":\"https:\/\/www.fivette.be\/nl\/heeft-u-een-kinderwens\/nu\/vruchtbaarheidsonderzoek\/\",\"url\":\"https:\/\/www.fivette.be\/nl\/heeft-u-een-kinderwens\/nu\/vruchtbaarheidsonderzoek\/\",\"name\":\"Vruchtbaarheidsonderzoek - Fivette.be\",\"isPartOf\":{\"@id\":\"https:\/\/www.fivette.be\/#website\"},\"primaryImageOfPage\":{\"@id\":\"https:\/\/www.fivette.be\/nl\/heeft-u-een-kinderwens\/nu\/vruchtbaarheidsonderzoek\/#primaryimage\"},\"image\":{\"@id\":\"https:\/\/www.fivette.be\/nl\/heeft-u-een-kinderwens\/nu\/vruchtbaarheidsonderzoek\/#primaryimage\"},\"thumbnailUrl\":\"https:\/\/i0.wp.com\/www.fivette.be\/wp-content\/uploads\/2022\/12\/GettyImages-1020968914-scaled.jpg?fit=2560%2C1440&ssl=1\",\"datePublished\":\"2023-05-05T13:22:30+00:00\",\"dateModified\":\"2023-11-21T15:43:37+00:00\",\"description\":\"Het vruchtbaarheidsonderzoek biedt ons een volledige en gepersonaliseerde behandeling die begint met een evaluatie van uw medische toestand en voorgeschiedenis.\",\"breadcrumb\":{\"@id\":\"https:\/\/www.fivette.be\/nl\/heeft-u-een-kinderwens\/nu\/vruchtbaarheidsonderzoek\/#breadcrumb\"},\"inLanguage\":\"nl-NL\",\"potentialAction\":[{\"@type\":\"ReadAction\",\"target\":[\"https:\/\/www.fivette.be\/nl\/heeft-u-een-kinderwens\/nu\/vruchtbaarheidsonderzoek\/\"]}]},{\"@type\":\"ImageObject\",\"inLanguage\":\"nl-NL\",\"@id\":\"https:\/\/www.fivette.be\/nl\/heeft-u-een-kinderwens\/nu\/vruchtbaarheidsonderzoek\/#primaryimage\",\"url\":\"https:\/\/i0.wp.com\/www.fivette.be\/wp-content\/uploads\/2022\/12\/GettyImages-1020968914-scaled.jpg?fit=2560%2C1440&ssl=1\",\"contentUrl\":\"https:\/\/i0.wp.com\/www.fivette.be\/wp-content\/uploads\/2022\/12\/GettyImages-1020968914-scaled.jpg?fit=2560%2C1440&ssl=1\",\"width\":2560,\"height\":1440,\"caption\":\"Doctor or psychiatrist consulting and diagnostic examining stressful woman patient on obstetric - gynecological female illness, or mental health in medical clinic or hospital healthcare service center\"},{\"@type\":\"BreadcrumbList\",\"@id\":\"https:\/\/www.fivette.be\/nl\/heeft-u-een-kinderwens\/nu\/vruchtbaarheidsonderzoek\/#breadcrumb\",\"itemListElement\":[{\"@type\":\"ListItem\",\"position\":1,\"name\":\"Home\",\"item\":\"https:\/\/www.fivette.be\/nl\/heeft-u-een-kinderwens\/\"},{\"@type\":\"ListItem\",\"position\":2,\"name\":\"Heeft u een kinderwens?\",\"item\":\"https:\/\/www.fivette.be\/nl\/heeft-u-een-kinderwens\/\"},{\"@type\":\"ListItem\",\"position\":3,\"name\":\"Nu\",\"item\":\"https:\/\/www.fivette.be\/fivette-be\/maintenant\/\"},{\"@type\":\"ListItem\",\"position\":4,\"name\":\"Vruchtbaarheidsonderzoek\"}]},{\"@type\":\"WebSite\",\"@id\":\"https:\/\/www.fivette.be\/#website\",\"url\":\"https:\/\/www.fivette.be\/\",\"name\":\"Fivette.be - Le centre de Procr\u00e9ation M\u00e9dicalement Assist\u00e9e du CHU Saint-Pierre\",\"description\":\"Le centre de PMA du CHU Saint-Pierre\",\"publisher\":{\"@id\":\"https:\/\/www.fivette.be\/#organization\"},\"potentialAction\":[{\"@type\":\"SearchAction\",\"target\":{\"@type\":\"EntryPoint\",\"urlTemplate\":\"https:\/\/www.fivette.be\/?s={search_term_string}\"},\"query-input\":{\"@type\":\"PropertyValueSpecification\",\"valueRequired\":true,\"valueName\":\"search_term_string\"}}],\"inLanguage\":\"nl-NL\"},{\"@type\":\"Organization\",\"@id\":\"https:\/\/www.fivette.be\/#organization\",\"name\":\"Fivette.be - Le centre de Procr\u00e9ation M\u00e9dicalement Assist\u00e9e du CHU Saint-Pierre\",\"url\":\"https:\/\/www.fivette.be\/\",\"logo\":{\"@type\":\"ImageObject\",\"inLanguage\":\"nl-NL\",\"@id\":\"https:\/\/www.fivette.be\/#\/schema\/logo\/image\/\",\"url\":\"http:\/\/fivette.be\/wp-content\/uploads\/2023\/01\/PMAlogocolorSP.png\",\"contentUrl\":\"http:\/\/fivette.be\/wp-content\/uploads\/2023\/01\/PMAlogocolorSP.png\",\"width\":289,\"height\":251,\"caption\":\"Fivette.be - Le centre de Procr\u00e9ation M\u00e9dicalement Assist\u00e9e du CHU Saint-Pierre\"},\"image\":{\"@id\":\"https:\/\/www.fivette.be\/#\/schema\/logo\/image\/\"}}]}<\/script>\n<!-- \/ Yoast SEO plugin. -->","yoast_head_json":{"title":"Vruchtbaarheidsonderzoek - Fivette.be","description":"Het vruchtbaarheidsonderzoek biedt ons een volledige en gepersonaliseerde behandeling die begint met een evaluatie van uw medische toestand en voorgeschiedenis.","robots":{"index":"index","follow":"follow","max-snippet":"max-snippet:-1","max-image-preview":"max-image-preview:large","max-video-preview":"max-video-preview:-1"},"canonical":"https:\/\/www.fivette.be\/nl\/heeft-u-een-kinderwens\/nu\/vruchtbaarheidsonderzoek\/","og_locale":"nl_NL","og_type":"article","og_title":"Vruchtbaarheidsonderzoek - Fivette.be","og_description":"Het vruchtbaarheidsonderzoek biedt ons een volledige en gepersonaliseerde behandeling die begint met een evaluatie van uw medische toestand en voorgeschiedenis.","og_site_name":"Fivette.be","article_modified_time":"2023-11-21T15:43:37+00:00","og_image":[{"width":2560,"height":1440,"url":"https:\/\/i0.wp.com\/www.fivette.be\/wp-content\/uploads\/2022\/12\/GettyImages-1020968914-scaled.jpg?fit=2560%2C1440&ssl=1","type":"image\/jpeg"}],"twitter_card":"summary_large_image","twitter_misc":{"Geschatte leestijd":"1 minuut"},"schema":{"@context":"https:\/\/schema.org","@graph":[{"@type":"WebPage","@id":"https:\/\/www.fivette.be\/nl\/heeft-u-een-kinderwens\/nu\/vruchtbaarheidsonderzoek\/","url":"https:\/\/www.fivette.be\/nl\/heeft-u-een-kinderwens\/nu\/vruchtbaarheidsonderzoek\/","name":"Vruchtbaarheidsonderzoek - Fivette.be","isPartOf":{"@id":"https:\/\/www.fivette.be\/#website"},"primaryImageOfPage":{"@id":"https:\/\/www.fivette.be\/nl\/heeft-u-een-kinderwens\/nu\/vruchtbaarheidsonderzoek\/#primaryimage"},"image":{"@id":"https:\/\/www.fivette.be\/nl\/heeft-u-een-kinderwens\/nu\/vruchtbaarheidsonderzoek\/#primaryimage"},"thumbnailUrl":"https:\/\/i0.wp.com\/www.fivette.be\/wp-content\/uploads\/2022\/12\/GettyImages-1020968914-scaled.jpg?fit=2560%2C1440&ssl=1","datePublished":"2023-05-05T13:22:30+00:00","dateModified":"2023-11-21T15:43:37+00:00","description":"Het vruchtbaarheidsonderzoek biedt ons een volledige en gepersonaliseerde behandeling die begint met een evaluatie van uw medische toestand en voorgeschiedenis.","breadcrumb":{"@id":"https:\/\/www.fivette.be\/nl\/heeft-u-een-kinderwens\/nu\/vruchtbaarheidsonderzoek\/#breadcrumb"},"inLanguage":"nl-NL","potentialAction":[{"@type":"ReadAction","target":["https:\/\/www.fivette.be\/nl\/heeft-u-een-kinderwens\/nu\/vruchtbaarheidsonderzoek\/"]}]},{"@type":"ImageObject","inLanguage":"nl-NL","@id":"https:\/\/www.fivette.be\/nl\/heeft-u-een-kinderwens\/nu\/vruchtbaarheidsonderzoek\/#primaryimage","url":"https:\/\/i0.wp.com\/www.fivette.be\/wp-content\/uploads\/2022\/12\/GettyImages-1020968914-scaled.jpg?fit=2560%2C1440&ssl=1","contentUrl":"https:\/\/i0.wp.com\/www.fivette.be\/wp-content\/uploads\/2022\/12\/GettyImages-1020968914-scaled.jpg?fit=2560%2C1440&ssl=1","width":2560,"height":1440,"caption":"Doctor or psychiatrist consulting and diagnostic examining stressful woman patient on obstetric - gynecological female illness, or mental health in medical clinic or hospital healthcare service center"},{"@type":"BreadcrumbList","@id":"https:\/\/www.fivette.be\/nl\/heeft-u-een-kinderwens\/nu\/vruchtbaarheidsonderzoek\/#breadcrumb","itemListElement":[{"@type":"ListItem","position":1,"name":"Home","item":"https:\/\/www.fivette.be\/nl\/heeft-u-een-kinderwens\/"},{"@type":"ListItem","position":2,"name":"Heeft u een kinderwens?","item":"https:\/\/www.fivette.be\/nl\/heeft-u-een-kinderwens\/"},{"@type":"ListItem","position":3,"name":"Nu","item":"https:\/\/www.fivette.be\/fivette-be\/maintenant\/"},{"@type":"ListItem","position":4,"name":"Vruchtbaarheidsonderzoek"}]},{"@type":"WebSite","@id":"https:\/\/www.fivette.be\/#website","url":"https:\/\/www.fivette.be\/","name":"Fivette.be - Le centre de Procr\u00e9ation M\u00e9dicalement Assist\u00e9e du CHU Saint-Pierre","description":"Le centre de PMA du CHU Saint-Pierre","publisher":{"@id":"https:\/\/www.fivette.be\/#organization"},"potentialAction":[{"@type":"SearchAction","target":{"@type":"EntryPoint","urlTemplate":"https:\/\/www.fivette.be\/?s={search_term_string}"},"query-input":{"@type":"PropertyValueSpecification","valueRequired":true,"valueName":"search_term_string"}}],"inLanguage":"nl-NL"},{"@type":"Organization","@id":"https:\/\/www.fivette.be\/#organization","name":"Fivette.be - Le centre de Procr\u00e9ation M\u00e9dicalement Assist\u00e9e du CHU Saint-Pierre","url":"https:\/\/www.fivette.be\/","logo":{"@type":"ImageObject","inLanguage":"nl-NL","@id":"https:\/\/www.fivette.be\/#\/schema\/logo\/image\/","url":"http:\/\/fivette.be\/wp-content\/uploads\/2023\/01\/PMAlogocolorSP.png","contentUrl":"http:\/\/fivette.be\/wp-content\/uploads\/2023\/01\/PMAlogocolorSP.png","width":289,"height":251,"caption":"Fivette.be - Le centre de Procr\u00e9ation M\u00e9dicalement Assist\u00e9e du CHU Saint-Pierre"},"image":{"@id":"https:\/\/www.fivette.be\/#\/schema\/logo\/image\/"}}]}},"jetpack_sharing_enabled":true,"_links":{"self":[{"href":"https:\/\/www.fivette.be\/nl\/wp-json\/wp\/v2\/pages\/5579","targetHints":{"allow":["GET"]}}],"collection":[{"href":"https:\/\/www.fivette.be\/nl\/wp-json\/wp\/v2\/pages"}],"about":[{"href":"https:\/\/www.fivette.be\/nl\/wp-json\/wp\/v2\/types\/page"}],"author":[{"embeddable":true,"href":"https:\/\/www.fivette.be\/nl\/wp-json\/wp\/v2\/users\/1"}],"replies":[{"embeddable":true,"href":"https:\/\/www.fivette.be\/nl\/wp-json\/wp\/v2\/comments?post=5579"}],"version-history":[{"count":6,"href":"https:\/\/www.fivette.be\/nl\/wp-json\/wp\/v2\/pages\/5579\/revisions"}],"predecessor-version":[{"id":5752,"href":"https:\/\/www.fivette.be\/nl\/wp-json\/wp\/v2\/pages\/5579\/revisions\/5752"}],"up":[{"embeddable":true,"href":"https:\/\/www.fivette.be\/nl\/wp-json\/wp\/v2\/pages\/5573"}],"wp:featuredmedia":[{"embeddable":true,"href":"https:\/\/www.fivette.be\/nl\/wp-json\/wp\/v2\/media\/5621"}],"wp:attachment":[{"href":"https:\/\/www.fivette.be\/nl\/wp-json\/wp\/v2\/media?parent=5579"}],"wp:term":[{"taxonomy":"category","embeddable":true,"href":"https:\/\/www.fivette.be\/nl\/wp-json\/wp\/v2\/categories?post=5579"},{"taxonomy":"post_tag","embeddable":true,"href":"https:\/\/www.fivette.be\/nl\/wp-json\/wp\/v2\/tags?post=5579"}],"curies":[{"name":"wp","href":"https:\/\/api.w.org\/{rel}","templated":true}]}}