{"id":5585,"date":"2023-05-05T15:39:50","date_gmt":"2023-05-05T13:39:50","guid":{"rendered":"http:\/\/10.14.1.27\/fivette\/heeft-u-een-kinderwens\/nu\/draagmoederschap\/"},"modified":"2023-05-11T16:09:40","modified_gmt":"2023-05-11T14:09:40","slug":"draagmoederschap","status":"publish","type":"page","link":"https:\/\/www.fivette.be\/nl\/heeft-u-een-kinderwens\/nu\/draagmoederschap\/","title":{"rendered":"Draagmoederschap"},"content":{"rendered":"<p>[et_pb_section fb_built=&#8221;1&#8243; _builder_version=&#8221;4.18.0&#8243; _module_preset=&#8221;default&#8221; global_colors_info=&#8221;{}&#8221;][et_pb_row _builder_version=&#8221;4.18.0&#8243; _module_preset=&#8221;default&#8221; global_colors_info=&#8221;{}&#8221;][et_pb_column type=&#8221;4_4&#8243; _builder_version=&#8221;4.18.0&#8243; _module_preset=&#8221;default&#8221; global_colors_info=&#8221;{}&#8221;][et_pb_text _builder_version=&#8221;4.18.0&#8243; _module_preset=&#8221;default&#8221; global_colors_info=&#8221;{}&#8221;]<\/p>\n<h1>Draagmoederschap<\/h1>\n<p>Sinds eind jaren 90 biedt het PMA-centrum van het UMC Sint-Pieter zorg aan koppels die gebruik moeten maken van draagmoederschap.<\/p>\n<p>Sinds 2015 biedt ons centrum ook zorg aan koppels die gebruik moeten maken van draagmoederschap in combinatie met eiceldonatie.<span style=\"text-decoration: line-through;\"><\/span><\/p>\n<p>Voor informatie over eiceldonatie verwijzen we u naar de pagina die aan dit onderwerp is gewijd. Hier zullen we alleen ingaan op surrogacy. <\/p>\n<p>Deze procedure houdt in dat de embryo&#8217;s (verkregen door in vitro fertilisatie) worden overgebracht naar de baarmoeder van een draagmoeder. Deze draagmoeder heeft dus geen genetische band met het kind. <\/p>\n<h2>Geen wettelijk kader<\/h2>\n<p>Momenteel is er in Belgi\u00eb geen duidelijk gedefinieerd wettelijk kader voor draagmoederschap. Deze praktijk is niet illegaal, maar het is essentieel om adequaat juridisch advies in te winnen. Daarom vragen wij aan beoogde ouders en hun draagmoeder om voorafgaand aan hun bezoek aan ons centrum informatie in te winnen bij een advocaat gespecialiseerd in familierecht.  <\/p>\n<p>Er bestaat geen centrum voor het rekruteren van draagmoeders in Belgi\u00eb en elke commerci\u00eble rekrutering is volledig verboden. Draagmoeders zijn dus &#8220;relationele&#8221; draagmoeders, meestal familieleden of goede vrienden van het beoogde koppel. <\/p>\n<h2>De procedure<\/h2>\n<p>Om kennis te maken met de auteurs van het kinderwens project, zullen de gynaecoloog en psycholoog in eerste instantie alleen het beoogde koppel ontvangen.<\/p>\n<p>In een tweede fase zullen het beoogde koppel en de draagmoeder (en haar partner indien zij er een heeft) worden ontvangen in een consult met de gynaecoloog en daarna door ons psycho-medisch team voor een gesprek. Tijdens deze consultaties worden alle bijzonderheden van een dergelijke procedure besproken: juridische, medische, ethische, psychologische aspecten, enz. <\/p>\n<h2>Het proces van geschiktheid<\/h2>\n<p>Als het GPA-project ook het gebruik van donorgameten (eicellen of sperma) vereist, moeten er andere afspraken worden gemaakt voor de gametedonor.<\/p>\n<p>Het dossier zal vervolgens in een multidisciplinair team worden besproken.<\/p>\n<p>Als het dossier positief wordt ontvangen, worden de koppels opnieuw gezien voor een gynaecologische consultatie om het medische dossier op te stellen, administratieve formaliteiten in te vullen en de behandeling te plannen.<\/p>\n<h2>Een controversi\u00eble techniek<\/h2>\n<p>Surrogacy blijft momenteel de meest controversi\u00eble PMA-techniek, zowel onder vruchtbaarheids- en verloskundespecialisten als onder het grote publiek. De media zijn helaas vaak op zoek naar &#8220;sensationele&#8221; verhalen die helemaal niet onze positieve ervaring met het gebruik van draagmoeders weerspiegelen. Goed begeleid, is deze, hoewel moeilijke, stap een echte ervaring van solidariteit tussen koppels.  <\/p>\n<p>De uitgevoerde studies zijn geruststellend voor zowel de ervaring van de ouders en de draagmoeder als voor de toekomst van de kinderen.<\/p>\n<h2>U adviseren en ori\u00ebnteren<\/h2>\n<p>Als u een surrogacy-project heeft, nodigen wij u uit om contact op te nemen met onze PMA-secretariaat. U wordt dan correct doorverwezen naar de verschillende betrokken partijen bij deze stap. <\/p>\n<p>[\/et_pb_text][\/et_pb_column][\/et_pb_row][\/et_pb_section]<\/p>\n","protected":false},"excerpt":{"rendered":"<p>Draagmoederschap, ook wel bekend als GPA (Gestational Surrogacy), is een techniek van medisch geassisteerde voortplanting. Hierbij wordt een embryo, afkomstig van in vitro fertilisatie (IVF), ge\u00efmplanteerd in de baarmoeder van een draagmoeder die na de geboorte de baby aan een beoogd koppel zal afstaan.  <\/p>\n","protected":false},"author":6,"featured_media":5610,"parent":5573,"menu_order":0,"comment_status":"open","ping_status":"closed","template":"","meta":{"_acf_changed":false,"_et_pb_use_builder":"on","_et_pb_old_content":"","_et_gb_content_width":"","footnotes":""},"categories":[],"tags":[],"class_list":["post-5585","page","type-page","status-publish","has-post-thumbnail","hentry"],"acf":[],"yoast_head":"<!-- This site is optimized with the Yoast SEO plugin v27.4 - https:\/\/yoast.com\/product\/yoast-seo-wordpress\/ -->\n<title>Draagmoederschap - Fivette.be<\/title>\n<meta name=\"description\" content=\"Draagmoederschap is een techniek voor medisch geassisteerde voortplanting. Hierbij wordt een embryo, afkomstig van in vitro fertilisatie (IVF), ge\u00efmplanteerd in de baarmoeder van een draagmoeder die na de geboorte de baby aan het beoogde koppel zal afstaan.\" \/>\n<meta name=\"robots\" content=\"index, follow, max-snippet:-1, max-image-preview:large, max-video-preview:-1\" \/>\n<link rel=\"canonical\" href=\"https:\/\/www.fivette.be\/fivette-be\/maintenant\/gpa\/\" \/>\n<meta property=\"og:locale\" content=\"nl_NL\" \/>\n<meta property=\"og:type\" content=\"article\" \/>\n<meta property=\"og:title\" content=\"Draagmoederschap - Fivette.be\" \/>\n<meta property=\"og:description\" content=\"Draagmoederschap is een techniek voor medisch geassisteerde voortplanting. Hierbij wordt een embryo, afkomstig van in vitro fertilisatie (IVF), ge\u00efmplanteerd in de baarmoeder van een draagmoeder die na de geboorte de baby aan het beoogde koppel zal afstaan.\" \/>\n<meta property=\"og:site_name\" content=\"Fivette.be\" \/>\n<meta property=\"article:modified_time\" content=\"2023-05-11T14:09:40+00:00\" \/>\n<meta property=\"og:image\" content=\"https:\/\/i0.wp.com\/www.fivette.be\/wp-content\/uploads\/2022\/12\/GettyImages-482483928-scaled.jpg?fit=2560%2C1707&ssl=1\" \/>\n\t<meta property=\"og:image:width\" content=\"2560\" \/>\n\t<meta property=\"og:image:height\" content=\"1707\" \/>\n\t<meta property=\"og:image:type\" content=\"image\/jpeg\" \/>\n<meta name=\"twitter:card\" content=\"summary_large_image\" \/>\n<meta name=\"twitter:label1\" content=\"Geschatte leestijd\" \/>\n\t<meta name=\"twitter:data1\" content=\"3 minuten\" \/>\n<script type=\"application\/ld+json\" class=\"yoast-schema-graph\">{\"@context\":\"https:\\\/\\\/schema.org\",\"@graph\":[{\"@type\":\"WebPage\",\"@id\":\"https:\\\/\\\/www.fivette.be\\\/fivette-be\\\/maintenant\\\/gpa\\\/\",\"url\":\"https:\\\/\\\/www.fivette.be\\\/fivette-be\\\/maintenant\\\/gpa\\\/\",\"name\":\"Draagmoederschap - Fivette.be\",\"isPartOf\":{\"@id\":\"https:\\\/\\\/www.fivette.be\\\/#website\"},\"primaryImageOfPage\":{\"@id\":\"https:\\\/\\\/www.fivette.be\\\/fivette-be\\\/maintenant\\\/gpa\\\/#primaryimage\"},\"image\":{\"@id\":\"https:\\\/\\\/www.fivette.be\\\/fivette-be\\\/maintenant\\\/gpa\\\/#primaryimage\"},\"thumbnailUrl\":\"https:\\\/\\\/i0.wp.com\\\/www.fivette.be\\\/wp-content\\\/uploads\\\/2022\\\/12\\\/GettyImages-482483928-scaled.jpg?fit=2560%2C1707&ssl=1\",\"datePublished\":\"2023-05-05T13:39:50+00:00\",\"dateModified\":\"2023-05-11T14:09:40+00:00\",\"description\":\"Draagmoederschap is een techniek voor medisch geassisteerde voortplanting. Hierbij wordt een embryo, afkomstig van in vitro fertilisatie (IVF), ge\u00efmplanteerd in de baarmoeder van een draagmoeder die na de geboorte de baby aan het beoogde koppel zal afstaan.\",\"breadcrumb\":{\"@id\":\"https:\\\/\\\/www.fivette.be\\\/fivette-be\\\/maintenant\\\/gpa\\\/#breadcrumb\"},\"inLanguage\":\"nl-NL\",\"potentialAction\":[{\"@type\":\"ReadAction\",\"target\":[\"https:\\\/\\\/www.fivette.be\\\/fivette-be\\\/maintenant\\\/gpa\\\/\"]}]},{\"@type\":\"ImageObject\",\"inLanguage\":\"nl-NL\",\"@id\":\"https:\\\/\\\/www.fivette.be\\\/fivette-be\\\/maintenant\\\/gpa\\\/#primaryimage\",\"url\":\"https:\\\/\\\/i0.wp.com\\\/www.fivette.be\\\/wp-content\\\/uploads\\\/2022\\\/12\\\/GettyImages-482483928-scaled.jpg?fit=2560%2C1707&ssl=1\",\"contentUrl\":\"https:\\\/\\\/i0.wp.com\\\/www.fivette.be\\\/wp-content\\\/uploads\\\/2022\\\/12\\\/GettyImages-482483928-scaled.jpg?fit=2560%2C1707&ssl=1\",\"width\":2560,\"height\":1707,\"caption\":\"Many hands caressing a pregnant belly isolated on black\"},{\"@type\":\"BreadcrumbList\",\"@id\":\"https:\\\/\\\/www.fivette.be\\\/fivette-be\\\/maintenant\\\/gpa\\\/#breadcrumb\",\"itemListElement\":[{\"@type\":\"ListItem\",\"position\":1,\"name\":\"Home\",\"item\":\"https:\\\/\\\/www.fivette.be\\\/nl\\\/heeft-u-een-kinderwens\\\/\"},{\"@type\":\"ListItem\",\"position\":2,\"name\":\"Heeft u een kinderwens?\",\"item\":\"https:\\\/\\\/www.fivette.be\\\/nl\\\/heeft-u-een-kinderwens\\\/\"},{\"@type\":\"ListItem\",\"position\":3,\"name\":\"Nu\",\"item\":\"https:\\\/\\\/www.fivette.be\\\/fivette-be\\\/maintenant\\\/\"},{\"@type\":\"ListItem\",\"position\":4,\"name\":\"Draagmoederschap\"}]},{\"@type\":\"WebSite\",\"@id\":\"https:\\\/\\\/www.fivette.be\\\/#website\",\"url\":\"https:\\\/\\\/www.fivette.be\\\/\",\"name\":\"Fivette.be - Le centre de Procr\u00e9ation M\u00e9dicalement Assist\u00e9e du CHU Saint-Pierre\",\"description\":\"Le centre de PMA du CHU Saint-Pierre\",\"publisher\":{\"@id\":\"https:\\\/\\\/www.fivette.be\\\/#organization\"},\"potentialAction\":[{\"@type\":\"SearchAction\",\"target\":{\"@type\":\"EntryPoint\",\"urlTemplate\":\"https:\\\/\\\/www.fivette.be\\\/?s={search_term_string}\"},\"query-input\":{\"@type\":\"PropertyValueSpecification\",\"valueRequired\":true,\"valueName\":\"search_term_string\"}}],\"inLanguage\":\"nl-NL\"},{\"@type\":\"Organization\",\"@id\":\"https:\\\/\\\/www.fivette.be\\\/#organization\",\"name\":\"Fivette.be - Le centre de Procr\u00e9ation M\u00e9dicalement Assist\u00e9e du CHU Saint-Pierre\",\"url\":\"https:\\\/\\\/www.fivette.be\\\/\",\"logo\":{\"@type\":\"ImageObject\",\"inLanguage\":\"nl-NL\",\"@id\":\"https:\\\/\\\/www.fivette.be\\\/#\\\/schema\\\/logo\\\/image\\\/\",\"url\":\"http:\\\/\\\/fivette.be\\\/wp-content\\\/uploads\\\/2023\\\/01\\\/PMAlogocolorSP.png\",\"contentUrl\":\"http:\\\/\\\/fivette.be\\\/wp-content\\\/uploads\\\/2023\\\/01\\\/PMAlogocolorSP.png\",\"width\":289,\"height\":251,\"caption\":\"Fivette.be - Le centre de Procr\u00e9ation M\u00e9dicalement Assist\u00e9e du CHU Saint-Pierre\"},\"image\":{\"@id\":\"https:\\\/\\\/www.fivette.be\\\/#\\\/schema\\\/logo\\\/image\\\/\"}}]}<\/script>\n<!-- \/ Yoast SEO plugin. -->","yoast_head_json":{"title":"Draagmoederschap - Fivette.be","description":"Draagmoederschap is een techniek voor medisch geassisteerde voortplanting. Hierbij wordt een embryo, afkomstig van in vitro fertilisatie (IVF), ge\u00efmplanteerd in de baarmoeder van een draagmoeder die na de geboorte de baby aan het beoogde koppel zal afstaan.","robots":{"index":"index","follow":"follow","max-snippet":"max-snippet:-1","max-image-preview":"max-image-preview:large","max-video-preview":"max-video-preview:-1"},"canonical":"https:\/\/www.fivette.be\/fivette-be\/maintenant\/gpa\/","og_locale":"nl_NL","og_type":"article","og_title":"Draagmoederschap - Fivette.be","og_description":"Draagmoederschap is een techniek voor medisch geassisteerde voortplanting. Hierbij wordt een embryo, afkomstig van in vitro fertilisatie (IVF), ge\u00efmplanteerd in de baarmoeder van een draagmoeder die na de geboorte de baby aan het beoogde koppel zal afstaan.","og_site_name":"Fivette.be","article_modified_time":"2023-05-11T14:09:40+00:00","og_image":[{"width":2560,"height":1707,"url":"https:\/\/i0.wp.com\/www.fivette.be\/wp-content\/uploads\/2022\/12\/GettyImages-482483928-scaled.jpg?fit=2560%2C1707&ssl=1","type":"image\/jpeg"}],"twitter_card":"summary_large_image","twitter_misc":{"Geschatte leestijd":"3 minuten"},"schema":{"@context":"https:\/\/schema.org","@graph":[{"@type":"WebPage","@id":"https:\/\/www.fivette.be\/fivette-be\/maintenant\/gpa\/","url":"https:\/\/www.fivette.be\/fivette-be\/maintenant\/gpa\/","name":"Draagmoederschap - Fivette.be","isPartOf":{"@id":"https:\/\/www.fivette.be\/#website"},"primaryImageOfPage":{"@id":"https:\/\/www.fivette.be\/fivette-be\/maintenant\/gpa\/#primaryimage"},"image":{"@id":"https:\/\/www.fivette.be\/fivette-be\/maintenant\/gpa\/#primaryimage"},"thumbnailUrl":"https:\/\/i0.wp.com\/www.fivette.be\/wp-content\/uploads\/2022\/12\/GettyImages-482483928-scaled.jpg?fit=2560%2C1707&ssl=1","datePublished":"2023-05-05T13:39:50+00:00","dateModified":"2023-05-11T14:09:40+00:00","description":"Draagmoederschap is een techniek voor medisch geassisteerde voortplanting. Hierbij wordt een embryo, afkomstig van in vitro fertilisatie (IVF), ge\u00efmplanteerd in de baarmoeder van een draagmoeder die na de geboorte de baby aan het beoogde koppel zal afstaan.","breadcrumb":{"@id":"https:\/\/www.fivette.be\/fivette-be\/maintenant\/gpa\/#breadcrumb"},"inLanguage":"nl-NL","potentialAction":[{"@type":"ReadAction","target":["https:\/\/www.fivette.be\/fivette-be\/maintenant\/gpa\/"]}]},{"@type":"ImageObject","inLanguage":"nl-NL","@id":"https:\/\/www.fivette.be\/fivette-be\/maintenant\/gpa\/#primaryimage","url":"https:\/\/i0.wp.com\/www.fivette.be\/wp-content\/uploads\/2022\/12\/GettyImages-482483928-scaled.jpg?fit=2560%2C1707&ssl=1","contentUrl":"https:\/\/i0.wp.com\/www.fivette.be\/wp-content\/uploads\/2022\/12\/GettyImages-482483928-scaled.jpg?fit=2560%2C1707&ssl=1","width":2560,"height":1707,"caption":"Many hands caressing a pregnant belly isolated on black"},{"@type":"BreadcrumbList","@id":"https:\/\/www.fivette.be\/fivette-be\/maintenant\/gpa\/#breadcrumb","itemListElement":[{"@type":"ListItem","position":1,"name":"Home","item":"https:\/\/www.fivette.be\/nl\/heeft-u-een-kinderwens\/"},{"@type":"ListItem","position":2,"name":"Heeft u een kinderwens?","item":"https:\/\/www.fivette.be\/nl\/heeft-u-een-kinderwens\/"},{"@type":"ListItem","position":3,"name":"Nu","item":"https:\/\/www.fivette.be\/fivette-be\/maintenant\/"},{"@type":"ListItem","position":4,"name":"Draagmoederschap"}]},{"@type":"WebSite","@id":"https:\/\/www.fivette.be\/#website","url":"https:\/\/www.fivette.be\/","name":"Fivette.be - Le centre de Procr\u00e9ation M\u00e9dicalement Assist\u00e9e du CHU Saint-Pierre","description":"Le centre de PMA du CHU Saint-Pierre","publisher":{"@id":"https:\/\/www.fivette.be\/#organization"},"potentialAction":[{"@type":"SearchAction","target":{"@type":"EntryPoint","urlTemplate":"https:\/\/www.fivette.be\/?s={search_term_string}"},"query-input":{"@type":"PropertyValueSpecification","valueRequired":true,"valueName":"search_term_string"}}],"inLanguage":"nl-NL"},{"@type":"Organization","@id":"https:\/\/www.fivette.be\/#organization","name":"Fivette.be - Le centre de Procr\u00e9ation M\u00e9dicalement Assist\u00e9e du CHU Saint-Pierre","url":"https:\/\/www.fivette.be\/","logo":{"@type":"ImageObject","inLanguage":"nl-NL","@id":"https:\/\/www.fivette.be\/#\/schema\/logo\/image\/","url":"http:\/\/fivette.be\/wp-content\/uploads\/2023\/01\/PMAlogocolorSP.png","contentUrl":"http:\/\/fivette.be\/wp-content\/uploads\/2023\/01\/PMAlogocolorSP.png","width":289,"height":251,"caption":"Fivette.be - Le centre de Procr\u00e9ation M\u00e9dicalement Assist\u00e9e du CHU Saint-Pierre"},"image":{"@id":"https:\/\/www.fivette.be\/#\/schema\/logo\/image\/"}}]}},"jetpack_sharing_enabled":true,"_links":{"self":[{"href":"https:\/\/www.fivette.be\/nl\/wp-json\/wp\/v2\/pages\/5585","targetHints":{"allow":["GET"]}}],"collection":[{"href":"https:\/\/www.fivette.be\/nl\/wp-json\/wp\/v2\/pages"}],"about":[{"href":"https:\/\/www.fivette.be\/nl\/wp-json\/wp\/v2\/types\/page"}],"author":[{"embeddable":true,"href":"https:\/\/www.fivette.be\/nl\/wp-json\/wp\/v2\/users\/6"}],"replies":[{"embeddable":true,"href":"https:\/\/www.fivette.be\/nl\/wp-json\/wp\/v2\/comments?post=5585"}],"version-history":[{"count":5,"href":"https:\/\/www.fivette.be\/nl\/wp-json\/wp\/v2\/pages\/5585\/revisions"}],"predecessor-version":[{"id":5634,"href":"https:\/\/www.fivette.be\/nl\/wp-json\/wp\/v2\/pages\/5585\/revisions\/5634"}],"up":[{"embeddable":true,"href":"https:\/\/www.fivette.be\/nl\/wp-json\/wp\/v2\/pages\/5573"}],"wp:featuredmedia":[{"embeddable":true,"href":"https:\/\/www.fivette.be\/nl\/wp-json\/wp\/v2\/media\/5610"}],"wp:attachment":[{"href":"https:\/\/www.fivette.be\/nl\/wp-json\/wp\/v2\/media?parent=5585"}],"wp:term":[{"taxonomy":"category","embeddable":true,"href":"https:\/\/www.fivette.be\/nl\/wp-json\/wp\/v2\/categories?post=5585"},{"taxonomy":"post_tag","embeddable":true,"href":"https:\/\/www.fivette.be\/nl\/wp-json\/wp\/v2\/tags?post=5585"}],"curies":[{"name":"wp","href":"https:\/\/api.w.org\/{rel}","templated":true}]}}