{"id":5644,"date":"2023-05-12T10:23:18","date_gmt":"2023-05-12T08:23:18","guid":{"rendered":"http:\/\/10.14.1.27\/fivette\/heeft-u-een-kinderwens\/nu\/intra-uteriene-inseminatie-iui\/"},"modified":"2023-05-12T10:23:19","modified_gmt":"2023-05-12T08:23:19","slug":"intra-uteriene-inseminatie-iui","status":"publish","type":"page","link":"https:\/\/www.fivette.be\/nl\/heeft-u-een-kinderwens\/nu\/intra-uteriene-inseminatie-iui\/","title":{"rendered":"Intra-uteriene Inseminatie (IUI)"},"content":{"rendered":"<p>[et_pb_section fb_built=&#8221;1&#8243; admin_label=&#8221;section&#8221; _builder_version=&#8221;4.16&#8243; global_colors_info=&#8221;{}&#8221;][et_pb_row _builder_version=&#8221;4.18.0&#8243; _module_preset=&#8221;default&#8221; global_colors_info=&#8221;{}&#8221; custom_margin=&#8221;|auto|-29px|auto||&#8221;][et_pb_column type=&#8221;4_4&#8243; _builder_version=&#8221;4.18.0&#8243; _module_preset=&#8221;default&#8221; global_colors_info=&#8221;{}&#8221;][et_pb_text _builder_version=&#8221;4.18.0&#8243; _module_preset=&#8221;default&#8221; global_colors_info=&#8221;{}&#8221;]<\/p>\n<h1>Intra-uteriene Inseminatie (IUI)<\/h1>\n<p>Na uw evaluatie kan een IUI worden aanbevolen.<br \/>Dit houdt in dat uw cyclus wordt gevolgd door middel van echografie en bloedonderzoeken, met of zonder hormonale stimulatie, om het moment van uw ovulatie te bepalen en de intra-uteriene inseminatie te plannen.<br \/>Op het moment van de ovulatie wordt een spermavoorbereiding met behulp van een katheter in de baarmoederholte geplaatst.<\/p>\n<p>[\/et_pb_text][\/et_pb_column][\/et_pb_row][et_pb_row _builder_version=&#8221;4.18.0&#8243; _module_preset=&#8221;default&#8221; global_colors_info=&#8221;{}&#8221;][et_pb_column type=&#8221;4_4&#8243; _builder_version=&#8221;4.18.0&#8243; _module_preset=&#8221;default&#8221; global_colors_info=&#8221;{}&#8221;][et_pb_text _builder_version=&#8221;4.18.0&#8243; _module_preset=&#8221;default&#8221; hover_enabled=&#8221;0&#8243; global_colors_info=&#8221;{}&#8221; sticky_enabled=&#8221;0&#8243;]<\/p>\n<p><span>Intra-uteriene inseminatie (IUI) is een techniek van geassisteerde voortplanting die inhoudt dat sperma in de baarmoederholte wordt geplaatst op het moment van de ovulatie om de bevruchting te bevorderen. Deze techniek kan in bepaalde gevallen van onvruchtbaarheid aangewezen zijn, met name bij ovulatiestoornissen, lichte afwijkingen in de spermaparameters of onverklaarde onvruchtbaarheid. <\/span><\/p>\n<h2 dir=\"auto\">Uw situatie evalueren<\/h2>\n<p dir=\"auto\">Voordat we overgaan tot een IUI, is een volledige medische evaluatie noodzakelijk om uw medische toestand te beoordelen en te bepalen of deze techniek geschikt is voor uw geval. Vervolgens wordt er een cyclusmonitoring opgezet, met of zonder hormonale stimulatie, om het moment van de ovulatie te bepalen en de inseminatie te plannen. <\/p>\n<h2 dir=\"auto\">Tijdens de ovulatie<\/h2>\n<p dir=\"auto\">Intra-uteriene inseminatie wordt uitgevoerd op het moment van de ovulatie, meestal binnen 24 tot 36 uur na de detectie van de ovulatie. Een spermavoorbereiding wordt met behulp van een katheter in de baarmoederholte geplaatst, wat de kans op bevruchting vergroot. <\/p>\n<h2 dir=\"auto\">Minimaal invasief<\/h2>\n<p dir=\"auto\">Intra-uteriene inseminatie is een minimaal invasieve techniek die poliklinisch wordt uitgevoerd. Na de inseminatie kunt u uw normale activiteiten hervatten. Twee weken na de inseminatie wordt een zwangerschapstest uitgevoerd om de zwangerschap te bevestigen of te ontkennen.  <\/p>\n<h1 dir=\"auto\">Tot uw dienst<\/h1>\n<p dir=\"auto\">We luisteren naar uw behoeften en verwachtingen, en we begeleiden u gedurende uw hele ART-traject om de techniek te vinden die het beste bij uw situatie past. Aarzel niet om contact met ons op te nemen voor meer informatie over intra-uteriene inseminatie en de verschillende zorgopties, afhankelijk van uw medische situatie. <\/p>\n<p>[\/et_pb_text][\/et_pb_column][\/et_pb_row][\/et_pb_section]<\/p>\n","protected":false},"excerpt":{"rendered":"<p>Na uw evaluatie kan IUI worden aangegeven. Dit houdt in dat uw cyclus wordt gevolgd door middel van echografie en bloedonderzoeken, met of zonder hormonale stimulatie, om het moment van uw ovulatie te bepalen en de intra-uteriene inseminatie te plannen. Op het moment van de ovulatie wordt een spermavoorbereiding met behulp van een katheter in de baarmoederholte geplaatst.<\/p>\n","protected":false},"author":1,"featured_media":5645,"parent":5573,"menu_order":0,"comment_status":"open","ping_status":"closed","template":"","meta":{"_acf_changed":false,"_et_pb_use_builder":"on","_et_pb_old_content":"","_et_gb_content_width":"","footnotes":""},"categories":[],"tags":[],"class_list":["post-5644","page","type-page","status-publish","has-post-thumbnail","hentry"],"acf":[],"yoast_head":"<!-- This site is optimized with the Yoast SEO plugin v27.4 - https:\/\/yoast.com\/product\/yoast-seo-wordpress\/ -->\n<title>Intra-uteriene Inseminatie (IUI) - Fivette.be<\/title>\n<meta name=\"description\" content=\"Intra-uteriene inseminatie verwijst naar het plaatsen van een spermavoorbereiding in de baarmoederholte op het moment van de ovulatie.\" \/>\n<meta name=\"robots\" content=\"index, follow, max-snippet:-1, max-image-preview:large, max-video-preview:-1\" \/>\n<link rel=\"canonical\" href=\"https:\/\/www.fivette.be\/fivette-be\/maintenant\/iiu\/\" \/>\n<meta property=\"og:locale\" content=\"nl_NL\" \/>\n<meta property=\"og:type\" content=\"article\" \/>\n<meta property=\"og:title\" content=\"Intra-uteriene Inseminatie (IUI) - Fivette.be\" \/>\n<meta property=\"og:description\" content=\"Intra-uteriene inseminatie verwijst naar het plaatsen van een spermavoorbereiding in de baarmoederholte op het moment van de ovulatie.\" \/>\n<meta property=\"og:site_name\" content=\"Fivette.be\" \/>\n<meta property=\"article:modified_time\" content=\"2023-05-12T08:23:19+00:00\" \/>\n<meta property=\"og:image\" content=\"https:\/\/i0.wp.com\/www.fivette.be\/wp-content\/uploads\/2022\/12\/GettyImages-510374921-scaled.jpg?fit=2560%2C1835&ssl=1\" \/>\n\t<meta property=\"og:image:width\" content=\"2560\" \/>\n\t<meta property=\"og:image:height\" content=\"1835\" \/>\n\t<meta property=\"og:image:type\" content=\"image\/jpeg\" \/>\n<meta name=\"twitter:card\" content=\"summary_large_image\" \/>\n<meta name=\"twitter:label1\" content=\"Geschatte leestijd\" \/>\n\t<meta name=\"twitter:data1\" content=\"2 minuten\" \/>\n<script type=\"application\/ld+json\" class=\"yoast-schema-graph\">{\"@context\":\"https:\\\/\\\/schema.org\",\"@graph\":[{\"@type\":\"WebPage\",\"@id\":\"https:\\\/\\\/www.fivette.be\\\/fivette-be\\\/maintenant\\\/iiu\\\/\",\"url\":\"https:\\\/\\\/www.fivette.be\\\/fivette-be\\\/maintenant\\\/iiu\\\/\",\"name\":\"Intra-uteriene Inseminatie (IUI) - Fivette.be\",\"isPartOf\":{\"@id\":\"https:\\\/\\\/www.fivette.be\\\/#website\"},\"primaryImageOfPage\":{\"@id\":\"https:\\\/\\\/www.fivette.be\\\/fivette-be\\\/maintenant\\\/iiu\\\/#primaryimage\"},\"image\":{\"@id\":\"https:\\\/\\\/www.fivette.be\\\/fivette-be\\\/maintenant\\\/iiu\\\/#primaryimage\"},\"thumbnailUrl\":\"https:\\\/\\\/i0.wp.com\\\/www.fivette.be\\\/wp-content\\\/uploads\\\/2022\\\/12\\\/GettyImages-510374921-scaled.jpg?fit=2560%2C1835&ssl=1\",\"datePublished\":\"2023-05-12T08:23:18+00:00\",\"dateModified\":\"2023-05-12T08:23:19+00:00\",\"description\":\"Intra-uteriene inseminatie verwijst naar het plaatsen van een spermavoorbereiding in de baarmoederholte op het moment van de ovulatie.\",\"breadcrumb\":{\"@id\":\"https:\\\/\\\/www.fivette.be\\\/fivette-be\\\/maintenant\\\/iiu\\\/#breadcrumb\"},\"inLanguage\":\"nl-NL\",\"potentialAction\":[{\"@type\":\"ReadAction\",\"target\":[\"https:\\\/\\\/www.fivette.be\\\/fivette-be\\\/maintenant\\\/iiu\\\/\"]}]},{\"@type\":\"ImageObject\",\"inLanguage\":\"nl-NL\",\"@id\":\"https:\\\/\\\/www.fivette.be\\\/fivette-be\\\/maintenant\\\/iiu\\\/#primaryimage\",\"url\":\"https:\\\/\\\/i0.wp.com\\\/www.fivette.be\\\/wp-content\\\/uploads\\\/2022\\\/12\\\/GettyImages-510374921-scaled.jpg?fit=2560%2C1835&ssl=1\",\"contentUrl\":\"https:\\\/\\\/i0.wp.com\\\/www.fivette.be\\\/wp-content\\\/uploads\\\/2022\\\/12\\\/GettyImages-510374921-scaled.jpg?fit=2560%2C1835&ssl=1\",\"width\":2560,\"height\":1835,\"caption\":\"group of sperm going for an egg, 3d illustration.\"},{\"@type\":\"BreadcrumbList\",\"@id\":\"https:\\\/\\\/www.fivette.be\\\/fivette-be\\\/maintenant\\\/iiu\\\/#breadcrumb\",\"itemListElement\":[{\"@type\":\"ListItem\",\"position\":1,\"name\":\"Home\",\"item\":\"https:\\\/\\\/www.fivette.be\\\/nl\\\/heeft-u-een-kinderwens\\\/\"},{\"@type\":\"ListItem\",\"position\":2,\"name\":\"Heeft u een kinderwens?\",\"item\":\"https:\\\/\\\/www.fivette.be\\\/nl\\\/heeft-u-een-kinderwens\\\/\"},{\"@type\":\"ListItem\",\"position\":3,\"name\":\"Nu\",\"item\":\"https:\\\/\\\/www.fivette.be\\\/fivette-be\\\/maintenant\\\/\"},{\"@type\":\"ListItem\",\"position\":4,\"name\":\"Intra-uteriene Inseminatie (IUI)\"}]},{\"@type\":\"WebSite\",\"@id\":\"https:\\\/\\\/www.fivette.be\\\/#website\",\"url\":\"https:\\\/\\\/www.fivette.be\\\/\",\"name\":\"Fivette.be - Le centre de Procr\u00e9ation M\u00e9dicalement Assist\u00e9e du CHU Saint-Pierre\",\"description\":\"Le centre de PMA du CHU Saint-Pierre\",\"publisher\":{\"@id\":\"https:\\\/\\\/www.fivette.be\\\/#organization\"},\"potentialAction\":[{\"@type\":\"SearchAction\",\"target\":{\"@type\":\"EntryPoint\",\"urlTemplate\":\"https:\\\/\\\/www.fivette.be\\\/?s={search_term_string}\"},\"query-input\":{\"@type\":\"PropertyValueSpecification\",\"valueRequired\":true,\"valueName\":\"search_term_string\"}}],\"inLanguage\":\"nl-NL\"},{\"@type\":\"Organization\",\"@id\":\"https:\\\/\\\/www.fivette.be\\\/#organization\",\"name\":\"Fivette.be - Le centre de Procr\u00e9ation M\u00e9dicalement Assist\u00e9e du CHU Saint-Pierre\",\"url\":\"https:\\\/\\\/www.fivette.be\\\/\",\"logo\":{\"@type\":\"ImageObject\",\"inLanguage\":\"nl-NL\",\"@id\":\"https:\\\/\\\/www.fivette.be\\\/#\\\/schema\\\/logo\\\/image\\\/\",\"url\":\"http:\\\/\\\/fivette.be\\\/wp-content\\\/uploads\\\/2023\\\/01\\\/PMAlogocolorSP.png\",\"contentUrl\":\"http:\\\/\\\/fivette.be\\\/wp-content\\\/uploads\\\/2023\\\/01\\\/PMAlogocolorSP.png\",\"width\":289,\"height\":251,\"caption\":\"Fivette.be - Le centre de Procr\u00e9ation M\u00e9dicalement Assist\u00e9e du CHU Saint-Pierre\"},\"image\":{\"@id\":\"https:\\\/\\\/www.fivette.be\\\/#\\\/schema\\\/logo\\\/image\\\/\"}}]}<\/script>\n<!-- \/ Yoast SEO plugin. -->","yoast_head_json":{"title":"Intra-uteriene Inseminatie (IUI) - Fivette.be","description":"Intra-uteriene inseminatie verwijst naar het plaatsen van een spermavoorbereiding in de baarmoederholte op het moment van de ovulatie.","robots":{"index":"index","follow":"follow","max-snippet":"max-snippet:-1","max-image-preview":"max-image-preview:large","max-video-preview":"max-video-preview:-1"},"canonical":"https:\/\/www.fivette.be\/fivette-be\/maintenant\/iiu\/","og_locale":"nl_NL","og_type":"article","og_title":"Intra-uteriene Inseminatie (IUI) - Fivette.be","og_description":"Intra-uteriene inseminatie verwijst naar het plaatsen van een spermavoorbereiding in de baarmoederholte op het moment van de ovulatie.","og_site_name":"Fivette.be","article_modified_time":"2023-05-12T08:23:19+00:00","og_image":[{"width":2560,"height":1835,"url":"https:\/\/i0.wp.com\/www.fivette.be\/wp-content\/uploads\/2022\/12\/GettyImages-510374921-scaled.jpg?fit=2560%2C1835&ssl=1","type":"image\/jpeg"}],"twitter_card":"summary_large_image","twitter_misc":{"Geschatte leestijd":"2 minuten"},"schema":{"@context":"https:\/\/schema.org","@graph":[{"@type":"WebPage","@id":"https:\/\/www.fivette.be\/fivette-be\/maintenant\/iiu\/","url":"https:\/\/www.fivette.be\/fivette-be\/maintenant\/iiu\/","name":"Intra-uteriene Inseminatie (IUI) - Fivette.be","isPartOf":{"@id":"https:\/\/www.fivette.be\/#website"},"primaryImageOfPage":{"@id":"https:\/\/www.fivette.be\/fivette-be\/maintenant\/iiu\/#primaryimage"},"image":{"@id":"https:\/\/www.fivette.be\/fivette-be\/maintenant\/iiu\/#primaryimage"},"thumbnailUrl":"https:\/\/i0.wp.com\/www.fivette.be\/wp-content\/uploads\/2022\/12\/GettyImages-510374921-scaled.jpg?fit=2560%2C1835&ssl=1","datePublished":"2023-05-12T08:23:18+00:00","dateModified":"2023-05-12T08:23:19+00:00","description":"Intra-uteriene inseminatie verwijst naar het plaatsen van een spermavoorbereiding in de baarmoederholte op het moment van de ovulatie.","breadcrumb":{"@id":"https:\/\/www.fivette.be\/fivette-be\/maintenant\/iiu\/#breadcrumb"},"inLanguage":"nl-NL","potentialAction":[{"@type":"ReadAction","target":["https:\/\/www.fivette.be\/fivette-be\/maintenant\/iiu\/"]}]},{"@type":"ImageObject","inLanguage":"nl-NL","@id":"https:\/\/www.fivette.be\/fivette-be\/maintenant\/iiu\/#primaryimage","url":"https:\/\/i0.wp.com\/www.fivette.be\/wp-content\/uploads\/2022\/12\/GettyImages-510374921-scaled.jpg?fit=2560%2C1835&ssl=1","contentUrl":"https:\/\/i0.wp.com\/www.fivette.be\/wp-content\/uploads\/2022\/12\/GettyImages-510374921-scaled.jpg?fit=2560%2C1835&ssl=1","width":2560,"height":1835,"caption":"group of sperm going for an egg, 3d illustration."},{"@type":"BreadcrumbList","@id":"https:\/\/www.fivette.be\/fivette-be\/maintenant\/iiu\/#breadcrumb","itemListElement":[{"@type":"ListItem","position":1,"name":"Home","item":"https:\/\/www.fivette.be\/nl\/heeft-u-een-kinderwens\/"},{"@type":"ListItem","position":2,"name":"Heeft u een kinderwens?","item":"https:\/\/www.fivette.be\/nl\/heeft-u-een-kinderwens\/"},{"@type":"ListItem","position":3,"name":"Nu","item":"https:\/\/www.fivette.be\/fivette-be\/maintenant\/"},{"@type":"ListItem","position":4,"name":"Intra-uteriene Inseminatie (IUI)"}]},{"@type":"WebSite","@id":"https:\/\/www.fivette.be\/#website","url":"https:\/\/www.fivette.be\/","name":"Fivette.be - Le centre de Procr\u00e9ation M\u00e9dicalement Assist\u00e9e du CHU Saint-Pierre","description":"Le centre de PMA du CHU Saint-Pierre","publisher":{"@id":"https:\/\/www.fivette.be\/#organization"},"potentialAction":[{"@type":"SearchAction","target":{"@type":"EntryPoint","urlTemplate":"https:\/\/www.fivette.be\/?s={search_term_string}"},"query-input":{"@type":"PropertyValueSpecification","valueRequired":true,"valueName":"search_term_string"}}],"inLanguage":"nl-NL"},{"@type":"Organization","@id":"https:\/\/www.fivette.be\/#organization","name":"Fivette.be - Le centre de Procr\u00e9ation M\u00e9dicalement Assist\u00e9e du CHU Saint-Pierre","url":"https:\/\/www.fivette.be\/","logo":{"@type":"ImageObject","inLanguage":"nl-NL","@id":"https:\/\/www.fivette.be\/#\/schema\/logo\/image\/","url":"http:\/\/fivette.be\/wp-content\/uploads\/2023\/01\/PMAlogocolorSP.png","contentUrl":"http:\/\/fivette.be\/wp-content\/uploads\/2023\/01\/PMAlogocolorSP.png","width":289,"height":251,"caption":"Fivette.be - Le centre de Procr\u00e9ation M\u00e9dicalement Assist\u00e9e du CHU Saint-Pierre"},"image":{"@id":"https:\/\/www.fivette.be\/#\/schema\/logo\/image\/"}}]}},"jetpack_sharing_enabled":true,"_links":{"self":[{"href":"https:\/\/www.fivette.be\/nl\/wp-json\/wp\/v2\/pages\/5644","targetHints":{"allow":["GET"]}}],"collection":[{"href":"https:\/\/www.fivette.be\/nl\/wp-json\/wp\/v2\/pages"}],"about":[{"href":"https:\/\/www.fivette.be\/nl\/wp-json\/wp\/v2\/types\/page"}],"author":[{"embeddable":true,"href":"https:\/\/www.fivette.be\/nl\/wp-json\/wp\/v2\/users\/1"}],"replies":[{"embeddable":true,"href":"https:\/\/www.fivette.be\/nl\/wp-json\/wp\/v2\/comments?post=5644"}],"version-history":[{"count":2,"href":"https:\/\/www.fivette.be\/nl\/wp-json\/wp\/v2\/pages\/5644\/revisions"}],"predecessor-version":[{"id":5647,"href":"https:\/\/www.fivette.be\/nl\/wp-json\/wp\/v2\/pages\/5644\/revisions\/5647"}],"up":[{"embeddable":true,"href":"https:\/\/www.fivette.be\/nl\/wp-json\/wp\/v2\/pages\/5573"}],"wp:featuredmedia":[{"embeddable":true,"href":"https:\/\/www.fivette.be\/nl\/wp-json\/wp\/v2\/media\/5645"}],"wp:attachment":[{"href":"https:\/\/www.fivette.be\/nl\/wp-json\/wp\/v2\/media?parent=5644"}],"wp:term":[{"taxonomy":"category","embeddable":true,"href":"https:\/\/www.fivette.be\/nl\/wp-json\/wp\/v2\/categories?post=5644"},{"taxonomy":"post_tag","embeddable":true,"href":"https:\/\/www.fivette.be\/nl\/wp-json\/wp\/v2\/tags?post=5644"}],"curies":[{"name":"wp","href":"https:\/\/api.w.org\/{rel}","templated":true}]}}