{"id":5652,"date":"2023-05-12T13:50:29","date_gmt":"2023-05-12T11:50:29","guid":{"rendered":"http:\/\/10.14.1.27\/fivette\/heeft-u-een-kinderwens\/nu\/cyclus-monitoring\/"},"modified":"2023-05-12T13:50:30","modified_gmt":"2023-05-12T11:50:30","slug":"cyclus-monitoring","status":"publish","type":"page","link":"https:\/\/www.fivette.be\/nl\/heeft-u-een-kinderwens\/nu\/cyclus-monitoring\/","title":{"rendered":"Cyclus monitoring"},"content":{"rendered":"<p>[et_pb_section fb_built=&#8221;1&#8243; admin_label=&#8221;section&#8221; _builder_version=&#8221;4.16&#8243; global_colors_info=&#8221;{}&#8221; theme_builder_area=&#8221;post_content&#8221;][et_pb_row _builder_version=&#8221;4.18.0&#8243; _module_preset=&#8221;default&#8221; global_colors_info=&#8221;{}&#8221; theme_builder_area=&#8221;post_content&#8221;][et_pb_column type=&#8221;4_4&#8243; _builder_version=&#8221;4.18.0&#8243; _module_preset=&#8221;default&#8221; global_colors_info=&#8221;{}&#8221; theme_builder_area=&#8221;post_content&#8221;][et_pb_text _builder_version=&#8221;4.18.0&#8243; _module_preset=&#8221;default&#8221; global_colors_info=&#8221;{}&#8221; theme_builder_area=&#8221;post_content&#8221;]<\/p>\n<h1><span>Cyclus monitoring<\/span><\/h1>\n<p><span>Cyclusmonitoring is een veelgebruikte methode in ART om het tijdstip van de ovulatie te bepalen en zo de kans op conceptie te optimaliseren. Het houdt in dat uw menstruatiecyclus regelmatig wordt gevolgd door middel van echografie en bloedonderzoeken om de meest gunstige periode te bepalen om geslachtsgemeenschap te plannen. <\/span><\/p>\n<p dir=\"auto\">Cyclusmonitoring kan worden uitgevoerd met of zonder hormonale stimulatie, afhankelijk van uw medische situatie en voorgeschiedenis. Het doel van hormonale stimulatie is het bevorderen van de ontwikkeling van follikels in de eierstokken, wat de kans op succesvolle bevruchting kan vergroten. <\/p>\n<h2 dir=\"auto\">Regelmatige echografie\u00ebn<\/h2>\n<p dir=\"auto\">Tijdens de cyclusmonitoring voeren we regelmatige echografie\u00ebn uit om de groei van de follikels te volgen en de dikte van het endometrium te evalueren. We doen ook bloedonderzoeken om de hormoonspiegels in uw bloed te meten en de ovulatieperiode te bevestigen. <\/p>\n<h2 dir=\"auto\">Het optimale moment<\/h2>\n<p dir=\"auto\">Eenmaal we de meest gunstige periode voor natuurlijke conceptie hebben bepaald, adviseren we u over het optimale moment om geslachtsgemeenschap te plannen. We luisteren naar uw behoeften en verwachtingen, en we begeleiden u gedurende uw hele cyclusmonitoring om uw kansen op conceptie te optimaliseren. <\/p>\n<p dir=\"auto\">Aarzel niet om contact met ons op te nemen om meer te weten te komen over cyclusmonitoring en de verschillende zorgopties afhankelijk van uw medische situatie. Wij zijn hier om u te helpen uw ouderschapsproject in de best mogelijke omstandigheden te realiseren. <\/p>\n<p>[\/et_pb_text][\/et_pb_column][\/et_pb_row][\/et_pb_section]<\/p>\n","protected":false},"excerpt":{"rendered":"<p>Dit houdt in dat uw cyclus wordt gevolgd door middel van echografie en bloedonderzoeken om het moment van uw ovulatie te bepalen en seksuele gemeenschap te plannen.<\/p>\n","protected":false},"author":1,"featured_media":5653,"parent":5573,"menu_order":0,"comment_status":"open","ping_status":"open","template":"","meta":{"_acf_changed":false,"_et_pb_use_builder":"on","_et_pb_old_content":"","_et_gb_content_width":"","footnotes":""},"categories":[],"tags":[],"class_list":["post-5652","page","type-page","status-publish","has-post-thumbnail","hentry"],"acf":[],"yoast_head":"<!-- This site is optimized with the Yoast SEO plugin v27.4 - https:\/\/yoast.com\/product\/yoast-seo-wordpress\/ -->\n<title>Cyclus monitoring - Fivette.be<\/title>\n<meta name=\"description\" content=\"Dit houdt in dat uw cyclus wordt gevolgd door middel van echografie en andere methoden om het moment van uw ovulatie te bepalen en seksuele gemeenschap te plannen.\" \/>\n<meta name=\"robots\" content=\"index, follow, max-snippet:-1, max-image-preview:large, max-video-preview:-1\" \/>\n<link rel=\"canonical\" href=\"https:\/\/www.fivette.be\/fivette-be\/maintenant\/suivi-de-cycle\/\" \/>\n<meta property=\"og:locale\" content=\"nl_NL\" \/>\n<meta property=\"og:type\" content=\"article\" \/>\n<meta property=\"og:title\" content=\"Cyclus monitoring - Fivette.be\" \/>\n<meta property=\"og:description\" content=\"Dit houdt in dat uw cyclus wordt gevolgd door middel van echografie en andere methoden om het moment van uw ovulatie te bepalen en seksuele gemeenschap te plannen.\" \/>\n<meta property=\"og:site_name\" content=\"Fivette.be\" \/>\n<meta property=\"article:modified_time\" content=\"2023-05-12T11:50:30+00:00\" \/>\n<meta property=\"og:image\" content=\"https:\/\/i0.wp.com\/www.fivette.be\/wp-content\/uploads\/2022\/12\/GettyImages-895702826-scaled.jpg?fit=2560%2C1707&ssl=1\" \/>\n\t<meta property=\"og:image:width\" content=\"2560\" \/>\n\t<meta property=\"og:image:height\" content=\"1707\" \/>\n\t<meta property=\"og:image:type\" content=\"image\/jpeg\" \/>\n<meta name=\"twitter:card\" content=\"summary_large_image\" \/>\n<meta name=\"twitter:label1\" content=\"Geschatte leestijd\" \/>\n\t<meta name=\"twitter:data1\" content=\"2 minuten\" \/>\n<script type=\"application\/ld+json\" class=\"yoast-schema-graph\">{\"@context\":\"https:\\\/\\\/schema.org\",\"@graph\":[{\"@type\":\"WebPage\",\"@id\":\"https:\\\/\\\/www.fivette.be\\\/fivette-be\\\/maintenant\\\/suivi-de-cycle\\\/\",\"url\":\"https:\\\/\\\/www.fivette.be\\\/fivette-be\\\/maintenant\\\/suivi-de-cycle\\\/\",\"name\":\"Cyclus monitoring - Fivette.be\",\"isPartOf\":{\"@id\":\"https:\\\/\\\/www.fivette.be\\\/#website\"},\"primaryImageOfPage\":{\"@id\":\"https:\\\/\\\/www.fivette.be\\\/fivette-be\\\/maintenant\\\/suivi-de-cycle\\\/#primaryimage\"},\"image\":{\"@id\":\"https:\\\/\\\/www.fivette.be\\\/fivette-be\\\/maintenant\\\/suivi-de-cycle\\\/#primaryimage\"},\"thumbnailUrl\":\"https:\\\/\\\/i0.wp.com\\\/www.fivette.be\\\/wp-content\\\/uploads\\\/2022\\\/12\\\/GettyImages-895702826-scaled.jpg?fit=2560%2C1707&ssl=1\",\"datePublished\":\"2023-05-12T11:50:29+00:00\",\"dateModified\":\"2023-05-12T11:50:30+00:00\",\"description\":\"Dit houdt in dat uw cyclus wordt gevolgd door middel van echografie en andere methoden om het moment van uw ovulatie te bepalen en seksuele gemeenschap te plannen.\",\"breadcrumb\":{\"@id\":\"https:\\\/\\\/www.fivette.be\\\/fivette-be\\\/maintenant\\\/suivi-de-cycle\\\/#breadcrumb\"},\"inLanguage\":\"nl-NL\",\"potentialAction\":[{\"@type\":\"ReadAction\",\"target\":[\"https:\\\/\\\/www.fivette.be\\\/fivette-be\\\/maintenant\\\/suivi-de-cycle\\\/\"]}]},{\"@type\":\"ImageObject\",\"inLanguage\":\"nl-NL\",\"@id\":\"https:\\\/\\\/www.fivette.be\\\/fivette-be\\\/maintenant\\\/suivi-de-cycle\\\/#primaryimage\",\"url\":\"https:\\\/\\\/i0.wp.com\\\/www.fivette.be\\\/wp-content\\\/uploads\\\/2022\\\/12\\\/GettyImages-895702826-scaled.jpg?fit=2560%2C1707&ssl=1\",\"contentUrl\":\"https:\\\/\\\/i0.wp.com\\\/www.fivette.be\\\/wp-content\\\/uploads\\\/2022\\\/12\\\/GettyImages-895702826-scaled.jpg?fit=2560%2C1707&ssl=1\",\"width\":2560,\"height\":1707,\"caption\":\"Hand of doctor in glove pressing button on panel of ultrasound equipment during regular check-up of pregnant woman\"},{\"@type\":\"BreadcrumbList\",\"@id\":\"https:\\\/\\\/www.fivette.be\\\/fivette-be\\\/maintenant\\\/suivi-de-cycle\\\/#breadcrumb\",\"itemListElement\":[{\"@type\":\"ListItem\",\"position\":1,\"name\":\"Home\",\"item\":\"https:\\\/\\\/www.fivette.be\\\/nl\\\/heeft-u-een-kinderwens\\\/\"},{\"@type\":\"ListItem\",\"position\":2,\"name\":\"Heeft u een kinderwens?\",\"item\":\"https:\\\/\\\/www.fivette.be\\\/nl\\\/heeft-u-een-kinderwens\\\/\"},{\"@type\":\"ListItem\",\"position\":3,\"name\":\"Nu\",\"item\":\"https:\\\/\\\/www.fivette.be\\\/fivette-be\\\/maintenant\\\/\"},{\"@type\":\"ListItem\",\"position\":4,\"name\":\"Cyclus monitoring\"}]},{\"@type\":\"WebSite\",\"@id\":\"https:\\\/\\\/www.fivette.be\\\/#website\",\"url\":\"https:\\\/\\\/www.fivette.be\\\/\",\"name\":\"Fivette.be - Le centre de Procr\u00e9ation M\u00e9dicalement Assist\u00e9e du CHU Saint-Pierre\",\"description\":\"Le centre de PMA du CHU Saint-Pierre\",\"publisher\":{\"@id\":\"https:\\\/\\\/www.fivette.be\\\/#organization\"},\"potentialAction\":[{\"@type\":\"SearchAction\",\"target\":{\"@type\":\"EntryPoint\",\"urlTemplate\":\"https:\\\/\\\/www.fivette.be\\\/?s={search_term_string}\"},\"query-input\":{\"@type\":\"PropertyValueSpecification\",\"valueRequired\":true,\"valueName\":\"search_term_string\"}}],\"inLanguage\":\"nl-NL\"},{\"@type\":\"Organization\",\"@id\":\"https:\\\/\\\/www.fivette.be\\\/#organization\",\"name\":\"Fivette.be - Le centre de Procr\u00e9ation M\u00e9dicalement Assist\u00e9e du CHU Saint-Pierre\",\"url\":\"https:\\\/\\\/www.fivette.be\\\/\",\"logo\":{\"@type\":\"ImageObject\",\"inLanguage\":\"nl-NL\",\"@id\":\"https:\\\/\\\/www.fivette.be\\\/#\\\/schema\\\/logo\\\/image\\\/\",\"url\":\"http:\\\/\\\/fivette.be\\\/wp-content\\\/uploads\\\/2023\\\/01\\\/PMAlogocolorSP.png\",\"contentUrl\":\"http:\\\/\\\/fivette.be\\\/wp-content\\\/uploads\\\/2023\\\/01\\\/PMAlogocolorSP.png\",\"width\":289,\"height\":251,\"caption\":\"Fivette.be - Le centre de Procr\u00e9ation M\u00e9dicalement Assist\u00e9e du CHU Saint-Pierre\"},\"image\":{\"@id\":\"https:\\\/\\\/www.fivette.be\\\/#\\\/schema\\\/logo\\\/image\\\/\"}}]}<\/script>\n<!-- \/ Yoast SEO plugin. -->","yoast_head_json":{"title":"Cyclus monitoring - Fivette.be","description":"Dit houdt in dat uw cyclus wordt gevolgd door middel van echografie en andere methoden om het moment van uw ovulatie te bepalen en seksuele gemeenschap te plannen.","robots":{"index":"index","follow":"follow","max-snippet":"max-snippet:-1","max-image-preview":"max-image-preview:large","max-video-preview":"max-video-preview:-1"},"canonical":"https:\/\/www.fivette.be\/fivette-be\/maintenant\/suivi-de-cycle\/","og_locale":"nl_NL","og_type":"article","og_title":"Cyclus monitoring - Fivette.be","og_description":"Dit houdt in dat uw cyclus wordt gevolgd door middel van echografie en andere methoden om het moment van uw ovulatie te bepalen en seksuele gemeenschap te plannen.","og_site_name":"Fivette.be","article_modified_time":"2023-05-12T11:50:30+00:00","og_image":[{"width":2560,"height":1707,"url":"https:\/\/i0.wp.com\/www.fivette.be\/wp-content\/uploads\/2022\/12\/GettyImages-895702826-scaled.jpg?fit=2560%2C1707&ssl=1","type":"image\/jpeg"}],"twitter_card":"summary_large_image","twitter_misc":{"Geschatte leestijd":"2 minuten"},"schema":{"@context":"https:\/\/schema.org","@graph":[{"@type":"WebPage","@id":"https:\/\/www.fivette.be\/fivette-be\/maintenant\/suivi-de-cycle\/","url":"https:\/\/www.fivette.be\/fivette-be\/maintenant\/suivi-de-cycle\/","name":"Cyclus monitoring - Fivette.be","isPartOf":{"@id":"https:\/\/www.fivette.be\/#website"},"primaryImageOfPage":{"@id":"https:\/\/www.fivette.be\/fivette-be\/maintenant\/suivi-de-cycle\/#primaryimage"},"image":{"@id":"https:\/\/www.fivette.be\/fivette-be\/maintenant\/suivi-de-cycle\/#primaryimage"},"thumbnailUrl":"https:\/\/i0.wp.com\/www.fivette.be\/wp-content\/uploads\/2022\/12\/GettyImages-895702826-scaled.jpg?fit=2560%2C1707&ssl=1","datePublished":"2023-05-12T11:50:29+00:00","dateModified":"2023-05-12T11:50:30+00:00","description":"Dit houdt in dat uw cyclus wordt gevolgd door middel van echografie en andere methoden om het moment van uw ovulatie te bepalen en seksuele gemeenschap te plannen.","breadcrumb":{"@id":"https:\/\/www.fivette.be\/fivette-be\/maintenant\/suivi-de-cycle\/#breadcrumb"},"inLanguage":"nl-NL","potentialAction":[{"@type":"ReadAction","target":["https:\/\/www.fivette.be\/fivette-be\/maintenant\/suivi-de-cycle\/"]}]},{"@type":"ImageObject","inLanguage":"nl-NL","@id":"https:\/\/www.fivette.be\/fivette-be\/maintenant\/suivi-de-cycle\/#primaryimage","url":"https:\/\/i0.wp.com\/www.fivette.be\/wp-content\/uploads\/2022\/12\/GettyImages-895702826-scaled.jpg?fit=2560%2C1707&ssl=1","contentUrl":"https:\/\/i0.wp.com\/www.fivette.be\/wp-content\/uploads\/2022\/12\/GettyImages-895702826-scaled.jpg?fit=2560%2C1707&ssl=1","width":2560,"height":1707,"caption":"Hand of doctor in glove pressing button on panel of ultrasound equipment during regular check-up of pregnant woman"},{"@type":"BreadcrumbList","@id":"https:\/\/www.fivette.be\/fivette-be\/maintenant\/suivi-de-cycle\/#breadcrumb","itemListElement":[{"@type":"ListItem","position":1,"name":"Home","item":"https:\/\/www.fivette.be\/nl\/heeft-u-een-kinderwens\/"},{"@type":"ListItem","position":2,"name":"Heeft u een kinderwens?","item":"https:\/\/www.fivette.be\/nl\/heeft-u-een-kinderwens\/"},{"@type":"ListItem","position":3,"name":"Nu","item":"https:\/\/www.fivette.be\/fivette-be\/maintenant\/"},{"@type":"ListItem","position":4,"name":"Cyclus monitoring"}]},{"@type":"WebSite","@id":"https:\/\/www.fivette.be\/#website","url":"https:\/\/www.fivette.be\/","name":"Fivette.be - Le centre de Procr\u00e9ation M\u00e9dicalement Assist\u00e9e du CHU Saint-Pierre","description":"Le centre de PMA du CHU Saint-Pierre","publisher":{"@id":"https:\/\/www.fivette.be\/#organization"},"potentialAction":[{"@type":"SearchAction","target":{"@type":"EntryPoint","urlTemplate":"https:\/\/www.fivette.be\/?s={search_term_string}"},"query-input":{"@type":"PropertyValueSpecification","valueRequired":true,"valueName":"search_term_string"}}],"inLanguage":"nl-NL"},{"@type":"Organization","@id":"https:\/\/www.fivette.be\/#organization","name":"Fivette.be - Le centre de Procr\u00e9ation M\u00e9dicalement Assist\u00e9e du CHU Saint-Pierre","url":"https:\/\/www.fivette.be\/","logo":{"@type":"ImageObject","inLanguage":"nl-NL","@id":"https:\/\/www.fivette.be\/#\/schema\/logo\/image\/","url":"http:\/\/fivette.be\/wp-content\/uploads\/2023\/01\/PMAlogocolorSP.png","contentUrl":"http:\/\/fivette.be\/wp-content\/uploads\/2023\/01\/PMAlogocolorSP.png","width":289,"height":251,"caption":"Fivette.be - Le centre de Procr\u00e9ation M\u00e9dicalement Assist\u00e9e du CHU Saint-Pierre"},"image":{"@id":"https:\/\/www.fivette.be\/#\/schema\/logo\/image\/"}}]}},"jetpack_sharing_enabled":true,"_links":{"self":[{"href":"https:\/\/www.fivette.be\/nl\/wp-json\/wp\/v2\/pages\/5652","targetHints":{"allow":["GET"]}}],"collection":[{"href":"https:\/\/www.fivette.be\/nl\/wp-json\/wp\/v2\/pages"}],"about":[{"href":"https:\/\/www.fivette.be\/nl\/wp-json\/wp\/v2\/types\/page"}],"author":[{"embeddable":true,"href":"https:\/\/www.fivette.be\/nl\/wp-json\/wp\/v2\/users\/1"}],"replies":[{"embeddable":true,"href":"https:\/\/www.fivette.be\/nl\/wp-json\/wp\/v2\/comments?post=5652"}],"version-history":[{"count":2,"href":"https:\/\/www.fivette.be\/nl\/wp-json\/wp\/v2\/pages\/5652\/revisions"}],"predecessor-version":[{"id":5655,"href":"https:\/\/www.fivette.be\/nl\/wp-json\/wp\/v2\/pages\/5652\/revisions\/5655"}],"up":[{"embeddable":true,"href":"https:\/\/www.fivette.be\/nl\/wp-json\/wp\/v2\/pages\/5573"}],"wp:featuredmedia":[{"embeddable":true,"href":"https:\/\/www.fivette.be\/nl\/wp-json\/wp\/v2\/media\/5653"}],"wp:attachment":[{"href":"https:\/\/www.fivette.be\/nl\/wp-json\/wp\/v2\/media?parent=5652"}],"wp:term":[{"taxonomy":"category","embeddable":true,"href":"https:\/\/www.fivette.be\/nl\/wp-json\/wp\/v2\/categories?post=5652"},{"taxonomy":"post_tag","embeddable":true,"href":"https:\/\/www.fivette.be\/nl\/wp-json\/wp\/v2\/tags?post=5652"}],"curies":[{"name":"wp","href":"https:\/\/api.w.org\/{rel}","templated":true}]}}