{"id":5684,"date":"2023-05-12T14:41:19","date_gmt":"2023-05-12T12:41:19","guid":{"rendered":"http:\/\/10.14.1.27\/fivette\/heeft-u-een-kinderwens\/nu\/u-overweegt-het-gebruik-van-donorsperma\/"},"modified":"2023-05-12T14:41:20","modified_gmt":"2023-05-12T12:41:20","slug":"u-overweegt-het-gebruik-van-donorsperma","status":"publish","type":"page","link":"https:\/\/www.fivette.be\/nl\/heeft-u-een-kinderwens\/nu\/u-overweegt-het-gebruik-van-donorsperma\/","title":{"rendered":"U overweegt het gebruik van donorsperma"},"content":{"rendered":"<p>[et_pb_section fb_built=&#8221;1&#8243; _builder_version=&#8221;4.17.3&#8243; _module_preset=&#8221;default&#8221; global_colors_info=&#8221;{}&#8221;][et_pb_row _builder_version=&#8221;4.18.0&#8243; _module_preset=&#8221;default&#8221; global_colors_info=&#8221;{}&#8221;][et_pb_column type=&#8221;4_4&#8243; _builder_version=&#8221;4.18.0&#8243; _module_preset=&#8221;default&#8221; global_colors_info=&#8221;{}&#8221;][et_pb_text _builder_version=&#8221;4.18.0&#8243; _module_preset=&#8221;default&#8221; global_colors_info=&#8221;{}&#8221;]<\/p>\n<h1><span>Het gebruik van donorsperma <\/span><\/h1>\n<p><span>Het gebruik van donorsperma kan een mogelijke oplossing zijn in verschillende situaties. <\/span><\/p>\n<h2 dir=\"auto\">Anoniem of gericht<\/h2>\n<p dir=\"auto\">Sperma donatie kan anoniem zijn, wat betekent dat de identiteit van de donor niet wordt onthuld aan de ontvangers. Het kan ook gericht zijn, wat betekent dat de donor bekend is bij de ontvangers <\/p>\n<h2 dir=\"auto\">Aangepast aan uw situatie<\/h2>\n<p dir=\"auto\">Wanneer sperma donatie nodig is, zullen verschillende afspraken met u worden gepland. Er wordt psycho-medische begeleiding aangeboden. De behandelingen en verschillende protocollen zullen in detail aan u worden uitgelegd tijdens uw consultatie. Onze professionals zullen beschikbaar zijn om al uw vragen te beantwoorden en u te ondersteunen gedurende het hele proces.   <\/p>\n<p>[\/et_pb_text][\/et_pb_column][\/et_pb_row][\/et_pb_section]<\/p>\n","protected":false},"excerpt":{"rendered":"<p>Verschillende situaties vereisen het gebruik van donorsperma.<\/p>\n","protected":false},"author":1,"featured_media":5685,"parent":5573,"menu_order":0,"comment_status":"open","ping_status":"closed","template":"","meta":{"_acf_changed":false,"_et_pb_use_builder":"on","_et_pb_old_content":"","_et_gb_content_width":"","footnotes":""},"categories":[],"tags":[],"class_list":["post-5684","page","type-page","status-publish","has-post-thumbnail","hentry"],"acf":[],"yoast_head":"<!-- This site is optimized with the Yoast SEO plugin v27.4 - https:\/\/yoast.com\/product\/yoast-seo-wordpress\/ -->\n<title>U overweegt het gebruik van donorsperma - Fivette.be<\/title>\n<meta name=\"description\" content=\"Verschillende situaties vereisen het gebruik van sperma donatie. Een koppel kan te maken hebben met mannelijke vruchtbaarheidsproblemen, een man kan een medische aandoening hebben, of een vrouw kan single zijn.\" \/>\n<meta name=\"robots\" content=\"index, follow, max-snippet:-1, max-image-preview:large, max-video-preview:-1\" \/>\n<link rel=\"canonical\" href=\"https:\/\/www.fivette.be\/fivette-be\/maintenant\/vous-souhaitez-recourir-a-un-don-de-sperme\/\" \/>\n<meta property=\"og:locale\" content=\"nl_NL\" \/>\n<meta property=\"og:type\" content=\"article\" \/>\n<meta property=\"og:title\" content=\"U overweegt het gebruik van donorsperma - Fivette.be\" \/>\n<meta property=\"og:description\" content=\"Verschillende situaties vereisen het gebruik van sperma donatie. Een koppel kan te maken hebben met mannelijke vruchtbaarheidsproblemen, een man kan een medische aandoening hebben, of een vrouw kan single zijn.\" \/>\n<meta property=\"og:site_name\" content=\"Fivette.be\" \/>\n<meta property=\"article:modified_time\" content=\"2023-05-12T12:41:20+00:00\" \/>\n<meta property=\"og:image\" content=\"https:\/\/i0.wp.com\/www.fivette.be\/wp-content\/uploads\/2022\/12\/GettyImages-825356654-scaled.jpg?fit=2560%2C1811&ssl=1\" \/>\n\t<meta property=\"og:image:width\" content=\"2560\" \/>\n\t<meta property=\"og:image:height\" content=\"1811\" \/>\n\t<meta property=\"og:image:type\" content=\"image\/jpeg\" \/>\n<meta name=\"twitter:card\" content=\"summary_large_image\" \/>\n<meta name=\"twitter:label1\" content=\"Geschatte leestijd\" \/>\n\t<meta name=\"twitter:data1\" content=\"1 minuut\" \/>\n<script type=\"application\/ld+json\" class=\"yoast-schema-graph\">{\"@context\":\"https:\\\/\\\/schema.org\",\"@graph\":[{\"@type\":\"WebPage\",\"@id\":\"https:\\\/\\\/www.fivette.be\\\/fivette-be\\\/maintenant\\\/vous-souhaitez-recourir-a-un-don-de-sperme\\\/\",\"url\":\"https:\\\/\\\/www.fivette.be\\\/fivette-be\\\/maintenant\\\/vous-souhaitez-recourir-a-un-don-de-sperme\\\/\",\"name\":\"U overweegt het gebruik van donorsperma - Fivette.be\",\"isPartOf\":{\"@id\":\"https:\\\/\\\/www.fivette.be\\\/#website\"},\"primaryImageOfPage\":{\"@id\":\"https:\\\/\\\/www.fivette.be\\\/fivette-be\\\/maintenant\\\/vous-souhaitez-recourir-a-un-don-de-sperme\\\/#primaryimage\"},\"image\":{\"@id\":\"https:\\\/\\\/www.fivette.be\\\/fivette-be\\\/maintenant\\\/vous-souhaitez-recourir-a-un-don-de-sperme\\\/#primaryimage\"},\"thumbnailUrl\":\"https:\\\/\\\/i0.wp.com\\\/www.fivette.be\\\/wp-content\\\/uploads\\\/2022\\\/12\\\/GettyImages-825356654-scaled.jpg?fit=2560%2C1811&ssl=1\",\"datePublished\":\"2023-05-12T12:41:19+00:00\",\"dateModified\":\"2023-05-12T12:41:20+00:00\",\"description\":\"Verschillende situaties vereisen het gebruik van sperma donatie. Een koppel kan te maken hebben met mannelijke vruchtbaarheidsproblemen, een man kan een medische aandoening hebben, of een vrouw kan single zijn.\",\"breadcrumb\":{\"@id\":\"https:\\\/\\\/www.fivette.be\\\/fivette-be\\\/maintenant\\\/vous-souhaitez-recourir-a-un-don-de-sperme\\\/#breadcrumb\"},\"inLanguage\":\"nl-NL\",\"potentialAction\":[{\"@type\":\"ReadAction\",\"target\":[\"https:\\\/\\\/www.fivette.be\\\/fivette-be\\\/maintenant\\\/vous-souhaitez-recourir-a-un-don-de-sperme\\\/\"]}]},{\"@type\":\"ImageObject\",\"inLanguage\":\"nl-NL\",\"@id\":\"https:\\\/\\\/www.fivette.be\\\/fivette-be\\\/maintenant\\\/vous-souhaitez-recourir-a-un-don-de-sperme\\\/#primaryimage\",\"url\":\"https:\\\/\\\/i0.wp.com\\\/www.fivette.be\\\/wp-content\\\/uploads\\\/2022\\\/12\\\/GettyImages-825356654-scaled.jpg?fit=2560%2C1811&ssl=1\",\"contentUrl\":\"https:\\\/\\\/i0.wp.com\\\/www.fivette.be\\\/wp-content\\\/uploads\\\/2022\\\/12\\\/GettyImages-825356654-scaled.jpg?fit=2560%2C1811&ssl=1\",\"width\":2560,\"height\":1811,\"caption\":\"3d illustration of sperm cells moving to the right\"},{\"@type\":\"BreadcrumbList\",\"@id\":\"https:\\\/\\\/www.fivette.be\\\/fivette-be\\\/maintenant\\\/vous-souhaitez-recourir-a-un-don-de-sperme\\\/#breadcrumb\",\"itemListElement\":[{\"@type\":\"ListItem\",\"position\":1,\"name\":\"Home\",\"item\":\"https:\\\/\\\/www.fivette.be\\\/nl\\\/heeft-u-een-kinderwens\\\/\"},{\"@type\":\"ListItem\",\"position\":2,\"name\":\"Heeft u een kinderwens?\",\"item\":\"https:\\\/\\\/www.fivette.be\\\/nl\\\/heeft-u-een-kinderwens\\\/\"},{\"@type\":\"ListItem\",\"position\":3,\"name\":\"Nu\",\"item\":\"https:\\\/\\\/www.fivette.be\\\/fivette-be\\\/maintenant\\\/\"},{\"@type\":\"ListItem\",\"position\":4,\"name\":\"U overweegt het gebruik van donorsperma\"}]},{\"@type\":\"WebSite\",\"@id\":\"https:\\\/\\\/www.fivette.be\\\/#website\",\"url\":\"https:\\\/\\\/www.fivette.be\\\/\",\"name\":\"Fivette.be - Le centre de Procr\u00e9ation M\u00e9dicalement Assist\u00e9e du CHU Saint-Pierre\",\"description\":\"Le centre de PMA du CHU Saint-Pierre\",\"publisher\":{\"@id\":\"https:\\\/\\\/www.fivette.be\\\/#organization\"},\"potentialAction\":[{\"@type\":\"SearchAction\",\"target\":{\"@type\":\"EntryPoint\",\"urlTemplate\":\"https:\\\/\\\/www.fivette.be\\\/?s={search_term_string}\"},\"query-input\":{\"@type\":\"PropertyValueSpecification\",\"valueRequired\":true,\"valueName\":\"search_term_string\"}}],\"inLanguage\":\"nl-NL\"},{\"@type\":\"Organization\",\"@id\":\"https:\\\/\\\/www.fivette.be\\\/#organization\",\"name\":\"Fivette.be - Le centre de Procr\u00e9ation M\u00e9dicalement Assist\u00e9e du CHU Saint-Pierre\",\"url\":\"https:\\\/\\\/www.fivette.be\\\/\",\"logo\":{\"@type\":\"ImageObject\",\"inLanguage\":\"nl-NL\",\"@id\":\"https:\\\/\\\/www.fivette.be\\\/#\\\/schema\\\/logo\\\/image\\\/\",\"url\":\"http:\\\/\\\/fivette.be\\\/wp-content\\\/uploads\\\/2023\\\/01\\\/PMAlogocolorSP.png\",\"contentUrl\":\"http:\\\/\\\/fivette.be\\\/wp-content\\\/uploads\\\/2023\\\/01\\\/PMAlogocolorSP.png\",\"width\":289,\"height\":251,\"caption\":\"Fivette.be - Le centre de Procr\u00e9ation M\u00e9dicalement Assist\u00e9e du CHU Saint-Pierre\"},\"image\":{\"@id\":\"https:\\\/\\\/www.fivette.be\\\/#\\\/schema\\\/logo\\\/image\\\/\"}}]}<\/script>\n<!-- \/ Yoast SEO plugin. -->","yoast_head_json":{"title":"U overweegt het gebruik van donorsperma - Fivette.be","description":"Verschillende situaties vereisen het gebruik van sperma donatie. Een koppel kan te maken hebben met mannelijke vruchtbaarheidsproblemen, een man kan een medische aandoening hebben, of een vrouw kan single zijn.","robots":{"index":"index","follow":"follow","max-snippet":"max-snippet:-1","max-image-preview":"max-image-preview:large","max-video-preview":"max-video-preview:-1"},"canonical":"https:\/\/www.fivette.be\/fivette-be\/maintenant\/vous-souhaitez-recourir-a-un-don-de-sperme\/","og_locale":"nl_NL","og_type":"article","og_title":"U overweegt het gebruik van donorsperma - Fivette.be","og_description":"Verschillende situaties vereisen het gebruik van sperma donatie. Een koppel kan te maken hebben met mannelijke vruchtbaarheidsproblemen, een man kan een medische aandoening hebben, of een vrouw kan single zijn.","og_site_name":"Fivette.be","article_modified_time":"2023-05-12T12:41:20+00:00","og_image":[{"width":2560,"height":1811,"url":"https:\/\/i0.wp.com\/www.fivette.be\/wp-content\/uploads\/2022\/12\/GettyImages-825356654-scaled.jpg?fit=2560%2C1811&ssl=1","type":"image\/jpeg"}],"twitter_card":"summary_large_image","twitter_misc":{"Geschatte leestijd":"1 minuut"},"schema":{"@context":"https:\/\/schema.org","@graph":[{"@type":"WebPage","@id":"https:\/\/www.fivette.be\/fivette-be\/maintenant\/vous-souhaitez-recourir-a-un-don-de-sperme\/","url":"https:\/\/www.fivette.be\/fivette-be\/maintenant\/vous-souhaitez-recourir-a-un-don-de-sperme\/","name":"U overweegt het gebruik van donorsperma - Fivette.be","isPartOf":{"@id":"https:\/\/www.fivette.be\/#website"},"primaryImageOfPage":{"@id":"https:\/\/www.fivette.be\/fivette-be\/maintenant\/vous-souhaitez-recourir-a-un-don-de-sperme\/#primaryimage"},"image":{"@id":"https:\/\/www.fivette.be\/fivette-be\/maintenant\/vous-souhaitez-recourir-a-un-don-de-sperme\/#primaryimage"},"thumbnailUrl":"https:\/\/i0.wp.com\/www.fivette.be\/wp-content\/uploads\/2022\/12\/GettyImages-825356654-scaled.jpg?fit=2560%2C1811&ssl=1","datePublished":"2023-05-12T12:41:19+00:00","dateModified":"2023-05-12T12:41:20+00:00","description":"Verschillende situaties vereisen het gebruik van sperma donatie. Een koppel kan te maken hebben met mannelijke vruchtbaarheidsproblemen, een man kan een medische aandoening hebben, of een vrouw kan single zijn.","breadcrumb":{"@id":"https:\/\/www.fivette.be\/fivette-be\/maintenant\/vous-souhaitez-recourir-a-un-don-de-sperme\/#breadcrumb"},"inLanguage":"nl-NL","potentialAction":[{"@type":"ReadAction","target":["https:\/\/www.fivette.be\/fivette-be\/maintenant\/vous-souhaitez-recourir-a-un-don-de-sperme\/"]}]},{"@type":"ImageObject","inLanguage":"nl-NL","@id":"https:\/\/www.fivette.be\/fivette-be\/maintenant\/vous-souhaitez-recourir-a-un-don-de-sperme\/#primaryimage","url":"https:\/\/i0.wp.com\/www.fivette.be\/wp-content\/uploads\/2022\/12\/GettyImages-825356654-scaled.jpg?fit=2560%2C1811&ssl=1","contentUrl":"https:\/\/i0.wp.com\/www.fivette.be\/wp-content\/uploads\/2022\/12\/GettyImages-825356654-scaled.jpg?fit=2560%2C1811&ssl=1","width":2560,"height":1811,"caption":"3d illustration of sperm cells moving to the right"},{"@type":"BreadcrumbList","@id":"https:\/\/www.fivette.be\/fivette-be\/maintenant\/vous-souhaitez-recourir-a-un-don-de-sperme\/#breadcrumb","itemListElement":[{"@type":"ListItem","position":1,"name":"Home","item":"https:\/\/www.fivette.be\/nl\/heeft-u-een-kinderwens\/"},{"@type":"ListItem","position":2,"name":"Heeft u een kinderwens?","item":"https:\/\/www.fivette.be\/nl\/heeft-u-een-kinderwens\/"},{"@type":"ListItem","position":3,"name":"Nu","item":"https:\/\/www.fivette.be\/fivette-be\/maintenant\/"},{"@type":"ListItem","position":4,"name":"U overweegt het gebruik van donorsperma"}]},{"@type":"WebSite","@id":"https:\/\/www.fivette.be\/#website","url":"https:\/\/www.fivette.be\/","name":"Fivette.be - Le centre de Procr\u00e9ation M\u00e9dicalement Assist\u00e9e du CHU Saint-Pierre","description":"Le centre de PMA du CHU Saint-Pierre","publisher":{"@id":"https:\/\/www.fivette.be\/#organization"},"potentialAction":[{"@type":"SearchAction","target":{"@type":"EntryPoint","urlTemplate":"https:\/\/www.fivette.be\/?s={search_term_string}"},"query-input":{"@type":"PropertyValueSpecification","valueRequired":true,"valueName":"search_term_string"}}],"inLanguage":"nl-NL"},{"@type":"Organization","@id":"https:\/\/www.fivette.be\/#organization","name":"Fivette.be - Le centre de Procr\u00e9ation M\u00e9dicalement Assist\u00e9e du CHU Saint-Pierre","url":"https:\/\/www.fivette.be\/","logo":{"@type":"ImageObject","inLanguage":"nl-NL","@id":"https:\/\/www.fivette.be\/#\/schema\/logo\/image\/","url":"http:\/\/fivette.be\/wp-content\/uploads\/2023\/01\/PMAlogocolorSP.png","contentUrl":"http:\/\/fivette.be\/wp-content\/uploads\/2023\/01\/PMAlogocolorSP.png","width":289,"height":251,"caption":"Fivette.be - Le centre de Procr\u00e9ation M\u00e9dicalement Assist\u00e9e du CHU Saint-Pierre"},"image":{"@id":"https:\/\/www.fivette.be\/#\/schema\/logo\/image\/"}}]}},"jetpack_sharing_enabled":true,"_links":{"self":[{"href":"https:\/\/www.fivette.be\/nl\/wp-json\/wp\/v2\/pages\/5684","targetHints":{"allow":["GET"]}}],"collection":[{"href":"https:\/\/www.fivette.be\/nl\/wp-json\/wp\/v2\/pages"}],"about":[{"href":"https:\/\/www.fivette.be\/nl\/wp-json\/wp\/v2\/types\/page"}],"author":[{"embeddable":true,"href":"https:\/\/www.fivette.be\/nl\/wp-json\/wp\/v2\/users\/1"}],"replies":[{"embeddable":true,"href":"https:\/\/www.fivette.be\/nl\/wp-json\/wp\/v2\/comments?post=5684"}],"version-history":[{"count":2,"href":"https:\/\/www.fivette.be\/nl\/wp-json\/wp\/v2\/pages\/5684\/revisions"}],"predecessor-version":[{"id":5687,"href":"https:\/\/www.fivette.be\/nl\/wp-json\/wp\/v2\/pages\/5684\/revisions\/5687"}],"up":[{"embeddable":true,"href":"https:\/\/www.fivette.be\/nl\/wp-json\/wp\/v2\/pages\/5573"}],"wp:featuredmedia":[{"embeddable":true,"href":"https:\/\/www.fivette.be\/nl\/wp-json\/wp\/v2\/media\/5685"}],"wp:attachment":[{"href":"https:\/\/www.fivette.be\/nl\/wp-json\/wp\/v2\/media?parent=5684"}],"wp:term":[{"taxonomy":"category","embeddable":true,"href":"https:\/\/www.fivette.be\/nl\/wp-json\/wp\/v2\/categories?post=5684"},{"taxonomy":"post_tag","embeddable":true,"href":"https:\/\/www.fivette.be\/nl\/wp-json\/wp\/v2\/tags?post=5684"}],"curies":[{"name":"wp","href":"https:\/\/api.w.org\/{rel}","templated":true}]}}