{"id":5909,"date":"2025-03-17T11:03:05","date_gmt":"2025-03-17T10:03:05","guid":{"rendered":"https:\/\/www.fivette.be\/ze-spreken-voor-ons\/"},"modified":"2025-03-17T11:09:13","modified_gmt":"2025-03-17T10:09:13","slug":"ze-spreken-voor-ons","status":"publish","type":"page","link":"https:\/\/www.fivette.be\/nl\/ze-spreken-voor-ons\/","title":{"rendered":"Ze spreken over ons &#8230;"},"content":{"rendered":"<p>[et_pb_section fb_built=&#8221;1&#8243; _builder_version=&#8221;4.25.1&#8243; _module_preset=&#8221;default&#8221; global_colors_info=&#8221;{}&#8221;][et_pb_row _builder_version=&#8221;4.25.1&#8243; _module_preset=&#8221;default&#8221; hover_enabled=&#8221;0&#8243; global_colors_info=&#8221;{}&#8221; box_shadow_style=&#8221;preset1&#8243; sticky_enabled=&#8221;0&#8243;][et_pb_column type=&#8221;4_4&#8243; _builder_version=&#8221;4.25.1&#8243; _module_preset=&#8221;default&#8221; global_colors_info=&#8221;{}&#8221;][et_pb_image src=&#8221;https:\/\/www.fivette.be\/wp-content\/uploads\/2024\/10\/groupe-de-parole.jpg&#8221; title_text=&#8221;discussie groep&#8221; _builder_version=&#8221;4.25.1&#8243; _module_preset=&#8221;default&#8221; global_colors_info=&#8221;{}&#8221;][\/et_pb_image][\/et_pb_column][\/et_pb_row][et_pb_row _builder_version=&#8221;4.25.1&#8243; _module_preset=&#8221;default&#8221; global_colors_info=&#8221;{}&#8221;][et_pb_column type=&#8221;4_4&#8243; _builder_version=&#8221;4.25.1&#8243; _module_preset=&#8221;default&#8221; global_colors_info=&#8221;{}&#8221;][et_pb_text _builder_version=&#8221;4.25.1&#8243; _module_preset=&#8221;default&#8221; global_colors_info=&#8221;{}&#8221;]<\/p>\n<p>Bedoeld voor eenoudergezinnen die momenteel in ons centrum behandeld worden of zijn geweest.<\/p>\n<p>[\/et_pb_text][\/et_pb_column][\/et_pb_row][\/et_pb_section][et_pb_section fb_built=&#8221;1&#8243; _builder_version=&#8221;4.25.1&#8243; _module_preset=&#8221;default&#8221; hover_enabled=&#8221;0&#8243; global_colors_info=&#8221;{}&#8221; box_shadow_style=&#8221;preset1&#8243; sticky_enabled=&#8221;0&#8243;][et_pb_row column_structure=&#8221;1_2,1_2&#8243; _builder_version=&#8221;4.25.1&#8243; _module_preset=&#8221;default&#8221; global_colors_info=&#8221;{}&#8221;][et_pb_column type=&#8221;1_2&#8243; _builder_version=&#8221;4.25.1&#8243; _module_preset=&#8221;default&#8221; global_colors_info=&#8221;{}&#8221;][et_pb_text _builder_version=&#8221;4.25.1&#8243; _module_preset=&#8221;default&#8221; global_colors_info=&#8221;{}&#8221;]<\/p>\n<p>Podcast van Dr. Candice Autin, hoofd van ons centrum.<\/p>\n<div data-olk-copy-source=\"MessageBody\">In december werd Dr. Candice Autin, hoofd van ons centrum, ge\u00efnterviewd als onderdeel van een reeks podcast geproduceerd door Aur\u00e9lie Barnavol.<\/div>\n<div>Voor degenen die de aflevering willen zien, hier is de link:<\/div>\n<div> <a data-linkindex=\"0\" originalsrc=\"https:\/\/open.spotify.com\/episode\/28qPtyg7Emy6jC6jh1Q9YY?si=c8yyBeqOQMev8R-D1p_KNA\" title=\"https:\/\/open.spotify.com\/episode\/28qPtyg7Emy6jC6jh1Q9YY?si=c8yyBeqOQMev8R-D1p_KNA\" class=\"x_x_OWAAutoLink\" id=\"LPlnkOWA85cd72e0-58a2-2c79-182b-0332d56910b5\" data-auth=\"NotApplicable\" rel=\"noopener noreferrer\" target=\"_blank\" href=\"https:\/\/open.spotify.com\/episode\/28qPtyg7Emy6jC6jh1Q9YY?si=c8yyBeqOQMev8R-D1p_KNA\">https:\/\/open.spotify.com\/episode\/28qPtyg7Emy6jC6jh1Q9YY?si=c8yyBeqOQMev8R-D1p_KNA<\/a><\/div>\n<p>[\/et_pb_text][\/et_pb_column][et_pb_column type=&#8221;1_2&#8243; _builder_version=&#8221;4.25.1&#8243; _module_preset=&#8221;default&#8221; global_colors_info=&#8221;{}&#8221;][\/et_pb_column][\/et_pb_row][\/et_pb_section]<\/p>\n","protected":false},"excerpt":{"rendered":"<p>Bedoeld voor eenoudergezinnen die momenteel in ons centrum behandeld worden of zijn geweest.Podcast van Dr. Candice Autin, hoofd van ons centrum. In december werd Dr. Candice Autin, hoofd van ons centrum, ge\u00efnterviewd als onderdeel van een reeks podcast geproduceerd door Aur\u00e9lie Barnavol. Voor degenen die de aflevering willen zien, hier is de link: https:\/\/open.spotify.com\/episode\/28qPtyg7Emy6jC6jh1Q9YY?si=c8yyBeqOQMev8R-D1p_KNA<\/p>\n","protected":false},"author":6,"featured_media":0,"parent":0,"menu_order":0,"comment_status":"closed","ping_status":"closed","template":"","meta":{"_acf_changed":false,"_et_pb_use_builder":"on","_et_pb_old_content":"","_et_gb_content_width":"","footnotes":""},"categories":[],"tags":[],"class_list":["post-5909","page","type-page","status-publish","hentry"],"acf":[],"yoast_head":"<!-- This site is optimized with the Yoast SEO plugin v27.4 - https:\/\/yoast.com\/product\/yoast-seo-wordpress\/ -->\n<title>Ze spreken over ons ... - Fivette.be<\/title>\n<meta name=\"robots\" content=\"index, follow, max-snippet:-1, max-image-preview:large, max-video-preview:-1\" \/>\n<link rel=\"canonical\" href=\"https:\/\/www.fivette.be\/on-parle-de-nous-2\/\" \/>\n<meta property=\"og:locale\" content=\"nl_NL\" \/>\n<meta property=\"og:type\" content=\"article\" \/>\n<meta property=\"og:title\" content=\"Ze spreken over ons ... - Fivette.be\" \/>\n<meta property=\"og:description\" content=\"Bedoeld voor eenoudergezinnen die momenteel in ons centrum behandeld worden of zijn geweest.Podcast van Dr. Candice Autin, hoofd van ons centrum. In december werd Dr. Candice Autin, hoofd van ons centrum, ge\u00efnterviewd als onderdeel van een reeks podcast geproduceerd door Aur\u00e9lie Barnavol. Voor degenen die de aflevering willen zien, hier is de link: https:\/\/open.spotify.com\/episode\/28qPtyg7Emy6jC6jh1Q9YY?si=c8yyBeqOQMev8R-D1p_KNA\" \/>\n<meta property=\"og:site_name\" content=\"Fivette.be\" \/>\n<meta property=\"article:modified_time\" content=\"2025-03-17T10:09:13+00:00\" \/>\n<meta name=\"twitter:card\" content=\"summary_large_image\" \/>\n<meta name=\"twitter:label1\" content=\"Geschatte leestijd\" \/>\n\t<meta name=\"twitter:data1\" content=\"1 minuut\" \/>\n<script type=\"application\/ld+json\" class=\"yoast-schema-graph\">{\"@context\":\"https:\\\/\\\/schema.org\",\"@graph\":[{\"@type\":\"WebPage\",\"@id\":\"https:\\\/\\\/www.fivette.be\\\/on-parle-de-nous-2\\\/\",\"url\":\"https:\\\/\\\/www.fivette.be\\\/on-parle-de-nous-2\\\/\",\"name\":\"Ze spreken over ons ... - Fivette.be\",\"isPartOf\":{\"@id\":\"https:\\\/\\\/www.fivette.be\\\/#website\"},\"datePublished\":\"2025-03-17T10:03:05+00:00\",\"dateModified\":\"2025-03-17T10:09:13+00:00\",\"breadcrumb\":{\"@id\":\"https:\\\/\\\/www.fivette.be\\\/on-parle-de-nous-2\\\/#breadcrumb\"},\"inLanguage\":\"nl-NL\",\"potentialAction\":[{\"@type\":\"ReadAction\",\"target\":[\"https:\\\/\\\/www.fivette.be\\\/on-parle-de-nous-2\\\/\"]}]},{\"@type\":\"BreadcrumbList\",\"@id\":\"https:\\\/\\\/www.fivette.be\\\/on-parle-de-nous-2\\\/#breadcrumb\",\"itemListElement\":[{\"@type\":\"ListItem\",\"position\":1,\"name\":\"Home\",\"item\":\"https:\\\/\\\/www.fivette.be\\\/nl\\\/heeft-u-een-kinderwens\\\/\"},{\"@type\":\"ListItem\",\"position\":2,\"name\":\"Ze spreken over ons &#8230;\"}]},{\"@type\":\"WebSite\",\"@id\":\"https:\\\/\\\/www.fivette.be\\\/#website\",\"url\":\"https:\\\/\\\/www.fivette.be\\\/\",\"name\":\"Fivette.be - Le centre de Procr\u00e9ation M\u00e9dicalement Assist\u00e9e du CHU Saint-Pierre\",\"description\":\"Le centre de PMA du CHU Saint-Pierre\",\"publisher\":{\"@id\":\"https:\\\/\\\/www.fivette.be\\\/#organization\"},\"potentialAction\":[{\"@type\":\"SearchAction\",\"target\":{\"@type\":\"EntryPoint\",\"urlTemplate\":\"https:\\\/\\\/www.fivette.be\\\/?s={search_term_string}\"},\"query-input\":{\"@type\":\"PropertyValueSpecification\",\"valueRequired\":true,\"valueName\":\"search_term_string\"}}],\"inLanguage\":\"nl-NL\"},{\"@type\":\"Organization\",\"@id\":\"https:\\\/\\\/www.fivette.be\\\/#organization\",\"name\":\"Fivette.be - Le centre de Procr\u00e9ation M\u00e9dicalement Assist\u00e9e du CHU Saint-Pierre\",\"url\":\"https:\\\/\\\/www.fivette.be\\\/\",\"logo\":{\"@type\":\"ImageObject\",\"inLanguage\":\"nl-NL\",\"@id\":\"https:\\\/\\\/www.fivette.be\\\/#\\\/schema\\\/logo\\\/image\\\/\",\"url\":\"http:\\\/\\\/fivette.be\\\/wp-content\\\/uploads\\\/2023\\\/01\\\/PMAlogocolorSP.png\",\"contentUrl\":\"http:\\\/\\\/fivette.be\\\/wp-content\\\/uploads\\\/2023\\\/01\\\/PMAlogocolorSP.png\",\"width\":289,\"height\":251,\"caption\":\"Fivette.be - Le centre de Procr\u00e9ation M\u00e9dicalement Assist\u00e9e du CHU Saint-Pierre\"},\"image\":{\"@id\":\"https:\\\/\\\/www.fivette.be\\\/#\\\/schema\\\/logo\\\/image\\\/\"}}]}<\/script>\n<!-- \/ Yoast SEO plugin. -->","yoast_head_json":{"title":"Ze spreken over ons ... - Fivette.be","robots":{"index":"index","follow":"follow","max-snippet":"max-snippet:-1","max-image-preview":"max-image-preview:large","max-video-preview":"max-video-preview:-1"},"canonical":"https:\/\/www.fivette.be\/on-parle-de-nous-2\/","og_locale":"nl_NL","og_type":"article","og_title":"Ze spreken over ons ... - Fivette.be","og_description":"Bedoeld voor eenoudergezinnen die momenteel in ons centrum behandeld worden of zijn geweest.Podcast van Dr. Candice Autin, hoofd van ons centrum. In december werd Dr. Candice Autin, hoofd van ons centrum, ge\u00efnterviewd als onderdeel van een reeks podcast geproduceerd door Aur\u00e9lie Barnavol. Voor degenen die de aflevering willen zien, hier is de link: https:\/\/open.spotify.com\/episode\/28qPtyg7Emy6jC6jh1Q9YY?si=c8yyBeqOQMev8R-D1p_KNA","og_site_name":"Fivette.be","article_modified_time":"2025-03-17T10:09:13+00:00","twitter_card":"summary_large_image","twitter_misc":{"Geschatte leestijd":"1 minuut"},"schema":{"@context":"https:\/\/schema.org","@graph":[{"@type":"WebPage","@id":"https:\/\/www.fivette.be\/on-parle-de-nous-2\/","url":"https:\/\/www.fivette.be\/on-parle-de-nous-2\/","name":"Ze spreken over ons ... - Fivette.be","isPartOf":{"@id":"https:\/\/www.fivette.be\/#website"},"datePublished":"2025-03-17T10:03:05+00:00","dateModified":"2025-03-17T10:09:13+00:00","breadcrumb":{"@id":"https:\/\/www.fivette.be\/on-parle-de-nous-2\/#breadcrumb"},"inLanguage":"nl-NL","potentialAction":[{"@type":"ReadAction","target":["https:\/\/www.fivette.be\/on-parle-de-nous-2\/"]}]},{"@type":"BreadcrumbList","@id":"https:\/\/www.fivette.be\/on-parle-de-nous-2\/#breadcrumb","itemListElement":[{"@type":"ListItem","position":1,"name":"Home","item":"https:\/\/www.fivette.be\/nl\/heeft-u-een-kinderwens\/"},{"@type":"ListItem","position":2,"name":"Ze spreken over ons &#8230;"}]},{"@type":"WebSite","@id":"https:\/\/www.fivette.be\/#website","url":"https:\/\/www.fivette.be\/","name":"Fivette.be - Le centre de Procr\u00e9ation M\u00e9dicalement Assist\u00e9e du CHU Saint-Pierre","description":"Le centre de PMA du CHU Saint-Pierre","publisher":{"@id":"https:\/\/www.fivette.be\/#organization"},"potentialAction":[{"@type":"SearchAction","target":{"@type":"EntryPoint","urlTemplate":"https:\/\/www.fivette.be\/?s={search_term_string}"},"query-input":{"@type":"PropertyValueSpecification","valueRequired":true,"valueName":"search_term_string"}}],"inLanguage":"nl-NL"},{"@type":"Organization","@id":"https:\/\/www.fivette.be\/#organization","name":"Fivette.be - Le centre de Procr\u00e9ation M\u00e9dicalement Assist\u00e9e du CHU Saint-Pierre","url":"https:\/\/www.fivette.be\/","logo":{"@type":"ImageObject","inLanguage":"nl-NL","@id":"https:\/\/www.fivette.be\/#\/schema\/logo\/image\/","url":"http:\/\/fivette.be\/wp-content\/uploads\/2023\/01\/PMAlogocolorSP.png","contentUrl":"http:\/\/fivette.be\/wp-content\/uploads\/2023\/01\/PMAlogocolorSP.png","width":289,"height":251,"caption":"Fivette.be - Le centre de Procr\u00e9ation M\u00e9dicalement Assist\u00e9e du CHU Saint-Pierre"},"image":{"@id":"https:\/\/www.fivette.be\/#\/schema\/logo\/image\/"}}]}},"jetpack_sharing_enabled":true,"_links":{"self":[{"href":"https:\/\/www.fivette.be\/nl\/wp-json\/wp\/v2\/pages\/5909","targetHints":{"allow":["GET"]}}],"collection":[{"href":"https:\/\/www.fivette.be\/nl\/wp-json\/wp\/v2\/pages"}],"about":[{"href":"https:\/\/www.fivette.be\/nl\/wp-json\/wp\/v2\/types\/page"}],"author":[{"embeddable":true,"href":"https:\/\/www.fivette.be\/nl\/wp-json\/wp\/v2\/users\/6"}],"replies":[{"embeddable":true,"href":"https:\/\/www.fivette.be\/nl\/wp-json\/wp\/v2\/comments?post=5909"}],"version-history":[{"count":7,"href":"https:\/\/www.fivette.be\/nl\/wp-json\/wp\/v2\/pages\/5909\/revisions"}],"predecessor-version":[{"id":5923,"href":"https:\/\/www.fivette.be\/nl\/wp-json\/wp\/v2\/pages\/5909\/revisions\/5923"}],"wp:attachment":[{"href":"https:\/\/www.fivette.be\/nl\/wp-json\/wp\/v2\/media?parent=5909"}],"wp:term":[{"taxonomy":"category","embeddable":true,"href":"https:\/\/www.fivette.be\/nl\/wp-json\/wp\/v2\/categories?post=5909"},{"taxonomy":"post_tag","embeddable":true,"href":"https:\/\/www.fivette.be\/nl\/wp-json\/wp\/v2\/tags?post=5909"}],"curies":[{"name":"wp","href":"https:\/\/api.w.org\/{rel}","templated":true}]}}